{"id":1338,"date":"2024-12-23T16:15:41","date_gmt":"2024-12-23T15:15:41","guid":{"rendered":"https:\/\/los-odpowiedzialni-spolecznie.pl\/?post_type=product&#038;p=1338"},"modified":"2024-12-23T16:16:58","modified_gmt":"2024-12-23T15:16:58","slug":"melasa-z-trzciny-cukrowej-bio-450g","status":"publish","type":"product","link":"https:\/\/los-odpowiedzialni-spolecznie.pl\/en\/sklep\/produkty-spozywcze\/produkty-slodzace\/melasa-z-trzciny-cukrowej-bio-450g\/","title":{"rendered":"MELASA Z TRZCINY CUKROWEJ BIO 450G"},"content":{"rendered":"<h3>Opis Produktu<\/h3>\n<p>Melasa z trzciny cukrowej BIO to naturalny produkt otrzymywany z soku trzciny cukrowej, kt\u00f3ry zosta\u0142 poddany procesowi koncentracji. Jest bogatym \u017ar\u00f3d\u0142em witamin i minera\u0142\u00f3w, takich jak \u017celazo, potas, wap\u0144, magnez, witaminy z grupy B oraz antyoksydanty.<\/p>\n<p>Melasa z trzciny cukrowej BIO 450g mo\u017ce by\u0107 u\u017cywana do s\u0142odzenia potraw i napoj\u00f3w, takich jak herbaty, musli czy smoothie. Posiada charakterystyczny, bogaty smak o lekko karmelowym posmaku.<\/p>\n<p>Produkt jest certyfikowany jako ekologiczny, co oznacza, \u017ce ro\u015bliny uprawiane do produkcji melasy zosta\u0142y zbierane zgodnie z zasadami ekologicznej uprawy, bez u\u017cycia sztucznych nawoz\u00f3w, pestycyd\u00f3w czy innych szkodliwych substancji chemicznych. Dzi\u0119ki temu zachowuj\u0105 swoje naturalne walory smakowe i od\u017cywcze.<\/p>\n<p>Melasa z trzciny cukrowej BIO jest r\u00f3wnie\u017c odpowiednia dla wegan i wegetarian, poniewa\u017c nie zawiera \u017cadnych produkt\u00f3w pochodzenia zwierz\u0119cego. Mo\u017ce by\u0107 \u015bwietn\u0105 alternatyw\u0105 dla sztucznych s\u0142odzik\u00f3w i cukru rafinowanego, dodaj\u0105c nie tylko s\u0142odyczy, ale tak\u017ce warto\u015bci od\u017cywczych do codziennej diety.<\/p>\n<p><strong>Sk\u0142adniki<\/strong><\/p>\n<p>trzcina cukrowa*, woda (*certyfikowany sk\u0142adnik ekologiczny)<\/p>\n<p><strong>Warto\u015b\u0107 od\u017cywcza w 100<\/strong>g<\/p>\n<p>Warto\u015b\u0107 energetyczna: 1819 kJ\/ 428 kcal<br \/>\nT\u0142uszcz: 0 g<br \/>\nw tym kwasy t\u0142uszczowe nasycone: 0 g<br \/>\nW\u0119glowodany: 106 g;<br \/>\nw tym cukry: 79 g<br \/>\nBia\u0142ko: 1,0 g<br \/>\nS\u00f3l: 0,35 g<\/p>\n<p><strong>INFORMACJA ALERGENNA<br \/>\n<\/strong>Mo\u017ce zawiera\u0107 orzechy, orzeszki ziemne i sezam<\/p>\n<h3>Zalecane warunki przechowywania<\/h3>\n<p>Po otwarciu przechowywa\u0107 w lod\u00f3wce<\/p>","protected":false},"excerpt":{"rendered":"<p>Opis Produktu Melasa z trzciny cukrowej BIO to naturalny produkt otrzymywany z soku trzciny cukrowej, kt\u00f3ry zosta\u0142 poddany procesowi koncentracji. Jest bogatym \u017ar\u00f3d\u0142em witamin i minera\u0142\u00f3w, takich jak \u017celazo, potas, wap\u0144, magnez, witaminy z grupy B oraz antyoksydanty. Melasa z trzciny cukrowej BIO 450g mo\u017ce by\u0107 u\u017cywana do s\u0142odzenia potraw i napoj\u00f3w, takich jak herbaty, [&hellip;]<\/p>","protected":false},"featured_media":1386,"template":"","meta":{"site-sidebar-layout":"default","site-content-layout":"","ast-site-content-layout":"default","site-content-style":"default","site-sidebar-style":"default","ast-global-header-display":"","ast-banner-title-visibility":"","ast-main-header-display":"","ast-hfb-above-header-display":"","ast-hfb-below-header-display":"","ast-hfb-mobile-header-display":"","site-post-title":"","ast-breadcrumbs-content":"","ast-featured-img":"","footer-sml-layout":"","theme-transparent-header-meta":"default","adv-header-id-meta":"","stick-header-meta":"","header-above-stick-meta":"","header-main-stick-meta":"","header-below-stick-meta":"","astra-migrate-meta-layouts":"set","ast-page-background-enabled":"default","ast-page-background-meta":{"desktop":{"background-color":"var(--ast-global-color-4)","background-image":"","background-repeat":"repeat","background-position":"center center","background-size":"auto","background-attachment":"scroll","background-type":"","background-media":"","overlay-type":"","overlay-color":"","overlay-opacity":"","overlay-gradient":""},"tablet":{"background-color":"","background-image":"","background-repeat":"repeat","background-position":"center center","background-size":"auto","background-attachment":"scroll","background-type":"","background-media":"","overlay-type":"","overlay-color":"","overlay-opacity":"","overlay-gradient":""},"mobile":{"background-color":"","background-image":"","background-repeat":"repeat","background-position":"center center","background-size":"auto","background-attachment":"scroll","background-type":"","background-media":"","overlay-type":"","overlay-color":"","overlay-opacity":"","overlay-gradient":""}},"ast-content-background-meta":{"desktop":{"background-color":"var(--ast-global-color-5)","background-image":"","background-repeat":"repeat","background-position":"center center","background-size":"auto","background-attachment":"scroll","background-type":"","background-media":"","overlay-type":"","overlay-color":"","overlay-opacity":"","overlay-gradient":""},"tablet":{"background-color":"var(--ast-global-color-5)","background-image":"","background-repeat":"repeat","background-position":"center center","background-size":"auto","background-attachment":"scroll","background-type":"","background-media":"","overlay-type":"","overlay-color":"","overlay-opacity":"","overlay-gradient":""},"mobile":{"background-color":"var(--ast-global-color-5)","background-image":"","background-repeat":"repeat","background-position":"center center","background-size":"auto","background-attachment":"scroll","background-type":"","background-media":"","overlay-type":"","overlay-color":"","overlay-opacity":"","overlay-gradient":""}}},"product_cat":[89],"product_tag":[34],"class_list":{"0":"post-1338","1":"product","2":"type-product","3":"status-publish","4":"has-post-thumbnail","6":"product_cat-produkty-slodzace","7":"product_tag-etykieta-eko","8":"desktop-align-center","9":"tablet-align-left","10":"mobile-align-left","12":"first","13":"instock","14":"purchasable","15":"product-type-simple"},"_links":{"self":[{"href":"https:\/\/los-odpowiedzialni-spolecznie.pl\/en\/wp-json\/wp\/v2\/product\/1338","targetHints":{"allow":["GET"]}}],"collection":[{"href":"https:\/\/los-odpowiedzialni-spolecznie.pl\/en\/wp-json\/wp\/v2\/product"}],"about":[{"href":"https:\/\/los-odpowiedzialni-spolecznie.pl\/en\/wp-json\/wp\/v2\/types\/product"}],"wp:featuredmedia":[{"embeddable":true,"href":"https:\/\/los-odpowiedzialni-spolecznie.pl\/en\/wp-json\/wp\/v2\/media\/1386"}],"wp:attachment":[{"href":"https:\/\/los-odpowiedzialni-spolecznie.pl\/en\/wp-json\/wp\/v2\/media?parent=1338"}],"wp:term":[{"taxonomy":"product_cat","embeddable":true,"href":"https:\/\/los-odpowiedzialni-spolecznie.pl\/en\/wp-json\/wp\/v2\/product_cat?post=1338"},{"taxonomy":"product_tag","embeddable":true,"href":"https:\/\/los-odpowiedzialni-spolecznie.pl\/en\/wp-json\/wp\/v2\/product_tag?post=1338"}],"curies":[{"name":"wp","href":"https:\/\/api.w.org\/{rel}","templated":true}]}}