{"id":1337,"date":"2024-12-23T16:15:41","date_gmt":"2024-12-23T15:15:41","guid":{"rendered":"https:\/\/los-odpowiedzialni-spolecznie.pl\/?post_type=product&#038;p=1337"},"modified":"2024-12-23T16:16:56","modified_gmt":"2024-12-23T15:16:56","slug":"sok-bio-sliwkowy-tloczony-ze-swiezych-ekologicznych-owocow-300-ml","status":"publish","type":"product","link":"https:\/\/los-odpowiedzialni-spolecznie.pl\/en\/sklep\/produkty-spozywcze\/soki-2\/smakowe\/sok-bio-sliwkowy-tloczony-ze-swiezych-ekologicznych-owocow-300-ml\/","title":{"rendered":"Sok bio \u015bliwkowy t\u0142oczony ze \u015bwie\u017cych, ekologicznych owoc\u00f3w 300 ml"},"content":{"rendered":"<h3>Opis Produktu<\/h3>\n<p>Produkt idealny do codziennego spo\u017cycia, pe\u0142en naturalnego smaku i aromatu \u015bliwek. Dzi\u0119ki t\u0142oczeniu ze \u015bwie\u017cych owoc\u00f3w zachowuje wszystkie cenne sk\u0142adniki od\u017cywcze, witaminy i minera\u0142y. Mo\u017cna go pi\u0107 samodzielnie jako pyszny nap\u00f3j, dodawa\u0107 do smoothie, koktajli lub u\u017cywa\u0107 jako baz\u0119 do pysznych deser\u00f3w. Sok bio \u015bliwkowy 300 ml to tak\u017ce doskona\u0142y spos\u00f3b na uzupe\u0142nienie p\u0142yn\u00f3w i witamin w diecie. Bez dodatku konserwant\u00f3w, barwnik\u00f3w i sztucznych substancji, to produkt naturalny i zdrowy dla ca\u0142ej rodziny. Spr\u00f3buj ju\u017c dzi\u015b i ciesz si\u0119 wyj\u0105tkowym smakiem \u015bwie\u017cych \u015bliwek!<\/p>\n<p><span class=\"wartosc\"><strong>SK\u0141ADNIKI<\/strong>:<br \/>\nsok \u015bliwkowy* (100 %) (*certyfikowany sk\u0142adnik ekologiczny)<\/span><\/p>\n<p><strong>WARTO\u015a\u0106 OD\u017bYWCZA W 100 ml<\/strong><br \/>\nWarto\u015b\u0107 energetyczna: 170 kJ \/ 41 kcal<br \/>\nT\u0142uszcz: 0 g<br \/>\nw tym kwasy t\u0142uszczowe nasycone: 0 g<br \/>\nW\u0119glowodany: 11,2 g<br \/>\nw tym cukry: 11,1 g<br \/>\nBia\u0142ko: 0,35 g<br \/>\nS\u00f3l: 0,02 g<\/p>\n<p><strong>UWAGI<\/strong><br \/>\nPrzed spo\u017cyciem wstrz\u0105sn\u0105\u0107<\/p>\n<p><strong>ZALECANE WARUNKI PRZECHOWYWANIA<\/strong><\/p>\n<p>Przechowywa\u0107 w zacienionym miejscu, w temperaturze od 2 do 25<sup>o<\/sup>C. Przed otwarciem nale\u017cy wstrz\u0105sn\u0105\u0107. Po otwarciu przechowywa\u0107 w lod\u00f3wce, spo\u017cy\u0107 w ci\u0105gu 2 dni. Pasteryzowany.<\/p>","protected":false},"excerpt":{"rendered":"<p>Opis Produktu Produkt idealny do codziennego spo\u017cycia, pe\u0142en naturalnego smaku i aromatu \u015bliwek. Dzi\u0119ki t\u0142oczeniu ze \u015bwie\u017cych owoc\u00f3w zachowuje wszystkie cenne sk\u0142adniki od\u017cywcze, witaminy i minera\u0142y. Mo\u017cna go pi\u0107 samodzielnie jako pyszny nap\u00f3j, dodawa\u0107 do smoothie, koktajli lub u\u017cywa\u0107 jako baz\u0119 do pysznych deser\u00f3w. Sok bio \u015bliwkowy 300 ml to tak\u017ce doskona\u0142y spos\u00f3b na uzupe\u0142nienie [&hellip;]<\/p>","protected":false},"featured_media":1385,"template":"","meta":{"site-sidebar-layout":"default","site-content-layout":"","ast-site-content-layout":"default","site-content-style":"default","site-sidebar-style":"default","ast-global-header-display":"","ast-banner-title-visibility":"","ast-main-header-display":"","ast-hfb-above-header-display":"","ast-hfb-below-header-display":"","ast-hfb-mobile-header-display":"","site-post-title":"","ast-breadcrumbs-content":"","ast-featured-img":"","footer-sml-layout":"","theme-transparent-header-meta":"default","adv-header-id-meta":"","stick-header-meta":"","header-above-stick-meta":"","header-main-stick-meta":"","header-below-stick-meta":"","astra-migrate-meta-layouts":"set","ast-page-background-enabled":"default","ast-page-background-meta":{"desktop":{"background-color":"var(--ast-global-color-4)","background-image":"","background-repeat":"repeat","background-position":"center center","background-size":"auto","background-attachment":"scroll","background-type":"","background-media":"","overlay-type":"","overlay-color":"","overlay-opacity":"","overlay-gradient":""},"tablet":{"background-color":"","background-image":"","background-repeat":"repeat","background-position":"center center","background-size":"auto","background-attachment":"scroll","background-type":"","background-media":"","overlay-type":"","overlay-color":"","overlay-opacity":"","overlay-gradient":""},"mobile":{"background-color":"","background-image":"","background-repeat":"repeat","background-position":"center center","background-size":"auto","background-attachment":"scroll","background-type":"","background-media":"","overlay-type":"","overlay-color":"","overlay-opacity":"","overlay-gradient":""}},"ast-content-background-meta":{"desktop":{"background-color":"var(--ast-global-color-5)","background-image":"","background-repeat":"repeat","background-position":"center center","background-size":"auto","background-attachment":"scroll","background-type":"","background-media":"","overlay-type":"","overlay-color":"","overlay-opacity":"","overlay-gradient":""},"tablet":{"background-color":"var(--ast-global-color-5)","background-image":"","background-repeat":"repeat","background-position":"center center","background-size":"auto","background-attachment":"scroll","background-type":"","background-media":"","overlay-type":"","overlay-color":"","overlay-opacity":"","overlay-gradient":""},"mobile":{"background-color":"var(--ast-global-color-5)","background-image":"","background-repeat":"repeat","background-position":"center center","background-size":"auto","background-attachment":"scroll","background-type":"","background-media":"","overlay-type":"","overlay-color":"","overlay-opacity":"","overlay-gradient":""}}},"product_cat":[69,62],"product_tag":[34],"class_list":{"0":"post-1337","1":"product","2":"type-product","3":"status-publish","4":"has-post-thumbnail","6":"product_cat-smakowe","7":"product_cat-soki-2","8":"product_tag-etykieta-eko","9":"desktop-align-center","10":"tablet-align-left","11":"mobile-align-left","13":"first","14":"instock","15":"purchasable","16":"product-type-simple"},"_links":{"self":[{"href":"https:\/\/los-odpowiedzialni-spolecznie.pl\/en\/wp-json\/wp\/v2\/product\/1337","targetHints":{"allow":["GET"]}}],"collection":[{"href":"https:\/\/los-odpowiedzialni-spolecznie.pl\/en\/wp-json\/wp\/v2\/product"}],"about":[{"href":"https:\/\/los-odpowiedzialni-spolecznie.pl\/en\/wp-json\/wp\/v2\/types\/product"}],"wp:featuredmedia":[{"embeddable":true,"href":"https:\/\/los-odpowiedzialni-spolecznie.pl\/en\/wp-json\/wp\/v2\/media\/1385"}],"wp:attachment":[{"href":"https:\/\/los-odpowiedzialni-spolecznie.pl\/en\/wp-json\/wp\/v2\/media?parent=1337"}],"wp:term":[{"taxonomy":"product_cat","embeddable":true,"href":"https:\/\/los-odpowiedzialni-spolecznie.pl\/en\/wp-json\/wp\/v2\/product_cat?post=1337"},{"taxonomy":"product_tag","embeddable":true,"href":"https:\/\/los-odpowiedzialni-spolecznie.pl\/en\/wp-json\/wp\/v2\/product_tag?post=1337"}],"curies":[{"name":"wp","href":"https:\/\/api.w.org\/{rel}","templated":true}]}}