{"id":1336,"date":"2024-12-23T16:15:41","date_gmt":"2024-12-23T15:15:41","guid":{"rendered":"https:\/\/los-odpowiedzialni-spolecznie.pl\/?post_type=product&#038;p=1336"},"modified":"2024-12-23T16:16:53","modified_gmt":"2024-12-23T15:16:53","slug":"sok-jablkowo-malinowy-nfc-bio-300-ml-dolina-czerska","status":"publish","type":"product","link":"https:\/\/los-odpowiedzialni-spolecznie.pl\/en\/sklep\/produkty-spozywcze\/soki-2\/smakowe\/sok-jablkowo-malinowy-nfc-bio-300-ml-dolina-czerska\/","title":{"rendered":"SOK JAB\u0141KOWO &#8211; MALINOWY NFC BIO 300 ml &#8211; DOLINA CZERSKA"},"content":{"rendered":"<h3>Opis Produktu<\/h3>\n<p>Sok jab\u0142kowo-malinowy NFC Bio Dolina Czerska to naturalny, niepasteryzowany sok o pojemno\u015bci 300 ml wykonany z ekologicznie uprawianych jab\u0142ek i malin. Charakteryzuje si\u0119 \u015bwie\u017cym i intensywnym smakiem owoc\u00f3w, bez dodatku cukru czy sztucznych aromat\u00f3w. Idealny jako zdrowa przek\u0105ska lub dodatek do \u015bniadania. Sok jab\u0142kowo-malinowy NFC Bio Dolina Czerska to doskona\u0142y wyb\u00f3r dla os\u00f3b ceni\u0105cych sobie naturalne i organiczne produkty.<\/p>\n<p><strong>SK\u0141ADNIKI<\/strong><br \/>\n90 % sok jab\u0142kowy*, 10 % sok malinowy*. (*certyfikowany sk\u0142adnik ekologiczny)<\/p>\n<p><strong>WARTO\u015a\u0106 OD\u017bYWCZA W 100 ml<\/strong><br \/>\nWarto\u015b\u0107 energetyczna: 203 kJ\/48 kcal<br \/>\nT\u0142uszcz: 0 g<br \/>\nw tym kwasy t\u0142uszczowe nasycone: 0 g<br \/>\nW\u0119glowodany: 9,1 gw tym cukry: 8,7 g<br \/>\nB\u0142onnik: 0 g<br \/>\nBia\u0142ko: 0,5 g<br \/>\nS\u00f3l: 0 g<\/p>\n<h3>Dodatkowe informacje<\/h3>\n<p>UWAGA<br \/>\nSmak i konsystencja mog\u0105 r\u00f3\u017cni\u0107 si\u0119 w zale\u017cno\u015bci od pory roku oraz odmiany u\u017cytego surowca, osad jest procesem naturalnym wyst\u0119puj\u0105cym w sokach.<br \/>\nPrzed spo\u017cyciem wstrz\u0105sn\u0105\u0107.<\/p>\n<p><strong>ZALECANE WARUNKI PRZECHOWYWANIA<\/strong><br \/>\nPo otwarciu przechowywa\u0107 w lod\u00f3wce i spo\u017cy\u0107 w ci\u0105gu 24 godzin.<\/p>","protected":false},"excerpt":{"rendered":"<p>Opis Produktu Sok jab\u0142kowo-malinowy NFC Bio Dolina Czerska to naturalny, niepasteryzowany sok o pojemno\u015bci 300 ml wykonany z ekologicznie uprawianych jab\u0142ek i malin. Charakteryzuje si\u0119 \u015bwie\u017cym i intensywnym smakiem owoc\u00f3w, bez dodatku cukru czy sztucznych aromat\u00f3w. Idealny jako zdrowa przek\u0105ska lub dodatek do \u015bniadania. Sok jab\u0142kowo-malinowy NFC Bio Dolina Czerska to doskona\u0142y wyb\u00f3r dla os\u00f3b [&hellip;]<\/p>","protected":false},"featured_media":1384,"template":"","meta":{"site-sidebar-layout":"default","site-content-layout":"","ast-site-content-layout":"default","site-content-style":"default","site-sidebar-style":"default","ast-global-header-display":"","ast-banner-title-visibility":"","ast-main-header-display":"","ast-hfb-above-header-display":"","ast-hfb-below-header-display":"","ast-hfb-mobile-header-display":"","site-post-title":"","ast-breadcrumbs-content":"","ast-featured-img":"","footer-sml-layout":"","theme-transparent-header-meta":"default","adv-header-id-meta":"","stick-header-meta":"","header-above-stick-meta":"","header-main-stick-meta":"","header-below-stick-meta":"","astra-migrate-meta-layouts":"set","ast-page-background-enabled":"default","ast-page-background-meta":{"desktop":{"background-color":"var(--ast-global-color-4)","background-image":"","background-repeat":"repeat","background-position":"center center","background-size":"auto","background-attachment":"scroll","background-type":"","background-media":"","overlay-type":"","overlay-color":"","overlay-opacity":"","overlay-gradient":""},"tablet":{"background-color":"","background-image":"","background-repeat":"repeat","background-position":"center center","background-size":"auto","background-attachment":"scroll","background-type":"","background-media":"","overlay-type":"","overlay-color":"","overlay-opacity":"","overlay-gradient":""},"mobile":{"background-color":"","background-image":"","background-repeat":"repeat","background-position":"center center","background-size":"auto","background-attachment":"scroll","background-type":"","background-media":"","overlay-type":"","overlay-color":"","overlay-opacity":"","overlay-gradient":""}},"ast-content-background-meta":{"desktop":{"background-color":"var(--ast-global-color-5)","background-image":"","background-repeat":"repeat","background-position":"center center","background-size":"auto","background-attachment":"scroll","background-type":"","background-media":"","overlay-type":"","overlay-color":"","overlay-opacity":"","overlay-gradient":""},"tablet":{"background-color":"var(--ast-global-color-5)","background-image":"","background-repeat":"repeat","background-position":"center center","background-size":"auto","background-attachment":"scroll","background-type":"","background-media":"","overlay-type":"","overlay-color":"","overlay-opacity":"","overlay-gradient":""},"mobile":{"background-color":"var(--ast-global-color-5)","background-image":"","background-repeat":"repeat","background-position":"center center","background-size":"auto","background-attachment":"scroll","background-type":"","background-media":"","overlay-type":"","overlay-color":"","overlay-opacity":"","overlay-gradient":""}}},"product_cat":[69,62],"product_tag":[34],"class_list":{"0":"post-1336","1":"product","2":"type-product","3":"status-publish","4":"has-post-thumbnail","6":"product_cat-smakowe","7":"product_cat-soki-2","8":"product_tag-etykieta-eko","9":"desktop-align-center","10":"tablet-align-left","11":"mobile-align-left","13":"first","14":"instock","15":"taxable","16":"shipping-taxable","17":"product-type-simple"},"_links":{"self":[{"href":"https:\/\/los-odpowiedzialni-spolecznie.pl\/en\/wp-json\/wp\/v2\/product\/1336","targetHints":{"allow":["GET"]}}],"collection":[{"href":"https:\/\/los-odpowiedzialni-spolecznie.pl\/en\/wp-json\/wp\/v2\/product"}],"about":[{"href":"https:\/\/los-odpowiedzialni-spolecznie.pl\/en\/wp-json\/wp\/v2\/types\/product"}],"wp:featuredmedia":[{"embeddable":true,"href":"https:\/\/los-odpowiedzialni-spolecznie.pl\/en\/wp-json\/wp\/v2\/media\/1384"}],"wp:attachment":[{"href":"https:\/\/los-odpowiedzialni-spolecznie.pl\/en\/wp-json\/wp\/v2\/media?parent=1336"}],"wp:term":[{"taxonomy":"product_cat","embeddable":true,"href":"https:\/\/los-odpowiedzialni-spolecznie.pl\/en\/wp-json\/wp\/v2\/product_cat?post=1336"},{"taxonomy":"product_tag","embeddable":true,"href":"https:\/\/los-odpowiedzialni-spolecznie.pl\/en\/wp-json\/wp\/v2\/product_tag?post=1336"}],"curies":[{"name":"wp","href":"https:\/\/api.w.org\/{rel}","templated":true}]}}