{"id":1328,"date":"2024-12-23T16:15:21","date_gmt":"2024-12-23T15:15:21","guid":{"rendered":"https:\/\/los-odpowiedzialni-spolecznie.pl\/?post_type=product&#038;p=1328"},"modified":"2024-12-23T16:16:50","modified_gmt":"2024-12-23T15:16:50","slug":"dolina-czerska-sok-jablkowo-wisniowy-nfc-bio-300ml","status":"publish","type":"product","link":"https:\/\/los-odpowiedzialni-spolecznie.pl\/en\/sklep\/produkty-spozywcze\/soki-2\/smakowe\/dolina-czerska-sok-jablkowo-wisniowy-nfc-bio-300ml\/","title":{"rendered":"Dolina Czerska Sok Jab\u0142kowo Wi\u015bniowy Nfc Bio 300ml"},"content":{"rendered":"<h3>Opis Produktu<\/h3>\n<p>Jest to sok jab\u0142kowo-wi\u015bniowy o pojemno\u015bci 300ml, kt\u00f3ry zosta\u0142 wyprodukowany w Dolinie Czerskiej. Produkt jest markowany jako NFC Bio, co oznacza, \u017ce jest to naturalny sok t\u0142oczony na zimno, bez \u017cadnych dodatk\u00f3w czy konserwant\u00f3w. Sok ten jest bogaty w witaminy i sk\u0142adniki od\u017cywcze, idealny do spo\u017cycia na \u015bniadanie lub jako orze\u017awiaj\u0105cy nap\u00f3j w ci\u0105gu dnia. Sok jab\u0142kowo-wi\u015bniowy po\u0142\u0105cza s\u0142odycz jab\u0142ek z lekko kwa\u015bnym smakiem wi\u015bni, tworz\u0105c pyszny i zdrowy nap\u00f3j dla ca\u0142ej rodziny.<\/p>\n<p><strong>SK\u0141ADNIKI<\/strong><br \/>\nsok z jab\u0142ek* 70 %, sok z wi\u015bni* 30 % (*certyfikowany sk\u0142adnik ekologiczny)<\/p>\n<p><strong>WARTO\u015a\u0106 OD\u017bYWCZA W 100 g<\/strong><br \/>\nWartosc energetyczna: 189 kJ\/44 kcal<br \/>\nT\u0142uszcz: 0 g<br \/>\nw tym kwasy t\u0142uszczowe nasycone: 0 g<br \/>\nWeglowodany: 10 g<br \/>\nw tym cukry: 10 g<br \/>\nBia\u0142ko: 0 g<br \/>\nS\u00f3l: 0 g<\/p>\n<p><strong>ZALECANE WARUNKI PRZECHOWYWANIA<\/strong><br \/>\nPrzechowywa\u0107 w suchym i ch\u0142odnym miejscu. Po otwarciu w warunkach ch\u0142odniczych, spo\u017cy\u0107 w ci\u0105gu 24 godzin.<\/p>\n<p>Produkt pasteryzowany. Wstrz\u0105sn\u0105\u0107 przed spo\u017cyciem. Smak i konsystencja mog\u0105 r\u00f3\u017cni\u0107 si\u0119 w zale\u017cno\u015bci od pory roku oraz odmiany u\u017cytego surowca. Powstawanie osadu jest procesem naturalnym.<\/p>","protected":false},"excerpt":{"rendered":"<p>Opis Produktu Jest to sok jab\u0142kowo-wi\u015bniowy o pojemno\u015bci 300ml, kt\u00f3ry zosta\u0142 wyprodukowany w Dolinie Czerskiej. Produkt jest markowany jako NFC Bio, co oznacza, \u017ce jest to naturalny sok t\u0142oczony na zimno, bez \u017cadnych dodatk\u00f3w czy konserwant\u00f3w. Sok ten jest bogaty w witaminy i sk\u0142adniki od\u017cywcze, idealny do spo\u017cycia na \u015bniadanie lub jako orze\u017awiaj\u0105cy nap\u00f3j w [&hellip;]<\/p>","protected":false},"featured_media":1383,"template":"","meta":{"site-sidebar-layout":"default","site-content-layout":"","ast-site-content-layout":"default","site-content-style":"default","site-sidebar-style":"default","ast-global-header-display":"","ast-banner-title-visibility":"","ast-main-header-display":"","ast-hfb-above-header-display":"","ast-hfb-below-header-display":"","ast-hfb-mobile-header-display":"","site-post-title":"","ast-breadcrumbs-content":"","ast-featured-img":"","footer-sml-layout":"","theme-transparent-header-meta":"default","adv-header-id-meta":"","stick-header-meta":"","header-above-stick-meta":"","header-main-stick-meta":"","header-below-stick-meta":"","astra-migrate-meta-layouts":"set","ast-page-background-enabled":"default","ast-page-background-meta":{"desktop":{"background-color":"var(--ast-global-color-4)","background-image":"","background-repeat":"repeat","background-position":"center center","background-size":"auto","background-attachment":"scroll","background-type":"","background-media":"","overlay-type":"","overlay-color":"","overlay-opacity":"","overlay-gradient":""},"tablet":{"background-color":"","background-image":"","background-repeat":"repeat","background-position":"center center","background-size":"auto","background-attachment":"scroll","background-type":"","background-media":"","overlay-type":"","overlay-color":"","overlay-opacity":"","overlay-gradient":""},"mobile":{"background-color":"","background-image":"","background-repeat":"repeat","background-position":"center center","background-size":"auto","background-attachment":"scroll","background-type":"","background-media":"","overlay-type":"","overlay-color":"","overlay-opacity":"","overlay-gradient":""}},"ast-content-background-meta":{"desktop":{"background-color":"var(--ast-global-color-5)","background-image":"","background-repeat":"repeat","background-position":"center center","background-size":"auto","background-attachment":"scroll","background-type":"","background-media":"","overlay-type":"","overlay-color":"","overlay-opacity":"","overlay-gradient":""},"tablet":{"background-color":"var(--ast-global-color-5)","background-image":"","background-repeat":"repeat","background-position":"center center","background-size":"auto","background-attachment":"scroll","background-type":"","background-media":"","overlay-type":"","overlay-color":"","overlay-opacity":"","overlay-gradient":""},"mobile":{"background-color":"var(--ast-global-color-5)","background-image":"","background-repeat":"repeat","background-position":"center center","background-size":"auto","background-attachment":"scroll","background-type":"","background-media":"","overlay-type":"","overlay-color":"","overlay-opacity":"","overlay-gradient":""}}},"product_cat":[69,62],"product_tag":[34],"class_list":{"0":"post-1328","1":"product","2":"type-product","3":"status-publish","4":"has-post-thumbnail","6":"product_cat-smakowe","7":"product_cat-soki-2","8":"product_tag-etykieta-eko","9":"desktop-align-center","10":"tablet-align-left","11":"mobile-align-left","13":"first","14":"instock","15":"purchasable","16":"product-type-simple"},"_links":{"self":[{"href":"https:\/\/los-odpowiedzialni-spolecznie.pl\/en\/wp-json\/wp\/v2\/product\/1328","targetHints":{"allow":["GET"]}}],"collection":[{"href":"https:\/\/los-odpowiedzialni-spolecznie.pl\/en\/wp-json\/wp\/v2\/product"}],"about":[{"href":"https:\/\/los-odpowiedzialni-spolecznie.pl\/en\/wp-json\/wp\/v2\/types\/product"}],"wp:featuredmedia":[{"embeddable":true,"href":"https:\/\/los-odpowiedzialni-spolecznie.pl\/en\/wp-json\/wp\/v2\/media\/1383"}],"wp:attachment":[{"href":"https:\/\/los-odpowiedzialni-spolecznie.pl\/en\/wp-json\/wp\/v2\/media?parent=1328"}],"wp:term":[{"taxonomy":"product_cat","embeddable":true,"href":"https:\/\/los-odpowiedzialni-spolecznie.pl\/en\/wp-json\/wp\/v2\/product_cat?post=1328"},{"taxonomy":"product_tag","embeddable":true,"href":"https:\/\/los-odpowiedzialni-spolecznie.pl\/en\/wp-json\/wp\/v2\/product_tag?post=1328"}],"curies":[{"name":"wp","href":"https:\/\/api.w.org\/{rel}","templated":true}]}}