{"id":1327,"date":"2024-12-23T16:15:21","date_gmt":"2024-12-23T15:15:21","guid":{"rendered":"https:\/\/los-odpowiedzialni-spolecznie.pl\/?post_type=product&#038;p=1327"},"modified":"2024-12-23T16:16:48","modified_gmt":"2024-12-23T15:16:48","slug":"napoj-ice-tea-o-smaku-brzoskwiniowym-bio-500-ml-hollinger","status":"publish","type":"product","link":"https:\/\/los-odpowiedzialni-spolecznie.pl\/en\/sklep\/produkty-spozywcze\/inne-napoje\/napoj-ice-tea-o-smaku-brzoskwiniowym-bio-500-ml-hollinger\/","title":{"rendered":"NAP\u00d3J ICE TEA O SMAKU BRZOSKWINIOWYM BIO 500 ml &#8211; HOLLINGER"},"content":{"rendered":"<h3>Opis Produktu<\/h3>\n<p>Nap\u00f3j Ice tea o smaku brzoskwiniowym marki Hollinger to idealna propozycja na ciep\u0142e letnie dni. Delikatna, naturalna brzoskwinia nadaje napojowi s\u0142odkiego i orze\u017awiaj\u0105cego smaku. Doskonale gasi pragnienie i dodaje energii. Sprawdzi si\u0119 zar\u00f3wno jako uzupe\u0142nienie posi\u0142ku, jak i jako doskona\u0142y dodatek do relaksu na tarasie czy na pla\u017cy. Produkt marki Hollinger gwarantuje wysok\u0105 jako\u015b\u0107 sk\u0142adnik\u00f3w i oryginalny smak.<\/p>\n<p><strong>SK\u0141ADNIKI<\/strong><br \/>\nwoda, cukier*, sok brzoskwiniowy z koncentratu* (2 %), naturalny aromat brzoskwiniowy, regulator kwasowo\u015bci: kwas cytrynowy, ekstrakt z herbaty owocowej* (0,12 %) (*certyfikowany sk\u0142adnik ekologiczny)<\/p>\n<p><strong>WARTO\u015a\u0106 OD\u017bYWCZA W 100 ml<\/strong><br \/>\nWarto\u015b\u0107 energetyczna: 115 kJ\/27 kcal<br \/>\nT\u0142uszcz: &lt;0,5 g<br \/>\nw tym kwasy t\u0142uszczowe nasycone: &lt;0,1 g<br \/>\nWeglowodany: 6,4 g<br \/>\nw tym cukry: 6,3 g<br \/>\nBia\u0142ko: &lt;0,5 g<br \/>\nS\u00f3l: &lt;0,01 g<\/p>\n<h3>Dodatkowe informacje<\/h3>\n<p><strong>ZALECANE WARUNKI PRZECHOWYWANIA<\/strong><br \/>\nPrzechowywa\u0107 w suchym i ch\u0142odnym miejscu.<\/p>","protected":false},"excerpt":{"rendered":"<p>Opis Produktu Nap\u00f3j Ice tea o smaku brzoskwiniowym marki Hollinger to idealna propozycja na ciep\u0142e letnie dni. Delikatna, naturalna brzoskwinia nadaje napojowi s\u0142odkiego i orze\u017awiaj\u0105cego smaku. Doskonale gasi pragnienie i dodaje energii. Sprawdzi si\u0119 zar\u00f3wno jako uzupe\u0142nienie posi\u0142ku, jak i jako doskona\u0142y dodatek do relaksu na tarasie czy na pla\u017cy. Produkt marki Hollinger gwarantuje wysok\u0105 [&hellip;]<\/p>","protected":false},"featured_media":1382,"template":"","meta":{"site-sidebar-layout":"default","site-content-layout":"","ast-site-content-layout":"default","site-content-style":"default","site-sidebar-style":"default","ast-global-header-display":"","ast-banner-title-visibility":"","ast-main-header-display":"","ast-hfb-above-header-display":"","ast-hfb-below-header-display":"","ast-hfb-mobile-header-display":"","site-post-title":"","ast-breadcrumbs-content":"","ast-featured-img":"","footer-sml-layout":"","theme-transparent-header-meta":"default","adv-header-id-meta":"","stick-header-meta":"","header-above-stick-meta":"","header-main-stick-meta":"","header-below-stick-meta":"","astra-migrate-meta-layouts":"set","ast-page-background-enabled":"default","ast-page-background-meta":{"desktop":{"background-color":"var(--ast-global-color-4)","background-image":"","background-repeat":"repeat","background-position":"center center","background-size":"auto","background-attachment":"scroll","background-type":"","background-media":"","overlay-type":"","overlay-color":"","overlay-opacity":"","overlay-gradient":""},"tablet":{"background-color":"","background-image":"","background-repeat":"repeat","background-position":"center center","background-size":"auto","background-attachment":"scroll","background-type":"","background-media":"","overlay-type":"","overlay-color":"","overlay-opacity":"","overlay-gradient":""},"mobile":{"background-color":"","background-image":"","background-repeat":"repeat","background-position":"center center","background-size":"auto","background-attachment":"scroll","background-type":"","background-media":"","overlay-type":"","overlay-color":"","overlay-opacity":"","overlay-gradient":""}},"ast-content-background-meta":{"desktop":{"background-color":"var(--ast-global-color-5)","background-image":"","background-repeat":"repeat","background-position":"center center","background-size":"auto","background-attachment":"scroll","background-type":"","background-media":"","overlay-type":"","overlay-color":"","overlay-opacity":"","overlay-gradient":""},"tablet":{"background-color":"var(--ast-global-color-5)","background-image":"","background-repeat":"repeat","background-position":"center center","background-size":"auto","background-attachment":"scroll","background-type":"","background-media":"","overlay-type":"","overlay-color":"","overlay-opacity":"","overlay-gradient":""},"mobile":{"background-color":"var(--ast-global-color-5)","background-image":"","background-repeat":"repeat","background-position":"center center","background-size":"auto","background-attachment":"scroll","background-type":"","background-media":"","overlay-type":"","overlay-color":"","overlay-opacity":"","overlay-gradient":""}}},"product_cat":[95],"product_tag":[70],"class_list":{"0":"post-1327","1":"product","2":"type-product","3":"status-publish","4":"has-post-thumbnail","6":"product_cat-inne-napoje","7":"product_tag-eko","8":"desktop-align-center","9":"tablet-align-left","10":"mobile-align-left","12":"first","13":"onbackorder","14":"purchasable","15":"product-type-simple"},"_links":{"self":[{"href":"https:\/\/los-odpowiedzialni-spolecznie.pl\/en\/wp-json\/wp\/v2\/product\/1327","targetHints":{"allow":["GET"]}}],"collection":[{"href":"https:\/\/los-odpowiedzialni-spolecznie.pl\/en\/wp-json\/wp\/v2\/product"}],"about":[{"href":"https:\/\/los-odpowiedzialni-spolecznie.pl\/en\/wp-json\/wp\/v2\/types\/product"}],"wp:featuredmedia":[{"embeddable":true,"href":"https:\/\/los-odpowiedzialni-spolecznie.pl\/en\/wp-json\/wp\/v2\/media\/1382"}],"wp:attachment":[{"href":"https:\/\/los-odpowiedzialni-spolecznie.pl\/en\/wp-json\/wp\/v2\/media?parent=1327"}],"wp:term":[{"taxonomy":"product_cat","embeddable":true,"href":"https:\/\/los-odpowiedzialni-spolecznie.pl\/en\/wp-json\/wp\/v2\/product_cat?post=1327"},{"taxonomy":"product_tag","embeddable":true,"href":"https:\/\/los-odpowiedzialni-spolecznie.pl\/en\/wp-json\/wp\/v2\/product_tag?post=1327"}],"curies":[{"name":"wp","href":"https:\/\/api.w.org\/{rel}","templated":true}]}}