{"id":1322,"date":"2024-12-23T16:15:21","date_gmt":"2024-12-23T15:15:21","guid":{"rendered":"https:\/\/los-odpowiedzialni-spolecznie.pl\/?post_type=product&#038;p=1322"},"modified":"2024-12-23T16:16:33","modified_gmt":"2024-12-23T15:16:33","slug":"runoland-zurawina-do-mies-serow-i-deserow-bio-200g","status":"publish","type":"product","link":"https:\/\/los-odpowiedzialni-spolecznie.pl\/en\/sklep\/produkty-spozywcze\/przekaski\/slodkie\/runoland-zurawina-do-mies-serow-i-deserow-bio-200g\/","title":{"rendered":"Runoland \u017burawina Do Mi\u0119s, Ser\u00f3w I Deser\u00f3w Bio 200g"},"content":{"rendered":"<h3>Opis Produktu<\/h3>\n<p><strong>Runoland \u017burawina Do Mi\u0119s, Ser\u00f3w I Deser\u00f3w Bio 200g<\/strong><\/p>\n<p><strong>\u017burawina jest bogata w witaminy, minera\u0142y i przeciwutleniacze, co sprawia, \u017ce jest nie tylko pyszna, ale tak\u017ce korzystna dla naszego zdrowia.<\/strong><\/p>\n<p><strong>Produkt pochodzi z certyfikowanego ekologicznego rolnictwa, co oznacza, \u017ce nie zawiera sztucznych dodatk\u00f3w ani pestycyd\u00f3w. Mo\u017cemy wi\u0119c mie\u0107 pewno\u015b\u0107, \u017ce spo\u017cywaj\u0105c \u017curawin\u0119 Runoland, dbamy nie tylko o sw\u00f3j smak, ale r\u00f3wnie\u017c o zdrowie i \u015brodowisko.<\/strong><\/p>\n<p><strong>\u017burawina doskonale komponuje si\u0119 z mi\u0119sem, serami i deserami, dodaj\u0105c im oryginalnego aromatu i smaku. Mo\u017cemy j\u0105 tak\u017ce wykorzysta\u0107 do przygotowania sos\u00f3w, d\u017cem\u00f3w czy ciast. Dzi\u0119ki niej nasze potrawy nabior\u0105 wyj\u0105tkowego charakteru i zaskocz\u0105 naszych go\u015bci.<\/strong><\/p>\n<p><strong>Je\u015bli szukasz naturalnego i smacznego dodatku do swoich potraw, \u017burawina Do Mi\u0119s, Ser\u00f3w I Deser\u00f3w Bio 200g &#8211; Runoland b\u0119dzie doskona\u0142ym wyborem. Spr\u00f3buj jej ju\u017c dzi\u015b i odkryj nowe smaki!<\/strong><\/p>\n<h3><strong>Sk\u0142ad<\/strong><\/h3>\n<p><strong>ekologiczna \u017curawina (Oxycoccus quadripetalus),\u00a0ekologiczny cukier trzcinowy\u00a0,\u00a0substancja zag\u0119szczaj\u0105ca &#8211; pektyny, ekologiczny sok z cytryny<\/strong><\/p>\n<h3>Warto\u015b\u0107 od\u017cywcza<\/h3>\n<div class=\"table-responsive\">\n<table cellpadding=\"5\">\n<tbody>\n<tr>\n<td><\/td>\n<td>w 100g<\/td>\n<td>% RWS<\/td>\n<\/tr>\n<tr>\n<td>Warto\u015b\u0107 energetyczna<\/td>\n<td>524kJ\/125kcal<\/td>\n<td>6%<\/td>\n<\/tr>\n<tr>\n<td>T\u0142uszcz<\/td>\n<td>0,8g<\/td>\n<td>1%<\/td>\n<\/tr>\n<tr>\n<td>w tym kwasy t\u0142uszczowe nasycone<\/td>\n<td>0,2g<\/td>\n<td>1%<\/td>\n<\/tr>\n<tr>\n<td>W\u0119glowodany<\/td>\n<td>29g<\/td>\n<td>11%<\/td>\n<\/tr>\n<tr>\n<td>w tym cukry<\/td>\n<td>21g<\/td>\n<td>23%<\/td>\n<\/tr>\n<tr>\n<td>Bia\u0142ko<\/td>\n<td>0,0g<\/td>\n<td>0%<\/td>\n<\/tr>\n<tr>\n<td>S\u00f3l<\/td>\n<td>0g<\/td>\n<td>0%<\/td>\n<\/tr>\n<\/tbody>\n<\/table>\n<\/div>\n<h3><\/h3>\n<h3><\/h3>","protected":false},"excerpt":{"rendered":"<p>Opis Produktu Runoland \u017burawina Do Mi\u0119s, Ser\u00f3w I Deser\u00f3w Bio 200g \u017burawina jest bogata w witaminy, minera\u0142y i przeciwutleniacze, co sprawia, \u017ce jest nie tylko pyszna, ale tak\u017ce korzystna dla naszego zdrowia. Produkt pochodzi z certyfikowanego ekologicznego rolnictwa, co oznacza, \u017ce nie zawiera sztucznych dodatk\u00f3w ani pestycyd\u00f3w. Mo\u017cemy wi\u0119c mie\u0107 pewno\u015b\u0107, \u017ce spo\u017cywaj\u0105c \u017curawin\u0119 Runoland, [&hellip;]<\/p>","protected":false},"featured_media":1370,"template":"","meta":{"site-sidebar-layout":"default","site-content-layout":"","ast-site-content-layout":"default","site-content-style":"default","site-sidebar-style":"default","ast-global-header-display":"","ast-banner-title-visibility":"","ast-main-header-display":"","ast-hfb-above-header-display":"","ast-hfb-below-header-display":"","ast-hfb-mobile-header-display":"","site-post-title":"","ast-breadcrumbs-content":"","ast-featured-img":"","footer-sml-layout":"","theme-transparent-header-meta":"default","adv-header-id-meta":"","stick-header-meta":"","header-above-stick-meta":"","header-main-stick-meta":"","header-below-stick-meta":"","astra-migrate-meta-layouts":"set","ast-page-background-enabled":"default","ast-page-background-meta":{"desktop":{"background-color":"var(--ast-global-color-4)","background-image":"","background-repeat":"repeat","background-position":"center center","background-size":"auto","background-attachment":"scroll","background-type":"","background-media":"","overlay-type":"","overlay-color":"","overlay-opacity":"","overlay-gradient":""},"tablet":{"background-color":"","background-image":"","background-repeat":"repeat","background-position":"center center","background-size":"auto","background-attachment":"scroll","background-type":"","background-media":"","overlay-type":"","overlay-color":"","overlay-opacity":"","overlay-gradient":""},"mobile":{"background-color":"","background-image":"","background-repeat":"repeat","background-position":"center center","background-size":"auto","background-attachment":"scroll","background-type":"","background-media":"","overlay-type":"","overlay-color":"","overlay-opacity":"","overlay-gradient":""}},"ast-content-background-meta":{"desktop":{"background-color":"var(--ast-global-color-5)","background-image":"","background-repeat":"repeat","background-position":"center center","background-size":"auto","background-attachment":"scroll","background-type":"","background-media":"","overlay-type":"","overlay-color":"","overlay-opacity":"","overlay-gradient":""},"tablet":{"background-color":"var(--ast-global-color-5)","background-image":"","background-repeat":"repeat","background-position":"center center","background-size":"auto","background-attachment":"scroll","background-type":"","background-media":"","overlay-type":"","overlay-color":"","overlay-opacity":"","overlay-gradient":""},"mobile":{"background-color":"var(--ast-global-color-5)","background-image":"","background-repeat":"repeat","background-position":"center center","background-size":"auto","background-attachment":"scroll","background-type":"","background-media":"","overlay-type":"","overlay-color":"","overlay-opacity":"","overlay-gradient":""}}},"product_cat":[25,37,24],"product_tag":[34],"class_list":{"0":"post-1322","1":"product","2":"type-product","3":"status-publish","4":"has-post-thumbnail","6":"product_cat-slodkie","7":"product_cat-owocowe","8":"product_cat-przekaski","9":"product_tag-etykieta-eko","10":"desktop-align-center","11":"tablet-align-left","12":"mobile-align-left","14":"first","15":"instock","16":"purchasable","17":"product-type-simple"},"_links":{"self":[{"href":"https:\/\/los-odpowiedzialni-spolecznie.pl\/en\/wp-json\/wp\/v2\/product\/1322","targetHints":{"allow":["GET"]}}],"collection":[{"href":"https:\/\/los-odpowiedzialni-spolecznie.pl\/en\/wp-json\/wp\/v2\/product"}],"about":[{"href":"https:\/\/los-odpowiedzialni-spolecznie.pl\/en\/wp-json\/wp\/v2\/types\/product"}],"wp:featuredmedia":[{"embeddable":true,"href":"https:\/\/los-odpowiedzialni-spolecznie.pl\/en\/wp-json\/wp\/v2\/media\/1370"}],"wp:attachment":[{"href":"https:\/\/los-odpowiedzialni-spolecznie.pl\/en\/wp-json\/wp\/v2\/media?parent=1322"}],"wp:term":[{"taxonomy":"product_cat","embeddable":true,"href":"https:\/\/los-odpowiedzialni-spolecznie.pl\/en\/wp-json\/wp\/v2\/product_cat?post=1322"},{"taxonomy":"product_tag","embeddable":true,"href":"https:\/\/los-odpowiedzialni-spolecznie.pl\/en\/wp-json\/wp\/v2\/product_tag?post=1322"}],"curies":[{"name":"wp","href":"https:\/\/api.w.org\/{rel}","templated":true}]}}