{"id":1312,"date":"2024-12-23T16:15:00","date_gmt":"2024-12-23T15:15:00","guid":{"rendered":"https:\/\/los-odpowiedzialni-spolecznie.pl\/?post_type=product&#038;p=1312"},"modified":"2024-12-23T16:16:25","modified_gmt":"2024-12-23T15:16:25","slug":"migdaly-prazone-i-solone-bio-120-g-biossom","status":"publish","type":"product","link":"https:\/\/los-odpowiedzialni-spolecznie.pl\/en\/sklep\/produkty-spozywcze\/przekaski\/slone\/migdaly-prazone-i-solone-bio-120-g-biossom\/","title":{"rendered":"MIGDA\u0141Y PRA\u017bONE I SOLONE BIO 120 G \u2013 BIOSSOM"},"content":{"rendered":"<h3>Opis Produktu<\/h3>\n<p class=\"product_title entry-title\"><strong>MIGDA\u0141Y PRA\u017bONE I SOLONE BIO 120 G \u2013 BIOSSOM<\/strong><\/p>\n<p><strong>MIGDA\u0141Y Fairtrade to gwarancja uczciwej produkcji, co oznacza, \u017ce rolnicy otrzymuj\u0105 za swoj\u0105 ci\u0119\u017ck\u0105 prac\u0119 sprawiedliw\u0105 zap\u0142at\u0119. Dzi\u0119ki temu mo\u017cesz cieszy\u0107 si\u0119 smakiem przek\u0105sek bez obawy o wyzysk pracownik\u00f3w. Wybieraj\u0105c produkt Fairtrade, wspierasz uczciwe warunki pracy i rolnictwo zr\u00f3wnowa\u017cone.<\/strong><\/p>\n<p><strong>Migda\u0142y s\u0105 bogatym \u017ar\u00f3d\u0142em bia\u0142ka, b\u0142onnika, minera\u0142\u00f3w i witamin, dlatego s\u0105 doskona\u0142\u0105 i zdrow\u0105 przek\u0105sk\u0105. Pomagaj\u0105 utrzyma\u0107 dobr\u0105 kondycj\u0119 mi\u0119\u015bni, sk\u00f3ry i w\u0142os\u00f3w, a tak\u017ce wspieraj\u0105 prac\u0119 m\u00f3zgu i uk\u0142adu nerwowego. Dlatego warto wprowadzi\u0107 je do swojej diety jako smaczn\u0105 i po\u017cywn\u0105 przek\u0105sk\u0119.<\/strong><\/p>\n<p><strong>Postaw na zdrowe i ekologiczne alternatywy, wybieraj\u0105c MIGDA\u0141Y Fairtrade pra\u017cone i solone. Ciesz si\u0119 ich wyj\u0105tkowym smakiem i korzystnym wp\u0142ywem na Twoje zdrowie!<\/strong><\/p>\n<p><strong>SK\u0141ADNIKI<\/strong><br \/>\n<strong>MIGDA\u0141Y* (Fairtrade), s\u00f3l morska, b\u0142onnik akacjowy*. (*certyfikowany sk\u0142adnik ekologiczny)<\/strong><\/p>\n<p>&nbsp;<\/p>\n<p><strong>WARTO\u015a\u0106 OD\u017bYWCZA w 100 g<\/strong><br \/>\n<strong>Warto\u015b\u0107 energetyczna: 2442 kJ\/591 kcal<\/strong><br \/>\n<strong>T\u0142uszcz: 50,9 g<\/strong><br \/>\n<strong>w tym kwasy t\u0142uszczowe nasycone: 4,3 g<\/strong><br \/>\n<strong>W\u0119glowodany: 6,6 g<\/strong><br \/>\n<strong>w tym cukry: 4,1 g<\/strong><br \/>\n<strong>Bia\u0142ko: 20,2 g<\/strong><br \/>\n<strong>S\u00f3l: 1,76 g<\/strong><\/p>\n<p><strong>INFORMACJA ALERGENNA<\/strong><br \/>\n<strong>Mo\u017ce zawiera\u0107 inne orzechy<\/strong><\/p>\n<p><strong>ZALECANE WARUNKI PRZECHOWYWANIA<\/strong><br \/>\n<strong>Przechowywa\u0107 w suchym i ch\u0142odnym miejscu<\/strong><\/p>","protected":false},"excerpt":{"rendered":"<p>Opis Produktu MIGDA\u0141Y PRA\u017bONE I SOLONE BIO 120 G \u2013 BIOSSOM MIGDA\u0141Y Fairtrade to gwarancja uczciwej produkcji, co oznacza, \u017ce rolnicy otrzymuj\u0105 za swoj\u0105 ci\u0119\u017ck\u0105 prac\u0119 sprawiedliw\u0105 zap\u0142at\u0119. Dzi\u0119ki temu mo\u017cesz cieszy\u0107 si\u0119 smakiem przek\u0105sek bez obawy o wyzysk pracownik\u00f3w. Wybieraj\u0105c produkt Fairtrade, wspierasz uczciwe warunki pracy i rolnictwo zr\u00f3wnowa\u017cone. Migda\u0142y s\u0105 bogatym \u017ar\u00f3d\u0142em bia\u0142ka, [&hellip;]<\/p>","protected":false},"featured_media":1366,"template":"","meta":{"site-sidebar-layout":"default","site-content-layout":"","ast-site-content-layout":"default","site-content-style":"default","site-sidebar-style":"default","ast-global-header-display":"","ast-banner-title-visibility":"","ast-main-header-display":"","ast-hfb-above-header-display":"","ast-hfb-below-header-display":"","ast-hfb-mobile-header-display":"","site-post-title":"","ast-breadcrumbs-content":"","ast-featured-img":"","footer-sml-layout":"","theme-transparent-header-meta":"default","adv-header-id-meta":"","stick-header-meta":"","header-above-stick-meta":"","header-main-stick-meta":"","header-below-stick-meta":"","astra-migrate-meta-layouts":"set","ast-page-background-enabled":"default","ast-page-background-meta":{"desktop":{"background-color":"var(--ast-global-color-4)","background-image":"","background-repeat":"repeat","background-position":"center center","background-size":"auto","background-attachment":"scroll","background-type":"","background-media":"","overlay-type":"","overlay-color":"","overlay-opacity":"","overlay-gradient":""},"tablet":{"background-color":"","background-image":"","background-repeat":"repeat","background-position":"center center","background-size":"auto","background-attachment":"scroll","background-type":"","background-media":"","overlay-type":"","overlay-color":"","overlay-opacity":"","overlay-gradient":""},"mobile":{"background-color":"","background-image":"","background-repeat":"repeat","background-position":"center center","background-size":"auto","background-attachment":"scroll","background-type":"","background-media":"","overlay-type":"","overlay-color":"","overlay-opacity":"","overlay-gradient":""}},"ast-content-background-meta":{"desktop":{"background-color":"var(--ast-global-color-5)","background-image":"","background-repeat":"repeat","background-position":"center center","background-size":"auto","background-attachment":"scroll","background-type":"","background-media":"","overlay-type":"","overlay-color":"","overlay-opacity":"","overlay-gradient":""},"tablet":{"background-color":"var(--ast-global-color-5)","background-image":"","background-repeat":"repeat","background-position":"center center","background-size":"auto","background-attachment":"scroll","background-type":"","background-media":"","overlay-type":"","overlay-color":"","overlay-opacity":"","overlay-gradient":""},"mobile":{"background-color":"var(--ast-global-color-5)","background-image":"","background-repeat":"repeat","background-position":"center center","background-size":"auto","background-attachment":"scroll","background-type":"","background-media":"","overlay-type":"","overlay-color":"","overlay-opacity":"","overlay-gradient":""}}},"product_cat":[66,78,24],"product_tag":[34],"class_list":{"0":"post-1312","1":"product","2":"type-product","3":"status-publish","4":"has-post-thumbnail","6":"product_cat-slone","7":"product_cat-bakalie","8":"product_cat-przekaski","9":"product_tag-etykieta-eko","10":"desktop-align-center","11":"tablet-align-left","12":"mobile-align-left","14":"first","15":"onbackorder","16":"purchasable","17":"product-type-simple"},"_links":{"self":[{"href":"https:\/\/los-odpowiedzialni-spolecznie.pl\/en\/wp-json\/wp\/v2\/product\/1312","targetHints":{"allow":["GET"]}}],"collection":[{"href":"https:\/\/los-odpowiedzialni-spolecznie.pl\/en\/wp-json\/wp\/v2\/product"}],"about":[{"href":"https:\/\/los-odpowiedzialni-spolecznie.pl\/en\/wp-json\/wp\/v2\/types\/product"}],"wp:featuredmedia":[{"embeddable":true,"href":"https:\/\/los-odpowiedzialni-spolecznie.pl\/en\/wp-json\/wp\/v2\/media\/1366"}],"wp:attachment":[{"href":"https:\/\/los-odpowiedzialni-spolecznie.pl\/en\/wp-json\/wp\/v2\/media?parent=1312"}],"wp:term":[{"taxonomy":"product_cat","embeddable":true,"href":"https:\/\/los-odpowiedzialni-spolecznie.pl\/en\/wp-json\/wp\/v2\/product_cat?post=1312"},{"taxonomy":"product_tag","embeddable":true,"href":"https:\/\/los-odpowiedzialni-spolecznie.pl\/en\/wp-json\/wp\/v2\/product_tag?post=1312"}],"curies":[{"name":"wp","href":"https:\/\/api.w.org\/{rel}","templated":true}]}}