{"id":1308,"date":"2024-12-23T16:15:00","date_gmt":"2024-12-23T15:15:00","guid":{"rendered":"https:\/\/los-odpowiedzialni-spolecznie.pl\/?post_type=product&#038;p=1308"},"modified":"2024-12-23T16:16:09","modified_gmt":"2024-12-23T15:16:09","slug":"bioallo-classic-pasta-z-grzybow-boczniak-bio-180-g-organichouse","status":"publish","type":"product","link":"https:\/\/los-odpowiedzialni-spolecznie.pl\/en\/sklep\/produkty-spozywcze\/przekaski\/bioallo-classic-pasta-z-grzybow-boczniak-bio-180-g-organichouse\/","title":{"rendered":"BIOALLO CLASSIC \u2013 PASTA Z GRZYB\u00d3W BOCZNIAK BIO 180 G \u2013 ORGANICHOUSE"},"content":{"rendered":"<h3>Opis Produktu<\/h3>\n<p class=\"product_title entry-title\"><strong>BIOALLO CLASSIC \u2013 PASTA Z GRZYB\u00d3W BOCZNIAK BIO 180 G \u2013 ORGANICHOUSE<\/strong><\/p>\n<p><strong>Produkt jest doskona\u0142ym wyborem dla os\u00f3b dbaj\u0105cych o swoje zdrowie i \u015brodowisko. Dzi\u0119ki organicznym sk\u0142adnikom i braku glutenu, pasuje do diety wielu os\u00f3b o r\u00f3\u017cnych preferencjach \u017cywieniowych. Pasta jest r\u00f3wnie\u017c \u0142atwa w przygotowaniu i idealna na szybki i smaczny posi\u0142ek. Spr\u00f3buj BIOall\u00f4 ju\u017c dzi\u015b i poczuj smak naturalno\u015bci i \u015bwie\u017co\u015bci!<\/strong><\/p>\n<p><strong>SK\u0141ADNIKI<\/strong><br \/>\n<strong>56 % \u015bwie\u017ce grzyby boczniaki*, \u015bwie\u017ca cebula*, og\u00f3rki kiszone* (og\u00f3rki*, woda, s\u00f3l kamienna, koper*, czosnek*, chrzan*), przecier z pomidor\u00f3w*, suszone \u015bliwki*, sos SOJOWY* (woda, ziama SOI*, s\u00f3l morska), olej rzepakowy*, cukier trzcinowy*, ocet jab\u0142kowy*, przyprawy: majeranek*, s\u00f3l kamienna k\u0142odawska, s\u0142odka papryka*, cynamon*, papryczki chili*, GORCZYCA*, li\u015b\u0107 laurowy*, pieprz czamy*, ziele angielskie*, lubczyk*. (*Sk\u0142adniki z rolnictwa ekologicznego)<\/strong><\/p>\n<p><strong>WARTO\u015a\u0106 OD\u017bYWCZA w 100 g<\/strong><br \/>\n<strong>Warto\u015b\u0107 energetyczna: 374 kJ\/90 kcal<\/strong><br \/>\n<strong>T\u0142uszcz: 3,6 g<\/strong><br \/>\n<strong>w tym kwasy t\u0142uszczowe nasycone: 0,3 g<\/strong><br \/>\n<strong>W\u0119glowodany: 8,9 g<\/strong><br \/>\n<strong>w tym cukry: 4,3 g<\/strong><br \/>\n<strong>B\u0142onnik: 5,0 g<\/strong><br \/>\n<strong>Bia\u0142ko: 2,9 g<\/strong><br \/>\n<strong>S\u00f3l: 0,7 g<\/strong><\/p>\n<p><strong>INFORMACJA ALERGENNA<\/strong><br \/>\n<strong>Na terenie zak\u0142adu przerabia si\u0119 ORZESZKI ZIEMNE, inne ORZECHY i nasiona sezamu.<\/strong><\/p>\n<p><strong>ZALECANE WARUNKI PRZECHOWYWANIA<\/strong><br \/>\n<strong>Przechowywa\u0107 w ch\u0142odnym, suchym i ciemnym miejscu. Po otwarciu przechowywa\u0107 w lod\u00f3wce i spo\u017cy\u0107 w ci\u0105gu 14 dni.<\/strong><\/p>","protected":false},"excerpt":{"rendered":"<p>Opis Produktu BIOALLO CLASSIC \u2013 PASTA Z GRZYB\u00d3W BOCZNIAK BIO 180 G \u2013 ORGANICHOUSE Produkt jest doskona\u0142ym wyborem dla os\u00f3b dbaj\u0105cych o swoje zdrowie i \u015brodowisko. Dzi\u0119ki organicznym sk\u0142adnikom i braku glutenu, pasuje do diety wielu os\u00f3b o r\u00f3\u017cnych preferencjach \u017cywieniowych. Pasta jest r\u00f3wnie\u017c \u0142atwa w przygotowaniu i idealna na szybki i smaczny posi\u0142ek. Spr\u00f3buj [&hellip;]<\/p>","protected":false},"featured_media":1359,"template":"","meta":{"site-sidebar-layout":"default","site-content-layout":"","ast-site-content-layout":"default","site-content-style":"default","site-sidebar-style":"default","ast-global-header-display":"","ast-banner-title-visibility":"","ast-main-header-display":"","ast-hfb-above-header-display":"","ast-hfb-below-header-display":"","ast-hfb-mobile-header-display":"","site-post-title":"","ast-breadcrumbs-content":"","ast-featured-img":"","footer-sml-layout":"","theme-transparent-header-meta":"default","adv-header-id-meta":"","stick-header-meta":"","header-above-stick-meta":"","header-main-stick-meta":"","header-below-stick-meta":"","astra-migrate-meta-layouts":"set","ast-page-background-enabled":"default","ast-page-background-meta":{"desktop":{"background-color":"var(--ast-global-color-4)","background-image":"","background-repeat":"repeat","background-position":"center center","background-size":"auto","background-attachment":"scroll","background-type":"","background-media":"","overlay-type":"","overlay-color":"","overlay-opacity":"","overlay-gradient":""},"tablet":{"background-color":"","background-image":"","background-repeat":"repeat","background-position":"center center","background-size":"auto","background-attachment":"scroll","background-type":"","background-media":"","overlay-type":"","overlay-color":"","overlay-opacity":"","overlay-gradient":""},"mobile":{"background-color":"","background-image":"","background-repeat":"repeat","background-position":"center center","background-size":"auto","background-attachment":"scroll","background-type":"","background-media":"","overlay-type":"","overlay-color":"","overlay-opacity":"","overlay-gradient":""}},"ast-content-background-meta":{"desktop":{"background-color":"var(--ast-global-color-5)","background-image":"","background-repeat":"repeat","background-position":"center center","background-size":"auto","background-attachment":"scroll","background-type":"","background-media":"","overlay-type":"","overlay-color":"","overlay-opacity":"","overlay-gradient":""},"tablet":{"background-color":"var(--ast-global-color-5)","background-image":"","background-repeat":"repeat","background-position":"center center","background-size":"auto","background-attachment":"scroll","background-type":"","background-media":"","overlay-type":"","overlay-color":"","overlay-opacity":"","overlay-gradient":""},"mobile":{"background-color":"var(--ast-global-color-5)","background-image":"","background-repeat":"repeat","background-position":"center center","background-size":"auto","background-attachment":"scroll","background-type":"","background-media":"","overlay-type":"","overlay-color":"","overlay-opacity":"","overlay-gradient":""}}},"product_cat":[24],"product_tag":[34],"class_list":{"0":"post-1308","1":"product","2":"type-product","3":"status-publish","4":"has-post-thumbnail","6":"product_cat-przekaski","7":"product_tag-etykieta-eko","8":"desktop-align-center","9":"tablet-align-left","10":"mobile-align-left","12":"first","13":"instock","14":"purchasable","15":"product-type-simple"},"_links":{"self":[{"href":"https:\/\/los-odpowiedzialni-spolecznie.pl\/en\/wp-json\/wp\/v2\/product\/1308","targetHints":{"allow":["GET"]}}],"collection":[{"href":"https:\/\/los-odpowiedzialni-spolecznie.pl\/en\/wp-json\/wp\/v2\/product"}],"about":[{"href":"https:\/\/los-odpowiedzialni-spolecznie.pl\/en\/wp-json\/wp\/v2\/types\/product"}],"wp:featuredmedia":[{"embeddable":true,"href":"https:\/\/los-odpowiedzialni-spolecznie.pl\/en\/wp-json\/wp\/v2\/media\/1359"}],"wp:attachment":[{"href":"https:\/\/los-odpowiedzialni-spolecznie.pl\/en\/wp-json\/wp\/v2\/media?parent=1308"}],"wp:term":[{"taxonomy":"product_cat","embeddable":true,"href":"https:\/\/los-odpowiedzialni-spolecznie.pl\/en\/wp-json\/wp\/v2\/product_cat?post=1308"},{"taxonomy":"product_tag","embeddable":true,"href":"https:\/\/los-odpowiedzialni-spolecznie.pl\/en\/wp-json\/wp\/v2\/product_tag?post=1308"}],"curies":[{"name":"wp","href":"https:\/\/api.w.org\/{rel}","templated":true}]}}