{"id":1299,"date":"2024-12-23T16:14:38","date_gmt":"2024-12-23T15:14:38","guid":{"rendered":"https:\/\/los-odpowiedzialni-spolecznie.pl\/?post_type=product&#038;p=1299"},"modified":"2024-12-23T16:16:01","modified_gmt":"2024-12-23T15:16:01","slug":"granola-figa-z-kokosem-bezglutenowa-bio-60-g-papagrin","status":"publish","type":"product","link":"https:\/\/los-odpowiedzialni-spolecznie.pl\/en\/sklep\/produkty-spozywcze\/przekaski\/slodkie\/granola-figa-z-kokosem-bezglutenowa-bio-60-g-papagrin\/","title":{"rendered":"Granola Figa z Kokosem Bezglutenowa Bio 60 g Papagrin"},"content":{"rendered":"<h3>Opis Produktu<\/h3>\n<p><strong>Granola Figa z Kokosem Bezglutenowa Bio 60 g Papagrin<\/strong><\/p>\n<p><strong>Produkt bezglutenowy<\/strong><\/p>\n<p><strong>Odpowiedni dla wegan<\/strong><\/p>\n<p><strong>Zawarto\u015b\u0107\u00a0netto: 60 g<\/strong><\/p>\n<p>&nbsp;<\/p>\n<p><strong>Sk\u0142adniki: Rodzynki*, jab\u0142ka*, s\u0142onecznik*,p\u0142atki kokosowe* (12,6%),wi\u00f3rki kokosowe* (12,6%), siemi\u0119 lniane*, koncentrat soku jab\u0142kowego*, suszone daktyle*,suszone figi* (6,3%),\u00a0migda\u0142y*<\/strong><\/p>\n<p>&nbsp;<\/p>\n<p><strong>* sk\u0142adniki pochodz\u0105ce z upraw ekologicznych<\/strong><\/p>\n<p><strong>Jednostka certyfikuj\u0105ca:\u00a0PL-EKO-07<\/strong><\/p>\n<p><strong>Pochodzenie sk\u0142adnik\u00f3w: Rolnictwo UE\/spoza UE<\/strong><\/p>\n<p>&nbsp;<\/p>\n<p><strong>Informacja dla alergik\u00f3w: Produkt zawiera\u00a0migda\u0142y, mo\u017ce zawiera\u0107\u00a0sezam.<\/strong><\/p>\n<p><strong>Warunki przechowywania: Przechowywa\u0107 w suchym miejscu. Po otwarciu spo\u017cy\u0107 w ci\u0105gu 7 dni.\u00a0<\/strong><\/p>\n<p>&nbsp;<\/p>\n<p><strong>Warto\u015b\u0107 od\u017cywcza w 100 g:<\/strong><\/p>\n<p><strong>Warto\u015b\u0107 energetyczna: 2160 kJ\/516 kcal<\/strong><\/p>\n<p><strong>T\u0142uszcz: 34,7 g<\/strong><\/p>\n<p><strong>&#8211; w tym nasycone kwasy t\u0142uszczowe: 14,8 g<\/strong><\/p>\n<p><strong>W\u0119glowodany: 35,5 g<\/strong><\/p>\n<p><strong>&#8211; w tym cukry: 33,6 g<\/strong><\/p>\n<p><strong>Bia\u0142ko: 10,4 g<\/strong><\/p>\n<p><strong>S\u00f3l: 0,07 g<\/strong><\/p>\n<p>&nbsp;<\/p>\n<p><strong>Uwaga &#8211; Dost\u0119pna 1 sztuka!<\/strong><\/p>","protected":false},"excerpt":{"rendered":"<p>Opis Produktu Granola Figa z Kokosem Bezglutenowa Bio 60 g Papagrin Produkt bezglutenowy Odpowiedni dla wegan Zawarto\u015b\u0107\u00a0netto: 60 g &nbsp; Sk\u0142adniki: Rodzynki*, jab\u0142ka*, s\u0142onecznik*,p\u0142atki kokosowe* (12,6%),wi\u00f3rki kokosowe* (12,6%), siemi\u0119 lniane*, koncentrat soku jab\u0142kowego*, suszone daktyle*,suszone figi* (6,3%),\u00a0migda\u0142y* &nbsp; * sk\u0142adniki pochodz\u0105ce z upraw ekologicznych Jednostka certyfikuj\u0105ca:\u00a0PL-EKO-07 Pochodzenie sk\u0142adnik\u00f3w: Rolnictwo UE\/spoza UE &nbsp; Informacja dla alergik\u00f3w: [&hellip;]<\/p>","protected":false},"featured_media":1349,"template":"","meta":{"site-sidebar-layout":"default","site-content-layout":"","ast-site-content-layout":"default","site-content-style":"default","site-sidebar-style":"default","ast-global-header-display":"","ast-banner-title-visibility":"","ast-main-header-display":"","ast-hfb-above-header-display":"","ast-hfb-below-header-display":"","ast-hfb-mobile-header-display":"","site-post-title":"","ast-breadcrumbs-content":"","ast-featured-img":"","footer-sml-layout":"","theme-transparent-header-meta":"default","adv-header-id-meta":"","stick-header-meta":"","header-above-stick-meta":"","header-main-stick-meta":"","header-below-stick-meta":"","astra-migrate-meta-layouts":"set","ast-page-background-enabled":"default","ast-page-background-meta":{"desktop":{"background-color":"var(--ast-global-color-4)","background-image":"","background-repeat":"repeat","background-position":"center center","background-size":"auto","background-attachment":"scroll","background-type":"","background-media":"","overlay-type":"","overlay-color":"","overlay-opacity":"","overlay-gradient":""},"tablet":{"background-color":"","background-image":"","background-repeat":"repeat","background-position":"center center","background-size":"auto","background-attachment":"scroll","background-type":"","background-media":"","overlay-type":"","overlay-color":"","overlay-opacity":"","overlay-gradient":""},"mobile":{"background-color":"","background-image":"","background-repeat":"repeat","background-position":"center center","background-size":"auto","background-attachment":"scroll","background-type":"","background-media":"","overlay-type":"","overlay-color":"","overlay-opacity":"","overlay-gradient":""}},"ast-content-background-meta":{"desktop":{"background-color":"var(--ast-global-color-5)","background-image":"","background-repeat":"repeat","background-position":"center center","background-size":"auto","background-attachment":"scroll","background-type":"","background-media":"","overlay-type":"","overlay-color":"","overlay-opacity":"","overlay-gradient":""},"tablet":{"background-color":"var(--ast-global-color-5)","background-image":"","background-repeat":"repeat","background-position":"center center","background-size":"auto","background-attachment":"scroll","background-type":"","background-media":"","overlay-type":"","overlay-color":"","overlay-opacity":"","overlay-gradient":""},"mobile":{"background-color":"var(--ast-global-color-5)","background-image":"","background-repeat":"repeat","background-position":"center center","background-size":"auto","background-attachment":"scroll","background-type":"","background-media":"","overlay-type":"","overlay-color":"","overlay-opacity":"","overlay-gradient":""}}},"product_cat":[25,33,37,24],"product_tag":[34],"class_list":{"0":"post-1299","1":"product","2":"type-product","3":"status-publish","4":"has-post-thumbnail","6":"product_cat-slodkie","7":"product_cat-zbozowe","8":"product_cat-owocowe","9":"product_cat-przekaski","10":"product_tag-etykieta-eko","11":"desktop-align-center","12":"tablet-align-left","13":"mobile-align-left","15":"first","16":"instock","17":"purchasable","18":"product-type-simple"},"_links":{"self":[{"href":"https:\/\/los-odpowiedzialni-spolecznie.pl\/en\/wp-json\/wp\/v2\/product\/1299","targetHints":{"allow":["GET"]}}],"collection":[{"href":"https:\/\/los-odpowiedzialni-spolecznie.pl\/en\/wp-json\/wp\/v2\/product"}],"about":[{"href":"https:\/\/los-odpowiedzialni-spolecznie.pl\/en\/wp-json\/wp\/v2\/types\/product"}],"wp:featuredmedia":[{"embeddable":true,"href":"https:\/\/los-odpowiedzialni-spolecznie.pl\/en\/wp-json\/wp\/v2\/media\/1349"}],"wp:attachment":[{"href":"https:\/\/los-odpowiedzialni-spolecznie.pl\/en\/wp-json\/wp\/v2\/media?parent=1299"}],"wp:term":[{"taxonomy":"product_cat","embeddable":true,"href":"https:\/\/los-odpowiedzialni-spolecznie.pl\/en\/wp-json\/wp\/v2\/product_cat?post=1299"},{"taxonomy":"product_tag","embeddable":true,"href":"https:\/\/los-odpowiedzialni-spolecznie.pl\/en\/wp-json\/wp\/v2\/product_tag?post=1299"}],"curies":[{"name":"wp","href":"https:\/\/api.w.org\/{rel}","templated":true}]}}