{"id":1296,"date":"2024-12-23T16:14:37","date_gmt":"2024-12-23T15:14:37","guid":{"rendered":"https:\/\/los-odpowiedzialni-spolecznie.pl\/?post_type=product&#038;p=1296"},"modified":"2024-12-23T16:15:53","modified_gmt":"2024-12-23T15:15:53","slug":"granola-goji-320g-eko-bio-planet","status":"publish","type":"product","link":"https:\/\/los-odpowiedzialni-spolecznie.pl\/en\/sklep\/produkty-spozywcze\/przekaski\/slodkie\/granola-goji-320g-eko-bio-planet\/","title":{"rendered":"GRANOLA GOJI 320G EKO BIO PLANET"},"content":{"rendered":"<h3>Opis Produktu<\/h3>\n<p class=\"name\"><strong>GRANOLA GOJI 320G EKO BIO PLANET<\/strong><\/p>\n<p><strong>Granola z goji Papagrin to doskona\u0142y pomys\u0142 na po\u017cywne i smaczne \u015bniadanie, zw\u0142aszcza dla os\u00f3b, kt\u00f3re prowadz\u0105 aktywny tryb \u017cycia. Dzi\u0119ki zawarto\u015bci orzech\u00f3w, nasion i suszonej \u017curawiny granola ta doskonale nasyca i daje energi\u0119 na ca\u0142y dzie\u0144. Dodatek suszonych jag\u00f3d goji nadaje jej wyj\u0105tkowego smaku i obfito\u015bci sk\u0142adnik\u00f3w od\u017cywczych.<\/strong><\/p>\n<p><strong>\u0141atwo przygotowa\u0107 j\u0105 w domu, a tak\u017ce przechowywa\u0107 w szczelnie zamkni\u0119tym s\u0142oiku, aby zawsze mie\u0107 pod r\u0119k\u0105 zdrow\u0105 przek\u0105sk\u0119. Mo\u017cna j\u0105 r\u00f3wnie\u017c wykorzysta\u0107 jako chrupi\u0105c\u0105 posypk\u0119 do ulubionych deser\u00f3w, lod\u00f3w czy musli.<\/strong><\/p>\n<p><strong>Polecamy spr\u00f3bowa\u0107 tej granoli z goji Papagrin w po\u0142\u0105czeniu z jogurtem naturalnym lub greckim, \u015bwie\u017cymi owocami i miodem. To pyszne i po\u017cywne \u015bniadanie, kt\u00f3re z pewno\u015bci\u0105 dodatkowo umili poranek. Zach\u0119camy do eksperymentowania z dodatkami i smakami, aby stworzy\u0107 w\u0142asn\u0105 ulubion\u0105 wersj\u0119 tej granoli. Smacznego!<\/strong><\/p>\n<p><strong>SK\u0141ADNIKI<\/strong><br \/>\n<strong>kasza gryczana*, jab\u0142ka*, s\u0142onecznik*, siemi\u0119 lniane*, rodzynki*, koncentrat soku jab\u0142kowego*, suszone pestki dyni*, suszone jagody goji*, cynamon* (*certyfikowany sk\u0142adnik ekologiczny)<\/strong><\/p>\n<p><strong>WARTO\u015a\u0106 OD\u017bYWCZA W 100 g<\/strong><br \/>\n<strong>Warto\u015b\u0107 energetyczna: 1970 kJ \/ 471kcal<\/strong><br \/>\n<strong>T\u0142uszcz:18,3 g<\/strong><br \/>\n<strong>w tym kwasy t\u0142uszczowe nasycone: 1,9 g<\/strong><br \/>\n<strong>W\u0119glowodany: 65,1 g<\/strong><br \/>\n<strong>w tym cukry: 23,50,6 g<\/strong><br \/>\n<strong>Bia\u0142ko: 13,80 g<\/strong><br \/>\n<strong>S\u00f3l: 0,06 g<\/strong><\/p>\n<p><strong>INFORMACJA ALERGENNA<\/strong><br \/>\n<strong>Produkt mo\u017ce zawiera\u0107 orzechy, sezam,<\/strong><\/p>\n<p><strong>ZALECANE WARUNKI PRZECHOWYWANIA<\/strong><br \/>\n<strong>Przechowywa\u0107 w suchym i ch\u0142odnym miejscu.<\/strong><\/p>","protected":false},"excerpt":{"rendered":"<p>Opis Produktu GRANOLA GOJI 320G EKO BIO PLANET Granola z goji Papagrin to doskona\u0142y pomys\u0142 na po\u017cywne i smaczne \u015bniadanie, zw\u0142aszcza dla os\u00f3b, kt\u00f3re prowadz\u0105 aktywny tryb \u017cycia. Dzi\u0119ki zawarto\u015bci orzech\u00f3w, nasion i suszonej \u017curawiny granola ta doskonale nasyca i daje energi\u0119 na ca\u0142y dzie\u0144. Dodatek suszonych jag\u00f3d goji nadaje jej wyj\u0105tkowego smaku i obfito\u015bci [&hellip;]<\/p>","protected":false},"featured_media":1346,"template":"","meta":{"site-sidebar-layout":"default","site-content-layout":"","ast-site-content-layout":"default","site-content-style":"default","site-sidebar-style":"default","ast-global-header-display":"","ast-banner-title-visibility":"","ast-main-header-display":"","ast-hfb-above-header-display":"","ast-hfb-below-header-display":"","ast-hfb-mobile-header-display":"","site-post-title":"","ast-breadcrumbs-content":"","ast-featured-img":"","footer-sml-layout":"","theme-transparent-header-meta":"default","adv-header-id-meta":"","stick-header-meta":"","header-above-stick-meta":"","header-main-stick-meta":"","header-below-stick-meta":"","astra-migrate-meta-layouts":"set","ast-page-background-enabled":"default","ast-page-background-meta":{"desktop":{"background-color":"var(--ast-global-color-4)","background-image":"","background-repeat":"repeat","background-position":"center center","background-size":"auto","background-attachment":"scroll","background-type":"","background-media":"","overlay-type":"","overlay-color":"","overlay-opacity":"","overlay-gradient":""},"tablet":{"background-color":"","background-image":"","background-repeat":"repeat","background-position":"center center","background-size":"auto","background-attachment":"scroll","background-type":"","background-media":"","overlay-type":"","overlay-color":"","overlay-opacity":"","overlay-gradient":""},"mobile":{"background-color":"","background-image":"","background-repeat":"repeat","background-position":"center center","background-size":"auto","background-attachment":"scroll","background-type":"","background-media":"","overlay-type":"","overlay-color":"","overlay-opacity":"","overlay-gradient":""}},"ast-content-background-meta":{"desktop":{"background-color":"var(--ast-global-color-5)","background-image":"","background-repeat":"repeat","background-position":"center center","background-size":"auto","background-attachment":"scroll","background-type":"","background-media":"","overlay-type":"","overlay-color":"","overlay-opacity":"","overlay-gradient":""},"tablet":{"background-color":"var(--ast-global-color-5)","background-image":"","background-repeat":"repeat","background-position":"center center","background-size":"auto","background-attachment":"scroll","background-type":"","background-media":"","overlay-type":"","overlay-color":"","overlay-opacity":"","overlay-gradient":""},"mobile":{"background-color":"var(--ast-global-color-5)","background-image":"","background-repeat":"repeat","background-position":"center center","background-size":"auto","background-attachment":"scroll","background-type":"","background-media":"","overlay-type":"","overlay-color":"","overlay-opacity":"","overlay-gradient":""}}},"product_cat":[25,33,37,24],"product_tag":[34],"class_list":{"0":"post-1296","1":"product","2":"type-product","3":"status-publish","4":"has-post-thumbnail","6":"product_cat-slodkie","7":"product_cat-zbozowe","8":"product_cat-owocowe","9":"product_cat-przekaski","10":"product_tag-etykieta-eko","11":"desktop-align-center","12":"tablet-align-left","13":"mobile-align-left","15":"first","16":"instock","17":"purchasable","18":"product-type-simple"},"_links":{"self":[{"href":"https:\/\/los-odpowiedzialni-spolecznie.pl\/en\/wp-json\/wp\/v2\/product\/1296","targetHints":{"allow":["GET"]}}],"collection":[{"href":"https:\/\/los-odpowiedzialni-spolecznie.pl\/en\/wp-json\/wp\/v2\/product"}],"about":[{"href":"https:\/\/los-odpowiedzialni-spolecznie.pl\/en\/wp-json\/wp\/v2\/types\/product"}],"wp:featuredmedia":[{"embeddable":true,"href":"https:\/\/los-odpowiedzialni-spolecznie.pl\/en\/wp-json\/wp\/v2\/media\/1346"}],"wp:attachment":[{"href":"https:\/\/los-odpowiedzialni-spolecznie.pl\/en\/wp-json\/wp\/v2\/media?parent=1296"}],"wp:term":[{"taxonomy":"product_cat","embeddable":true,"href":"https:\/\/los-odpowiedzialni-spolecznie.pl\/en\/wp-json\/wp\/v2\/product_cat?post=1296"},{"taxonomy":"product_tag","embeddable":true,"href":"https:\/\/los-odpowiedzialni-spolecznie.pl\/en\/wp-json\/wp\/v2\/product_tag?post=1296"}],"curies":[{"name":"wp","href":"https:\/\/api.w.org\/{rel}","templated":true}]}}