{"id":1295,"date":"2024-12-23T16:14:37","date_gmt":"2024-12-23T15:14:37","guid":{"rendered":"https:\/\/los-odpowiedzialni-spolecznie.pl\/?post_type=product&#038;p=1295"},"modified":"2024-12-23T16:15:49","modified_gmt":"2024-12-23T15:15:49","slug":"granola-keto-bio-200g","status":"publish","type":"product","link":"https:\/\/los-odpowiedzialni-spolecznie.pl\/en\/sklep\/produkty-spozywcze\/przekaski\/slodkie\/granola-keto-bio-200g\/","title":{"rendered":"Granola keto BIO 200g"},"content":{"rendered":"<h3>Opis Produktu<\/h3>\n<p class=\"name\"><strong>Granola keto BIO 200g<\/strong><\/p>\n<p><strong>Keto Granola zawiera sk\u0142adniki najwy\u017cszej jako\u015bci, takie jak orzechy, nasiona, kokos, olej kokosowy oraz mieszank\u0119 przypraw, kt\u00f3ra nadaje jej wyj\u0105tkowego smaku. Wszystkie sk\u0142adniki s\u0105 wolne od sztucznych dodatk\u00f3w, konserwant\u00f3w i cukru.<\/strong><\/p>\n<p><strong>Dzi\u0119ki wysokiej zawarto\u015bci t\u0142uszcz\u00f3w i bia\u0142ka, nasza granola doskonale zaspokoi Twoje g\u0142\u00f3d, jednocze\u015bnie wspieraj\u0105c proces spalania t\u0142uszczu. Mo\u017cesz j\u0105 spo\u017cywa\u0107 na surowo, jako dodatek do jogurtu, mleka ro\u015blinnego, czy \u015bwie\u017cych owoc\u00f3w, lub te\u017c poddawa\u0107 kr\u00f3tkiemu procesowi pieczenia, aby uzyska\u0107 chrupi\u0105c\u0105 konsystencj\u0119.<\/strong><\/p>\n<p><strong>Je\u015bli szukasz zdrowej i po\u017cywnej przek\u0105ski, kt\u00f3ra idealnie wpisze si\u0119 w Twoj\u0105 diet\u0119 ketogeniczn\u0105 lub lchf, nasza keto granola b\u0119dzie doskona\u0142ym wyborem. Wypr\u00f3buj j\u0105 ju\u017c dzi\u015b i ciesz si\u0119 smakiem i korzy\u015bciami zdrowotnymi, jakie oferuje!<\/strong><\/p>\n<h2><strong>Sk\u0142adniki<\/strong><\/h2>\n<p><strong>Chipsy kokosowe, sezam, nasiona s\u0142onecznika, pestki dyni, orzechy laskowe, nasiona chia, siemi\u0119 lniane, guma ksantanowa.<\/strong><\/p>\n<p><strong>Keto granola oparta jest tylko i wy\u0142\u0105cznie o ekologiczne sk\u0142adniki. Doskona\u0142y dodatek do \u015bniada\u0144 lub samodzielna przek\u0105ska na dietach ketogenicznych .<\/strong><\/p>\n<h2><strong>Warto\u015bci od\u017cywcze w 100g produktu<\/strong><\/h2>\n<h2><strong>Warto\u015b\u0107 energetyczna: 2451 kJ\/590 kcal<\/strong><\/h2>\n<ul>\n<li>T\u0142<strong>uszcz: 51 g<\/strong>\n<ul>\n<li><strong>w tym kwasy t\u0142uszczowe nasycone: 20 g<\/strong><\/li>\n<\/ul>\n<\/li>\n<li><strong>W\u0119glowodany: 9 g<\/strong>\n<ul>\n<li><strong>w tym cukry: 3,2 g<\/strong><\/li>\n<\/ul>\n<\/li>\n<li><strong>B\u0142onnik: 16 g<\/strong><\/li>\n<li><strong>Bia\u0142ko: 14 g<\/strong><\/li>\n<li><strong>S\u00f3l: 0,06 g<\/strong><\/li>\n<\/ul>\n<p><strong>Informacja o alergenach:<\/strong>\u00a0<strong>produkt mo\u017ce zawiera\u0107\u00a0soj\u0119, pszenic\u0119, gluten\u00a0oraz inne\u00a0orzechy.<\/strong><\/p>","protected":false},"excerpt":{"rendered":"<p>Opis Produktu Granola keto BIO 200g Keto Granola zawiera sk\u0142adniki najwy\u017cszej jako\u015bci, takie jak orzechy, nasiona, kokos, olej kokosowy oraz mieszank\u0119 przypraw, kt\u00f3ra nadaje jej wyj\u0105tkowego smaku. Wszystkie sk\u0142adniki s\u0105 wolne od sztucznych dodatk\u00f3w, konserwant\u00f3w i cukru. Dzi\u0119ki wysokiej zawarto\u015bci t\u0142uszcz\u00f3w i bia\u0142ka, nasza granola doskonale zaspokoi Twoje g\u0142\u00f3d, jednocze\u015bnie wspieraj\u0105c proces spalania t\u0142uszczu. Mo\u017cesz [&hellip;]<\/p>","protected":false},"featured_media":1345,"template":"","meta":{"site-sidebar-layout":"default","site-content-layout":"","ast-site-content-layout":"default","site-content-style":"default","site-sidebar-style":"default","ast-global-header-display":"","ast-banner-title-visibility":"","ast-main-header-display":"","ast-hfb-above-header-display":"","ast-hfb-below-header-display":"","ast-hfb-mobile-header-display":"","site-post-title":"","ast-breadcrumbs-content":"","ast-featured-img":"","footer-sml-layout":"","theme-transparent-header-meta":"default","adv-header-id-meta":"","stick-header-meta":"","header-above-stick-meta":"","header-main-stick-meta":"","header-below-stick-meta":"","astra-migrate-meta-layouts":"set","ast-page-background-enabled":"default","ast-page-background-meta":{"desktop":{"background-color":"var(--ast-global-color-4)","background-image":"","background-repeat":"repeat","background-position":"center center","background-size":"auto","background-attachment":"scroll","background-type":"","background-media":"","overlay-type":"","overlay-color":"","overlay-opacity":"","overlay-gradient":""},"tablet":{"background-color":"","background-image":"","background-repeat":"repeat","background-position":"center center","background-size":"auto","background-attachment":"scroll","background-type":"","background-media":"","overlay-type":"","overlay-color":"","overlay-opacity":"","overlay-gradient":""},"mobile":{"background-color":"","background-image":"","background-repeat":"repeat","background-position":"center center","background-size":"auto","background-attachment":"scroll","background-type":"","background-media":"","overlay-type":"","overlay-color":"","overlay-opacity":"","overlay-gradient":""}},"ast-content-background-meta":{"desktop":{"background-color":"var(--ast-global-color-5)","background-image":"","background-repeat":"repeat","background-position":"center center","background-size":"auto","background-attachment":"scroll","background-type":"","background-media":"","overlay-type":"","overlay-color":"","overlay-opacity":"","overlay-gradient":""},"tablet":{"background-color":"var(--ast-global-color-5)","background-image":"","background-repeat":"repeat","background-position":"center center","background-size":"auto","background-attachment":"scroll","background-type":"","background-media":"","overlay-type":"","overlay-color":"","overlay-opacity":"","overlay-gradient":""},"mobile":{"background-color":"var(--ast-global-color-5)","background-image":"","background-repeat":"repeat","background-position":"center center","background-size":"auto","background-attachment":"scroll","background-type":"","background-media":"","overlay-type":"","overlay-color":"","overlay-opacity":"","overlay-gradient":""}}},"product_cat":[25,33,24],"product_tag":[34],"class_list":{"0":"post-1295","1":"product","2":"type-product","3":"status-publish","4":"has-post-thumbnail","6":"product_cat-slodkie","7":"product_cat-zbozowe","8":"product_cat-przekaski","9":"product_tag-etykieta-eko","10":"desktop-align-center","11":"tablet-align-left","12":"mobile-align-left","14":"first","15":"instock","16":"purchasable","17":"product-type-simple"},"_links":{"self":[{"href":"https:\/\/los-odpowiedzialni-spolecznie.pl\/en\/wp-json\/wp\/v2\/product\/1295","targetHints":{"allow":["GET"]}}],"collection":[{"href":"https:\/\/los-odpowiedzialni-spolecznie.pl\/en\/wp-json\/wp\/v2\/product"}],"about":[{"href":"https:\/\/los-odpowiedzialni-spolecznie.pl\/en\/wp-json\/wp\/v2\/types\/product"}],"wp:featuredmedia":[{"embeddable":true,"href":"https:\/\/los-odpowiedzialni-spolecznie.pl\/en\/wp-json\/wp\/v2\/media\/1345"}],"wp:attachment":[{"href":"https:\/\/los-odpowiedzialni-spolecznie.pl\/en\/wp-json\/wp\/v2\/media?parent=1295"}],"wp:term":[{"taxonomy":"product_cat","embeddable":true,"href":"https:\/\/los-odpowiedzialni-spolecznie.pl\/en\/wp-json\/wp\/v2\/product_cat?post=1295"},{"taxonomy":"product_tag","embeddable":true,"href":"https:\/\/los-odpowiedzialni-spolecznie.pl\/en\/wp-json\/wp\/v2\/product_tag?post=1295"}],"curies":[{"name":"wp","href":"https:\/\/api.w.org\/{rel}","templated":true}]}}