{"id":1285,"date":"2024-12-23T16:14:16","date_gmt":"2024-12-23T15:14:16","guid":{"rendered":"https:\/\/los-odpowiedzialni-spolecznie.pl\/?post_type=product&#038;p=1285"},"modified":"2024-12-23T16:15:41","modified_gmt":"2024-12-23T15:15:41","slug":"tabliczka-kakaowa-o-smaku-czerwonej-pomaranczy-demeter-bio-90-g-vivani","status":"publish","type":"product","link":"https:\/\/los-odpowiedzialni-spolecznie.pl\/en\/sklep\/produkty-spozywcze\/przekaski\/slodkie\/tabliczka-kakaowa-o-smaku-czerwonej-pomaranczy-demeter-bio-90-g-vivani\/","title":{"rendered":"TABLICZKA KAKAOWA O SMAKU CZERWONEJ POMARA\u0143CZY DEMETER BIO 90 G &#8211; VIVANI"},"content":{"rendered":"<h3>Opis Produktu<\/h3>\n<div class=\"col-md-3 left-parameters\">\n<aside class=\"column-left dropdowns\">\n<div class=\"row\">\n<div class=\"col-md-12\">\n<div class=\"categories dropdowns\">\n<p><strong>TABLICZKA KAKAOWA O SMAKU CZERWONEJ POMARA\u0143CZY DEMETER BIO 90 G &#8211; VIVANI<\/strong><\/p>\n<p><strong>Dzi\u0119ki swojemu intensywnemu smakowi i aromatowi tabliczka kakaowa b\u0119dzie doskona\u0142ym prezentem dla mi\u0142o\u015bnik\u00f3w czekolady. Mo\u017cna j\u0105 tak\u017ce spersonalizowa\u0107, dodaj\u0105c ulubione dodatki, takie jak suszone owoce czy pikantne przyprawy.<\/strong><\/p>\n<p><strong>Nie tylko smakuje znakomicie, ale tak\u017ce ma wiele korzy\u015bci zdrowotnych \u2013 jest \u017ar\u00f3d\u0142em antyoksydant\u00f3w, poprawia nastr\u00f3j i dodaje energii. Dlatego te\u017c, tabliczka kakaowa to doskona\u0142y pomys\u0142 na prezent dla ka\u017cdego, kto ceni sobie wyj\u0105tkowy smak i zdrowe w\u0142a\u015bciwo\u015bci czekolady.<\/strong><\/p>\n<p><strong>SK\u0141ADNIKI<\/strong><br \/>\n<strong>miazga kakaowa**, t\u0142uszcz kakaowy**, proszek kakaowy**, olejek eteryczny z czerwonej pomara\u0144czy* (0,4 %). (**z upraw biodynamicznych, *certyfikowany sk\u0142adnik ekologiczny).<\/strong><br \/>\n<strong>Masa kakaowa 100 %.<\/strong><\/p>\n<p>&nbsp;<\/p>\n<p><strong>WARTO\u015a\u0106 OD\u017bYWCZA W 100 g<\/strong><br \/>\n<strong>Warto\u015b\u0107 energetyczna: 2657 kJ\/644 kcal<\/strong><br \/>\n<strong>T\u0142uszcz: 60 g<\/strong><br \/>\n<strong>w tym kwasy t\u0142uszczowe nasycone: 36 g<\/strong><br \/>\n<strong>W\u0119glowodany: 7,9 g<\/strong><br \/>\n<strong>w tym cukry: 0,2 g<\/strong><br \/>\n<strong>Bia\u0142ko: 12 g<\/strong><br \/>\n<strong>S\u00f3l: 0,03 g<\/strong><\/p>\n<p><strong>INFORMACJA ALERGENNA<\/strong><br \/>\n<strong>Mo\u017ce zawiera\u0107: ORZECHY, MLEKO i GLUTEN.<\/strong><\/p>\n<p><strong>ZALECANE WARUNKI PRZECHOWYWANIA<\/strong><br \/>\n<strong>Przechowywa\u0107 w suchym i ch\u0142odnym miejscu, z dala od \u017ar\u00f3d\u0142a ciep\u0142a.<\/strong><\/p>\n<\/div>\n<\/div>\n<\/div>\n<\/aside>\n<\/div>\n<div class=\"col-md-9\"><\/div>","protected":false},"excerpt":{"rendered":"<p>Opis Produktu TABLICZKA KAKAOWA O SMAKU CZERWONEJ POMARA\u0143CZY DEMETER BIO 90 G &#8211; VIVANI Dzi\u0119ki swojemu intensywnemu smakowi i aromatowi tabliczka kakaowa b\u0119dzie doskona\u0142ym prezentem dla mi\u0142o\u015bnik\u00f3w czekolady. Mo\u017cna j\u0105 tak\u017ce spersonalizowa\u0107, dodaj\u0105c ulubione dodatki, takie jak suszone owoce czy pikantne przyprawy. Nie tylko smakuje znakomicie, ale tak\u017ce ma wiele korzy\u015bci zdrowotnych \u2013 jest \u017ar\u00f3d\u0142em [&hellip;]<\/p>","protected":false},"featured_media":1335,"template":"","meta":{"site-sidebar-layout":"default","site-content-layout":"","ast-site-content-layout":"default","site-content-style":"default","site-sidebar-style":"default","ast-global-header-display":"","ast-banner-title-visibility":"","ast-main-header-display":"","ast-hfb-above-header-display":"","ast-hfb-below-header-display":"","ast-hfb-mobile-header-display":"","site-post-title":"","ast-breadcrumbs-content":"","ast-featured-img":"","footer-sml-layout":"","theme-transparent-header-meta":"default","adv-header-id-meta":"","stick-header-meta":"","header-above-stick-meta":"","header-main-stick-meta":"","header-below-stick-meta":"","astra-migrate-meta-layouts":"set","ast-page-background-enabled":"default","ast-page-background-meta":{"desktop":{"background-color":"var(--ast-global-color-4)","background-image":"","background-repeat":"repeat","background-position":"center center","background-size":"auto","background-attachment":"scroll","background-type":"","background-media":"","overlay-type":"","overlay-color":"","overlay-opacity":"","overlay-gradient":""},"tablet":{"background-color":"","background-image":"","background-repeat":"repeat","background-position":"center center","background-size":"auto","background-attachment":"scroll","background-type":"","background-media":"","overlay-type":"","overlay-color":"","overlay-opacity":"","overlay-gradient":""},"mobile":{"background-color":"","background-image":"","background-repeat":"repeat","background-position":"center center","background-size":"auto","background-attachment":"scroll","background-type":"","background-media":"","overlay-type":"","overlay-color":"","overlay-opacity":"","overlay-gradient":""}},"ast-content-background-meta":{"desktop":{"background-color":"var(--ast-global-color-5)","background-image":"","background-repeat":"repeat","background-position":"center center","background-size":"auto","background-attachment":"scroll","background-type":"","background-media":"","overlay-type":"","overlay-color":"","overlay-opacity":"","overlay-gradient":""},"tablet":{"background-color":"var(--ast-global-color-5)","background-image":"","background-repeat":"repeat","background-position":"center center","background-size":"auto","background-attachment":"scroll","background-type":"","background-media":"","overlay-type":"","overlay-color":"","overlay-opacity":"","overlay-gradient":""},"mobile":{"background-color":"var(--ast-global-color-5)","background-image":"","background-repeat":"repeat","background-position":"center center","background-size":"auto","background-attachment":"scroll","background-type":"","background-media":"","overlay-type":"","overlay-color":"","overlay-opacity":"","overlay-gradient":""}}},"product_cat":[25,24],"product_tag":[34],"class_list":{"0":"post-1285","1":"product","2":"type-product","3":"status-publish","4":"has-post-thumbnail","6":"product_cat-slodkie","7":"product_cat-przekaski","8":"product_tag-etykieta-eko","9":"desktop-align-center","10":"tablet-align-left","11":"mobile-align-left","13":"first","14":"instock","15":"purchasable","16":"product-type-simple"},"_links":{"self":[{"href":"https:\/\/los-odpowiedzialni-spolecznie.pl\/en\/wp-json\/wp\/v2\/product\/1285","targetHints":{"allow":["GET"]}}],"collection":[{"href":"https:\/\/los-odpowiedzialni-spolecznie.pl\/en\/wp-json\/wp\/v2\/product"}],"about":[{"href":"https:\/\/los-odpowiedzialni-spolecznie.pl\/en\/wp-json\/wp\/v2\/types\/product"}],"wp:featuredmedia":[{"embeddable":true,"href":"https:\/\/los-odpowiedzialni-spolecznie.pl\/en\/wp-json\/wp\/v2\/media\/1335"}],"wp:attachment":[{"href":"https:\/\/los-odpowiedzialni-spolecznie.pl\/en\/wp-json\/wp\/v2\/media?parent=1285"}],"wp:term":[{"taxonomy":"product_cat","embeddable":true,"href":"https:\/\/los-odpowiedzialni-spolecznie.pl\/en\/wp-json\/wp\/v2\/product_cat?post=1285"},{"taxonomy":"product_tag","embeddable":true,"href":"https:\/\/los-odpowiedzialni-spolecznie.pl\/en\/wp-json\/wp\/v2\/product_tag?post=1285"}],"curies":[{"name":"wp","href":"https:\/\/api.w.org\/{rel}","templated":true}]}}