{"id":1284,"date":"2024-12-23T16:14:16","date_gmt":"2024-12-23T15:14:16","guid":{"rendered":"https:\/\/los-odpowiedzialni-spolecznie.pl\/?post_type=product&#038;p=1284"},"modified":"2024-12-23T16:15:38","modified_gmt":"2024-12-23T15:15:38","slug":"malu-food-ciastka-kruche-z-miodem-100-g","status":"publish","type":"product","link":"https:\/\/los-odpowiedzialni-spolecznie.pl\/en\/sklep\/produkty-spozywcze\/przekaski\/slodkie\/malu-food-ciastka-kruche-z-miodem-100-g\/","title":{"rendered":"Malu Food &#8211; ciastka kruche z miodem, 100 g"},"content":{"rendered":"<h3>Opis Produktu<\/h3>\n<h2><strong>Malu Food &#8211; ciastka kruche z miodem, 100 g<\/strong><\/h2>\n<p><strong>Malu Food to marka specjalizuj\u0105ca si\u0119 w produkcji smacznych i zdrowych ciastek bezglutenowych, kt\u00f3re s\u0105 odpowiednie zar\u00f3wno dla dzieci, jak i doros\u0142ych. Nasze produkty charakteryzuj\u0105 si\u0119 wysok\u0105 jako\u015bci\u0105 sk\u0142adnik\u00f3w oraz unikalnymi recepturami, kt\u00f3re sprawiaj\u0105, \u017ce nasze ciastka s\u0105 nie tylko pyszne, ale tak\u017ce korzystne dla zdrowia.<\/strong><\/p>\n<p><strong>Malu Food to tak\u017ce gwarancja \u015bwie\u017co\u015bci i naturalno\u015bci sk\u0142adnik\u00f3w, bez dodatk\u00f3w chemicznych czy sztucznych barwnik\u00f3w. Nasze ciastka s\u0105 produkowane z trosk\u0105 o dobro naszych klient\u00f3w, dbaj\u0105c o ich zdrowie i ekomocje.<\/strong><\/p>\n<p><strong>Zapraszamy do spr\u00f3bowania naszych bezglutenowych ciastek i przekonania si\u0119, \u017ce zdrowa i smaczna alternatywa dla tradycyjnych wypiek\u00f3w mo\u017ce by\u0107 r\u00f3wnie apetyczna i satysfakcjonuj\u0105ca.<\/strong><\/p>\n<h3><strong>Sk\u0142adniki:<\/strong><\/h3>\n<p><strong>M\u0105ka kukurydziana, olej kokosowy, skrobia kukurydziana, substancja s\u0142odz\u0105ca &#8211; syrop maltitolowy, skrobia ziemniaczana, mi\u00f3d (2 %).<\/strong><\/p>\n<h2><strong>Warto\u015b\u0107 od\u017cywcza w 100 g:<\/strong><\/h2>\n<p><strong> warto\u015b\u0107 energetyczna: 2182 kcal\/523 kJ, t\u0142uszcze: 30,4 g, w tym kwasy t\u0142uszczowe nasycone: 29,9 g, w\u0119glowodany: 61,6 cukry: 1,9 g, b\u0142onnik: 0 g, bia\u0142ko: 2,6 g, s\u00f3l: 0,04 g.<\/strong><\/p>\n<h3><strong>Masa netto:<\/strong><\/h3>\n<p><strong>100 g<\/strong><\/p>","protected":false},"excerpt":{"rendered":"<p>Opis Produktu Malu Food &#8211; ciastka kruche z miodem, 100 g Malu Food to marka specjalizuj\u0105ca si\u0119 w produkcji smacznych i zdrowych ciastek bezglutenowych, kt\u00f3re s\u0105 odpowiednie zar\u00f3wno dla dzieci, jak i doros\u0142ych. Nasze produkty charakteryzuj\u0105 si\u0119 wysok\u0105 jako\u015bci\u0105 sk\u0142adnik\u00f3w oraz unikalnymi recepturami, kt\u00f3re sprawiaj\u0105, \u017ce nasze ciastka s\u0105 nie tylko pyszne, ale tak\u017ce korzystne [&hellip;]<\/p>","protected":false},"featured_media":1334,"template":"","meta":{"site-sidebar-layout":"default","site-content-layout":"","ast-site-content-layout":"default","site-content-style":"default","site-sidebar-style":"default","ast-global-header-display":"","ast-banner-title-visibility":"","ast-main-header-display":"","ast-hfb-above-header-display":"","ast-hfb-below-header-display":"","ast-hfb-mobile-header-display":"","site-post-title":"","ast-breadcrumbs-content":"","ast-featured-img":"","footer-sml-layout":"","theme-transparent-header-meta":"default","adv-header-id-meta":"","stick-header-meta":"","header-above-stick-meta":"","header-main-stick-meta":"","header-below-stick-meta":"","astra-migrate-meta-layouts":"set","ast-page-background-enabled":"default","ast-page-background-meta":{"desktop":{"background-color":"var(--ast-global-color-4)","background-image":"","background-repeat":"repeat","background-position":"center center","background-size":"auto","background-attachment":"scroll","background-type":"","background-media":"","overlay-type":"","overlay-color":"","overlay-opacity":"","overlay-gradient":""},"tablet":{"background-color":"","background-image":"","background-repeat":"repeat","background-position":"center center","background-size":"auto","background-attachment":"scroll","background-type":"","background-media":"","overlay-type":"","overlay-color":"","overlay-opacity":"","overlay-gradient":""},"mobile":{"background-color":"","background-image":"","background-repeat":"repeat","background-position":"center center","background-size":"auto","background-attachment":"scroll","background-type":"","background-media":"","overlay-type":"","overlay-color":"","overlay-opacity":"","overlay-gradient":""}},"ast-content-background-meta":{"desktop":{"background-color":"var(--ast-global-color-5)","background-image":"","background-repeat":"repeat","background-position":"center center","background-size":"auto","background-attachment":"scroll","background-type":"","background-media":"","overlay-type":"","overlay-color":"","overlay-opacity":"","overlay-gradient":""},"tablet":{"background-color":"var(--ast-global-color-5)","background-image":"","background-repeat":"repeat","background-position":"center center","background-size":"auto","background-attachment":"scroll","background-type":"","background-media":"","overlay-type":"","overlay-color":"","overlay-opacity":"","overlay-gradient":""},"mobile":{"background-color":"var(--ast-global-color-5)","background-image":"","background-repeat":"repeat","background-position":"center center","background-size":"auto","background-attachment":"scroll","background-type":"","background-media":"","overlay-type":"","overlay-color":"","overlay-opacity":"","overlay-gradient":""}}},"product_cat":[25,24],"product_tag":[],"class_list":{"0":"post-1284","1":"product","2":"type-product","3":"status-publish","4":"has-post-thumbnail","6":"product_cat-slodkie","7":"product_cat-przekaski","8":"desktop-align-center","9":"tablet-align-left","10":"mobile-align-left","12":"first","13":"instock","14":"purchasable","15":"product-type-simple"},"_links":{"self":[{"href":"https:\/\/los-odpowiedzialni-spolecznie.pl\/en\/wp-json\/wp\/v2\/product\/1284","targetHints":{"allow":["GET"]}}],"collection":[{"href":"https:\/\/los-odpowiedzialni-spolecznie.pl\/en\/wp-json\/wp\/v2\/product"}],"about":[{"href":"https:\/\/los-odpowiedzialni-spolecznie.pl\/en\/wp-json\/wp\/v2\/types\/product"}],"wp:featuredmedia":[{"embeddable":true,"href":"https:\/\/los-odpowiedzialni-spolecznie.pl\/en\/wp-json\/wp\/v2\/media\/1334"}],"wp:attachment":[{"href":"https:\/\/los-odpowiedzialni-spolecznie.pl\/en\/wp-json\/wp\/v2\/media?parent=1284"}],"wp:term":[{"taxonomy":"product_cat","embeddable":true,"href":"https:\/\/los-odpowiedzialni-spolecznie.pl\/en\/wp-json\/wp\/v2\/product_cat?post=1284"},{"taxonomy":"product_tag","embeddable":true,"href":"https:\/\/los-odpowiedzialni-spolecznie.pl\/en\/wp-json\/wp\/v2\/product_tag?post=1284"}],"curies":[{"name":"wp","href":"https:\/\/api.w.org\/{rel}","templated":true}]}}