{"id":1283,"date":"2024-12-23T16:14:16","date_gmt":"2024-12-23T15:14:16","guid":{"rendered":"https:\/\/los-odpowiedzialni-spolecznie.pl\/?post_type=product&#038;p=1283"},"modified":"2024-12-23T16:15:35","modified_gmt":"2024-12-23T15:15:35","slug":"ciastka-owsiane-z-migdalami-i-czekolada-bez-glutenu-bez-dodatku-cukru-150-g-pure-good","status":"publish","type":"product","link":"https:\/\/los-odpowiedzialni-spolecznie.pl\/en\/sklep\/produkty-spozywcze\/przekaski\/slodkie\/ciastka-owsiane-z-migdalami-i-czekolada-bez-glutenu-bez-dodatku-cukru-150-g-pure-good\/","title":{"rendered":"CIASTKA OWSIANE Z MIGDA\u0141AMI I CZEKOLAD\u0104 BEZ GLUTENU &#8211; BEZ DODATKU CUKRU 150 G. &#8211; PURE &amp; GOOD"},"content":{"rendered":"<h3>Opis Produktu<\/h3>\n<p class=\"name\"><strong>CIASTKA OWSIANE Z MIGDA\u0141AMI I CZEKOLAD\u0104 BEZ GLUTENU &#8211; BEZ DODATKU CUKRU 150 G. &#8211; PURE &amp; GOOD<\/strong><\/p>\n<p><strong>Ciasteczka te s\u0105 bogate w b\u0142onnik dzi\u0119ki zawarto\u015bci owsa, kt\u00f3ry korzystnie wp\u0142ywa na trawienie. Dodatek migda\u0142\u00f3w dostarcza cennych sk\u0142adnik\u00f3w od\u017cywczych, a czekolada dodaje aromatu i smaku. Mo\u017cna je \u015bmia\u0142o poda\u0107 tak\u017ce dzieciom, dla kt\u00f3rych mniej cukru w diecie zawsze jest korzystne.<\/strong><\/p>\n<p><strong>Ciasteczka bezglutenowe Pure&amp;Good sprawdz\u0105 si\u0119 jako zdrowa alternatywa dla s\u0142odyczy, kt\u00f3re mo\u017cna zabra\u0107 ze sob\u0105 do pracy, szko\u0142y czy w podr\u00f3\u017c. Ich niew\u0105tpliw\u0105 zalet\u0105 jest tak\u017ce brak sztucznych barwnik\u00f3w, konserwant\u00f3w i innych zb\u0119dnych dodatk\u00f3w. \u015awietnie smakuj\u0105 zar\u00f3wno same, jak i z ulubionym napojem.<\/strong><\/p>\n<p><strong>To idealna propozycja dla os\u00f3b dbaj\u0105cych o swoje zdrowie, poszukuj\u0105cych zdrowszych przek\u0105sek bez dodatku cukru i gluten. Dzi\u0119ki nim mo\u017cna zaspokoi\u0107 apetyt na s\u0142odkie, nie rezygnuj\u0105c z dobrego smaku i warto\u015bci od\u017cywczych.<\/strong><\/p>\n<p>&nbsp;<\/p>\n<p><strong>Sk\u0142adniki:<\/strong>\u00a0<strong>p\u0142atki owsiane bezglutenowe 45%, substancja s\u0142odz\u0105ca (erytrytol), olej kokosowy, skrobia ziemniaczana, olej rzepakowy,<\/strong><\/p>\n<p><strong>czekolada 4% [substancja s\u0142odz\u0105ca (maltitol), miazga kakaowa, emulgator (lecytyna SOJOWA), kakao w proszku o obni\u017conej zawarto\u015bci t\u0142uszczu,<\/strong><\/p>\n<p><strong>aromat naturalny wanilia], MIGDA\u0141Y 8%, substancja spulchniaj\u0105ca (soda).<\/strong><\/p>\n<p><strong>Informacja alergiczna: produkt zawiera soj\u0119 i migda\u0142y oraz mo\u017ce zawiera\u0107 orzechy, orzeszki ziemne i nasiona sezamu.<\/strong><\/p>\n<p>&nbsp;<\/p>\n<p><strong>Przechowywa\u0107 w suchym i ch\u0142odnym miejscu.<\/strong><\/p>","protected":false},"excerpt":{"rendered":"<p>Opis Produktu CIASTKA OWSIANE Z MIGDA\u0141AMI I CZEKOLAD\u0104 BEZ GLUTENU &#8211; BEZ DODATKU CUKRU 150 G. &#8211; PURE &amp; GOOD Ciasteczka te s\u0105 bogate w b\u0142onnik dzi\u0119ki zawarto\u015bci owsa, kt\u00f3ry korzystnie wp\u0142ywa na trawienie. Dodatek migda\u0142\u00f3w dostarcza cennych sk\u0142adnik\u00f3w od\u017cywczych, a czekolada dodaje aromatu i smaku. Mo\u017cna je \u015bmia\u0142o poda\u0107 tak\u017ce dzieciom, dla kt\u00f3rych mniej [&hellip;]<\/p>","protected":false},"featured_media":1333,"template":"","meta":{"site-sidebar-layout":"default","site-content-layout":"","ast-site-content-layout":"default","site-content-style":"default","site-sidebar-style":"default","ast-global-header-display":"","ast-banner-title-visibility":"","ast-main-header-display":"","ast-hfb-above-header-display":"","ast-hfb-below-header-display":"","ast-hfb-mobile-header-display":"","site-post-title":"","ast-breadcrumbs-content":"","ast-featured-img":"","footer-sml-layout":"","theme-transparent-header-meta":"default","adv-header-id-meta":"","stick-header-meta":"","header-above-stick-meta":"","header-main-stick-meta":"","header-below-stick-meta":"","astra-migrate-meta-layouts":"set","ast-page-background-enabled":"default","ast-page-background-meta":{"desktop":{"background-color":"var(--ast-global-color-4)","background-image":"","background-repeat":"repeat","background-position":"center center","background-size":"auto","background-attachment":"scroll","background-type":"","background-media":"","overlay-type":"","overlay-color":"","overlay-opacity":"","overlay-gradient":""},"tablet":{"background-color":"","background-image":"","background-repeat":"repeat","background-position":"center center","background-size":"auto","background-attachment":"scroll","background-type":"","background-media":"","overlay-type":"","overlay-color":"","overlay-opacity":"","overlay-gradient":""},"mobile":{"background-color":"","background-image":"","background-repeat":"repeat","background-position":"center center","background-size":"auto","background-attachment":"scroll","background-type":"","background-media":"","overlay-type":"","overlay-color":"","overlay-opacity":"","overlay-gradient":""}},"ast-content-background-meta":{"desktop":{"background-color":"var(--ast-global-color-5)","background-image":"","background-repeat":"repeat","background-position":"center center","background-size":"auto","background-attachment":"scroll","background-type":"","background-media":"","overlay-type":"","overlay-color":"","overlay-opacity":"","overlay-gradient":""},"tablet":{"background-color":"var(--ast-global-color-5)","background-image":"","background-repeat":"repeat","background-position":"center center","background-size":"auto","background-attachment":"scroll","background-type":"","background-media":"","overlay-type":"","overlay-color":"","overlay-opacity":"","overlay-gradient":""},"mobile":{"background-color":"var(--ast-global-color-5)","background-image":"","background-repeat":"repeat","background-position":"center center","background-size":"auto","background-attachment":"scroll","background-type":"","background-media":"","overlay-type":"","overlay-color":"","overlay-opacity":"","overlay-gradient":""}}},"product_cat":[25,24],"product_tag":[],"class_list":{"0":"post-1283","1":"product","2":"type-product","3":"status-publish","4":"has-post-thumbnail","6":"product_cat-slodkie","7":"product_cat-przekaski","8":"desktop-align-center","9":"tablet-align-left","10":"mobile-align-left","12":"first","13":"instock","14":"purchasable","15":"product-type-simple"},"_links":{"self":[{"href":"https:\/\/los-odpowiedzialni-spolecznie.pl\/en\/wp-json\/wp\/v2\/product\/1283","targetHints":{"allow":["GET"]}}],"collection":[{"href":"https:\/\/los-odpowiedzialni-spolecznie.pl\/en\/wp-json\/wp\/v2\/product"}],"about":[{"href":"https:\/\/los-odpowiedzialni-spolecznie.pl\/en\/wp-json\/wp\/v2\/types\/product"}],"wp:featuredmedia":[{"embeddable":true,"href":"https:\/\/los-odpowiedzialni-spolecznie.pl\/en\/wp-json\/wp\/v2\/media\/1333"}],"wp:attachment":[{"href":"https:\/\/los-odpowiedzialni-spolecznie.pl\/en\/wp-json\/wp\/v2\/media?parent=1283"}],"wp:term":[{"taxonomy":"product_cat","embeddable":true,"href":"https:\/\/los-odpowiedzialni-spolecznie.pl\/en\/wp-json\/wp\/v2\/product_cat?post=1283"},{"taxonomy":"product_tag","embeddable":true,"href":"https:\/\/los-odpowiedzialni-spolecznie.pl\/en\/wp-json\/wp\/v2\/product_tag?post=1283"}],"curies":[{"name":"wp","href":"https:\/\/api.w.org\/{rel}","templated":true}]}}