{"id":1282,"date":"2024-12-23T16:14:16","date_gmt":"2024-12-23T15:14:16","guid":{"rendered":"https:\/\/los-odpowiedzialni-spolecznie.pl\/?post_type=product&#038;p=1282"},"modified":"2024-12-23T16:15:33","modified_gmt":"2024-12-23T15:15:33","slug":"ciastka-owsiane-z-ananasem-bez-cukru-bez-glutenu","status":"publish","type":"product","link":"https:\/\/los-odpowiedzialni-spolecznie.pl\/en\/sklep\/produkty-spozywcze\/przekaski\/slodkie\/ciastka-owsiane-z-ananasem-bez-cukru-bez-glutenu\/","title":{"rendered":"Ciastka owsiane z ananasem BEZ CUKRU BEZ GLUTENU"},"content":{"rendered":"<h3>Opis Produktu<\/h3>\n<p><strong>Ciastka owsiane z ananasem BEZ CUKRU BEZ GLUTENU<\/strong><\/p>\n<p><strong>Bezglutenowe ciasteczka owsiane z ananasem to doskona\u0142a propozycja dla wszystkich mi\u0142o\u015bnik\u00f3w egzotycznych smak\u00f3w i zdrowych przek\u0105sek. Nie musisz rezygnowa\u0107 z przyjemno\u015bci jedzenia pysznych ciasteczek, nawet je\u015bli dbasz o swoje zdrowie i unikasz glutenu oraz cukru.<\/strong><\/p>\n<p><strong>Zanu\u0107 sobie melodyjn\u0105 piosenk\u0119 w rytmie szumu palm i spr\u00f3buj naszych wyj\u0105tkowych ciasteczek owsianych z soczystym ananasem. Ich delikatna konsystencja i intensywny smak przenios\u0105 Ci\u0119 w tropikalny nastr\u00f3j i sprawi\u0105, \u017ce poczujesz si\u0119 jak na rajskiej pla\u017cy. Daj sobie chwil\u0119 relaksu i pozw\u00f3l sobie na odrobin\u0119 luksusu, bez obaw o swoje zdrowie.<\/strong><\/p>\n<p><strong>Zapraszamy do naszego sklepu, gdzie czeka na Ciebie pe\u0142en smaku i aromatu asortyment bezglutenowych ciasteczek owsianych z ananasem. Odkryj now\u0105 definicj\u0119 zdrowego i pysznego deseru i pozw\u00f3l sobie na chwil\u0119 ucieczki od codzienno\u015bci. Wystarczy jedno zdrowe ciasteczko, aby poczu\u0107 si\u0119 jak na wakacjach. Odkryj tropikaln\u0105 przyjemno\u015b\u0107 bezglutenowych smako\u0142yk\u00f3w!<\/strong><\/p>\n<h2>Sk\u0142adniki:<\/h2>\n<p><strong>P\u0142atki owsiane bezglutenowe 45%, substancja s\u0142odz\u0105ca (erytrytol), olej kokosowy, suszony ananas 8%, skrobia ziemniaczana, olej rzepakowy, substancja spulchniaj\u0105ca (soda), naturalny aromat ananasowy.<\/strong><\/p>\n<p><strong>Zawiera naturalnie wyst\u0119puj\u0105ce cukry. Produkt mo\u017ce zawiera\u0107 orzechy, orzeszki ziemne, nasiona sezamu.<\/strong><\/p>\n<h4><strong>Warto\u015bci od\u017cywcze na 100 g:<\/strong><\/p>\n<p><strong>Warto\u015b\u0107 energetyczna 1557 kJ \/ 373 kcal<\/strong><br \/>\n<strong>T\u0142uszcze 21 g<\/strong><br \/>\n<strong>&#8211; z czego nasycone 11\u00a0g<\/strong><br \/>\n<strong>W\u0119glowodany 37 g<\/strong><br \/>\n<strong>&#8211; w tym cukry 6,1 g<\/strong><br \/>\n<strong>&#8211; poliole 18 g<\/strong><br \/>\n<strong>B\u0142onnik 6,9 g<\/strong><br \/>\n<strong>Bia\u0142ko 7,1 g<\/strong><br \/>\n<strong>S\u00f3l 0,04 g<\/strong><\/h4>\n<h4><strong>1WW = 53 g, 1WBT = 46 g wg SGGW<\/strong><\/h4>\n<p>&nbsp;<\/p>\n<h4>Spos\u00f3b przechowywania:<br \/>\n<strong>Przechowywa\u0107 w suchym i ch\u0142odnym miejscu.<\/strong><\/h4>","protected":false},"excerpt":{"rendered":"<p>Opis Produktu Ciastka owsiane z ananasem BEZ CUKRU BEZ GLUTENU Bezglutenowe ciasteczka owsiane z ananasem to doskona\u0142a propozycja dla wszystkich mi\u0142o\u015bnik\u00f3w egzotycznych smak\u00f3w i zdrowych przek\u0105sek. Nie musisz rezygnowa\u0107 z przyjemno\u015bci jedzenia pysznych ciasteczek, nawet je\u015bli dbasz o swoje zdrowie i unikasz glutenu oraz cukru. Zanu\u0107 sobie melodyjn\u0105 piosenk\u0119 w rytmie szumu palm i spr\u00f3buj [&hellip;]<\/p>","protected":false},"featured_media":1332,"template":"","meta":{"site-sidebar-layout":"default","site-content-layout":"","ast-site-content-layout":"default","site-content-style":"default","site-sidebar-style":"default","ast-global-header-display":"","ast-banner-title-visibility":"","ast-main-header-display":"","ast-hfb-above-header-display":"","ast-hfb-below-header-display":"","ast-hfb-mobile-header-display":"","site-post-title":"","ast-breadcrumbs-content":"","ast-featured-img":"","footer-sml-layout":"","theme-transparent-header-meta":"default","adv-header-id-meta":"","stick-header-meta":"","header-above-stick-meta":"","header-main-stick-meta":"","header-below-stick-meta":"","astra-migrate-meta-layouts":"set","ast-page-background-enabled":"default","ast-page-background-meta":{"desktop":{"background-color":"var(--ast-global-color-4)","background-image":"","background-repeat":"repeat","background-position":"center center","background-size":"auto","background-attachment":"scroll","background-type":"","background-media":"","overlay-type":"","overlay-color":"","overlay-opacity":"","overlay-gradient":""},"tablet":{"background-color":"","background-image":"","background-repeat":"repeat","background-position":"center center","background-size":"auto","background-attachment":"scroll","background-type":"","background-media":"","overlay-type":"","overlay-color":"","overlay-opacity":"","overlay-gradient":""},"mobile":{"background-color":"","background-image":"","background-repeat":"repeat","background-position":"center center","background-size":"auto","background-attachment":"scroll","background-type":"","background-media":"","overlay-type":"","overlay-color":"","overlay-opacity":"","overlay-gradient":""}},"ast-content-background-meta":{"desktop":{"background-color":"var(--ast-global-color-5)","background-image":"","background-repeat":"repeat","background-position":"center center","background-size":"auto","background-attachment":"scroll","background-type":"","background-media":"","overlay-type":"","overlay-color":"","overlay-opacity":"","overlay-gradient":""},"tablet":{"background-color":"var(--ast-global-color-5)","background-image":"","background-repeat":"repeat","background-position":"center center","background-size":"auto","background-attachment":"scroll","background-type":"","background-media":"","overlay-type":"","overlay-color":"","overlay-opacity":"","overlay-gradient":""},"mobile":{"background-color":"var(--ast-global-color-5)","background-image":"","background-repeat":"repeat","background-position":"center center","background-size":"auto","background-attachment":"scroll","background-type":"","background-media":"","overlay-type":"","overlay-color":"","overlay-opacity":"","overlay-gradient":""}}},"product_cat":[25,37,24],"product_tag":[],"class_list":{"0":"post-1282","1":"product","2":"type-product","3":"status-publish","4":"has-post-thumbnail","6":"product_cat-slodkie","7":"product_cat-owocowe","8":"product_cat-przekaski","9":"desktop-align-center","10":"tablet-align-left","11":"mobile-align-left","13":"first","14":"instock","15":"purchasable","16":"product-type-simple"},"_links":{"self":[{"href":"https:\/\/los-odpowiedzialni-spolecznie.pl\/en\/wp-json\/wp\/v2\/product\/1282","targetHints":{"allow":["GET"]}}],"collection":[{"href":"https:\/\/los-odpowiedzialni-spolecznie.pl\/en\/wp-json\/wp\/v2\/product"}],"about":[{"href":"https:\/\/los-odpowiedzialni-spolecznie.pl\/en\/wp-json\/wp\/v2\/types\/product"}],"wp:featuredmedia":[{"embeddable":true,"href":"https:\/\/los-odpowiedzialni-spolecznie.pl\/en\/wp-json\/wp\/v2\/media\/1332"}],"wp:attachment":[{"href":"https:\/\/los-odpowiedzialni-spolecznie.pl\/en\/wp-json\/wp\/v2\/media?parent=1282"}],"wp:term":[{"taxonomy":"product_cat","embeddable":true,"href":"https:\/\/los-odpowiedzialni-spolecznie.pl\/en\/wp-json\/wp\/v2\/product_cat?post=1282"},{"taxonomy":"product_tag","embeddable":true,"href":"https:\/\/los-odpowiedzialni-spolecznie.pl\/en\/wp-json\/wp\/v2\/product_tag?post=1282"}],"curies":[{"name":"wp","href":"https:\/\/api.w.org\/{rel}","templated":true}]}}