{"id":1271,"date":"2024-12-23T16:13:55","date_gmt":"2024-12-23T15:13:55","guid":{"rendered":"https:\/\/los-odpowiedzialni-spolecznie.pl\/?post_type=product&#038;p=1271"},"modified":"2024-12-23T16:15:20","modified_gmt":"2024-12-23T15:15:20","slug":"birkengold-ksylitolowa-guma-do-zucia-o-smaku-mietowo-pieprzowym-12-szt","status":"publish","type":"product","link":"https:\/\/los-odpowiedzialni-spolecznie.pl\/en\/sklep\/produkty-spozywcze\/przekaski\/owocowe\/birkengold-ksylitolowa-guma-do-zucia-o-smaku-mietowo-pieprzowym-12-szt\/","title":{"rendered":"Birkengold Ksylitolowa Guma Do \u017bucia O Smaku Mi\u0119towo Pieprzowym 12 Szt"},"content":{"rendered":"<h3>Opis Produktu<\/h3>\n<p><strong>Birkengold Ksylitolowa Guma Do \u017bucia O Smaku Mi\u0119towo Pieprzowym 12 Szt<\/strong><\/p>\n<p>Intensywny, d\u0142ugotrwa\u0142y smak rze\u015bkiej mi\u0119ty w formie gumy do \u017cucia pomo\u017ce Ci przetrwa\u0107 chwile, gdy czujesz, \u017ce po prostu musisz zje\u015b\u0107 co\u015b s\u0142odkiego. Guma do \u017cucia bez cukru:<\/p>\n<ul>\n<li>pomaga w zachowaniu mineralizacji z\u0119b\u00f3w<\/li>\n<li>pomaga neutralizowa\u0107 kwasy powoduj\u0105ce powstanie p\u0142ytki naz\u0119bnej<\/li>\n<\/ul>\n<p>pomaga zmniejszy\u0107 uczucie sucho\u015bci w jamie ustnej Korzystne dzia\u0142anie wyst\u0119puje przy \u017cuciu gumy przez przynajmniej 20 minut po jedzeniu lub piciu. W opakowaniu jest 12 gum do \u017cucia. Zawiera substancj\u0119 s\u0142odz\u0105c\u0105. Spo\u017cycie w nadmiernych ilo\u015bciach mo\u017ce mie\u0107 efekt przeczyszczaj\u0105cy. Pami\u0119taj, \u017ce bardzo wa\u017cny jest zr\u00f3wnowa\u017cony spos\u00f3b \u017cywienia i zdrowy tryb \u017cycia.<\/p>\n<p><strong>SK\u0141ADNIKI<\/strong><br \/>\nsubstancja s\u0142odz\u0105ca: ksylitol, baza gumowa, naturalny aromat, substancja zag\u0119szczaj\u0105ca: guma arabska, substancja utrzymuj\u0105ca wilgo\u0107: gliceryna, emulgator: lecytyny (z SOI), substancja glazuruj\u0105ca: wosk carnauba, przeciwutleniacz: mieszanina tokoferoli.<\/p>\n<p><strong>WARTO\u015a\u0106 OD\u017bYWCZA W 100 g<\/strong><br \/>\nWarto\u015b\u0107 energetyczna: 739 kJ\/178 kcal<br \/>\nT\u0142uszcz: 0 g<br \/>\nw tym kwasy t\u0142uszczowe nasycone: 0 g<br \/>\nW\u0119glowodany: 73 g<br \/>\nw tym cukry: 0 g<br \/>\nalkohole wielowodorotlenowe: 73 g<br \/>\nBia\u0142ko: 0 g<br \/>\nS\u00f3l: &lt;0,01 g<\/p>\n<p><strong>ZALECANE WARUNKI PRZECHOWYWANIA<\/strong><br \/>\nPrzechowywa\u0107 w suchym i ch\u0142odnym miejscu, szczelnie zamkni\u0119te.<\/p>","protected":false},"excerpt":{"rendered":"<p>Opis Produktu Birkengold Ksylitolowa Guma Do \u017bucia O Smaku Mi\u0119towo Pieprzowym 12 Szt Intensywny, d\u0142ugotrwa\u0142y smak rze\u015bkiej mi\u0119ty w formie gumy do \u017cucia pomo\u017ce Ci przetrwa\u0107 chwile, gdy czujesz, \u017ce po prostu musisz zje\u015b\u0107 co\u015b s\u0142odkiego. Guma do \u017cucia bez cukru: pomaga w zachowaniu mineralizacji z\u0119b\u00f3w pomaga neutralizowa\u0107 kwasy powoduj\u0105ce powstanie p\u0142ytki naz\u0119bnej pomaga zmniejszy\u0107 [&hellip;]<\/p>","protected":false},"featured_media":1321,"template":"","meta":{"site-sidebar-layout":"default","site-content-layout":"","ast-site-content-layout":"default","site-content-style":"default","site-sidebar-style":"default","ast-global-header-display":"","ast-banner-title-visibility":"","ast-main-header-display":"","ast-hfb-above-header-display":"","ast-hfb-below-header-display":"","ast-hfb-mobile-header-display":"","site-post-title":"","ast-breadcrumbs-content":"","ast-featured-img":"","footer-sml-layout":"","theme-transparent-header-meta":"default","adv-header-id-meta":"","stick-header-meta":"","header-above-stick-meta":"","header-main-stick-meta":"","header-below-stick-meta":"","astra-migrate-meta-layouts":"set","ast-page-background-enabled":"default","ast-page-background-meta":{"desktop":{"background-color":"var(--ast-global-color-4)","background-image":"","background-repeat":"repeat","background-position":"center center","background-size":"auto","background-attachment":"scroll","background-type":"","background-media":"","overlay-type":"","overlay-color":"","overlay-opacity":"","overlay-gradient":""},"tablet":{"background-color":"","background-image":"","background-repeat":"repeat","background-position":"center center","background-size":"auto","background-attachment":"scroll","background-type":"","background-media":"","overlay-type":"","overlay-color":"","overlay-opacity":"","overlay-gradient":""},"mobile":{"background-color":"","background-image":"","background-repeat":"repeat","background-position":"center center","background-size":"auto","background-attachment":"scroll","background-type":"","background-media":"","overlay-type":"","overlay-color":"","overlay-opacity":"","overlay-gradient":""}},"ast-content-background-meta":{"desktop":{"background-color":"var(--ast-global-color-5)","background-image":"","background-repeat":"repeat","background-position":"center center","background-size":"auto","background-attachment":"scroll","background-type":"","background-media":"","overlay-type":"","overlay-color":"","overlay-opacity":"","overlay-gradient":""},"tablet":{"background-color":"var(--ast-global-color-5)","background-image":"","background-repeat":"repeat","background-position":"center center","background-size":"auto","background-attachment":"scroll","background-type":"","background-media":"","overlay-type":"","overlay-color":"","overlay-opacity":"","overlay-gradient":""},"mobile":{"background-color":"var(--ast-global-color-5)","background-image":"","background-repeat":"repeat","background-position":"center center","background-size":"auto","background-attachment":"scroll","background-type":"","background-media":"","overlay-type":"","overlay-color":"","overlay-opacity":"","overlay-gradient":""}}},"product_cat":[37,24],"product_tag":[],"class_list":{"0":"post-1271","1":"product","2":"type-product","3":"status-publish","4":"has-post-thumbnail","6":"product_cat-owocowe","7":"product_cat-przekaski","8":"desktop-align-center","9":"tablet-align-left","10":"mobile-align-left","12":"first","13":"onbackorder","14":"purchasable","15":"product-type-simple"},"_links":{"self":[{"href":"https:\/\/los-odpowiedzialni-spolecznie.pl\/en\/wp-json\/wp\/v2\/product\/1271","targetHints":{"allow":["GET"]}}],"collection":[{"href":"https:\/\/los-odpowiedzialni-spolecznie.pl\/en\/wp-json\/wp\/v2\/product"}],"about":[{"href":"https:\/\/los-odpowiedzialni-spolecznie.pl\/en\/wp-json\/wp\/v2\/types\/product"}],"wp:featuredmedia":[{"embeddable":true,"href":"https:\/\/los-odpowiedzialni-spolecznie.pl\/en\/wp-json\/wp\/v2\/media\/1321"}],"wp:attachment":[{"href":"https:\/\/los-odpowiedzialni-spolecznie.pl\/en\/wp-json\/wp\/v2\/media?parent=1271"}],"wp:term":[{"taxonomy":"product_cat","embeddable":true,"href":"https:\/\/los-odpowiedzialni-spolecznie.pl\/en\/wp-json\/wp\/v2\/product_cat?post=1271"},{"taxonomy":"product_tag","embeddable":true,"href":"https:\/\/los-odpowiedzialni-spolecznie.pl\/en\/wp-json\/wp\/v2\/product_tag?post=1271"}],"curies":[{"name":"wp","href":"https:\/\/api.w.org\/{rel}","templated":true}]}}