{"id":127,"date":"2024-12-23T15:35:37","date_gmt":"2024-12-23T14:35:37","guid":{"rendered":"https:\/\/los-odpowiedzialni-spolecznie.pl\/?post_type=product&#038;p=127"},"modified":"2024-12-23T15:36:50","modified_gmt":"2024-12-23T14:36:50","slug":"herbatka-preventus-eko-25x2g-suplement-diety","status":"publish","type":"product","link":"https:\/\/los-odpowiedzialni-spolecznie.pl\/en\/sklep\/produkty-spozywcze\/herbaty\/ekspresowe\/herbatka-preventus-eko-25x2g-suplement-diety\/","title":{"rendered":"Herbatka Preventus EKO 25x2g &#8211; suplement diety"},"content":{"rendered":"<h3>Opis Produktu<\/h3>\n<p><strong>Herbatka Preventus EKO \u2014 suplement diety<\/strong><\/p>\n<p class=\"f-display-2 md:pr-40 lg:pr-44\">Zio\u0142owa herbatka o dominuj\u0105cych nutach smakowych imbiru, lukrecji, porostu islandzkiego i hyzopu, polecana szczeg\u00f3lnie w sezonie jesienno-zimowym. Wchodz\u0105cy w sk\u0142ad korze\u0144 omanu wspiera zdrowie gard\u0142a i dr\u00f3g oddechowych. Porost islandzki, kurkuma i dziewanna wykazuj\u0105 korzystny wp\u0142yw na uk\u0142ad immunologiczny. K\u0142\u0105cze imbiru wzmacnia odporno\u015b\u0107 organizmu i daje przyjemne uczucie rozgrzania.<\/p>\n<h3 class=\"tab-title\">Dodatkowe informacje<\/h3>\n<p>&nbsp;<\/p>\n<div class=\"resetcss\">\n<p><strong>Sk\u0142adniki:\u00a0<\/strong>oman korze\u0144* (Inula helenium), imbir k\u0142\u0105cze* (Zingiber officinale), lukrecja korze\u0144* (Glycyrrhiza glabra), porost islandzki* (Cetraria islandica), czystek li\u015b\u0107* (Cistus incanus), kurkuma k\u0142\u0105cze* (Curcuma longa), hyzop ziele* (Hyssopus officinalis), czy\u015bciec le\u015bny ziele* (Stachys sylvaticae), dziewanna kwiat* (Verbascum thapsiforme). *produkt rolnictwa ekologicznego<\/p>\n<p><strong>Spos\u00f3b u\u017cycia:\u00a0<\/strong>jedn\u0105 saszetk\u0119 zala\u0107 szklank\u0105 wrz\u0105tku i pozostawi\u0107 pod przykryciem do zaparzenia na oko\u0142o 10-15 minut. Pi\u0107 2 razy dziennie.<\/p>\n<p><strong>Masa netto:\u00a0<\/strong>25&#215;2 g<\/p>\n<p><strong>Warunki przechowywania:\u00a0<\/strong>przechowywa\u0107 w suchym miejscu.<\/p>\n<p><strong>Warto\u015b\u0107 energetyczna:<\/strong>\u00a05 kJ\/ 1 kcal; T\u0142uszcz 0,0 g; w tym kwasy t\u0142uszczowe nasycone 0,0 g; W\u0119glowodany 0,3 g; w tym cukry 0,1 g; Bia\u0142ko 0,0 g; S\u00f3l 0,0 g.<\/p>\n<p><strong>Kod EAN:\u00a0<\/strong>5903246869583<\/p>\n<\/div>","protected":false},"excerpt":{"rendered":"<p>Opis Produktu Herbatka Preventus EKO \u2014 suplement diety Zio\u0142owa herbatka o dominuj\u0105cych nutach smakowych imbiru, lukrecji, porostu islandzkiego i hyzopu, polecana szczeg\u00f3lnie w sezonie jesienno-zimowym. Wchodz\u0105cy w sk\u0142ad korze\u0144 omanu wspiera zdrowie gard\u0142a i dr\u00f3g oddechowych. Porost islandzki, kurkuma i dziewanna wykazuj\u0105 korzystny wp\u0142yw na uk\u0142ad immunologiczny. K\u0142\u0105cze imbiru wzmacnia odporno\u015b\u0107 organizmu i daje przyjemne [&hellip;]<\/p>","protected":false},"featured_media":175,"template":"","meta":{"site-sidebar-layout":"default","site-content-layout":"","ast-site-content-layout":"default","site-content-style":"default","site-sidebar-style":"default","ast-global-header-display":"","ast-banner-title-visibility":"","ast-main-header-display":"","ast-hfb-above-header-display":"","ast-hfb-below-header-display":"","ast-hfb-mobile-header-display":"","site-post-title":"","ast-breadcrumbs-content":"","ast-featured-img":"","footer-sml-layout":"","theme-transparent-header-meta":"default","adv-header-id-meta":"","stick-header-meta":"","header-above-stick-meta":"","header-main-stick-meta":"","header-below-stick-meta":"","astra-migrate-meta-layouts":"set","ast-page-background-enabled":"default","ast-page-background-meta":{"desktop":{"background-color":"var(--ast-global-color-4)","background-image":"","background-repeat":"repeat","background-position":"center center","background-size":"auto","background-attachment":"scroll","background-type":"","background-media":"","overlay-type":"","overlay-color":"","overlay-opacity":"","overlay-gradient":""},"tablet":{"background-color":"","background-image":"","background-repeat":"repeat","background-position":"center center","background-size":"auto","background-attachment":"scroll","background-type":"","background-media":"","overlay-type":"","overlay-color":"","overlay-opacity":"","overlay-gradient":""},"mobile":{"background-color":"","background-image":"","background-repeat":"repeat","background-position":"center center","background-size":"auto","background-attachment":"scroll","background-type":"","background-media":"","overlay-type":"","overlay-color":"","overlay-opacity":"","overlay-gradient":""}},"ast-content-background-meta":{"desktop":{"background-color":"var(--ast-global-color-5)","background-image":"","background-repeat":"repeat","background-position":"center center","background-size":"auto","background-attachment":"scroll","background-type":"","background-media":"","overlay-type":"","overlay-color":"","overlay-opacity":"","overlay-gradient":""},"tablet":{"background-color":"var(--ast-global-color-5)","background-image":"","background-repeat":"repeat","background-position":"center center","background-size":"auto","background-attachment":"scroll","background-type":"","background-media":"","overlay-type":"","overlay-color":"","overlay-opacity":"","overlay-gradient":""},"mobile":{"background-color":"var(--ast-global-color-5)","background-image":"","background-repeat":"repeat","background-position":"center center","background-size":"auto","background-attachment":"scroll","background-type":"","background-media":"","overlay-type":"","overlay-color":"","overlay-opacity":"","overlay-gradient":""}}},"product_cat":[45,44,46],"product_tag":[34],"class_list":{"0":"post-127","1":"product","2":"type-product","3":"status-publish","4":"has-post-thumbnail","6":"product_cat-ekspresowe","7":"product_cat-herbaty","8":"product_cat-ziolowe","9":"product_tag-etykieta-eko","10":"desktop-align-center","11":"tablet-align-left","12":"mobile-align-left","14":"first","15":"instock","16":"purchasable","17":"product-type-simple"},"_links":{"self":[{"href":"https:\/\/los-odpowiedzialni-spolecznie.pl\/en\/wp-json\/wp\/v2\/product\/127","targetHints":{"allow":["GET"]}}],"collection":[{"href":"https:\/\/los-odpowiedzialni-spolecznie.pl\/en\/wp-json\/wp\/v2\/product"}],"about":[{"href":"https:\/\/los-odpowiedzialni-spolecznie.pl\/en\/wp-json\/wp\/v2\/types\/product"}],"wp:featuredmedia":[{"embeddable":true,"href":"https:\/\/los-odpowiedzialni-spolecznie.pl\/en\/wp-json\/wp\/v2\/media\/175"}],"wp:attachment":[{"href":"https:\/\/los-odpowiedzialni-spolecznie.pl\/en\/wp-json\/wp\/v2\/media?parent=127"}],"wp:term":[{"taxonomy":"product_cat","embeddable":true,"href":"https:\/\/los-odpowiedzialni-spolecznie.pl\/en\/wp-json\/wp\/v2\/product_cat?post=127"},{"taxonomy":"product_tag","embeddable":true,"href":"https:\/\/los-odpowiedzialni-spolecznie.pl\/en\/wp-json\/wp\/v2\/product_tag?post=127"}],"curies":[{"name":"wp","href":"https:\/\/api.w.org\/{rel}","templated":true}]}}