{"id":1268,"date":"2024-12-23T16:13:54","date_gmt":"2024-12-23T15:13:54","guid":{"rendered":"https:\/\/los-odpowiedzialni-spolecznie.pl\/?post_type=product&#038;p=1268"},"modified":"2024-12-23T16:15:11","modified_gmt":"2024-12-23T15:15:11","slug":"granola-z-kakao-bez-dodatku-cukrow-bezglutenowa-bio-60-g-papagrin","status":"publish","type":"product","link":"https:\/\/los-odpowiedzialni-spolecznie.pl\/en\/sklep\/produkty-spozywcze\/przekaski\/slodkie\/granola-z-kakao-bez-dodatku-cukrow-bezglutenowa-bio-60-g-papagrin\/","title":{"rendered":"Granola z kakao bez dodatku cukr\u00f3w bezglutenowa BIO 60 g &#8211; PAPAGRIN"},"content":{"rendered":"<h3>Opis Produktu<\/h3>\n<p class=\"page-title\"><strong><span class=\"base\" data-ui-id=\"page-title-wrapper\">Granola z kakao bez dodatku cukr\u00f3w bezglutenowa BIO 60 g &#8211; PAPAGRIN<\/span><\/strong><\/p>\n<p><strong>Bez dodatku cukr\u00f3w. Zawiera naturalnie wyst\u0119puj\u0105ce cukry.<\/strong><br \/>\n<strong>\u00a0Odpowiedni dla wegan<\/strong><\/p>\n<div id=\"product.info.description\" class=\"data item content\" role=\"tabpanel\" data-role=\"content\" aria-labelledby=\"tab-label-product.info.description\" aria-hidden=\"false\">\n<p><strong>SK\u0141ADNIKI<\/strong><br \/>\n<strong>kasza gryczana*, jab\u0142ko*, s\u0142onecznik*, siemi\u0119 lniane*, rodzynki*, koncentrat soku jab\u0142kowego*, suszone daktyle*,\u00a0<a class=\"crosslink color-animation\" title=\"\" href=\"https:\/\/zakreconysloik.com.pl\/blog\/skad-pochodzi-kakao-jak-wplywa-na-organizm-wszystko-co-musisz-wiedziec-o-kakao\" target=\"_blank\" rel=\"noopener\" data-tooltip=\"Przeczytaj o w\u0142a\u015bciwo\u015bciach kakao\">kakao<\/a>* (3 %). (*certyfikowany sk\u0142adnik ekologiczny)<\/strong><\/p>\n<div id=\"product.info.description\" class=\"data item content\" role=\"tabpanel\" data-role=\"content\" aria-labelledby=\"tab-label-product.info.description\" aria-hidden=\"false\">\n<p><strong>WARTO\u015a\u0106 OD\u017bYWCZA W 100 g<\/strong><br \/>\nWarto\u015b\u0107 energetyczna: 1920 kJ\/459 kcal<br \/>\nT\u0142uszcz: 17 g<br \/>\nw tym kwasy t\u0142uszczowe nasycone: 1,8 g<br \/>\nW\u0119glowodany: 57 g<br \/>\nw tym cukry: 22 g<br \/>\nBia\u0142ko: 14 g<br \/>\nS\u00f3l: 0,07 g<\/p>\n<p><strong>INFORMACJA ALERGENNA<\/strong><br \/>\nProdukt mo\u017ce zawiera\u0107 ORZECHY, NASIONA SEZAMU.<\/p>\n<p><strong>ZALECANE WARUNKI PRZECHOWYWANIA<\/strong><br \/>\nPrzechowywa\u0107 w suchym miejscu. Po otwarciu spo\u017cy\u0107 w ci\u0105gu 7 dni.<\/p>\n<\/div>\n<\/div>","protected":false},"excerpt":{"rendered":"<p>Opis Produktu Granola z kakao bez dodatku cukr\u00f3w bezglutenowa BIO 60 g &#8211; PAPAGRIN Bez dodatku cukr\u00f3w. Zawiera naturalnie wyst\u0119puj\u0105ce cukry. \u00a0Odpowiedni dla wegan SK\u0141ADNIKI kasza gryczana*, jab\u0142ko*, s\u0142onecznik*, siemi\u0119 lniane*, rodzynki*, koncentrat soku jab\u0142kowego*, suszone daktyle*,\u00a0kakao* (3 %). (*certyfikowany sk\u0142adnik ekologiczny) WARTO\u015a\u0106 OD\u017bYWCZA W 100 g Warto\u015b\u0107 energetyczna: 1920 kJ\/459 kcal T\u0142uszcz: 17 g [&hellip;]<\/p>","protected":false},"featured_media":1318,"template":"","meta":{"site-sidebar-layout":"default","site-content-layout":"","ast-site-content-layout":"default","site-content-style":"default","site-sidebar-style":"default","ast-global-header-display":"","ast-banner-title-visibility":"","ast-main-header-display":"","ast-hfb-above-header-display":"","ast-hfb-below-header-display":"","ast-hfb-mobile-header-display":"","site-post-title":"","ast-breadcrumbs-content":"","ast-featured-img":"","footer-sml-layout":"","theme-transparent-header-meta":"default","adv-header-id-meta":"","stick-header-meta":"","header-above-stick-meta":"","header-main-stick-meta":"","header-below-stick-meta":"","astra-migrate-meta-layouts":"set","ast-page-background-enabled":"default","ast-page-background-meta":{"desktop":{"background-color":"var(--ast-global-color-4)","background-image":"","background-repeat":"repeat","background-position":"center center","background-size":"auto","background-attachment":"scroll","background-type":"","background-media":"","overlay-type":"","overlay-color":"","overlay-opacity":"","overlay-gradient":""},"tablet":{"background-color":"","background-image":"","background-repeat":"repeat","background-position":"center center","background-size":"auto","background-attachment":"scroll","background-type":"","background-media":"","overlay-type":"","overlay-color":"","overlay-opacity":"","overlay-gradient":""},"mobile":{"background-color":"","background-image":"","background-repeat":"repeat","background-position":"center center","background-size":"auto","background-attachment":"scroll","background-type":"","background-media":"","overlay-type":"","overlay-color":"","overlay-opacity":"","overlay-gradient":""}},"ast-content-background-meta":{"desktop":{"background-color":"var(--ast-global-color-5)","background-image":"","background-repeat":"repeat","background-position":"center center","background-size":"auto","background-attachment":"scroll","background-type":"","background-media":"","overlay-type":"","overlay-color":"","overlay-opacity":"","overlay-gradient":""},"tablet":{"background-color":"var(--ast-global-color-5)","background-image":"","background-repeat":"repeat","background-position":"center center","background-size":"auto","background-attachment":"scroll","background-type":"","background-media":"","overlay-type":"","overlay-color":"","overlay-opacity":"","overlay-gradient":""},"mobile":{"background-color":"var(--ast-global-color-5)","background-image":"","background-repeat":"repeat","background-position":"center center","background-size":"auto","background-attachment":"scroll","background-type":"","background-media":"","overlay-type":"","overlay-color":"","overlay-opacity":"","overlay-gradient":""}}},"product_cat":[25,33,37,24],"product_tag":[34],"class_list":{"0":"post-1268","1":"product","2":"type-product","3":"status-publish","4":"has-post-thumbnail","6":"product_cat-slodkie","7":"product_cat-zbozowe","8":"product_cat-owocowe","9":"product_cat-przekaski","10":"product_tag-etykieta-eko","11":"desktop-align-center","12":"tablet-align-left","13":"mobile-align-left","15":"first","16":"instock","17":"purchasable","18":"product-type-simple"},"_links":{"self":[{"href":"https:\/\/los-odpowiedzialni-spolecznie.pl\/en\/wp-json\/wp\/v2\/product\/1268","targetHints":{"allow":["GET"]}}],"collection":[{"href":"https:\/\/los-odpowiedzialni-spolecznie.pl\/en\/wp-json\/wp\/v2\/product"}],"about":[{"href":"https:\/\/los-odpowiedzialni-spolecznie.pl\/en\/wp-json\/wp\/v2\/types\/product"}],"wp:featuredmedia":[{"embeddable":true,"href":"https:\/\/los-odpowiedzialni-spolecznie.pl\/en\/wp-json\/wp\/v2\/media\/1318"}],"wp:attachment":[{"href":"https:\/\/los-odpowiedzialni-spolecznie.pl\/en\/wp-json\/wp\/v2\/media?parent=1268"}],"wp:term":[{"taxonomy":"product_cat","embeddable":true,"href":"https:\/\/los-odpowiedzialni-spolecznie.pl\/en\/wp-json\/wp\/v2\/product_cat?post=1268"},{"taxonomy":"product_tag","embeddable":true,"href":"https:\/\/los-odpowiedzialni-spolecznie.pl\/en\/wp-json\/wp\/v2\/product_tag?post=1268"}],"curies":[{"name":"wp","href":"https:\/\/api.w.org\/{rel}","templated":true}]}}