{"id":1266,"date":"2024-12-23T16:13:54","date_gmt":"2024-12-23T15:13:54","guid":{"rendered":"https:\/\/los-odpowiedzialni-spolecznie.pl\/?post_type=product&#038;p=1266"},"modified":"2024-12-23T16:15:06","modified_gmt":"2024-12-23T15:15:06","slug":"krokus-pasta-z-burakow-ze-slonecznikiem-180-g","status":"publish","type":"product","link":"https:\/\/los-odpowiedzialni-spolecznie.pl\/en\/sklep\/produkty-spozywcze\/przekaski\/krokus-pasta-z-burakow-ze-slonecznikiem-180-g\/","title":{"rendered":"KROKUS Pasta z burak\u00f3w ze s\u0142onecznikiem 180 g"},"content":{"rendered":"<h3>Opis Produktu<\/h3>\n<p class=\"product-header__headline\"><strong>KROKUS Pasta z burak\u00f3w ze s\u0142onecznikiem 180 g<\/strong><\/p>\n<p><strong>\u00a0S\u0142onecznik jest bogatym \u017ar\u00f3d\u0142em bia\u0142ka ro\u015blinnego i nienasyconych kwas\u00f3w t\u0142uszczowych, co sprawia, \u017ce pasta z burk\u00f3w ze s\u0142onecznikiem jest \u015bwietnym uzupe\u0142nieniem diety dla wegan, wegetarian oraz os\u00f3b dbaj\u0105cych o zdrowy tryb \u017cycia.<\/strong><\/p>\n<p><strong>Past\u0119 mo\u017cna wykorzysta\u0107 jako smarowid\u0142o do kanapek, dodatek do sa\u0142atek czy dip do warzyw. Mieszaj\u0105c j\u0105 z jogurtem naturalnym czy dodaj\u0105c do zupy, mo\u017cna r\u00f3wnie\u017c stworzy\u0107 ciekawe smakiowe kombinacje.<\/strong><\/p>\n<p><strong>Pasta z burk\u00f3w ze s\u0142onecznikiem to idealna propozycja dla wszystkich, kt\u00f3rzy ceni\u0105 sobie smakowite i zdrowe przek\u0105ski. A dodatkowo, dzi\u0119ki swoim w\u0142a\u015bciwo\u015bciom, mo\u017ce stanowi\u0107 wa\u017cny element zdrowej i zbilansowanej diety.<\/strong><\/p>\n<p><b>Sk\u0142adniki:<\/b><\/p>\n<p><strong>Buraki 65%, s\u0142onecznik 25%, koncentrat jab\u0142kowy, kwas mlekowy \u2013 regulatory kwasowo\u015bci, czosnek, kolendra, kumin, papryka chili, czarnuszka, s\u00f3l.<\/strong><\/p>\n<p><b>Warto\u015bci od\u017cywcze w 100g:<\/b><\/p>\n<ul>\n<li><b>warto\u015b\u0107 energetyczna:<\/b>\u00a0829kJ\/199kcal<\/li>\n<li><b>t\u0142uszcz:\u00a0<\/b>14g w tym kwasy t\u0142uszczowe nasycone 1,6g<\/li>\n<li><b>w\u0119glowodany:\u00a0<\/b>12g w tym cukry 6,5g<\/li>\n<li><b>bia\u0142ko:\u00a0<\/b>6,3g<\/li>\n<li><b>s\u00f3l:<\/b>\u00a00,9g<\/li>\n<\/ul>\n<p>Wyprodukowano w Polsce.<\/p>","protected":false},"excerpt":{"rendered":"<p>Opis Produktu KROKUS Pasta z burak\u00f3w ze s\u0142onecznikiem 180 g \u00a0S\u0142onecznik jest bogatym \u017ar\u00f3d\u0142em bia\u0142ka ro\u015blinnego i nienasyconych kwas\u00f3w t\u0142uszczowych, co sprawia, \u017ce pasta z burk\u00f3w ze s\u0142onecznikiem jest \u015bwietnym uzupe\u0142nieniem diety dla wegan, wegetarian oraz os\u00f3b dbaj\u0105cych o zdrowy tryb \u017cycia. Past\u0119 mo\u017cna wykorzysta\u0107 jako smarowid\u0142o do kanapek, dodatek do sa\u0142atek czy dip do [&hellip;]<\/p>","protected":false},"featured_media":1316,"template":"","meta":{"site-sidebar-layout":"default","site-content-layout":"","ast-site-content-layout":"default","site-content-style":"default","site-sidebar-style":"default","ast-global-header-display":"","ast-banner-title-visibility":"","ast-main-header-display":"","ast-hfb-above-header-display":"","ast-hfb-below-header-display":"","ast-hfb-mobile-header-display":"","site-post-title":"","ast-breadcrumbs-content":"","ast-featured-img":"","footer-sml-layout":"","theme-transparent-header-meta":"default","adv-header-id-meta":"","stick-header-meta":"","header-above-stick-meta":"","header-main-stick-meta":"","header-below-stick-meta":"","astra-migrate-meta-layouts":"set","ast-page-background-enabled":"default","ast-page-background-meta":{"desktop":{"background-color":"var(--ast-global-color-4)","background-image":"","background-repeat":"repeat","background-position":"center center","background-size":"auto","background-attachment":"scroll","background-type":"","background-media":"","overlay-type":"","overlay-color":"","overlay-opacity":"","overlay-gradient":""},"tablet":{"background-color":"","background-image":"","background-repeat":"repeat","background-position":"center center","background-size":"auto","background-attachment":"scroll","background-type":"","background-media":"","overlay-type":"","overlay-color":"","overlay-opacity":"","overlay-gradient":""},"mobile":{"background-color":"","background-image":"","background-repeat":"repeat","background-position":"center center","background-size":"auto","background-attachment":"scroll","background-type":"","background-media":"","overlay-type":"","overlay-color":"","overlay-opacity":"","overlay-gradient":""}},"ast-content-background-meta":{"desktop":{"background-color":"var(--ast-global-color-5)","background-image":"","background-repeat":"repeat","background-position":"center center","background-size":"auto","background-attachment":"scroll","background-type":"","background-media":"","overlay-type":"","overlay-color":"","overlay-opacity":"","overlay-gradient":""},"tablet":{"background-color":"var(--ast-global-color-5)","background-image":"","background-repeat":"repeat","background-position":"center center","background-size":"auto","background-attachment":"scroll","background-type":"","background-media":"","overlay-type":"","overlay-color":"","overlay-opacity":"","overlay-gradient":""},"mobile":{"background-color":"var(--ast-global-color-5)","background-image":"","background-repeat":"repeat","background-position":"center center","background-size":"auto","background-attachment":"scroll","background-type":"","background-media":"","overlay-type":"","overlay-color":"","overlay-opacity":"","overlay-gradient":""}}},"product_cat":[24],"product_tag":[],"class_list":{"0":"post-1266","1":"product","2":"type-product","3":"status-publish","4":"has-post-thumbnail","6":"product_cat-przekaski","7":"desktop-align-center","8":"tablet-align-left","9":"mobile-align-left","11":"first","12":"outofstock","13":"purchasable","14":"product-type-simple"},"_links":{"self":[{"href":"https:\/\/los-odpowiedzialni-spolecznie.pl\/en\/wp-json\/wp\/v2\/product\/1266","targetHints":{"allow":["GET"]}}],"collection":[{"href":"https:\/\/los-odpowiedzialni-spolecznie.pl\/en\/wp-json\/wp\/v2\/product"}],"about":[{"href":"https:\/\/los-odpowiedzialni-spolecznie.pl\/en\/wp-json\/wp\/v2\/types\/product"}],"wp:featuredmedia":[{"embeddable":true,"href":"https:\/\/los-odpowiedzialni-spolecznie.pl\/en\/wp-json\/wp\/v2\/media\/1316"}],"wp:attachment":[{"href":"https:\/\/los-odpowiedzialni-spolecznie.pl\/en\/wp-json\/wp\/v2\/media?parent=1266"}],"wp:term":[{"taxonomy":"product_cat","embeddable":true,"href":"https:\/\/los-odpowiedzialni-spolecznie.pl\/en\/wp-json\/wp\/v2\/product_cat?post=1266"},{"taxonomy":"product_tag","embeddable":true,"href":"https:\/\/los-odpowiedzialni-spolecznie.pl\/en\/wp-json\/wp\/v2\/product_tag?post=1266"}],"curies":[{"name":"wp","href":"https:\/\/api.w.org\/{rel}","templated":true}]}}