{"id":1257,"date":"2024-12-23T16:13:33","date_gmt":"2024-12-23T15:13:33","guid":{"rendered":"https:\/\/los-odpowiedzialni-spolecznie.pl\/?post_type=product&#038;p=1257"},"modified":"2024-12-23T16:14:58","modified_gmt":"2024-12-23T15:14:58","slug":"pure-good-cukierki-eukaliptusowo-mietowe-ze-stewia-bez-cukru-50g","status":"publish","type":"product","link":"https:\/\/los-odpowiedzialni-spolecznie.pl\/en\/sklep\/produkty-spozywcze\/przekaski\/slodkie\/pure-good-cukierki-eukaliptusowo-mietowe-ze-stewia-bez-cukru-50g\/","title":{"rendered":"PURE &amp; GOOD Cukierki eukaliptusowo-mi\u0119towe ze stewi\u0105 bez cukru (50g)"},"content":{"rendered":"<h3>Opis Produktu<\/h3>\n<p><strong>PURE &amp; GOOD Cukierki eukaliptusowo-mi\u0119towe ze stewi\u0105 bez cukru (50g)<\/strong><\/p>\n<p>Cukierki eukaliptusowe s\u0105 znane ze swojego orze\u017awiaj\u0105cego smaku i dzia\u0142ania, kt\u00f3re pomaga w oczyszczeniu jamy ustnej i od\u015bwie\u017ceniu oddechu. Dodatkowo, stosowanie stewii jako naturalnego \u015brodka s\u0142odz\u0105cego sprawia, \u017ce s\u0105 one odpowiednie tak\u017ce dla os\u00f3b, kt\u00f3re unikaj\u0105 cukru ze wzgl\u0119d\u00f3w zdrowotnych.<\/p>\n<p>D\u0142ugotrwa\u0142e uczucie \u015bwie\u017co\u015bci po spo\u017cyciu cukierk\u00f3w eukaliptusowych sprawia, \u017ce s\u0105 one idealnym rozwi\u0105zaniem na szybkie od\u015bwie\u017cenie oddechu w dowolnym miejscu i czasie. Dodatkowo, naturalne sk\u0142adniki u\u017cyte do ich produkcji s\u0105 pewnymi gwarancj\u0105 bezpiecze\u0144stwa dla os\u00f3b o wra\u017cliwym uk\u0142adzie trawiennym lub alergi\u0119 na niekt\u00f3re sztuczne dodatki.<\/p>\n<p>Dzi\u0119ki nim mo\u017cesz cieszy\u0107 si\u0119 orze\u017awiaj\u0105cym smakiem eukaliptusa i mi\u0119ty bez obaw o nadmiar cukru czy sztuczne dodatki. To doskona\u0142a alternatywa dla tradycyjnych cukierk\u00f3w, kt\u00f3ra pozwala cieszy\u0107 si\u0119 smakiem i od\u015bwie\u017caj\u0105cymi w\u0142a\u015bciwo\u015bciami eukaliptusa w spos\u00f3b naturalny i zdrowy.<\/p>\n<p><strong>Sk\u0142adniki:\u00a0<\/strong>substancje s\u0142odz\u0105ce (izomalt, glikozydy stewiolowe 0,045%), naturalne aromaty (eukaliptusowy(0,2%), mi\u0119towy(0,1%)), mentol, barwniki (kompleksy miedziowe chlorofilin, kurkumina).<\/p>\n<p><em>*sk\u0142adniki pochodz\u0105ce z kontrolowanych upraw ekologicznych<\/em><\/p>\n<p><strong>Warto\u015bci od\u017cywcze w 100g:<\/strong><\/p>\n<p>Warto\u015b\u0107 energetyczna (kJ\/kcal): 987\/237<br \/>\nW\u0119glowodany (g): 98,0<br \/>\n&#8211; w tym cukry (g): 0<br \/>\n&#8211; alkohole wielowodorotlenowe (poliole) (g): 98<br \/>\nT\u0142uszcz (g): 0<br \/>\n&#8211; w tym kwasy t\u0142uszczowe nasycone (g): 0<br \/>\nB\u0142onnik(g): 0<br \/>\nS\u00f3l (g): 0,03<\/p>\n<p><strong>Warunki przechowywania:\u00a0<\/strong>Przechowywa\u0107 w suchym i\u00a0 ch\u0142odnym miejscu<\/p>","protected":false},"excerpt":{"rendered":"<p>Opis Produktu PURE &amp; GOOD Cukierki eukaliptusowo-mi\u0119towe ze stewi\u0105 bez cukru (50g) Cukierki eukaliptusowe s\u0105 znane ze swojego orze\u017awiaj\u0105cego smaku i dzia\u0142ania, kt\u00f3re pomaga w oczyszczeniu jamy ustnej i od\u015bwie\u017ceniu oddechu. Dodatkowo, stosowanie stewii jako naturalnego \u015brodka s\u0142odz\u0105cego sprawia, \u017ce s\u0105 one odpowiednie tak\u017ce dla os\u00f3b, kt\u00f3re unikaj\u0105 cukru ze wzgl\u0119d\u00f3w zdrowotnych. D\u0142ugotrwa\u0142e uczucie \u015bwie\u017co\u015bci [&hellip;]<\/p>","protected":false},"featured_media":1307,"template":"","meta":{"site-sidebar-layout":"default","site-content-layout":"","ast-site-content-layout":"default","site-content-style":"default","site-sidebar-style":"default","ast-global-header-display":"","ast-banner-title-visibility":"","ast-main-header-display":"","ast-hfb-above-header-display":"","ast-hfb-below-header-display":"","ast-hfb-mobile-header-display":"","site-post-title":"","ast-breadcrumbs-content":"","ast-featured-img":"","footer-sml-layout":"","theme-transparent-header-meta":"default","adv-header-id-meta":"","stick-header-meta":"","header-above-stick-meta":"","header-main-stick-meta":"","header-below-stick-meta":"","astra-migrate-meta-layouts":"set","ast-page-background-enabled":"default","ast-page-background-meta":{"desktop":{"background-color":"var(--ast-global-color-4)","background-image":"","background-repeat":"repeat","background-position":"center center","background-size":"auto","background-attachment":"scroll","background-type":"","background-media":"","overlay-type":"","overlay-color":"","overlay-opacity":"","overlay-gradient":""},"tablet":{"background-color":"","background-image":"","background-repeat":"repeat","background-position":"center center","background-size":"auto","background-attachment":"scroll","background-type":"","background-media":"","overlay-type":"","overlay-color":"","overlay-opacity":"","overlay-gradient":""},"mobile":{"background-color":"","background-image":"","background-repeat":"repeat","background-position":"center center","background-size":"auto","background-attachment":"scroll","background-type":"","background-media":"","overlay-type":"","overlay-color":"","overlay-opacity":"","overlay-gradient":""}},"ast-content-background-meta":{"desktop":{"background-color":"var(--ast-global-color-5)","background-image":"","background-repeat":"repeat","background-position":"center center","background-size":"auto","background-attachment":"scroll","background-type":"","background-media":"","overlay-type":"","overlay-color":"","overlay-opacity":"","overlay-gradient":""},"tablet":{"background-color":"var(--ast-global-color-5)","background-image":"","background-repeat":"repeat","background-position":"center center","background-size":"auto","background-attachment":"scroll","background-type":"","background-media":"","overlay-type":"","overlay-color":"","overlay-opacity":"","overlay-gradient":""},"mobile":{"background-color":"var(--ast-global-color-5)","background-image":"","background-repeat":"repeat","background-position":"center center","background-size":"auto","background-attachment":"scroll","background-type":"","background-media":"","overlay-type":"","overlay-color":"","overlay-opacity":"","overlay-gradient":""}}},"product_cat":[25,37,24],"product_tag":[],"class_list":{"0":"post-1257","1":"product","2":"type-product","3":"status-publish","4":"has-post-thumbnail","6":"product_cat-slodkie","7":"product_cat-owocowe","8":"product_cat-przekaski","9":"desktop-align-center","10":"tablet-align-left","11":"mobile-align-left","13":"first","14":"instock","15":"purchasable","16":"product-type-simple"},"_links":{"self":[{"href":"https:\/\/los-odpowiedzialni-spolecznie.pl\/en\/wp-json\/wp\/v2\/product\/1257","targetHints":{"allow":["GET"]}}],"collection":[{"href":"https:\/\/los-odpowiedzialni-spolecznie.pl\/en\/wp-json\/wp\/v2\/product"}],"about":[{"href":"https:\/\/los-odpowiedzialni-spolecznie.pl\/en\/wp-json\/wp\/v2\/types\/product"}],"wp:featuredmedia":[{"embeddable":true,"href":"https:\/\/los-odpowiedzialni-spolecznie.pl\/en\/wp-json\/wp\/v2\/media\/1307"}],"wp:attachment":[{"href":"https:\/\/los-odpowiedzialni-spolecznie.pl\/en\/wp-json\/wp\/v2\/media?parent=1257"}],"wp:term":[{"taxonomy":"product_cat","embeddable":true,"href":"https:\/\/los-odpowiedzialni-spolecznie.pl\/en\/wp-json\/wp\/v2\/product_cat?post=1257"},{"taxonomy":"product_tag","embeddable":true,"href":"https:\/\/los-odpowiedzialni-spolecznie.pl\/en\/wp-json\/wp\/v2\/product_tag?post=1257"}],"curies":[{"name":"wp","href":"https:\/\/api.w.org\/{rel}","templated":true}]}}