{"id":1254,"date":"2024-12-23T16:13:33","date_gmt":"2024-12-23T15:13:33","guid":{"rendered":"https:\/\/los-odpowiedzialni-spolecznie.pl\/?post_type=product&#038;p=1254"},"modified":"2024-12-23T16:14:49","modified_gmt":"2024-12-23T15:14:49","slug":"ciastka-owsiane-miekkie-mocno-czekoladowe-bezglutenowe-2-x-40-g-80-g-lavica","status":"publish","type":"product","link":"https:\/\/los-odpowiedzialni-spolecznie.pl\/en\/sklep\/produkty-spozywcze\/przekaski\/slodkie\/ciastka-owsiane-miekkie-mocno-czekoladowe-bezglutenowe-2-x-40-g-80-g-lavica\/","title":{"rendered":"CIASTKA OWSIANE MI\u0118KKIE MOCNO CZEKOLADOWE BEZGLUTENOWE (2 x 40 g) 80 g &#8211; LAVICA"},"content":{"rendered":"<h3>Opis Produktu<\/h3>\n<p class=\"h1\"><strong>CIASTKA OWSIANE MI\u0118KKIE MOCNO CZEKOLADOWE BEZGLUTENOWE (2 x 40 g) 80 g &#8211; LAVICA<\/strong><\/p>\n<p><strong>Ciasteczka te s\u0105 \u015bwietn\u0105 alternatyw\u0105 dla os\u00f3b z nietolerancj\u0105 glutenu, poniewa\u017c nie zawieraj\u0105 \u017cadnych sk\u0142adnik\u00f3w zawieraj\u0105cych gluten. Mog\u0105 by\u0107 r\u00f3wnie\u017c doskona\u0142\u0105 opcj\u0105 dla wegan i wegetarian, poniewa\u017c nie zawieraj\u0105 \u017cadnych produkt\u00f3w pochodzenia zwierz\u0119cego.<\/strong><\/p>\n<p><strong>Daktyle dodaj\u0105 s\u0142odyczy i naturalnego aromatu, p\u0142atki owsiane dostarczaj\u0105 b\u0142onnika, kt\u00f3ry korzystnie wp\u0142ywa na trawienie i reguluje poziom cukru we krwi, natomiast kawa\u0142ki czekolady dodaj\u0105 intensywnego smaku i przyjemnej konsystencji.<\/strong><\/p>\n<p><strong>Ciasteczka z daktylami, p\u0142atkami owsianymi i czekolad\u0105 to idealna przek\u0105ska dla wszystkich mi\u0142o\u015bnik\u00f3w s\u0142odko\u015bci, kt\u00f3rzy chc\u0105 zje\u015b\u0107 co\u015b smacznego, a jednocze\u015bnie zdrowego. Mo\u017cna je zabra\u0107 ze sob\u0105 do pracy, szko\u0142y czy na wycieczk\u0119, aby mie\u0107 zawsze pod r\u0119k\u0105 pyszny i po\u017cywny posi\u0142ek. Koniecznie spr\u00f3bujcie tego przepisu i przekonajcie si\u0119 sami, jakie s\u0105 pyszne i po\u017cywne te ciasteczka!<\/strong><\/p>\n<p><strong>SK\u0141ADNIKI<\/strong><br \/>\npasta daktylowa, p\u0142atki OWSIANE (bezglutenowe) (24 %), kakao (8 %), czekolada (6 %)(cukier, miazga kakaowa, t\u0142uszcz kakaowy, emulgator: lecytyny z rzepaku), syrop daktylowy, olej kokosowy, substancja spulchniaj\u0105ca: w\u0119glany sodu.<\/p>\n<p><strong>WARTO\u015a\u0106 OD\u017bYWCZA W 100 g<\/strong><br \/>\nWarto\u015b\u0107 energetyczna: 1715 kJ\/410 kcal<br \/>\nT\u0142uszcz: 14 g<br \/>\nw tym kwasy nasycone: 5,4 g<br \/>\nW\u0119glowodany: 58 g<br \/>\nw tym cukry: 44 g<br \/>\nB\u0142onnik: 7,6 g<br \/>\nBia\u0142ko: 4,2 g<br \/>\nS\u00f3l: 0,02 g<\/p>\n<p><strong>UWAGA<\/strong><br \/>\nMo\u017ce zawiera\u0107 kawa\u0142ki pestek lub \u0142upin.<\/p>\n<p><strong>ZALECANE WARUNKI PRZECHOWYWANIA<\/strong><br \/>\nPrzechowywa\u0107 w ch\u0142odnym, suchym i zacienionym miejscu.<\/p>","protected":false},"excerpt":{"rendered":"<p>Opis Produktu CIASTKA OWSIANE MI\u0118KKIE MOCNO CZEKOLADOWE BEZGLUTENOWE (2 x 40 g) 80 g &#8211; LAVICA Ciasteczka te s\u0105 \u015bwietn\u0105 alternatyw\u0105 dla os\u00f3b z nietolerancj\u0105 glutenu, poniewa\u017c nie zawieraj\u0105 \u017cadnych sk\u0142adnik\u00f3w zawieraj\u0105cych gluten. Mog\u0105 by\u0107 r\u00f3wnie\u017c doskona\u0142\u0105 opcj\u0105 dla wegan i wegetarian, poniewa\u017c nie zawieraj\u0105 \u017cadnych produkt\u00f3w pochodzenia zwierz\u0119cego. Daktyle dodaj\u0105 s\u0142odyczy i naturalnego aromatu, [&hellip;]<\/p>","protected":false},"featured_media":1304,"template":"","meta":{"site-sidebar-layout":"default","site-content-layout":"","ast-site-content-layout":"default","site-content-style":"default","site-sidebar-style":"default","ast-global-header-display":"","ast-banner-title-visibility":"","ast-main-header-display":"","ast-hfb-above-header-display":"","ast-hfb-below-header-display":"","ast-hfb-mobile-header-display":"","site-post-title":"","ast-breadcrumbs-content":"","ast-featured-img":"","footer-sml-layout":"","theme-transparent-header-meta":"default","adv-header-id-meta":"","stick-header-meta":"","header-above-stick-meta":"","header-main-stick-meta":"","header-below-stick-meta":"","astra-migrate-meta-layouts":"set","ast-page-background-enabled":"default","ast-page-background-meta":{"desktop":{"background-color":"var(--ast-global-color-4)","background-image":"","background-repeat":"repeat","background-position":"center center","background-size":"auto","background-attachment":"scroll","background-type":"","background-media":"","overlay-type":"","overlay-color":"","overlay-opacity":"","overlay-gradient":""},"tablet":{"background-color":"","background-image":"","background-repeat":"repeat","background-position":"center center","background-size":"auto","background-attachment":"scroll","background-type":"","background-media":"","overlay-type":"","overlay-color":"","overlay-opacity":"","overlay-gradient":""},"mobile":{"background-color":"","background-image":"","background-repeat":"repeat","background-position":"center center","background-size":"auto","background-attachment":"scroll","background-type":"","background-media":"","overlay-type":"","overlay-color":"","overlay-opacity":"","overlay-gradient":""}},"ast-content-background-meta":{"desktop":{"background-color":"var(--ast-global-color-5)","background-image":"","background-repeat":"repeat","background-position":"center center","background-size":"auto","background-attachment":"scroll","background-type":"","background-media":"","overlay-type":"","overlay-color":"","overlay-opacity":"","overlay-gradient":""},"tablet":{"background-color":"var(--ast-global-color-5)","background-image":"","background-repeat":"repeat","background-position":"center center","background-size":"auto","background-attachment":"scroll","background-type":"","background-media":"","overlay-type":"","overlay-color":"","overlay-opacity":"","overlay-gradient":""},"mobile":{"background-color":"var(--ast-global-color-5)","background-image":"","background-repeat":"repeat","background-position":"center center","background-size":"auto","background-attachment":"scroll","background-type":"","background-media":"","overlay-type":"","overlay-color":"","overlay-opacity":"","overlay-gradient":""}}},"product_cat":[25,37,24],"product_tag":[],"class_list":{"0":"post-1254","1":"product","2":"type-product","3":"status-publish","4":"has-post-thumbnail","6":"product_cat-slodkie","7":"product_cat-owocowe","8":"product_cat-przekaski","9":"desktop-align-center","10":"tablet-align-left","11":"mobile-align-left","13":"first","14":"onbackorder","15":"purchasable","16":"product-type-simple"},"_links":{"self":[{"href":"https:\/\/los-odpowiedzialni-spolecznie.pl\/en\/wp-json\/wp\/v2\/product\/1254","targetHints":{"allow":["GET"]}}],"collection":[{"href":"https:\/\/los-odpowiedzialni-spolecznie.pl\/en\/wp-json\/wp\/v2\/product"}],"about":[{"href":"https:\/\/los-odpowiedzialni-spolecznie.pl\/en\/wp-json\/wp\/v2\/types\/product"}],"wp:featuredmedia":[{"embeddable":true,"href":"https:\/\/los-odpowiedzialni-spolecznie.pl\/en\/wp-json\/wp\/v2\/media\/1304"}],"wp:attachment":[{"href":"https:\/\/los-odpowiedzialni-spolecznie.pl\/en\/wp-json\/wp\/v2\/media?parent=1254"}],"wp:term":[{"taxonomy":"product_cat","embeddable":true,"href":"https:\/\/los-odpowiedzialni-spolecznie.pl\/en\/wp-json\/wp\/v2\/product_cat?post=1254"},{"taxonomy":"product_tag","embeddable":true,"href":"https:\/\/los-odpowiedzialni-spolecznie.pl\/en\/wp-json\/wp\/v2\/product_tag?post=1254"}],"curies":[{"name":"wp","href":"https:\/\/api.w.org\/{rel}","templated":true}]}}