{"id":1252,"date":"2024-12-23T16:13:32","date_gmt":"2024-12-23T15:13:32","guid":{"rendered":"https:\/\/los-odpowiedzialni-spolecznie.pl\/?post_type=product&#038;p=1252"},"modified":"2024-12-23T16:14:43","modified_gmt":"2024-12-23T15:14:43","slug":"cukier-waniliowy-bio-amylon-100g","status":"publish","type":"product","link":"https:\/\/los-odpowiedzialni-spolecznie.pl\/en\/sklep\/produkty-spozywcze\/produkty-slodzace\/cukry\/cukier-waniliowy-bio-amylon-100g\/","title":{"rendered":"Cukier Waniliowy BIO Amylon 100g"},"content":{"rendered":"<h3>Opis Produktu<\/h3>\n<p><b>Produkt rolnictwa ekologicznego*<\/b><\/p>\n<p><b>Sk\u0142adniki<\/b>:\u00a0cukier trzcinowy*, wanilia mielona* (1,5%) (certyfikowany sk\u0142adnik ekologiczny).<\/p>\n<p><b>\u00a0<\/b><\/p>\n<p><b>Warto\u015b\u0107 od\u017cywcza w 100g:<\/b><\/p>\n<p>&#8211; Warto\u015b\u0107 energetyczna: 1692kJ\/398kcal**<\/p>\n<p>&#8211; T\u0142uszcz: &lt;0,5g<\/p>\n<p>w tym kwasy t\u0142uszczowe nasycone: &lt;0,1g<\/p>\n<p>&#8211; W\u0119glowodany: 99,0g<\/p>\n<p>w tym cukry: 98,0g<\/p>\n<p>&#8211; Bia\u0142ko: &lt;0,5g<\/p>\n<p>&#8211; S\u00f3l: 0,01g<\/p>\n<p><b>\u00a0<\/b><\/p>\n<p><b>*Rolnictwo ekologiczne<\/b>\u00a0\u2013\u00a0system gospodarowania, wykluczaj\u0105cy\u00a0wykorzystywanie\u00a0syntetycznych nawoz\u00f3w mineralnych, pestycyd\u00f3w, regulator\u00f3w wzrostu i syntetycznych dodatk\u00f3w paszowych. Charakteryzuje si\u0119 produkcj\u0105 w cyklu zamkni\u0119tym gleba \u2013 ro\u015blina \u2013 zwierz\u0119, przy zachowaniu du\u017cej samowystarczalno\u015bci. Jest sposobem \u017cycia w symbiozie z natur\u0105, w\u00a0kt\u00f3rym cele ekologiczne\u00a0przewa\u017caj\u0105 nad ekonomicznymi.<\/p>\n<p><b>**RWS<\/b>\u00a0&#8211; Referencyjna warto\u015b\u0107 spo\u017cycia dla przeci\u0119tnej osoby doros\u0142ej (8400KJ\/2000kcal).<\/p>","protected":false},"excerpt":{"rendered":"<p>Opis Produktu Produkt rolnictwa ekologicznego* Sk\u0142adniki:\u00a0cukier trzcinowy*, wanilia mielona* (1,5%) (certyfikowany sk\u0142adnik ekologiczny). \u00a0 Warto\u015b\u0107 od\u017cywcza w 100g: &#8211; Warto\u015b\u0107 energetyczna: 1692kJ\/398kcal** &#8211; T\u0142uszcz: &lt;0,5g w tym kwasy t\u0142uszczowe nasycone: &lt;0,1g &#8211; W\u0119glowodany: 99,0g w tym cukry: 98,0g &#8211; Bia\u0142ko: &lt;0,5g &#8211; S\u00f3l: 0,01g \u00a0 *Rolnictwo ekologiczne\u00a0\u2013\u00a0system gospodarowania, wykluczaj\u0105cy\u00a0wykorzystywanie\u00a0syntetycznych nawoz\u00f3w mineralnych, pestycyd\u00f3w, regulator\u00f3w wzrostu i [&hellip;]<\/p>","protected":false},"featured_media":1302,"template":"","meta":{"site-sidebar-layout":"default","site-content-layout":"","ast-site-content-layout":"default","site-content-style":"default","site-sidebar-style":"default","ast-global-header-display":"","ast-banner-title-visibility":"","ast-main-header-display":"","ast-hfb-above-header-display":"","ast-hfb-below-header-display":"","ast-hfb-mobile-header-display":"","site-post-title":"","ast-breadcrumbs-content":"","ast-featured-img":"","footer-sml-layout":"","theme-transparent-header-meta":"default","adv-header-id-meta":"","stick-header-meta":"","header-above-stick-meta":"","header-main-stick-meta":"","header-below-stick-meta":"","astra-migrate-meta-layouts":"set","ast-page-background-enabled":"default","ast-page-background-meta":{"desktop":{"background-color":"var(--ast-global-color-4)","background-image":"","background-repeat":"repeat","background-position":"center center","background-size":"auto","background-attachment":"scroll","background-type":"","background-media":"","overlay-type":"","overlay-color":"","overlay-opacity":"","overlay-gradient":""},"tablet":{"background-color":"","background-image":"","background-repeat":"repeat","background-position":"center center","background-size":"auto","background-attachment":"scroll","background-type":"","background-media":"","overlay-type":"","overlay-color":"","overlay-opacity":"","overlay-gradient":""},"mobile":{"background-color":"","background-image":"","background-repeat":"repeat","background-position":"center center","background-size":"auto","background-attachment":"scroll","background-type":"","background-media":"","overlay-type":"","overlay-color":"","overlay-opacity":"","overlay-gradient":""}},"ast-content-background-meta":{"desktop":{"background-color":"var(--ast-global-color-5)","background-image":"","background-repeat":"repeat","background-position":"center center","background-size":"auto","background-attachment":"scroll","background-type":"","background-media":"","overlay-type":"","overlay-color":"","overlay-opacity":"","overlay-gradient":""},"tablet":{"background-color":"var(--ast-global-color-5)","background-image":"","background-repeat":"repeat","background-position":"center center","background-size":"auto","background-attachment":"scroll","background-type":"","background-media":"","overlay-type":"","overlay-color":"","overlay-opacity":"","overlay-gradient":""},"mobile":{"background-color":"var(--ast-global-color-5)","background-image":"","background-repeat":"repeat","background-position":"center center","background-size":"auto","background-attachment":"scroll","background-type":"","background-media":"","overlay-type":"","overlay-color":"","overlay-opacity":"","overlay-gradient":""}}},"product_cat":[90,89],"product_tag":[34],"class_list":{"0":"post-1252","1":"product","2":"type-product","3":"status-publish","4":"has-post-thumbnail","6":"product_cat-cukry","7":"product_cat-produkty-slodzace","8":"product_tag-etykieta-eko","9":"desktop-align-center","10":"tablet-align-left","11":"mobile-align-left","13":"first","14":"instock","15":"purchasable","16":"product-type-simple"},"_links":{"self":[{"href":"https:\/\/los-odpowiedzialni-spolecznie.pl\/en\/wp-json\/wp\/v2\/product\/1252","targetHints":{"allow":["GET"]}}],"collection":[{"href":"https:\/\/los-odpowiedzialni-spolecznie.pl\/en\/wp-json\/wp\/v2\/product"}],"about":[{"href":"https:\/\/los-odpowiedzialni-spolecznie.pl\/en\/wp-json\/wp\/v2\/types\/product"}],"wp:featuredmedia":[{"embeddable":true,"href":"https:\/\/los-odpowiedzialni-spolecznie.pl\/en\/wp-json\/wp\/v2\/media\/1302"}],"wp:attachment":[{"href":"https:\/\/los-odpowiedzialni-spolecznie.pl\/en\/wp-json\/wp\/v2\/media?parent=1252"}],"wp:term":[{"taxonomy":"product_cat","embeddable":true,"href":"https:\/\/los-odpowiedzialni-spolecznie.pl\/en\/wp-json\/wp\/v2\/product_cat?post=1252"},{"taxonomy":"product_tag","embeddable":true,"href":"https:\/\/los-odpowiedzialni-spolecznie.pl\/en\/wp-json\/wp\/v2\/product_tag?post=1252"}],"curies":[{"name":"wp","href":"https:\/\/api.w.org\/{rel}","templated":true}]}}