{"id":1241,"date":"2024-12-23T16:13:09","date_gmt":"2024-12-23T15:13:09","guid":{"rendered":"https:\/\/los-odpowiedzialni-spolecznie.pl\/?post_type=product&#038;p=1241"},"modified":"2024-12-23T16:14:34","modified_gmt":"2024-12-23T15:14:34","slug":"chewsy-guma-do-zucia-cytrynowa-z-ksylitolem-15-g","status":"publish","type":"product","link":"https:\/\/los-odpowiedzialni-spolecznie.pl\/en\/sklep\/produkty-spozywcze\/przekaski\/owocowe\/chewsy-guma-do-zucia-cytrynowa-z-ksylitolem-15-g\/","title":{"rendered":"Chewsy guma do \u017cucia cytrynowa z ksylitolem 15 g"},"content":{"rendered":"<h3>Opis Produktu<\/h3>\n<p>Naturalna guma do \u017cucia o smaku cytrynowym z ksylitolem Chewsy<\/p>\n<p><strong>Sk\u0142adniki:<\/strong><\/p>\n<p>ksylitol (70%), naturalna guma bazowa, guma arabska, naturalny aromat cytrynowy (2%), lecytyna s\u0142onecznikowa, wosk karnauba.<\/p>\n<p>&nbsp;<\/p>\n<p><strong>Warto\u015b\u0107 od\u017cywcza w 100 g produktu:<\/strong><\/p>\n<p>warto\u015b\u0107 energetyczna: 702 kJ \/ 168 kcal<\/p>\n<p>T\u0142uszcz: 0 g<\/p>\n<p>w tym kwasy t\u0142uszczowe nasycone: 0 g<\/p>\n<p>W\u0119glowodany: 70 g<\/p>\n<p>w tym cukry: 0 g<\/p>\n<p>Bia\u0142ko: 0 g<\/p>\n<p>S\u00f3l: 0 g<\/p>\n<h3>Dodatkowe informacje<\/h3>\n<p>Masa netto: 15 g<\/p>\n<p>Wyprodukowano w 100% z biodegradowalnych sk\u0142adnik\u00f3w ro\u015blinnych.<\/p>","protected":false},"excerpt":{"rendered":"<p>Opis Produktu Naturalna guma do \u017cucia o smaku cytrynowym z ksylitolem Chewsy Sk\u0142adniki: ksylitol (70%), naturalna guma bazowa, guma arabska, naturalny aromat cytrynowy (2%), lecytyna s\u0142onecznikowa, wosk karnauba. &nbsp; Warto\u015b\u0107 od\u017cywcza w 100 g produktu: warto\u015b\u0107 energetyczna: 702 kJ \/ 168 kcal T\u0142uszcz: 0 g w tym kwasy t\u0142uszczowe nasycone: 0 g W\u0119glowodany: 70 g [&hellip;]<\/p>","protected":false},"featured_media":1292,"template":"","meta":{"site-sidebar-layout":"default","site-content-layout":"","ast-site-content-layout":"default","site-content-style":"default","site-sidebar-style":"default","ast-global-header-display":"","ast-banner-title-visibility":"","ast-main-header-display":"","ast-hfb-above-header-display":"","ast-hfb-below-header-display":"","ast-hfb-mobile-header-display":"","site-post-title":"","ast-breadcrumbs-content":"","ast-featured-img":"","footer-sml-layout":"","theme-transparent-header-meta":"default","adv-header-id-meta":"","stick-header-meta":"","header-above-stick-meta":"","header-main-stick-meta":"","header-below-stick-meta":"","astra-migrate-meta-layouts":"set","ast-page-background-enabled":"default","ast-page-background-meta":{"desktop":{"background-color":"var(--ast-global-color-4)","background-image":"","background-repeat":"repeat","background-position":"center center","background-size":"auto","background-attachment":"scroll","background-type":"","background-media":"","overlay-type":"","overlay-color":"","overlay-opacity":"","overlay-gradient":""},"tablet":{"background-color":"","background-image":"","background-repeat":"repeat","background-position":"center center","background-size":"auto","background-attachment":"scroll","background-type":"","background-media":"","overlay-type":"","overlay-color":"","overlay-opacity":"","overlay-gradient":""},"mobile":{"background-color":"","background-image":"","background-repeat":"repeat","background-position":"center center","background-size":"auto","background-attachment":"scroll","background-type":"","background-media":"","overlay-type":"","overlay-color":"","overlay-opacity":"","overlay-gradient":""}},"ast-content-background-meta":{"desktop":{"background-color":"var(--ast-global-color-5)","background-image":"","background-repeat":"repeat","background-position":"center center","background-size":"auto","background-attachment":"scroll","background-type":"","background-media":"","overlay-type":"","overlay-color":"","overlay-opacity":"","overlay-gradient":""},"tablet":{"background-color":"var(--ast-global-color-5)","background-image":"","background-repeat":"repeat","background-position":"center center","background-size":"auto","background-attachment":"scroll","background-type":"","background-media":"","overlay-type":"","overlay-color":"","overlay-opacity":"","overlay-gradient":""},"mobile":{"background-color":"var(--ast-global-color-5)","background-image":"","background-repeat":"repeat","background-position":"center center","background-size":"auto","background-attachment":"scroll","background-type":"","background-media":"","overlay-type":"","overlay-color":"","overlay-opacity":"","overlay-gradient":""}}},"product_cat":[37,24],"product_tag":[70],"class_list":{"0":"post-1241","1":"product","2":"type-product","3":"status-publish","4":"has-post-thumbnail","6":"product_cat-owocowe","7":"product_cat-przekaski","8":"product_tag-eko","9":"desktop-align-center","10":"tablet-align-left","11":"mobile-align-left","13":"first","14":"instock","15":"purchasable","16":"product-type-simple"},"_links":{"self":[{"href":"https:\/\/los-odpowiedzialni-spolecznie.pl\/en\/wp-json\/wp\/v2\/product\/1241","targetHints":{"allow":["GET"]}}],"collection":[{"href":"https:\/\/los-odpowiedzialni-spolecznie.pl\/en\/wp-json\/wp\/v2\/product"}],"about":[{"href":"https:\/\/los-odpowiedzialni-spolecznie.pl\/en\/wp-json\/wp\/v2\/types\/product"}],"wp:featuredmedia":[{"embeddable":true,"href":"https:\/\/los-odpowiedzialni-spolecznie.pl\/en\/wp-json\/wp\/v2\/media\/1292"}],"wp:attachment":[{"href":"https:\/\/los-odpowiedzialni-spolecznie.pl\/en\/wp-json\/wp\/v2\/media?parent=1241"}],"wp:term":[{"taxonomy":"product_cat","embeddable":true,"href":"https:\/\/los-odpowiedzialni-spolecznie.pl\/en\/wp-json\/wp\/v2\/product_cat?post=1241"},{"taxonomy":"product_tag","embeddable":true,"href":"https:\/\/los-odpowiedzialni-spolecznie.pl\/en\/wp-json\/wp\/v2\/product_tag?post=1241"}],"curies":[{"name":"wp","href":"https:\/\/api.w.org\/{rel}","templated":true}]}}