{"id":1240,"date":"2024-12-23T16:13:09","date_gmt":"2024-12-23T15:13:09","guid":{"rendered":"https:\/\/los-odpowiedzialni-spolecznie.pl\/?post_type=product&#038;p=1240"},"modified":"2024-12-23T16:14:30","modified_gmt":"2024-12-23T15:14:30","slug":"ciasteczka-owsiane-z-chia-125g","status":"publish","type":"product","link":"https:\/\/los-odpowiedzialni-spolecznie.pl\/en\/sklep\/produkty-spozywcze\/przekaski\/slodkie\/ciasteczka-owsiane-z-chia-125g\/","title":{"rendered":"Ciasteczka owsiane z chia-125g"},"content":{"rendered":"<h3>Opis Produktu<\/h3>\n<p>Pyszne ciasteczka OWSIANE z wysokiej jako\u015bci nasionami chia s\u0142odzone s\u0105 wy\u0142\u0105cznie ksylitolem Birkengold\u00ae. Ciastko OWSIANE w po\u0142\u0105czeniu z modnym superfoods stanowi doskona\u0142y zastrzyk energii pomi\u0119dzy posi\u0142kami. Wega\u0144skie i oczywi\u015bcie bez dodatku cukru!<br \/>\nZawiera substancj\u0119 s\u0142odz\u0105c\u0105. Zawiera naturalnie wyst\u0119puj\u0105ce cukry.<br \/>\nSpo\u017cycie w nadmiernych ilo\u015bciach mo\u017ce mie\u0107 efekt przeczyszczaj\u0105cy<\/p>\n<p><strong>SK\u0141ADNIKI<\/strong><br \/>\nm\u0105ka PSZENNA, p\u0142atki OWSIANE (25 %), substancja s\u0142odz\u0105ca: ksylitol (20 %), olej s\u0142onecznikowy, chia &#8211; nasiona sza\u0142wii hiszpa\u0144skiej (Salvia hispanica) (5 %), substancja spulchniaj\u0105ca (wodorow\u0119glan amonu), ekstrakt z wanilii Bourbon, s\u00f3l.<\/p>\n<p><strong>WARTO\u015a\u0106 OD\u017bYWCZA W 100 g<\/strong><br \/>\nWarto\u015b\u0107 energetyczna &#8211; 1940 kJ\/465 kcal<br \/>\nT\u0142uszcz &#8211; 25 g<br \/>\nw tym kwasy t\u0142uszczowe nasycone &#8211; 3,0 g<br \/>\nW\u0119glowodany &#8211; 59 g<br \/>\nw tym cukry &#8211; 0,26 g<br \/>\nalkohole wielowodorotlenowe &#8211; 21 g<br \/>\nB\u0142onnik &#8211; 4,6 g<br \/>\nBia\u0142ko &#8211; 7,2 g<br \/>\nS\u00f3l &#8211; 0,33<\/p>\n<p><strong>ZALECANE WARUNKI PRZECHOWYWANIA<\/strong><br \/>\nPrzechowywa\u0107 w suchym miejscu, z dala od \u015bwiat\u0142a s\u0142onecznego. Po otwarciu przechowywa\u0107 szczelnie zamkni\u0119te i spo\u017cy\u0107 w ci\u0105gu tygodnia.<\/p>\n<p>Mo\u017ce zawiera\u0107 SOJ\u0118, MLEKO, JAJA, ORZESZKI ZIEMNE, ORZECHY i NASIONA SEZAMU.<\/p>\n<p>&nbsp;<\/p>\n<ul>\n<li>\n<div class=\"p-details__content\">\n<div class=\"product-ingredients nutritional\"><\/div>\n<\/div>\n<\/li>\n<\/ul>","protected":false},"excerpt":{"rendered":"<p>Opis Produktu Pyszne ciasteczka OWSIANE z wysokiej jako\u015bci nasionami chia s\u0142odzone s\u0105 wy\u0142\u0105cznie ksylitolem Birkengold\u00ae. Ciastko OWSIANE w po\u0142\u0105czeniu z modnym superfoods stanowi doskona\u0142y zastrzyk energii pomi\u0119dzy posi\u0142kami. Wega\u0144skie i oczywi\u015bcie bez dodatku cukru! Zawiera substancj\u0119 s\u0142odz\u0105c\u0105. Zawiera naturalnie wyst\u0119puj\u0105ce cukry. Spo\u017cycie w nadmiernych ilo\u015bciach mo\u017ce mie\u0107 efekt przeczyszczaj\u0105cy SK\u0141ADNIKI m\u0105ka PSZENNA, p\u0142atki OWSIANE (25 [&hellip;]<\/p>","protected":false},"featured_media":1291,"template":"","meta":{"site-sidebar-layout":"default","site-content-layout":"","ast-site-content-layout":"default","site-content-style":"default","site-sidebar-style":"default","ast-global-header-display":"","ast-banner-title-visibility":"","ast-main-header-display":"","ast-hfb-above-header-display":"","ast-hfb-below-header-display":"","ast-hfb-mobile-header-display":"","site-post-title":"","ast-breadcrumbs-content":"","ast-featured-img":"","footer-sml-layout":"","theme-transparent-header-meta":"default","adv-header-id-meta":"","stick-header-meta":"","header-above-stick-meta":"","header-main-stick-meta":"","header-below-stick-meta":"","astra-migrate-meta-layouts":"set","ast-page-background-enabled":"default","ast-page-background-meta":{"desktop":{"background-color":"var(--ast-global-color-4)","background-image":"","background-repeat":"repeat","background-position":"center center","background-size":"auto","background-attachment":"scroll","background-type":"","background-media":"","overlay-type":"","overlay-color":"","overlay-opacity":"","overlay-gradient":""},"tablet":{"background-color":"","background-image":"","background-repeat":"repeat","background-position":"center center","background-size":"auto","background-attachment":"scroll","background-type":"","background-media":"","overlay-type":"","overlay-color":"","overlay-opacity":"","overlay-gradient":""},"mobile":{"background-color":"","background-image":"","background-repeat":"repeat","background-position":"center center","background-size":"auto","background-attachment":"scroll","background-type":"","background-media":"","overlay-type":"","overlay-color":"","overlay-opacity":"","overlay-gradient":""}},"ast-content-background-meta":{"desktop":{"background-color":"var(--ast-global-color-5)","background-image":"","background-repeat":"repeat","background-position":"center center","background-size":"auto","background-attachment":"scroll","background-type":"","background-media":"","overlay-type":"","overlay-color":"","overlay-opacity":"","overlay-gradient":""},"tablet":{"background-color":"var(--ast-global-color-5)","background-image":"","background-repeat":"repeat","background-position":"center center","background-size":"auto","background-attachment":"scroll","background-type":"","background-media":"","overlay-type":"","overlay-color":"","overlay-opacity":"","overlay-gradient":""},"mobile":{"background-color":"var(--ast-global-color-5)","background-image":"","background-repeat":"repeat","background-position":"center center","background-size":"auto","background-attachment":"scroll","background-type":"","background-media":"","overlay-type":"","overlay-color":"","overlay-opacity":"","overlay-gradient":""}}},"product_cat":[25,24],"product_tag":[70],"class_list":{"0":"post-1240","1":"product","2":"type-product","3":"status-publish","4":"has-post-thumbnail","6":"product_cat-slodkie","7":"product_cat-przekaski","8":"product_tag-eko","9":"desktop-align-center","10":"tablet-align-left","11":"mobile-align-left","13":"first","14":"instock","15":"purchasable","16":"product-type-simple"},"_links":{"self":[{"href":"https:\/\/los-odpowiedzialni-spolecznie.pl\/en\/wp-json\/wp\/v2\/product\/1240","targetHints":{"allow":["GET"]}}],"collection":[{"href":"https:\/\/los-odpowiedzialni-spolecznie.pl\/en\/wp-json\/wp\/v2\/product"}],"about":[{"href":"https:\/\/los-odpowiedzialni-spolecznie.pl\/en\/wp-json\/wp\/v2\/types\/product"}],"wp:featuredmedia":[{"embeddable":true,"href":"https:\/\/los-odpowiedzialni-spolecznie.pl\/en\/wp-json\/wp\/v2\/media\/1291"}],"wp:attachment":[{"href":"https:\/\/los-odpowiedzialni-spolecznie.pl\/en\/wp-json\/wp\/v2\/media?parent=1240"}],"wp:term":[{"taxonomy":"product_cat","embeddable":true,"href":"https:\/\/los-odpowiedzialni-spolecznie.pl\/en\/wp-json\/wp\/v2\/product_cat?post=1240"},{"taxonomy":"product_tag","embeddable":true,"href":"https:\/\/los-odpowiedzialni-spolecznie.pl\/en\/wp-json\/wp\/v2\/product_tag?post=1240"}],"curies":[{"name":"wp","href":"https:\/\/api.w.org\/{rel}","templated":true}]}}