{"id":124,"date":"2024-12-23T15:35:37","date_gmt":"2024-12-23T14:35:37","guid":{"rendered":"https:\/\/los-odpowiedzialni-spolecznie.pl\/?post_type=product&#038;p=124"},"modified":"2024-12-23T15:36:44","modified_gmt":"2024-12-23T14:36:44","slug":"herbatka-krzemionkowa-eko-25x2g","status":"publish","type":"product","link":"https:\/\/los-odpowiedzialni-spolecznie.pl\/en\/sklep\/produkty-spozywcze\/herbaty\/ekspresowe\/herbatka-krzemionkowa-eko-25x2g\/","title":{"rendered":"Herbatka Krzemionkowa EKO 25x2g"},"content":{"rendered":"<h3>Opis Produktu<\/h3>\n<p><strong>Herbatka Krzemionkowa EKO<\/strong><\/p>\n<p class=\"f-display-2 md:pr-40 lg:pr-44\">Delikatna w smaku herbatka b\u0119d\u0105ca kompozycj\u0105 najwy\u017cszej jako\u015bci ekologicznych zi\u00f3\u0142. Zawarte w mieszance ziele owsa wp\u0142ywa pozytywnie na kondycj\u0119 sk\u00f3ry, za\u015b pokrzywa dodatkowo wzmacnia w\u0142osy, paznokcie i stawy. Polecana do regularnego stosowania, jako uzupe\u0142nienie zdrowej, zbilansowanej diety.<\/p>\n<h3 class=\"tab-title\"><strong>Dodatkowe informacje<\/strong><\/h3>\n<div><\/div>\n<div class=\"resetcss\">\n<p><strong>Sk\u0142adniki:\u00a0<\/strong>ziele poziewnika*, k\u0142\u0105cze perzu*, ziele miodunki*, ziele pokrzywy*, ziele owsa* (w r\u00f3\u017cnych proporcjach). *produkt rolnictwa ekologicznego<\/p>\n<p><strong>Spos\u00f3b u\u017cycia:\u00a0<\/strong>jedn\u0105 saszetk\u0119 zala\u0107 szklank\u0105 wrz\u0105tku i pozostawi\u0107 pod przykryciem do zaparzenia na oko\u0142o 10-15 minut. Pi\u0107 1-2 razy dziennie.<\/p>\n<p><strong>Masa netto:\u00a0<\/strong>25&#215;2 g<\/p>\n<p><strong>Warunki przechowywania:\u00a0<\/strong>przechowywa\u0107 w suchym miejscu.<\/p>\n<p><strong>Kod EAN:\u00a0<\/strong>5903246861891<\/p>\n<\/div>","protected":false},"excerpt":{"rendered":"<p>Opis Produktu Herbatka Krzemionkowa EKO Delikatna w smaku herbatka b\u0119d\u0105ca kompozycj\u0105 najwy\u017cszej jako\u015bci ekologicznych zi\u00f3\u0142. Zawarte w mieszance ziele owsa wp\u0142ywa pozytywnie na kondycj\u0119 sk\u00f3ry, za\u015b pokrzywa dodatkowo wzmacnia w\u0142osy, paznokcie i stawy. Polecana do regularnego stosowania, jako uzupe\u0142nienie zdrowej, zbilansowanej diety. Dodatkowe informacje Sk\u0142adniki:\u00a0ziele poziewnika*, k\u0142\u0105cze perzu*, ziele miodunki*, ziele pokrzywy*, ziele owsa* (w [&hellip;]<\/p>","protected":false},"featured_media":172,"template":"","meta":{"site-sidebar-layout":"default","site-content-layout":"","ast-site-content-layout":"default","site-content-style":"default","site-sidebar-style":"default","ast-global-header-display":"","ast-banner-title-visibility":"","ast-main-header-display":"","ast-hfb-above-header-display":"","ast-hfb-below-header-display":"","ast-hfb-mobile-header-display":"","site-post-title":"","ast-breadcrumbs-content":"","ast-featured-img":"","footer-sml-layout":"","theme-transparent-header-meta":"default","adv-header-id-meta":"","stick-header-meta":"","header-above-stick-meta":"","header-main-stick-meta":"","header-below-stick-meta":"","astra-migrate-meta-layouts":"set","ast-page-background-enabled":"default","ast-page-background-meta":{"desktop":{"background-color":"var(--ast-global-color-4)","background-image":"","background-repeat":"repeat","background-position":"center center","background-size":"auto","background-attachment":"scroll","background-type":"","background-media":"","overlay-type":"","overlay-color":"","overlay-opacity":"","overlay-gradient":""},"tablet":{"background-color":"","background-image":"","background-repeat":"repeat","background-position":"center center","background-size":"auto","background-attachment":"scroll","background-type":"","background-media":"","overlay-type":"","overlay-color":"","overlay-opacity":"","overlay-gradient":""},"mobile":{"background-color":"","background-image":"","background-repeat":"repeat","background-position":"center center","background-size":"auto","background-attachment":"scroll","background-type":"","background-media":"","overlay-type":"","overlay-color":"","overlay-opacity":"","overlay-gradient":""}},"ast-content-background-meta":{"desktop":{"background-color":"var(--ast-global-color-5)","background-image":"","background-repeat":"repeat","background-position":"center center","background-size":"auto","background-attachment":"scroll","background-type":"","background-media":"","overlay-type":"","overlay-color":"","overlay-opacity":"","overlay-gradient":""},"tablet":{"background-color":"var(--ast-global-color-5)","background-image":"","background-repeat":"repeat","background-position":"center center","background-size":"auto","background-attachment":"scroll","background-type":"","background-media":"","overlay-type":"","overlay-color":"","overlay-opacity":"","overlay-gradient":""},"mobile":{"background-color":"var(--ast-global-color-5)","background-image":"","background-repeat":"repeat","background-position":"center center","background-size":"auto","background-attachment":"scroll","background-type":"","background-media":"","overlay-type":"","overlay-color":"","overlay-opacity":"","overlay-gradient":""}}},"product_cat":[45,44,46],"product_tag":[34],"class_list":{"0":"post-124","1":"product","2":"type-product","3":"status-publish","4":"has-post-thumbnail","6":"product_cat-ekspresowe","7":"product_cat-herbaty","8":"product_cat-ziolowe","9":"product_tag-etykieta-eko","10":"desktop-align-center","11":"tablet-align-left","12":"mobile-align-left","14":"first","15":"instock","16":"purchasable","17":"product-type-simple"},"_links":{"self":[{"href":"https:\/\/los-odpowiedzialni-spolecznie.pl\/en\/wp-json\/wp\/v2\/product\/124","targetHints":{"allow":["GET"]}}],"collection":[{"href":"https:\/\/los-odpowiedzialni-spolecznie.pl\/en\/wp-json\/wp\/v2\/product"}],"about":[{"href":"https:\/\/los-odpowiedzialni-spolecznie.pl\/en\/wp-json\/wp\/v2\/types\/product"}],"wp:featuredmedia":[{"embeddable":true,"href":"https:\/\/los-odpowiedzialni-spolecznie.pl\/en\/wp-json\/wp\/v2\/media\/172"}],"wp:attachment":[{"href":"https:\/\/los-odpowiedzialni-spolecznie.pl\/en\/wp-json\/wp\/v2\/media?parent=124"}],"wp:term":[{"taxonomy":"product_cat","embeddable":true,"href":"https:\/\/los-odpowiedzialni-spolecznie.pl\/en\/wp-json\/wp\/v2\/product_cat?post=124"},{"taxonomy":"product_tag","embeddable":true,"href":"https:\/\/los-odpowiedzialni-spolecznie.pl\/en\/wp-json\/wp\/v2\/product_tag?post=124"}],"curies":[{"name":"wp","href":"https:\/\/api.w.org\/{rel}","templated":true}]}}