{"id":1238,"date":"2024-12-23T16:13:09","date_gmt":"2024-12-23T15:13:09","guid":{"rendered":"https:\/\/los-odpowiedzialni-spolecznie.pl\/?post_type=product&#038;p=1238"},"modified":"2024-12-23T16:14:24","modified_gmt":"2024-12-23T15:14:24","slug":"krem-migdalowy-z-wanilia-190g","status":"publish","type":"product","link":"https:\/\/los-odpowiedzialni-spolecznie.pl\/en\/sklep\/produkty-spozywcze\/przekaski\/slodkie\/krem-migdalowy-z-wanilia-190g\/","title":{"rendered":"Krem migda\u0142owy z wanili\u0105 190g"},"content":{"rendered":"<h3>Opis Produktu<\/h3>\n<p>Pyszny i zdrowy kremu migda\u0142owy o niskim indeksie glikemicznym.<br \/>\nBez dodatku cukr\u00f3w. Zawiera naturalnie wyst\u0119puj\u0105ce cukry. Zawiera substancje s\u0142odz\u0105ce. Wysoka zawarto\u015b\u0107 b\u0142onnika.<br \/>\nRozwarstwienie produktu jest procesem naturalnym.<\/p>\n<p><strong>SK\u0141ADNIKI<\/strong><br \/>\nManna kokosowa, pasta migda\u0142owa (23,5%),<br \/>\ninulina z cykorii, erytrytol (substancja s\u0142odz\u0105ca), olej kokosowy, olej<br \/>\ns\u0142onecznikowy, lecytyna s\u0142onecznikowa, s\u00f3l, wanilia (0,11%).<\/p>\n<p><strong><u>Warto\u015b\u0107 od\u017cywcza na 100g produktu:<\/u><\/strong><br \/>\nwarto\u015b\u0107 energetyczna<br \/>\n1969 kJ\/470 kcal<br \/>\nt\u0142uszcz 45,9 g\u00a0w tym kwasy t\u0142uszczowe nasycone<br \/>\n26,6g<br \/>\nw\u0119glowodany 3,7g w tym cukry 3,7g<br \/>\nb\u0142onnik 16,6g<br \/>\nbia\u0142ko<br \/>\n5,2g<br \/>\ns\u00f3l 0,3g<\/p>\n<p>&nbsp;<\/p>\n<p><strong>PRZECHOWYWANIE<\/strong><br \/>\nPrzechowywa\u0107 u suchym i ch\u0142odnym<br \/>\nmiejscu.<\/p>\n<p>Przed spo\u017cyciem wymiesza\u0107.<\/p>","protected":false},"excerpt":{"rendered":"<p>Opis Produktu Pyszny i zdrowy kremu migda\u0142owy o niskim indeksie glikemicznym. Bez dodatku cukr\u00f3w. Zawiera naturalnie wyst\u0119puj\u0105ce cukry. Zawiera substancje s\u0142odz\u0105ce. Wysoka zawarto\u015b\u0107 b\u0142onnika. Rozwarstwienie produktu jest procesem naturalnym. SK\u0141ADNIKI Manna kokosowa, pasta migda\u0142owa (23,5%), inulina z cykorii, erytrytol (substancja s\u0142odz\u0105ca), olej kokosowy, olej s\u0142onecznikowy, lecytyna s\u0142onecznikowa, s\u00f3l, wanilia (0,11%). Warto\u015b\u0107 od\u017cywcza na 100g produktu: [&hellip;]<\/p>","protected":false},"featured_media":1289,"template":"","meta":{"site-sidebar-layout":"default","site-content-layout":"","ast-site-content-layout":"default","site-content-style":"default","site-sidebar-style":"default","ast-global-header-display":"","ast-banner-title-visibility":"","ast-main-header-display":"","ast-hfb-above-header-display":"","ast-hfb-below-header-display":"","ast-hfb-mobile-header-display":"","site-post-title":"","ast-breadcrumbs-content":"","ast-featured-img":"","footer-sml-layout":"","theme-transparent-header-meta":"default","adv-header-id-meta":"","stick-header-meta":"","header-above-stick-meta":"","header-main-stick-meta":"","header-below-stick-meta":"","astra-migrate-meta-layouts":"set","ast-page-background-enabled":"default","ast-page-background-meta":{"desktop":{"background-color":"var(--ast-global-color-4)","background-image":"","background-repeat":"repeat","background-position":"center center","background-size":"auto","background-attachment":"scroll","background-type":"","background-media":"","overlay-type":"","overlay-color":"","overlay-opacity":"","overlay-gradient":""},"tablet":{"background-color":"","background-image":"","background-repeat":"repeat","background-position":"center center","background-size":"auto","background-attachment":"scroll","background-type":"","background-media":"","overlay-type":"","overlay-color":"","overlay-opacity":"","overlay-gradient":""},"mobile":{"background-color":"","background-image":"","background-repeat":"repeat","background-position":"center center","background-size":"auto","background-attachment":"scroll","background-type":"","background-media":"","overlay-type":"","overlay-color":"","overlay-opacity":"","overlay-gradient":""}},"ast-content-background-meta":{"desktop":{"background-color":"var(--ast-global-color-5)","background-image":"","background-repeat":"repeat","background-position":"center center","background-size":"auto","background-attachment":"scroll","background-type":"","background-media":"","overlay-type":"","overlay-color":"","overlay-opacity":"","overlay-gradient":""},"tablet":{"background-color":"var(--ast-global-color-5)","background-image":"","background-repeat":"repeat","background-position":"center center","background-size":"auto","background-attachment":"scroll","background-type":"","background-media":"","overlay-type":"","overlay-color":"","overlay-opacity":"","overlay-gradient":""},"mobile":{"background-color":"var(--ast-global-color-5)","background-image":"","background-repeat":"repeat","background-position":"center center","background-size":"auto","background-attachment":"scroll","background-type":"","background-media":"","overlay-type":"","overlay-color":"","overlay-opacity":"","overlay-gradient":""}}},"product_cat":[25,24],"product_tag":[70],"class_list":{"0":"post-1238","1":"product","2":"type-product","3":"status-publish","4":"has-post-thumbnail","6":"product_cat-slodkie","7":"product_cat-przekaski","8":"product_tag-eko","9":"desktop-align-center","10":"tablet-align-left","11":"mobile-align-left","13":"first","14":"instock","15":"purchasable","16":"product-type-simple"},"_links":{"self":[{"href":"https:\/\/los-odpowiedzialni-spolecznie.pl\/en\/wp-json\/wp\/v2\/product\/1238","targetHints":{"allow":["GET"]}}],"collection":[{"href":"https:\/\/los-odpowiedzialni-spolecznie.pl\/en\/wp-json\/wp\/v2\/product"}],"about":[{"href":"https:\/\/los-odpowiedzialni-spolecznie.pl\/en\/wp-json\/wp\/v2\/types\/product"}],"wp:featuredmedia":[{"embeddable":true,"href":"https:\/\/los-odpowiedzialni-spolecznie.pl\/en\/wp-json\/wp\/v2\/media\/1289"}],"wp:attachment":[{"href":"https:\/\/los-odpowiedzialni-spolecznie.pl\/en\/wp-json\/wp\/v2\/media?parent=1238"}],"wp:term":[{"taxonomy":"product_cat","embeddable":true,"href":"https:\/\/los-odpowiedzialni-spolecznie.pl\/en\/wp-json\/wp\/v2\/product_cat?post=1238"},{"taxonomy":"product_tag","embeddable":true,"href":"https:\/\/los-odpowiedzialni-spolecznie.pl\/en\/wp-json\/wp\/v2\/product_tag?post=1238"}],"curies":[{"name":"wp","href":"https:\/\/api.w.org\/{rel}","templated":true}]}}