{"id":1237,"date":"2024-12-23T16:13:09","date_gmt":"2024-12-23T15:13:09","guid":{"rendered":"https:\/\/los-odpowiedzialni-spolecznie.pl\/?post_type=product&#038;p=1237"},"modified":"2024-12-23T16:14:21","modified_gmt":"2024-12-23T15:14:21","slug":"ciastka-kakaowe-slodzone-agawa-bio-130g","status":"publish","type":"product","link":"https:\/\/los-odpowiedzialni-spolecznie.pl\/en\/sklep\/produkty-spozywcze\/przekaski\/slodkie\/ciastka-kakaowe-slodzone-agawa-bio-130g\/","title":{"rendered":"CIASTKA KAKAOWE S\u0141ODZONE AGAW\u0104 BIO 130g"},"content":{"rendered":"<h3>Opis Produktu<\/h3>\n<p>Ekologiczne ciasteczka\u00a0<strong>SUPER FUDGIO<\/strong> z kakao, s\u0142odzone agaw\u0105.<\/p>\n<p>Super Fudgio to marka znana z wysokiej jako\u015bci produkt\u00f3w, kt\u00f3re s\u0105 zar\u00f3wno smaczne, jak i zdrowe. Ciastka kakaowe z pewno\u015bci\u0105 nie zawiod\u0105 oczekiwa\u0144, a dodatek agawy sprawia, \u017ce s\u0105 one bardziej naturalne w smaku i zdrowsze ni\u017c tradycyjne s\u0142odycze.<\/p>\n<p>Doskona\u0142e jako uzupe\u0142nienie codziennej diety, ciastka kakaowe Super Fudgio mog\u0105 by\u0107 \u015bwietnym pomys\u0142em na szybk\u0105 i po\u017cywn\u0105 przek\u0105sk\u0119. Nie zawieraj\u0105 one sztucznych dodatk\u00f3w ani oleju palmowego, co czyni je idealnym wyborem dla os\u00f3b dbaj\u0105cych o swoje zdrowie i \u015brodowisko.<\/p>\n<p><strong>Sk\u0142adniki:<\/strong><\/p>\n<p>M\u0105ka pszenna*, olej kokosowy*, agawa w proszku* (17%), pe\u0142noziarnista m\u0105ka pszenna*, m\u0105ka ry\u017cowa*, kakao o obni\u017conej zawarto\u015bci t\u0142uszczu* (4,2%), lecytyna s\u0142onecznikowa*<\/p>\n<p><strong>Warto\u015b\u0107 od\u017cywcza w 100 g:<\/strong><br \/>\nWarto\u015b\u0107 energetyczna: 2216 kJ\/ 528 kcal<br \/>\nT\u0142uszcz: 33 g<br \/>\nw tym kwasy t\u0142uszczowe nasycone: 30 g<br \/>\nW\u0119glowodany: 49 g<br \/>\nw tym cukry: 18 g<br \/>\nB\u0142onnik: 2,8 g<br \/>\nBia\u0142ko: 6,1 g<br \/>\nS\u00f3l: 0,02 g<\/p>\n<h3>Dodatkowe informacje<\/h3>\n<p>Mo\u017ce zawiera\u0107 alergeny: jaja, orzeszki ziemne, soj\u0119, mleko.<\/p>\n<p>&nbsp;<\/p>","protected":false},"excerpt":{"rendered":"<p>Opis Produktu Ekologiczne ciasteczka\u00a0SUPER FUDGIO z kakao, s\u0142odzone agaw\u0105. Super Fudgio to marka znana z wysokiej jako\u015bci produkt\u00f3w, kt\u00f3re s\u0105 zar\u00f3wno smaczne, jak i zdrowe. Ciastka kakaowe z pewno\u015bci\u0105 nie zawiod\u0105 oczekiwa\u0144, a dodatek agawy sprawia, \u017ce s\u0105 one bardziej naturalne w smaku i zdrowsze ni\u017c tradycyjne s\u0142odycze. Doskona\u0142e jako uzupe\u0142nienie codziennej diety, ciastka kakaowe [&hellip;]<\/p>","protected":false},"featured_media":1288,"template":"","meta":{"site-sidebar-layout":"default","site-content-layout":"","ast-site-content-layout":"default","site-content-style":"default","site-sidebar-style":"default","ast-global-header-display":"","ast-banner-title-visibility":"","ast-main-header-display":"","ast-hfb-above-header-display":"","ast-hfb-below-header-display":"","ast-hfb-mobile-header-display":"","site-post-title":"","ast-breadcrumbs-content":"","ast-featured-img":"","footer-sml-layout":"","theme-transparent-header-meta":"default","adv-header-id-meta":"","stick-header-meta":"","header-above-stick-meta":"","header-main-stick-meta":"","header-below-stick-meta":"","astra-migrate-meta-layouts":"set","ast-page-background-enabled":"default","ast-page-background-meta":{"desktop":{"background-color":"var(--ast-global-color-4)","background-image":"","background-repeat":"repeat","background-position":"center center","background-size":"auto","background-attachment":"scroll","background-type":"","background-media":"","overlay-type":"","overlay-color":"","overlay-opacity":"","overlay-gradient":""},"tablet":{"background-color":"","background-image":"","background-repeat":"repeat","background-position":"center center","background-size":"auto","background-attachment":"scroll","background-type":"","background-media":"","overlay-type":"","overlay-color":"","overlay-opacity":"","overlay-gradient":""},"mobile":{"background-color":"","background-image":"","background-repeat":"repeat","background-position":"center center","background-size":"auto","background-attachment":"scroll","background-type":"","background-media":"","overlay-type":"","overlay-color":"","overlay-opacity":"","overlay-gradient":""}},"ast-content-background-meta":{"desktop":{"background-color":"var(--ast-global-color-5)","background-image":"","background-repeat":"repeat","background-position":"center center","background-size":"auto","background-attachment":"scroll","background-type":"","background-media":"","overlay-type":"","overlay-color":"","overlay-opacity":"","overlay-gradient":""},"tablet":{"background-color":"var(--ast-global-color-5)","background-image":"","background-repeat":"repeat","background-position":"center center","background-size":"auto","background-attachment":"scroll","background-type":"","background-media":"","overlay-type":"","overlay-color":"","overlay-opacity":"","overlay-gradient":""},"mobile":{"background-color":"var(--ast-global-color-5)","background-image":"","background-repeat":"repeat","background-position":"center center","background-size":"auto","background-attachment":"scroll","background-type":"","background-media":"","overlay-type":"","overlay-color":"","overlay-opacity":"","overlay-gradient":""}}},"product_cat":[25,24],"product_tag":[70],"class_list":{"0":"post-1237","1":"product","2":"type-product","3":"status-publish","4":"has-post-thumbnail","6":"product_cat-slodkie","7":"product_cat-przekaski","8":"product_tag-eko","9":"desktop-align-center","10":"tablet-align-left","11":"mobile-align-left","13":"first","14":"onbackorder","15":"purchasable","16":"product-type-simple"},"_links":{"self":[{"href":"https:\/\/los-odpowiedzialni-spolecznie.pl\/en\/wp-json\/wp\/v2\/product\/1237","targetHints":{"allow":["GET"]}}],"collection":[{"href":"https:\/\/los-odpowiedzialni-spolecznie.pl\/en\/wp-json\/wp\/v2\/product"}],"about":[{"href":"https:\/\/los-odpowiedzialni-spolecznie.pl\/en\/wp-json\/wp\/v2\/types\/product"}],"wp:featuredmedia":[{"embeddable":true,"href":"https:\/\/los-odpowiedzialni-spolecznie.pl\/en\/wp-json\/wp\/v2\/media\/1288"}],"wp:attachment":[{"href":"https:\/\/los-odpowiedzialni-spolecznie.pl\/en\/wp-json\/wp\/v2\/media?parent=1237"}],"wp:term":[{"taxonomy":"product_cat","embeddable":true,"href":"https:\/\/los-odpowiedzialni-spolecznie.pl\/en\/wp-json\/wp\/v2\/product_cat?post=1237"},{"taxonomy":"product_tag","embeddable":true,"href":"https:\/\/los-odpowiedzialni-spolecznie.pl\/en\/wp-json\/wp\/v2\/product_tag?post=1237"}],"curies":[{"name":"wp","href":"https:\/\/api.w.org\/{rel}","templated":true}]}}