{"id":1236,"date":"2024-12-23T16:13:09","date_gmt":"2024-12-23T15:13:09","guid":{"rendered":"https:\/\/los-odpowiedzialni-spolecznie.pl\/?post_type=product&#038;p=1236"},"modified":"2024-12-23T16:14:19","modified_gmt":"2024-12-23T15:14:19","slug":"sok-jablkowy-bio-750-ml-tlocznia-maurera","status":"publish","type":"product","link":"https:\/\/los-odpowiedzialni-spolecznie.pl\/en\/sklep\/produkty-spozywcze\/soki-2\/smakowe\/sok-jablkowy-bio-750-ml-tlocznia-maurera\/","title":{"rendered":"Sok Jab\u0142kowy BIO 750 ml T\u0142ocznia Maurera"},"content":{"rendered":"<h3>Opis Produktu<\/h3>\n<p>Produkt pasteryzowany. Sok powstaje ze \u015bwie\u017cych ekologicznych owoc\u00f3w. Smak soku zale\u017cy od odmiany owoc\u00f3w. M\u0119tno\u015b\u0107 i osad to zjawisko naturalne. Naturalna pozosta\u0142o\u015b\u0107 drobnych cz\u0105stek mi\u0105\u017cszu. Zawiera naturalnie wyst\u0119puj\u0105ce cukry.<\/p>\n<p><strong>Sk\u0142adniki<\/strong><\/p>\n<p>sok jab\u0142kowy (100%)<\/p>\n<p><strong>Warto\u015b\u0107 od\u017cywcza w 100 ml<\/strong><br \/>\nWarto\u015b\u0107 energetyczna: 192 kJ\/45 kcal<br \/>\nT\u0142uszcz: 0 g<br \/>\nw tym kwasy t\u0142uszczowe nasycone: 0 g<br \/>\nW\u0119glowodany: 9,9 g<br \/>\nw tym cukry: 9,7 g<br \/>\nBia\u0142ko: &lt;0,5 g<br \/>\nS\u00f3l: 0,02 g<\/p>\n<p><strong>Zalecane warunki przechowywania:<\/strong><\/p>\n<p>Przechowywa\u0107 w ch\u0142odnym i zacienionym miejscu w temperaturze od 2 do 25\u00b0C. Po otwarciu przechowywa\u0107 w lod\u00f3wce i spo\u017cy\u0107 w ci\u0105gu 2 dni.<\/p>\n<p>Przed u\u017cyciem wstrz\u0105sn\u0105\u0107<\/p>","protected":false},"excerpt":{"rendered":"<p>Opis Produktu Produkt pasteryzowany. Sok powstaje ze \u015bwie\u017cych ekologicznych owoc\u00f3w. Smak soku zale\u017cy od odmiany owoc\u00f3w. M\u0119tno\u015b\u0107 i osad to zjawisko naturalne. Naturalna pozosta\u0142o\u015b\u0107 drobnych cz\u0105stek mi\u0105\u017cszu. Zawiera naturalnie wyst\u0119puj\u0105ce cukry. Sk\u0142adniki sok jab\u0142kowy (100%) Warto\u015b\u0107 od\u017cywcza w 100 ml Warto\u015b\u0107 energetyczna: 192 kJ\/45 kcal T\u0142uszcz: 0 g w tym kwasy t\u0142uszczowe nasycone: 0 g [&hellip;]<\/p>","protected":false},"featured_media":1287,"template":"","meta":{"site-sidebar-layout":"default","site-content-layout":"","ast-site-content-layout":"default","site-content-style":"default","site-sidebar-style":"default","ast-global-header-display":"","ast-banner-title-visibility":"","ast-main-header-display":"","ast-hfb-above-header-display":"","ast-hfb-below-header-display":"","ast-hfb-mobile-header-display":"","site-post-title":"","ast-breadcrumbs-content":"","ast-featured-img":"","footer-sml-layout":"","theme-transparent-header-meta":"default","adv-header-id-meta":"","stick-header-meta":"","header-above-stick-meta":"","header-main-stick-meta":"","header-below-stick-meta":"","astra-migrate-meta-layouts":"set","ast-page-background-enabled":"default","ast-page-background-meta":{"desktop":{"background-color":"var(--ast-global-color-4)","background-image":"","background-repeat":"repeat","background-position":"center center","background-size":"auto","background-attachment":"scroll","background-type":"","background-media":"","overlay-type":"","overlay-color":"","overlay-opacity":"","overlay-gradient":""},"tablet":{"background-color":"","background-image":"","background-repeat":"repeat","background-position":"center center","background-size":"auto","background-attachment":"scroll","background-type":"","background-media":"","overlay-type":"","overlay-color":"","overlay-opacity":"","overlay-gradient":""},"mobile":{"background-color":"","background-image":"","background-repeat":"repeat","background-position":"center center","background-size":"auto","background-attachment":"scroll","background-type":"","background-media":"","overlay-type":"","overlay-color":"","overlay-opacity":"","overlay-gradient":""}},"ast-content-background-meta":{"desktop":{"background-color":"var(--ast-global-color-5)","background-image":"","background-repeat":"repeat","background-position":"center center","background-size":"auto","background-attachment":"scroll","background-type":"","background-media":"","overlay-type":"","overlay-color":"","overlay-opacity":"","overlay-gradient":""},"tablet":{"background-color":"var(--ast-global-color-5)","background-image":"","background-repeat":"repeat","background-position":"center center","background-size":"auto","background-attachment":"scroll","background-type":"","background-media":"","overlay-type":"","overlay-color":"","overlay-opacity":"","overlay-gradient":""},"mobile":{"background-color":"var(--ast-global-color-5)","background-image":"","background-repeat":"repeat","background-position":"center center","background-size":"auto","background-attachment":"scroll","background-type":"","background-media":"","overlay-type":"","overlay-color":"","overlay-opacity":"","overlay-gradient":""}}},"product_cat":[69,62],"product_tag":[34],"class_list":{"0":"post-1236","1":"product","2":"type-product","3":"status-publish","4":"has-post-thumbnail","6":"product_cat-smakowe","7":"product_cat-soki-2","8":"product_tag-etykieta-eko","9":"desktop-align-center","10":"tablet-align-left","11":"mobile-align-left","13":"first","14":"instock","15":"purchasable","16":"product-type-simple"},"_links":{"self":[{"href":"https:\/\/los-odpowiedzialni-spolecznie.pl\/en\/wp-json\/wp\/v2\/product\/1236","targetHints":{"allow":["GET"]}}],"collection":[{"href":"https:\/\/los-odpowiedzialni-spolecznie.pl\/en\/wp-json\/wp\/v2\/product"}],"about":[{"href":"https:\/\/los-odpowiedzialni-spolecznie.pl\/en\/wp-json\/wp\/v2\/types\/product"}],"wp:featuredmedia":[{"embeddable":true,"href":"https:\/\/los-odpowiedzialni-spolecznie.pl\/en\/wp-json\/wp\/v2\/media\/1287"}],"wp:attachment":[{"href":"https:\/\/los-odpowiedzialni-spolecznie.pl\/en\/wp-json\/wp\/v2\/media?parent=1236"}],"wp:term":[{"taxonomy":"product_cat","embeddable":true,"href":"https:\/\/los-odpowiedzialni-spolecznie.pl\/en\/wp-json\/wp\/v2\/product_cat?post=1236"},{"taxonomy":"product_tag","embeddable":true,"href":"https:\/\/los-odpowiedzialni-spolecznie.pl\/en\/wp-json\/wp\/v2\/product_tag?post=1236"}],"curies":[{"name":"wp","href":"https:\/\/api.w.org\/{rel}","templated":true}]}}