{"id":1228,"date":"2024-12-23T16:12:47","date_gmt":"2024-12-23T15:12:47","guid":{"rendered":"https:\/\/los-odpowiedzialni-spolecznie.pl\/?post_type=product&#038;p=1228"},"modified":"2024-12-23T16:14:15","modified_gmt":"2024-12-23T15:14:15","slug":"sok-bio-jablkowy-z-mieta-300-ml","status":"publish","type":"product","link":"https:\/\/los-odpowiedzialni-spolecznie.pl\/en\/sklep\/produkty-spozywcze\/soki-2\/smakowe\/sok-bio-jablkowy-z-mieta-300-ml\/","title":{"rendered":"Sok Bio jab\u0142kowy z miet\u0105 300 ml"},"content":{"rendered":"<h3>Opis Produktu<\/h3>\n<p>Sok powstaje ze \u015bwie\u017cych i zdrowych ekologicznych owoc\u00f3w i zi\u00f3\u0142. Smak soku zale\u017cy od odmiany owoc\u00f3w i zi\u00f3\u0142. M\u0119tno\u015b\u0107 i osad to zjawisko naturalne Naturalna pozosta\u0142o\u015b\u0107 drobnych cz\u0105stek mi\u0105\u017cszu. Zawiera tylko i wy\u0142\u0105cznie naturalnie wyst\u0119puj\u0105ce cukry.<\/p>\n<p><strong class=\"def\">SK\u0141ADNIKI<\/strong><br class=\"def\" \/>sok\u00a0jab\u0142kowy* (95%), mi\u0119ta* (5%)\u00a0(*certyfikowany sk\u0142adnik ekologiczny)<\/p>\n<p><strong class=\"def\">WARTO\u015a\u0106 OD\u017bYWCZA W 100 ml<br class=\"def\" \/><\/strong>Warto\u015b\u0107 energetyczna:\u00a0192,2 kJ \/\u00a046,9 kcal<br class=\"def\" \/>T\u0142uszcz:\u00a00 g<br class=\"def\" \/>w tym kwasy t\u0142uszczowe nasycone:\u00a0 0 g<br class=\"def\" \/>W\u0119glowodany:\u00a010\u00a0g<br class=\"def\" \/>w tym cukry:\u00a0\u00a09,83 g<br class=\"def\" \/>Bia\u0142ko:\u00a00,11 g<br class=\"def\" \/>S\u00f3l:\u00a00,02 g<\/p>\n<p><strong class=\"def\">ZALECANE WARUNKI PRZECHOWYWANIA<\/strong><\/p>\n<p>Przechowywa\u0107 w ch\u0142odnym\u00a0i zacienionym miejscu. Po otwarciu przechowywa\u0107 w lod\u00f3wce i spo\u017cy\u0107 w ci\u0105gu 2 dni.<\/p>\n<p>Przed u\u017cyciem wstrz\u0105sn\u0105\u0107<\/p>","protected":false},"excerpt":{"rendered":"<p>Opis Produktu Sok powstaje ze \u015bwie\u017cych i zdrowych ekologicznych owoc\u00f3w i zi\u00f3\u0142. Smak soku zale\u017cy od odmiany owoc\u00f3w i zi\u00f3\u0142. M\u0119tno\u015b\u0107 i osad to zjawisko naturalne Naturalna pozosta\u0142o\u015b\u0107 drobnych cz\u0105stek mi\u0105\u017cszu. Zawiera tylko i wy\u0142\u0105cznie naturalnie wyst\u0119puj\u0105ce cukry. SK\u0141ADNIKIsok\u00a0jab\u0142kowy* (95%), mi\u0119ta* (5%)\u00a0(*certyfikowany sk\u0142adnik ekologiczny) WARTO\u015a\u0106 OD\u017bYWCZA W 100 mlWarto\u015b\u0107 energetyczna:\u00a0192,2 kJ \/\u00a046,9 kcalT\u0142uszcz:\u00a00 gw tym [&hellip;]<\/p>","protected":false},"featured_media":1279,"template":"","meta":{"site-sidebar-layout":"default","site-content-layout":"","ast-site-content-layout":"default","site-content-style":"default","site-sidebar-style":"default","ast-global-header-display":"","ast-banner-title-visibility":"","ast-main-header-display":"","ast-hfb-above-header-display":"","ast-hfb-below-header-display":"","ast-hfb-mobile-header-display":"","site-post-title":"","ast-breadcrumbs-content":"","ast-featured-img":"","footer-sml-layout":"","theme-transparent-header-meta":"default","adv-header-id-meta":"","stick-header-meta":"","header-above-stick-meta":"","header-main-stick-meta":"","header-below-stick-meta":"","astra-migrate-meta-layouts":"set","ast-page-background-enabled":"default","ast-page-background-meta":{"desktop":{"background-color":"var(--ast-global-color-4)","background-image":"","background-repeat":"repeat","background-position":"center center","background-size":"auto","background-attachment":"scroll","background-type":"","background-media":"","overlay-type":"","overlay-color":"","overlay-opacity":"","overlay-gradient":""},"tablet":{"background-color":"","background-image":"","background-repeat":"repeat","background-position":"center center","background-size":"auto","background-attachment":"scroll","background-type":"","background-media":"","overlay-type":"","overlay-color":"","overlay-opacity":"","overlay-gradient":""},"mobile":{"background-color":"","background-image":"","background-repeat":"repeat","background-position":"center center","background-size":"auto","background-attachment":"scroll","background-type":"","background-media":"","overlay-type":"","overlay-color":"","overlay-opacity":"","overlay-gradient":""}},"ast-content-background-meta":{"desktop":{"background-color":"var(--ast-global-color-5)","background-image":"","background-repeat":"repeat","background-position":"center center","background-size":"auto","background-attachment":"scroll","background-type":"","background-media":"","overlay-type":"","overlay-color":"","overlay-opacity":"","overlay-gradient":""},"tablet":{"background-color":"var(--ast-global-color-5)","background-image":"","background-repeat":"repeat","background-position":"center center","background-size":"auto","background-attachment":"scroll","background-type":"","background-media":"","overlay-type":"","overlay-color":"","overlay-opacity":"","overlay-gradient":""},"mobile":{"background-color":"var(--ast-global-color-5)","background-image":"","background-repeat":"repeat","background-position":"center center","background-size":"auto","background-attachment":"scroll","background-type":"","background-media":"","overlay-type":"","overlay-color":"","overlay-opacity":"","overlay-gradient":""}}},"product_cat":[69,62],"product_tag":[34],"class_list":{"0":"post-1228","1":"product","2":"type-product","3":"status-publish","4":"has-post-thumbnail","6":"product_cat-smakowe","7":"product_cat-soki-2","8":"product_tag-etykieta-eko","9":"desktop-align-center","10":"tablet-align-left","11":"mobile-align-left","13":"first","14":"instock","15":"purchasable","16":"product-type-simple"},"_links":{"self":[{"href":"https:\/\/los-odpowiedzialni-spolecznie.pl\/en\/wp-json\/wp\/v2\/product\/1228","targetHints":{"allow":["GET"]}}],"collection":[{"href":"https:\/\/los-odpowiedzialni-spolecznie.pl\/en\/wp-json\/wp\/v2\/product"}],"about":[{"href":"https:\/\/los-odpowiedzialni-spolecznie.pl\/en\/wp-json\/wp\/v2\/types\/product"}],"wp:featuredmedia":[{"embeddable":true,"href":"https:\/\/los-odpowiedzialni-spolecznie.pl\/en\/wp-json\/wp\/v2\/media\/1279"}],"wp:attachment":[{"href":"https:\/\/los-odpowiedzialni-spolecznie.pl\/en\/wp-json\/wp\/v2\/media?parent=1228"}],"wp:term":[{"taxonomy":"product_cat","embeddable":true,"href":"https:\/\/los-odpowiedzialni-spolecznie.pl\/en\/wp-json\/wp\/v2\/product_cat?post=1228"},{"taxonomy":"product_tag","embeddable":true,"href":"https:\/\/los-odpowiedzialni-spolecznie.pl\/en\/wp-json\/wp\/v2\/product_tag?post=1228"}],"curies":[{"name":"wp","href":"https:\/\/api.w.org\/{rel}","templated":true}]}}