{"id":1227,"date":"2024-12-23T16:12:47","date_gmt":"2024-12-23T15:12:47","guid":{"rendered":"https:\/\/los-odpowiedzialni-spolecznie.pl\/?post_type=product&#038;p=1227"},"modified":"2024-12-23T16:14:12","modified_gmt":"2024-12-23T15:14:12","slug":"sok-cytrynowy-z-imbirem-250ml-bio-zentrale","status":"publish","type":"product","link":"https:\/\/los-odpowiedzialni-spolecznie.pl\/en\/sklep\/produkty-spozywcze\/soki-2\/smakowe\/sok-cytrynowy-z-imbirem-250ml-bio-zentrale\/","title":{"rendered":"Sok Cytrynowy z Imbirem 250ml &#8211; Bio Zentrale"},"content":{"rendered":"<h3>Opis Produktu<\/h3>\n<div id=\"component_projector_longdescription_not\" class=\"projector_longdescription cm longdescription_small\">Sok ten jest wytwarzany z dojrza\u0142ych, wyselekcjonowanych cytryn i imbiru<\/div>\n<p>Sok ten to idealny dodatek zar\u00f3wno do codziennych, domowych potraw, jak i do bardziej wykwintnych da\u0144. Jego intensywny smak i aromat sprawi\u0105, \u017ce ka\u017cde danie nabierze wyj\u0105tkowego charakteru. Dodatkowo, zawarte w nim sk\u0142adniki dzia\u0142aj\u0105 korzystnie na nasze zdrowie, wspieraj\u0105c odporno\u015b\u0107 organizmu i poprawiaj\u0105c trawienie.<\/p>\n<p><strong>Sk\u0142adniki:<\/strong><br \/>\nsok z cytryny* 50%, sok z imbiru* 40%<br \/>\nZawarto\u015b\u0107 witaminy C: 15 mg \/ 100 ml (19%) **<br \/>\n<strong>*<\/strong>certyfikowany sk\u0142adnik ekologiczny<\/p>\n<p><strong>Warto\u015bci od\u017cywcze w 100 g:<\/strong><\/p>\n<p><strong>warto\u015b\u0107 energetyczna:<\/strong>\u00a0141 kJ (33 kcal)<br \/>\n<strong>t\u0142uszcz:<\/strong>\u00a00,1 g<br \/>\n<strong>w tym kwasy t\u0142uszczowe nasycone:<\/strong>\u00a0&lt;0,1 g<br \/>\n<strong>w\u0119glowodany:<\/strong>\u00a04,3 g<br \/>\n<strong>w tym cukry:<\/strong>\u00a01,3 g<br \/>\n<strong>bia\u0142ko:<\/strong>\u00a00,6 g<br \/>\n<strong>s\u00f3l:<\/strong>\u00a0&lt;0,01 g<\/p>\n<h3>Informacje dodatkowe<\/h3>\n<div id=\"component_projector_longdescription_not\" class=\"projector_longdescription cm longdescription_small\">Produkt wega\u0144ski<\/div>\n<div id=\"component_projector_dictionary_no\" class=\"projector_dictionary\">\n<div class=\"projector_dictionary_items\">\n<div class=\"projector_dictionary_item gfx\">Przechowywa\u0107 w ch\u0142odnym miejscu<\/div>\n<\/div>\n<\/div>","protected":false},"excerpt":{"rendered":"<p>Opis Produktu Sok ten jest wytwarzany z dojrza\u0142ych, wyselekcjonowanych cytryn i imbiru Sok ten to idealny dodatek zar\u00f3wno do codziennych, domowych potraw, jak i do bardziej wykwintnych da\u0144. Jego intensywny smak i aromat sprawi\u0105, \u017ce ka\u017cde danie nabierze wyj\u0105tkowego charakteru. Dodatkowo, zawarte w nim sk\u0142adniki dzia\u0142aj\u0105 korzystnie na nasze zdrowie, wspieraj\u0105c odporno\u015b\u0107 organizmu i poprawiaj\u0105c [&hellip;]<\/p>","protected":false},"featured_media":1278,"template":"","meta":{"site-sidebar-layout":"default","site-content-layout":"","ast-site-content-layout":"default","site-content-style":"default","site-sidebar-style":"default","ast-global-header-display":"","ast-banner-title-visibility":"","ast-main-header-display":"","ast-hfb-above-header-display":"","ast-hfb-below-header-display":"","ast-hfb-mobile-header-display":"","site-post-title":"","ast-breadcrumbs-content":"","ast-featured-img":"","footer-sml-layout":"","theme-transparent-header-meta":"default","adv-header-id-meta":"","stick-header-meta":"","header-above-stick-meta":"","header-main-stick-meta":"","header-below-stick-meta":"","astra-migrate-meta-layouts":"set","ast-page-background-enabled":"default","ast-page-background-meta":{"desktop":{"background-color":"var(--ast-global-color-4)","background-image":"","background-repeat":"repeat","background-position":"center center","background-size":"auto","background-attachment":"scroll","background-type":"","background-media":"","overlay-type":"","overlay-color":"","overlay-opacity":"","overlay-gradient":""},"tablet":{"background-color":"","background-image":"","background-repeat":"repeat","background-position":"center center","background-size":"auto","background-attachment":"scroll","background-type":"","background-media":"","overlay-type":"","overlay-color":"","overlay-opacity":"","overlay-gradient":""},"mobile":{"background-color":"","background-image":"","background-repeat":"repeat","background-position":"center center","background-size":"auto","background-attachment":"scroll","background-type":"","background-media":"","overlay-type":"","overlay-color":"","overlay-opacity":"","overlay-gradient":""}},"ast-content-background-meta":{"desktop":{"background-color":"var(--ast-global-color-5)","background-image":"","background-repeat":"repeat","background-position":"center center","background-size":"auto","background-attachment":"scroll","background-type":"","background-media":"","overlay-type":"","overlay-color":"","overlay-opacity":"","overlay-gradient":""},"tablet":{"background-color":"var(--ast-global-color-5)","background-image":"","background-repeat":"repeat","background-position":"center center","background-size":"auto","background-attachment":"scroll","background-type":"","background-media":"","overlay-type":"","overlay-color":"","overlay-opacity":"","overlay-gradient":""},"mobile":{"background-color":"var(--ast-global-color-5)","background-image":"","background-repeat":"repeat","background-position":"center center","background-size":"auto","background-attachment":"scroll","background-type":"","background-media":"","overlay-type":"","overlay-color":"","overlay-opacity":"","overlay-gradient":""}}},"product_cat":[69,62],"product_tag":[34],"class_list":{"0":"post-1227","1":"product","2":"type-product","3":"status-publish","4":"has-post-thumbnail","6":"product_cat-smakowe","7":"product_cat-soki-2","8":"product_tag-etykieta-eko","9":"desktop-align-center","10":"tablet-align-left","11":"mobile-align-left","13":"first","14":"outofstock","15":"purchasable","16":"product-type-simple"},"_links":{"self":[{"href":"https:\/\/los-odpowiedzialni-spolecznie.pl\/en\/wp-json\/wp\/v2\/product\/1227","targetHints":{"allow":["GET"]}}],"collection":[{"href":"https:\/\/los-odpowiedzialni-spolecznie.pl\/en\/wp-json\/wp\/v2\/product"}],"about":[{"href":"https:\/\/los-odpowiedzialni-spolecznie.pl\/en\/wp-json\/wp\/v2\/types\/product"}],"wp:featuredmedia":[{"embeddable":true,"href":"https:\/\/los-odpowiedzialni-spolecznie.pl\/en\/wp-json\/wp\/v2\/media\/1278"}],"wp:attachment":[{"href":"https:\/\/los-odpowiedzialni-spolecznie.pl\/en\/wp-json\/wp\/v2\/media?parent=1227"}],"wp:term":[{"taxonomy":"product_cat","embeddable":true,"href":"https:\/\/los-odpowiedzialni-spolecznie.pl\/en\/wp-json\/wp\/v2\/product_cat?post=1227"},{"taxonomy":"product_tag","embeddable":true,"href":"https:\/\/los-odpowiedzialni-spolecznie.pl\/en\/wp-json\/wp\/v2\/product_tag?post=1227"}],"curies":[{"name":"wp","href":"https:\/\/api.w.org\/{rel}","templated":true}]}}