{"id":1226,"date":"2024-12-23T16:12:47","date_gmt":"2024-12-23T15:12:47","guid":{"rendered":"https:\/\/los-odpowiedzialni-spolecznie.pl\/?post_type=product&#038;p=1226"},"modified":"2024-12-23T16:14:10","modified_gmt":"2024-12-23T15:14:10","slug":"sok-z-limonki-nfc-bio-250-ml","status":"publish","type":"product","link":"https:\/\/los-odpowiedzialni-spolecznie.pl\/en\/sklep\/produkty-spozywcze\/soki-2\/smakowe\/sok-z-limonki-nfc-bio-250-ml\/","title":{"rendered":"SOK Z LIMONKI NFC BIO 250 ml"},"content":{"rendered":"<h3>Opis Produktu<\/h3>\n<p>Sok bezpo\u015bredni (NFC). Produkt pasteryzowany. Idealny dodatek do herbat, napoj\u00f3w i deser\u00f3w. \u015awietny r\u00f3wnie\u017c do podkre\u015blenia smaku sa\u0142atek, mi\u0119s i ryb.<\/p>\n<p><strong class=\"def\">SK\u0141ADNIKI<\/strong><br class=\"def\" \/>sok z limonki* 100%<\/p>\n<p class=\"def\"><span class=\"def\"><strong class=\"def\">Warto\u015b\u0107 od\u017cywcza w 100 ml:<\/strong><br class=\"def\" \/>Warto\u015b\u0107 energetyczna &#8211; 118 kJ \/ 28 kcal<br class=\"def\" \/>T\u0142uszcz &lt;0,5 g&lt;BR&gt;w tym kwasy t\u0142uszczowe nasycone &#8211; 0 g<br class=\"def\" \/>W\u0119glowodany &#8211; 1,0 g<br class=\"def\" \/>w tym cukry &#8211; 0,8 g<br class=\"def\" \/>Bia\u0142ko &lt;0,5 g&lt;BR&gt;S\u00f3l &lt;0,01 g&lt;\/FONT&gt;<\/span><\/p>\n<p class=\"def\"><span class=\"def\"><strong class=\"def\">ZALECANE WARUNKI PRZECHOWYWANIA<\/strong><br class=\"def\" \/>Przechowywa\u0107 w suchym i ch\u0142odnym miejscu. Chroni\u0107 przed bezpo\u015brednim dzia\u0142aniem promieni s\u0142onecznych. Po otwarciu przechowywa\u0107 w lod\u00f3wce i spo\u017cy\u0107 w ci\u0105gu 30 dni.<\/span><\/p>\n<p>certyfikowany sk\u0142adnik ekologiczny<\/p>","protected":false},"excerpt":{"rendered":"<p>Opis Produktu Sok bezpo\u015bredni (NFC). Produkt pasteryzowany. Idealny dodatek do herbat, napoj\u00f3w i deser\u00f3w. \u015awietny r\u00f3wnie\u017c do podkre\u015blenia smaku sa\u0142atek, mi\u0119s i ryb. SK\u0141ADNIKIsok z limonki* 100% Warto\u015b\u0107 od\u017cywcza w 100 ml:Warto\u015b\u0107 energetyczna &#8211; 118 kJ \/ 28 kcalT\u0142uszcz &lt;0,5 g&lt;BR&gt;w tym kwasy t\u0142uszczowe nasycone &#8211; 0 gW\u0119glowodany &#8211; 1,0 gw tym cukry &#8211; 0,8 [&hellip;]<\/p>","protected":false},"featured_media":1277,"template":"","meta":{"site-sidebar-layout":"default","site-content-layout":"","ast-site-content-layout":"default","site-content-style":"default","site-sidebar-style":"default","ast-global-header-display":"","ast-banner-title-visibility":"","ast-main-header-display":"","ast-hfb-above-header-display":"","ast-hfb-below-header-display":"","ast-hfb-mobile-header-display":"","site-post-title":"","ast-breadcrumbs-content":"","ast-featured-img":"","footer-sml-layout":"","theme-transparent-header-meta":"default","adv-header-id-meta":"","stick-header-meta":"","header-above-stick-meta":"","header-main-stick-meta":"","header-below-stick-meta":"","astra-migrate-meta-layouts":"set","ast-page-background-enabled":"default","ast-page-background-meta":{"desktop":{"background-color":"var(--ast-global-color-4)","background-image":"","background-repeat":"repeat","background-position":"center center","background-size":"auto","background-attachment":"scroll","background-type":"","background-media":"","overlay-type":"","overlay-color":"","overlay-opacity":"","overlay-gradient":""},"tablet":{"background-color":"","background-image":"","background-repeat":"repeat","background-position":"center center","background-size":"auto","background-attachment":"scroll","background-type":"","background-media":"","overlay-type":"","overlay-color":"","overlay-opacity":"","overlay-gradient":""},"mobile":{"background-color":"","background-image":"","background-repeat":"repeat","background-position":"center center","background-size":"auto","background-attachment":"scroll","background-type":"","background-media":"","overlay-type":"","overlay-color":"","overlay-opacity":"","overlay-gradient":""}},"ast-content-background-meta":{"desktop":{"background-color":"var(--ast-global-color-5)","background-image":"","background-repeat":"repeat","background-position":"center center","background-size":"auto","background-attachment":"scroll","background-type":"","background-media":"","overlay-type":"","overlay-color":"","overlay-opacity":"","overlay-gradient":""},"tablet":{"background-color":"var(--ast-global-color-5)","background-image":"","background-repeat":"repeat","background-position":"center center","background-size":"auto","background-attachment":"scroll","background-type":"","background-media":"","overlay-type":"","overlay-color":"","overlay-opacity":"","overlay-gradient":""},"mobile":{"background-color":"var(--ast-global-color-5)","background-image":"","background-repeat":"repeat","background-position":"center center","background-size":"auto","background-attachment":"scroll","background-type":"","background-media":"","overlay-type":"","overlay-color":"","overlay-opacity":"","overlay-gradient":""}}},"product_cat":[69,62],"product_tag":[34],"class_list":{"0":"post-1226","1":"product","2":"type-product","3":"status-publish","4":"has-post-thumbnail","6":"product_cat-smakowe","7":"product_cat-soki-2","8":"product_tag-etykieta-eko","9":"desktop-align-center","10":"tablet-align-left","11":"mobile-align-left","13":"first","14":"instock","15":"purchasable","16":"product-type-simple"},"_links":{"self":[{"href":"https:\/\/los-odpowiedzialni-spolecznie.pl\/en\/wp-json\/wp\/v2\/product\/1226","targetHints":{"allow":["GET"]}}],"collection":[{"href":"https:\/\/los-odpowiedzialni-spolecznie.pl\/en\/wp-json\/wp\/v2\/product"}],"about":[{"href":"https:\/\/los-odpowiedzialni-spolecznie.pl\/en\/wp-json\/wp\/v2\/types\/product"}],"wp:featuredmedia":[{"embeddable":true,"href":"https:\/\/los-odpowiedzialni-spolecznie.pl\/en\/wp-json\/wp\/v2\/media\/1277"}],"wp:attachment":[{"href":"https:\/\/los-odpowiedzialni-spolecznie.pl\/en\/wp-json\/wp\/v2\/media?parent=1226"}],"wp:term":[{"taxonomy":"product_cat","embeddable":true,"href":"https:\/\/los-odpowiedzialni-spolecznie.pl\/en\/wp-json\/wp\/v2\/product_cat?post=1226"},{"taxonomy":"product_tag","embeddable":true,"href":"https:\/\/los-odpowiedzialni-spolecznie.pl\/en\/wp-json\/wp\/v2\/product_tag?post=1226"}],"curies":[{"name":"wp","href":"https:\/\/api.w.org\/{rel}","templated":true}]}}