{"id":1223,"date":"2024-12-23T16:12:47","date_gmt":"2024-12-23T15:12:47","guid":{"rendered":"https:\/\/los-odpowiedzialni-spolecznie.pl\/?post_type=product&#038;p=1223"},"modified":"2024-12-23T16:14:01","modified_gmt":"2024-12-23T15:14:01","slug":"cukierki-z-nadzieniem-o-smaku-ziolowym-z-szalwia-bio-90-g-alpenbauer","status":"publish","type":"product","link":"https:\/\/los-odpowiedzialni-spolecznie.pl\/en\/sklep\/produkty-spozywcze\/przekaski\/slodkie\/cukierki-z-nadzieniem-o-smaku-ziolowym-z-szalwia-bio-90-g-alpenbauer\/","title":{"rendered":"Cukierki z nadzieniem o smaku zio\u0142owym z sza\u0142wi\u0105 BIO 90 g &#8211; ALPENBAUER"},"content":{"rendered":"<h3>Opis Produktu<\/h3>\n<p class=\"page-title\"><strong><span class=\"base\" data-ui-id=\"page-title-wrapper\">Cukierki z nadzieniem o smaku zio\u0142owym z sza\u0142wi\u0105 BIO 90 g &#8211; ALPENBAUER<\/span><\/strong><\/p>\n<p><strong>Cukierki Alpenbauer z sza\u0142wi\u0105 to idealna propozycja dla mi\u0142o\u015bnik\u00f3w naturalnych sk\u0142adnik\u00f3w i aromatycznych smak\u00f3w. Ich delikatna goryczka oraz korzenne nuty sprawi\u0105, \u017ce b\u0119d\u0105 doskona\u0142ym uzupe\u0142nieniem codziennej herbaty czy kawy. Ponadto, dzi\u0119ki wspania\u0142ym w\u0142a\u015bciwo\u015bciom sza\u0142wii, mog\u0105 r\u00f3wnie\u017c wspom\u00f3c nasz organizm w walce z dolegliwo\u015bciami zdrowotnymi.<\/strong><\/p>\n<p><strong>Dzi\u0119ki zawarto\u015bci ekstrakt\u00f3w ro\u015blinnych z 20 zi\u00f3\u0142, cukierki Alpenbauer nie tylko zachwycaj\u0105 smakiem, ale r\u00f3wnie\u017c dzia\u0142aj\u0105 korzystnie na nasze zdrowie. Mo\u017cemy wi\u0119c cieszy\u0107 si\u0119 nie tylko wyj\u0105tkowym smakiem, ale tak\u017ce dobroczynnymi w\u0142a\u015bciwo\u015bciami tych pysznych cukierk\u00f3w zio\u0142owych. Dlatego warto si\u0119gn\u0105\u0107 po nie, by poczu\u0107 magi\u0119 sza\u0142wii i od\u015bwie\u017cy\u0107 swoje podniebienie!<\/strong><\/p>\n<h3><strong>Sk\u0142adniki:<\/strong><br \/>\n<strong>SK\u0141ADNIKI Syrop glukozowy*, cukier*, ekstrakt* (1,5%), zio\u0142owy ekstrakt* (0,16%), olej sza\u0142wiowy (0,03%), naturalny aromat mi\u0119ty eukaliptusowej, naturalny mentol (*certyfikowany sk\u0142adnik ekologiczny).<\/strong><\/h3>\n<p>&nbsp;<\/p>\n<div class=\"std\"><strong>WARTO\u015a\u0106 OD\u017bYWCZA W 100 g<\/strong><br \/>\nWarto\u015b\u0107 energetyczna &#8211; 1624 kJ \/ 82 kcal<br \/>\nT\u0142uszcz &#8211; 0,0 g<br \/>\nw tym kwasy nasycone &#8211; 0,0 g<br \/>\nW\u0119glowodany &#8211; 95,0 g<br \/>\nw tym cukry &#8211; 74,0 g<br \/>\nBia\u0142ko &#8211; 0,0 g<br \/>\nS\u00f3l &#8211; 0,0 g<\/p>\n<p><strong>Opakowanie:\u00a090 g<\/strong><\/div>","protected":false},"excerpt":{"rendered":"<p>Opis Produktu Cukierki z nadzieniem o smaku zio\u0142owym z sza\u0142wi\u0105 BIO 90 g &#8211; ALPENBAUER Cukierki Alpenbauer z sza\u0142wi\u0105 to idealna propozycja dla mi\u0142o\u015bnik\u00f3w naturalnych sk\u0142adnik\u00f3w i aromatycznych smak\u00f3w. Ich delikatna goryczka oraz korzenne nuty sprawi\u0105, \u017ce b\u0119d\u0105 doskona\u0142ym uzupe\u0142nieniem codziennej herbaty czy kawy. Ponadto, dzi\u0119ki wspania\u0142ym w\u0142a\u015bciwo\u015bciom sza\u0142wii, mog\u0105 r\u00f3wnie\u017c wspom\u00f3c nasz organizm w [&hellip;]<\/p>","protected":false},"featured_media":1274,"template":"","meta":{"site-sidebar-layout":"default","site-content-layout":"","ast-site-content-layout":"default","site-content-style":"default","site-sidebar-style":"default","ast-global-header-display":"","ast-banner-title-visibility":"","ast-main-header-display":"","ast-hfb-above-header-display":"","ast-hfb-below-header-display":"","ast-hfb-mobile-header-display":"","site-post-title":"","ast-breadcrumbs-content":"","ast-featured-img":"","footer-sml-layout":"","theme-transparent-header-meta":"default","adv-header-id-meta":"","stick-header-meta":"","header-above-stick-meta":"","header-main-stick-meta":"","header-below-stick-meta":"","astra-migrate-meta-layouts":"set","ast-page-background-enabled":"default","ast-page-background-meta":{"desktop":{"background-color":"var(--ast-global-color-4)","background-image":"","background-repeat":"repeat","background-position":"center center","background-size":"auto","background-attachment":"scroll","background-type":"","background-media":"","overlay-type":"","overlay-color":"","overlay-opacity":"","overlay-gradient":""},"tablet":{"background-color":"","background-image":"","background-repeat":"repeat","background-position":"center center","background-size":"auto","background-attachment":"scroll","background-type":"","background-media":"","overlay-type":"","overlay-color":"","overlay-opacity":"","overlay-gradient":""},"mobile":{"background-color":"","background-image":"","background-repeat":"repeat","background-position":"center center","background-size":"auto","background-attachment":"scroll","background-type":"","background-media":"","overlay-type":"","overlay-color":"","overlay-opacity":"","overlay-gradient":""}},"ast-content-background-meta":{"desktop":{"background-color":"var(--ast-global-color-5)","background-image":"","background-repeat":"repeat","background-position":"center center","background-size":"auto","background-attachment":"scroll","background-type":"","background-media":"","overlay-type":"","overlay-color":"","overlay-opacity":"","overlay-gradient":""},"tablet":{"background-color":"var(--ast-global-color-5)","background-image":"","background-repeat":"repeat","background-position":"center center","background-size":"auto","background-attachment":"scroll","background-type":"","background-media":"","overlay-type":"","overlay-color":"","overlay-opacity":"","overlay-gradient":""},"mobile":{"background-color":"var(--ast-global-color-5)","background-image":"","background-repeat":"repeat","background-position":"center center","background-size":"auto","background-attachment":"scroll","background-type":"","background-media":"","overlay-type":"","overlay-color":"","overlay-opacity":"","overlay-gradient":""}}},"product_cat":[25,37,24],"product_tag":[34],"class_list":{"0":"post-1223","1":"product","2":"type-product","3":"status-publish","4":"has-post-thumbnail","6":"product_cat-slodkie","7":"product_cat-owocowe","8":"product_cat-przekaski","9":"product_tag-etykieta-eko","10":"desktop-align-center","11":"tablet-align-left","12":"mobile-align-left","14":"first","15":"instock","16":"purchasable","17":"product-type-simple"},"_links":{"self":[{"href":"https:\/\/los-odpowiedzialni-spolecznie.pl\/en\/wp-json\/wp\/v2\/product\/1223","targetHints":{"allow":["GET"]}}],"collection":[{"href":"https:\/\/los-odpowiedzialni-spolecznie.pl\/en\/wp-json\/wp\/v2\/product"}],"about":[{"href":"https:\/\/los-odpowiedzialni-spolecznie.pl\/en\/wp-json\/wp\/v2\/types\/product"}],"wp:featuredmedia":[{"embeddable":true,"href":"https:\/\/los-odpowiedzialni-spolecznie.pl\/en\/wp-json\/wp\/v2\/media\/1274"}],"wp:attachment":[{"href":"https:\/\/los-odpowiedzialni-spolecznie.pl\/en\/wp-json\/wp\/v2\/media?parent=1223"}],"wp:term":[{"taxonomy":"product_cat","embeddable":true,"href":"https:\/\/los-odpowiedzialni-spolecznie.pl\/en\/wp-json\/wp\/v2\/product_cat?post=1223"},{"taxonomy":"product_tag","embeddable":true,"href":"https:\/\/los-odpowiedzialni-spolecznie.pl\/en\/wp-json\/wp\/v2\/product_tag?post=1223"}],"curies":[{"name":"wp","href":"https:\/\/api.w.org\/{rel}","templated":true}]}}