{"id":1222,"date":"2024-12-23T16:12:47","date_gmt":"2024-12-23T15:12:47","guid":{"rendered":"https:\/\/los-odpowiedzialni-spolecznie.pl\/?post_type=product&#038;p=1222"},"modified":"2024-12-23T16:13:57","modified_gmt":"2024-12-23T15:13:57","slug":"cukierki-cytrynowe-ze-stewia-bez-cukru-50-g","status":"publish","type":"product","link":"https:\/\/los-odpowiedzialni-spolecznie.pl\/en\/sklep\/produkty-spozywcze\/przekaski\/slodkie\/cukierki-cytrynowe-ze-stewia-bez-cukru-50-g\/","title":{"rendered":"Cukierki cytrynowe ze stewi\u0105 bez cukru, 50 g"},"content":{"rendered":"<h3>Opis Produktu<\/h3>\n<p class=\"pdd_n2cg7f6\" data-dmid=\"detail-page-headline-product-title\"><strong>Cukierki cytrynowe ze stewi\u0105 bez cukru, 50\u00a0g<\/strong><\/p>\n<p><strong>Cukierki cytrynowe ze stewi\u0105 s\u0105\u00a0 doskona\u0142ym rozwi\u0105zaniem dla os\u00f3b, kt\u00f3re dbaj\u0105 o swoje zdrowie i sylwetk\u0119, poniewa\u017c s\u0105 niskokaloryczne i nie zawieraj\u0105 sztucznych dodatk\u00f3w. Stewia, czyli s\u0142odzik ro\u015blinny, nadaje im s\u0142odki smak bez dodatkowego cukru, co sprawia, \u017ce s\u0105 idealn\u0105 alternatyw\u0105 dla tradycyjnych s\u0142odyczy.<\/strong><\/p>\n<p><strong>Dodatkowo, cukierki Pure &amp; Good s\u0105 bezglutenowe, co czyni je odpowiednimi dla os\u00f3b z nietolerancj\u0105 glutenu lub celiaki\u0105. Mo\u017cesz wi\u0119c cieszy\u0107 si\u0119 ich pysznym smakiem bez obaw o niepo\u017c\u0105dane skutki zdrowotne.<\/strong><\/p>\n<p><strong>Je\u015bli szukasz ma\u0142ej, ale pysznej przek\u0105ski na co dzie\u0144, cukierki cytrynowe ze stewi\u0105 od Pure &amp; Good b\u0119d\u0105 idealnym wyborem. Nie tylko zaspokoj\u0105 Twoj\u0105 ch\u0119\u0107 na co\u015b s\u0142odkiego, ale tak\u017ce dostarcz\u0105 Ci naturalnego i zdrowego smaku, kt\u00f3ry sprawi, \u017ce b\u0119dziesz chcia\u0142 si\u0119ga\u0107 po nie coraz cz\u0119\u015bciej. Spr\u00f3buj ich ju\u017c dzi\u015b i przekonaj si\u0119, jak pyszne i po\u017cywne mog\u0105 by\u0107 ma\u0142e s\u0142odycze!<\/strong><\/p>\n<h3><strong>Sk\u0142adniki<\/strong><\/h3>\n<p><strong>Dok\u0142adne oznaczenie produktu: P&amp;G Cukierki cytrynowe ze stewi\u0105 bez cukru <\/strong><\/p>\n<p><strong>Substancje s\u0142odz\u0105ce (izomalt, glikozydy stewiolowe 0,045%), regulator kwasowo\u015bci (kwas cytrynowy), naturalny aromat cytrynowy z innymi naturalnymi aromatami (0,24%), zag\u0119szczony sok cytrynowy w proszku 0,1% (maltodekstryna, zag\u0119szczony sok cytryny, naturalny aromat cytryny), barwnik (kurkumina). Nale\u017cy zapozna\u0107 si\u0119 z informacjami na temat alergen\u00f3w.<\/strong><\/p>\n<table class=\"t es v ab b ks kt\" data-designsystem=\"true\">\n<thead>\n<tr>\n<th class=\"t es v eh ku kv kw kx ky kz la\">U\u015brednione informacje na temat warto\u015bci od\u017cywczych<\/th>\n<th class=\"t es v eh ku kv kw kx ky kz\">na 100 g<\/th>\n<\/tr>\n<\/thead>\n<tbody>\n<tr>\n<td class=\"t es v ab ku kv lb lc la\">Warto\u015b\u0107 energetyczna<\/td>\n<td class=\"t es v ab ku kv lb lc\">233 kcal \/ 971 kJ<\/td>\n<\/tr>\n<tr>\n<td class=\"t es v ab ku kv lb lc la\">t\u0142uszcz<\/td>\n<td class=\"t es v ab ku kv lb lc\">0 g<\/td>\n<\/tr>\n<tr>\n<td class=\"t es v ab ku kv lb lc la\">\u00a0\u00a0w tym kwasy t\u0142uszczowe nasycone<\/td>\n<td class=\"t es v ab ku kv lb lc\">0 g<\/td>\n<\/tr>\n<tr>\n<td class=\"t es v ab ku kv lb lc la\">w\u0119glowodany<\/td>\n<td class=\"t es v ab ku kv lb lc\">97 g<\/td>\n<\/tr>\n<tr>\n<td class=\"t es v ab ku kv lb lc la\">\u00a0\u00a0w tym cukier<\/td>\n<td class=\"t es v ab ku kv lb lc\">0 g<\/td>\n<\/tr>\n<tr>\n<td class=\"t es v ab ku kv lb lc la\">\u00a0\u00a0w tym alkohole wielowodorotlenowe<\/td>\n<td class=\"t es v ab ku kv lb lc\">97 g<\/td>\n<\/tr>\n<tr>\n<td class=\"t es v ab ku kv lb lc la\">bia\u0142ko<\/td>\n<td class=\"t es v ab ku kv lb lc\">0 g<\/td>\n<\/tr>\n<tr>\n<td class=\"t es v ab ku kv lb lc la\">ekwiwalent soli<\/td>\n<td class=\"t es v ab ku kv lb lc\">0,03 g<\/td>\n<\/tr>\n<\/tbody>\n<\/table>\n<h3>Przechowywanie<\/h3>\n<p>Przechowywa\u0107 w suchym i ch\u0142odnym miejscu.<\/p>","protected":false},"excerpt":{"rendered":"<p>Opis Produktu Cukierki cytrynowe ze stewi\u0105 bez cukru, 50\u00a0g Cukierki cytrynowe ze stewi\u0105 s\u0105\u00a0 doskona\u0142ym rozwi\u0105zaniem dla os\u00f3b, kt\u00f3re dbaj\u0105 o swoje zdrowie i sylwetk\u0119, poniewa\u017c s\u0105 niskokaloryczne i nie zawieraj\u0105 sztucznych dodatk\u00f3w. Stewia, czyli s\u0142odzik ro\u015blinny, nadaje im s\u0142odki smak bez dodatkowego cukru, co sprawia, \u017ce s\u0105 idealn\u0105 alternatyw\u0105 dla tradycyjnych s\u0142odyczy. Dodatkowo, cukierki [&hellip;]<\/p>","protected":false},"featured_media":1273,"template":"","meta":{"site-sidebar-layout":"default","site-content-layout":"","ast-site-content-layout":"default","site-content-style":"default","site-sidebar-style":"default","ast-global-header-display":"","ast-banner-title-visibility":"","ast-main-header-display":"","ast-hfb-above-header-display":"","ast-hfb-below-header-display":"","ast-hfb-mobile-header-display":"","site-post-title":"","ast-breadcrumbs-content":"","ast-featured-img":"","footer-sml-layout":"","theme-transparent-header-meta":"default","adv-header-id-meta":"","stick-header-meta":"","header-above-stick-meta":"","header-main-stick-meta":"","header-below-stick-meta":"","astra-migrate-meta-layouts":"set","ast-page-background-enabled":"default","ast-page-background-meta":{"desktop":{"background-color":"var(--ast-global-color-4)","background-image":"","background-repeat":"repeat","background-position":"center center","background-size":"auto","background-attachment":"scroll","background-type":"","background-media":"","overlay-type":"","overlay-color":"","overlay-opacity":"","overlay-gradient":""},"tablet":{"background-color":"","background-image":"","background-repeat":"repeat","background-position":"center center","background-size":"auto","background-attachment":"scroll","background-type":"","background-media":"","overlay-type":"","overlay-color":"","overlay-opacity":"","overlay-gradient":""},"mobile":{"background-color":"","background-image":"","background-repeat":"repeat","background-position":"center center","background-size":"auto","background-attachment":"scroll","background-type":"","background-media":"","overlay-type":"","overlay-color":"","overlay-opacity":"","overlay-gradient":""}},"ast-content-background-meta":{"desktop":{"background-color":"var(--ast-global-color-5)","background-image":"","background-repeat":"repeat","background-position":"center center","background-size":"auto","background-attachment":"scroll","background-type":"","background-media":"","overlay-type":"","overlay-color":"","overlay-opacity":"","overlay-gradient":""},"tablet":{"background-color":"var(--ast-global-color-5)","background-image":"","background-repeat":"repeat","background-position":"center center","background-size":"auto","background-attachment":"scroll","background-type":"","background-media":"","overlay-type":"","overlay-color":"","overlay-opacity":"","overlay-gradient":""},"mobile":{"background-color":"var(--ast-global-color-5)","background-image":"","background-repeat":"repeat","background-position":"center center","background-size":"auto","background-attachment":"scroll","background-type":"","background-media":"","overlay-type":"","overlay-color":"","overlay-opacity":"","overlay-gradient":""}}},"product_cat":[25,37,24],"product_tag":[],"class_list":{"0":"post-1222","1":"product","2":"type-product","3":"status-publish","4":"has-post-thumbnail","6":"product_cat-slodkie","7":"product_cat-owocowe","8":"product_cat-przekaski","9":"desktop-align-center","10":"tablet-align-left","11":"mobile-align-left","13":"first","14":"instock","15":"purchasable","16":"product-type-simple"},"_links":{"self":[{"href":"https:\/\/los-odpowiedzialni-spolecznie.pl\/en\/wp-json\/wp\/v2\/product\/1222","targetHints":{"allow":["GET"]}}],"collection":[{"href":"https:\/\/los-odpowiedzialni-spolecznie.pl\/en\/wp-json\/wp\/v2\/product"}],"about":[{"href":"https:\/\/los-odpowiedzialni-spolecznie.pl\/en\/wp-json\/wp\/v2\/types\/product"}],"wp:featuredmedia":[{"embeddable":true,"href":"https:\/\/los-odpowiedzialni-spolecznie.pl\/en\/wp-json\/wp\/v2\/media\/1273"}],"wp:attachment":[{"href":"https:\/\/los-odpowiedzialni-spolecznie.pl\/en\/wp-json\/wp\/v2\/media?parent=1222"}],"wp:term":[{"taxonomy":"product_cat","embeddable":true,"href":"https:\/\/los-odpowiedzialni-spolecznie.pl\/en\/wp-json\/wp\/v2\/product_cat?post=1222"},{"taxonomy":"product_tag","embeddable":true,"href":"https:\/\/los-odpowiedzialni-spolecznie.pl\/en\/wp-json\/wp\/v2\/product_tag?post=1222"}],"curies":[{"name":"wp","href":"https:\/\/api.w.org\/{rel}","templated":true}]}}