{"id":1221,"date":"2024-12-23T16:12:47","date_gmt":"2024-12-23T15:12:47","guid":{"rendered":"https:\/\/los-odpowiedzialni-spolecznie.pl\/?post_type=product&#038;p=1221"},"modified":"2024-12-23T16:13:53","modified_gmt":"2024-12-23T15:13:53","slug":"cukierki-z-nadzieniem-o-smaku-grejpfrutowo-chmielowym-bio-90-g-alpenbauer","status":"publish","type":"product","link":"https:\/\/los-odpowiedzialni-spolecznie.pl\/en\/sklep\/produkty-spozywcze\/przekaski\/slodkie\/cukierki-z-nadzieniem-o-smaku-grejpfrutowo-chmielowym-bio-90-g-alpenbauer\/","title":{"rendered":"CUKIERKI Z NADZIENIEM O SMAKU GREJPFRUTOWO &#8211; CHMIELOWYM BIO 90 G &#8211; ALPENBAUER"},"content":{"rendered":"<h3>Opis Produktu<\/h3>\n<p><strong>CUKIERKI Z NADZIENIEM O SMAKU GREJPFRUTOWO &#8211; CHMIELOWYM BIO 90 G &#8211; ALPENBAUER<\/strong><\/p>\n<div id=\"main-menu\" class=\"chat-menu\">\n<div id=\"chat_buttons\" class=\"chat-menu__top\">\n<div class=\"chat-btn\"><strong><span style=\"font-size: 16px\">Cukierki te idealnie nadaj\u0105 si\u0119 jako \u015bwie\u017cy dodatek do codziennej rutyny, zapewniaj\u0105c chwil\u0119 relaksu i odpr\u0119\u017cenia. Ich intensywny smak i orze\u017awiaj\u0105ce w\u0142a\u015bciwo\u015bci sprawiaj\u0105, \u017ce s\u0105 doskona\u0142ym wyborem dla os\u00f3b poszukuj\u0105cych czego\u015b nowego i niezwyk\u0142ego. Ciesz si\u0119 wyj\u0105tkowym po\u0142\u0105czeniem chmielu i grejpfruta w formie pysznych cukierk\u00f3w i do\u015bwiadcz niezapomnianych dozna\u0144 smakowych!<\/span><\/strong><\/div>\n<div><strong>SK\u0141ADNIKI<\/strong><br \/>\nsyrop glukozowy*, cukier*, kwas (kwas cytrynowy), ekstrakt chmielowy (0,1 %), koncentrat soku z aronii*, naturalny aromat grejpfrutowy. (*certyfikowany sk\u0142adnik ekologiczny)<\/div>\n<div><\/div>\n<div><strong>WARTO\u015a\u0106 OD\u017bYWCZA W 100 g<\/strong><br \/>\nWarto\u015b\u0107 energetyczna &#8211; 1616 kJ\/379 kcal<br \/>\nT\u0142uszcz &#8211; 0 g<br \/>\nw tym kwasy t\u0142uszczowe nasycone &#8211; 0 g<br \/>\nW\u0119glowodany &#8211; 94 g<br \/>\nw tym cukry &#8211; 76 g<br \/>\nBia\u0142ko &#8211; 0 g<br \/>\nS\u00f3l &#8211; 0 g<\/p>\n<p><strong>ZALECANE WARUNKI PRZECHOWYWANIA<\/strong><br \/>\nPrzechowywa\u0107 w suchym i ch\u0142odnym miejscu. Chroni\u0107 przed ciep\u0142em i wilgoci\u0105.<\/div>\n<\/div>\n<\/div>","protected":false},"excerpt":{"rendered":"<p>Opis Produktu CUKIERKI Z NADZIENIEM O SMAKU GREJPFRUTOWO &#8211; CHMIELOWYM BIO 90 G &#8211; ALPENBAUER Cukierki te idealnie nadaj\u0105 si\u0119 jako \u015bwie\u017cy dodatek do codziennej rutyny, zapewniaj\u0105c chwil\u0119 relaksu i odpr\u0119\u017cenia. Ich intensywny smak i orze\u017awiaj\u0105ce w\u0142a\u015bciwo\u015bci sprawiaj\u0105, \u017ce s\u0105 doskona\u0142ym wyborem dla os\u00f3b poszukuj\u0105cych czego\u015b nowego i niezwyk\u0142ego. Ciesz si\u0119 wyj\u0105tkowym po\u0142\u0105czeniem chmielu i [&hellip;]<\/p>","protected":false},"featured_media":1265,"template":"","meta":{"site-sidebar-layout":"default","site-content-layout":"","ast-site-content-layout":"default","site-content-style":"default","site-sidebar-style":"default","ast-global-header-display":"","ast-banner-title-visibility":"","ast-main-header-display":"","ast-hfb-above-header-display":"","ast-hfb-below-header-display":"","ast-hfb-mobile-header-display":"","site-post-title":"","ast-breadcrumbs-content":"","ast-featured-img":"","footer-sml-layout":"","theme-transparent-header-meta":"default","adv-header-id-meta":"","stick-header-meta":"","header-above-stick-meta":"","header-main-stick-meta":"","header-below-stick-meta":"","astra-migrate-meta-layouts":"set","ast-page-background-enabled":"default","ast-page-background-meta":{"desktop":{"background-color":"var(--ast-global-color-4)","background-image":"","background-repeat":"repeat","background-position":"center center","background-size":"auto","background-attachment":"scroll","background-type":"","background-media":"","overlay-type":"","overlay-color":"","overlay-opacity":"","overlay-gradient":""},"tablet":{"background-color":"","background-image":"","background-repeat":"repeat","background-position":"center center","background-size":"auto","background-attachment":"scroll","background-type":"","background-media":"","overlay-type":"","overlay-color":"","overlay-opacity":"","overlay-gradient":""},"mobile":{"background-color":"","background-image":"","background-repeat":"repeat","background-position":"center center","background-size":"auto","background-attachment":"scroll","background-type":"","background-media":"","overlay-type":"","overlay-color":"","overlay-opacity":"","overlay-gradient":""}},"ast-content-background-meta":{"desktop":{"background-color":"var(--ast-global-color-5)","background-image":"","background-repeat":"repeat","background-position":"center center","background-size":"auto","background-attachment":"scroll","background-type":"","background-media":"","overlay-type":"","overlay-color":"","overlay-opacity":"","overlay-gradient":""},"tablet":{"background-color":"var(--ast-global-color-5)","background-image":"","background-repeat":"repeat","background-position":"center center","background-size":"auto","background-attachment":"scroll","background-type":"","background-media":"","overlay-type":"","overlay-color":"","overlay-opacity":"","overlay-gradient":""},"mobile":{"background-color":"var(--ast-global-color-5)","background-image":"","background-repeat":"repeat","background-position":"center center","background-size":"auto","background-attachment":"scroll","background-type":"","background-media":"","overlay-type":"","overlay-color":"","overlay-opacity":"","overlay-gradient":""}}},"product_cat":[25,37,24],"product_tag":[34],"class_list":{"0":"post-1221","1":"product","2":"type-product","3":"status-publish","4":"has-post-thumbnail","6":"product_cat-slodkie","7":"product_cat-owocowe","8":"product_cat-przekaski","9":"product_tag-etykieta-eko","10":"desktop-align-center","11":"tablet-align-left","12":"mobile-align-left","14":"first","15":"instock","16":"purchasable","17":"product-type-simple"},"_links":{"self":[{"href":"https:\/\/los-odpowiedzialni-spolecznie.pl\/en\/wp-json\/wp\/v2\/product\/1221","targetHints":{"allow":["GET"]}}],"collection":[{"href":"https:\/\/los-odpowiedzialni-spolecznie.pl\/en\/wp-json\/wp\/v2\/product"}],"about":[{"href":"https:\/\/los-odpowiedzialni-spolecznie.pl\/en\/wp-json\/wp\/v2\/types\/product"}],"wp:featuredmedia":[{"embeddable":true,"href":"https:\/\/los-odpowiedzialni-spolecznie.pl\/en\/wp-json\/wp\/v2\/media\/1265"}],"wp:attachment":[{"href":"https:\/\/los-odpowiedzialni-spolecznie.pl\/en\/wp-json\/wp\/v2\/media?parent=1221"}],"wp:term":[{"taxonomy":"product_cat","embeddable":true,"href":"https:\/\/los-odpowiedzialni-spolecznie.pl\/en\/wp-json\/wp\/v2\/product_cat?post=1221"},{"taxonomy":"product_tag","embeddable":true,"href":"https:\/\/los-odpowiedzialni-spolecznie.pl\/en\/wp-json\/wp\/v2\/product_tag?post=1221"}],"curies":[{"name":"wp","href":"https:\/\/api.w.org\/{rel}","templated":true}]}}