{"id":1211,"date":"2024-12-23T16:12:24","date_gmt":"2024-12-23T15:12:24","guid":{"rendered":"https:\/\/los-odpowiedzialni-spolecznie.pl\/?post_type=product&#038;p=1211"},"modified":"2024-12-23T16:13:50","modified_gmt":"2024-12-23T15:13:50","slug":"malu-food-pieguski-jasne-bezglutenowe","status":"publish","type":"product","link":"https:\/\/los-odpowiedzialni-spolecznie.pl\/en\/sklep\/produkty-spozywcze\/przekaski\/slodkie\/malu-food-pieguski-jasne-bezglutenowe\/","title":{"rendered":"MALU FOOD PIEGUSKI JASNE BEZGLUTENOWE"},"content":{"rendered":"<h3>Opis Produktu<\/h3>\n<p class=\"product_name__name m-0\"><strong>CIASTKA PIEGUSKI JASNE BEZGLUTENOWE BEZ CUKRU 100 G MALU FOOD<\/strong><\/p>\n<p><strong>Ciastka\u00a0Pieguski jasne Chocolate chip cookies, Malu Food\u00a0to kruche ciasteczka z dodatkiem kawa\u0142k\u00f3w czekolady.\u00a0<\/strong><\/p>\n<p><strong>Malu Food to marka wyr\u00f3\u017cniaj\u0105ca si\u0119 ciasteczkami stworzonymi dla os\u00f3b, kt\u00f3re\u00a0nie toleruj\u0105 glutenu.<\/strong><\/p>\n<h2>Sk\u0142adniki<\/h2>\n<p>olej kokosowy, m\u0105ka kukurydziana, skrobia kukurydziana, substancja s\u0142odz\u0105ca \u2013 syrop maltitolowy, czekolada (5%) (substancja s\u0142odz\u0105ca \u2013 maltitol, miazga kakaowa, emulgator \u2013 lecytyna\u00a0<strong>sojowa,<\/strong>\u00a0kakao o obni\u017conej zawarto\u015bci t\u0142uszczu, naturalny aromat waniliowy), skrobia ziemniaczana<\/p>\n<h3>Warto\u015b\u0107 od\u017cywcza w 100 g<\/h3>\n<p>Warto\u015b\u0107 energetyczna: 2323 kcal\/558 kJ<\/p>\n<p>T\u0142uszcze: 36,6 g &#8211; w tym kwasy t\u0142uszczowe nasycone: 35,5 g<\/p>\n<p>W\u0119glowodany: 57,4 g &#8211; w tym cukry: 0 g<\/p>\n<p>B\u0142onnik: 0,5 g<\/p>\n<p>Bia\u0142ko: 2,6 g<\/p>\n<p>S\u00f3l: 0,03 g<\/p>\n<h3>Informacje dodatkowe<\/h3>\n<p>Przechowywa\u0107 w suchym i ch\u0142odnym miejscu. Zawiera substancj\u0119 s\u0142odz\u0105c\u0105, nadmierne spo\u017cycie mo\u017ce wywo\u0142a\u0107 efekt przeczyszczaj\u0105cy.<\/p>\n<h3>Masa netto: 100 g<\/h3>\n<p>&nbsp;<\/p>","protected":false},"excerpt":{"rendered":"<p>Opis Produktu CIASTKA PIEGUSKI JASNE BEZGLUTENOWE BEZ CUKRU 100 G MALU FOOD Ciastka\u00a0Pieguski jasne Chocolate chip cookies, Malu Food\u00a0to kruche ciasteczka z dodatkiem kawa\u0142k\u00f3w czekolady.\u00a0 Malu Food to marka wyr\u00f3\u017cniaj\u0105ca si\u0119 ciasteczkami stworzonymi dla os\u00f3b, kt\u00f3re\u00a0nie toleruj\u0105 glutenu. Sk\u0142adniki olej kokosowy, m\u0105ka kukurydziana, skrobia kukurydziana, substancja s\u0142odz\u0105ca \u2013 syrop maltitolowy, czekolada (5%) (substancja s\u0142odz\u0105ca \u2013 [&hellip;]<\/p>","protected":false},"featured_media":1264,"template":"","meta":{"site-sidebar-layout":"default","site-content-layout":"","ast-site-content-layout":"default","site-content-style":"default","site-sidebar-style":"default","ast-global-header-display":"","ast-banner-title-visibility":"","ast-main-header-display":"","ast-hfb-above-header-display":"","ast-hfb-below-header-display":"","ast-hfb-mobile-header-display":"","site-post-title":"","ast-breadcrumbs-content":"","ast-featured-img":"","footer-sml-layout":"","theme-transparent-header-meta":"default","adv-header-id-meta":"","stick-header-meta":"","header-above-stick-meta":"","header-main-stick-meta":"","header-below-stick-meta":"","astra-migrate-meta-layouts":"set","ast-page-background-enabled":"default","ast-page-background-meta":{"desktop":{"background-color":"var(--ast-global-color-4)","background-image":"","background-repeat":"repeat","background-position":"center center","background-size":"auto","background-attachment":"scroll","background-type":"","background-media":"","overlay-type":"","overlay-color":"","overlay-opacity":"","overlay-gradient":""},"tablet":{"background-color":"","background-image":"","background-repeat":"repeat","background-position":"center center","background-size":"auto","background-attachment":"scroll","background-type":"","background-media":"","overlay-type":"","overlay-color":"","overlay-opacity":"","overlay-gradient":""},"mobile":{"background-color":"","background-image":"","background-repeat":"repeat","background-position":"center center","background-size":"auto","background-attachment":"scroll","background-type":"","background-media":"","overlay-type":"","overlay-color":"","overlay-opacity":"","overlay-gradient":""}},"ast-content-background-meta":{"desktop":{"background-color":"var(--ast-global-color-5)","background-image":"","background-repeat":"repeat","background-position":"center center","background-size":"auto","background-attachment":"scroll","background-type":"","background-media":"","overlay-type":"","overlay-color":"","overlay-opacity":"","overlay-gradient":""},"tablet":{"background-color":"var(--ast-global-color-5)","background-image":"","background-repeat":"repeat","background-position":"center center","background-size":"auto","background-attachment":"scroll","background-type":"","background-media":"","overlay-type":"","overlay-color":"","overlay-opacity":"","overlay-gradient":""},"mobile":{"background-color":"var(--ast-global-color-5)","background-image":"","background-repeat":"repeat","background-position":"center center","background-size":"auto","background-attachment":"scroll","background-type":"","background-media":"","overlay-type":"","overlay-color":"","overlay-opacity":"","overlay-gradient":""}}},"product_cat":[25,24],"product_tag":[],"class_list":{"0":"post-1211","1":"product","2":"type-product","3":"status-publish","4":"has-post-thumbnail","6":"product_cat-slodkie","7":"product_cat-przekaski","8":"desktop-align-center","9":"tablet-align-left","10":"mobile-align-left","12":"first","13":"instock","14":"purchasable","15":"product-type-simple"},"_links":{"self":[{"href":"https:\/\/los-odpowiedzialni-spolecznie.pl\/en\/wp-json\/wp\/v2\/product\/1211","targetHints":{"allow":["GET"]}}],"collection":[{"href":"https:\/\/los-odpowiedzialni-spolecznie.pl\/en\/wp-json\/wp\/v2\/product"}],"about":[{"href":"https:\/\/los-odpowiedzialni-spolecznie.pl\/en\/wp-json\/wp\/v2\/types\/product"}],"wp:featuredmedia":[{"embeddable":true,"href":"https:\/\/los-odpowiedzialni-spolecznie.pl\/en\/wp-json\/wp\/v2\/media\/1264"}],"wp:attachment":[{"href":"https:\/\/los-odpowiedzialni-spolecznie.pl\/en\/wp-json\/wp\/v2\/media?parent=1211"}],"wp:term":[{"taxonomy":"product_cat","embeddable":true,"href":"https:\/\/los-odpowiedzialni-spolecznie.pl\/en\/wp-json\/wp\/v2\/product_cat?post=1211"},{"taxonomy":"product_tag","embeddable":true,"href":"https:\/\/los-odpowiedzialni-spolecznie.pl\/en\/wp-json\/wp\/v2\/product_tag?post=1211"}],"curies":[{"name":"wp","href":"https:\/\/api.w.org\/{rel}","templated":true}]}}