{"id":1210,"date":"2024-12-23T16:12:24","date_gmt":"2024-12-23T15:12:24","guid":{"rendered":"https:\/\/los-odpowiedzialni-spolecznie.pl\/?post_type=product&#038;p=1210"},"modified":"2024-12-23T16:13:46","modified_gmt":"2024-12-23T15:13:46","slug":"malu-food-bezglutenowe-ciastka-owsiane","status":"publish","type":"product","link":"https:\/\/los-odpowiedzialni-spolecznie.pl\/en\/sklep\/produkty-spozywcze\/przekaski\/slodkie\/malu-food-bezglutenowe-ciastka-owsiane\/","title":{"rendered":"MALU FOOD Bezglutenowe ciastka owsiane"},"content":{"rendered":"<h3>Opis Produktu<\/h3>\n<p><strong>MALU FOOD Bezglutenowe ciastka owsiane<\/strong><\/p>\n<p><strong>Ciastka\u00a0owsiane &#8211; Oatmeal Shortbread Cookies, Malu Food\u00a0to chrupi\u0105ce ciasteczka z dodatkiem p\u0142atk\u00f3w owsianych. Malu Food to marka wyr\u00f3\u017cniaj\u0105ca si\u0119 ciasteczkami stworzonymi dla os\u00f3b, kt\u00f3re\u00a0nie toleruj\u0105 glutenu.<\/strong><\/p>\n<h2>Sk\u0142adniki<\/h2>\n<p>m\u0105ka owsiana bezglutenowa (50%), olej kokosowy, substancja s\u0142odz\u0105ca \u2013 syrop maltitolowy, p\u0142atki owsiane bezglutenowe (4,5%), wi\u00f3rki kokosowe<\/p>\n<h3>Warto\u015b\u0107 od\u017cywcza w 100 g<\/h3>\n<p>Warto\u015b\u0107 energetyczna: 2213kJ\/532kcal<\/p>\n<p>T\u0142uszcz: 35,5g &#8211; w tym kwasy t\u0142uszczowe nasycone: 32g<\/p>\n<p>W\u0119glowodany: 48,1g &#8211; w tym cukry: 0,5g<\/p>\n<p>B\u0142onnik 4,8g<\/p>\n<p>Bia\u0142ko: 7g<\/p>\n<p>S\u00f3l: 0,01g<\/p>\n<h3>Informacje dodatkowe<\/h3>\n<p>Przechowywa\u0107 w suchym i ch\u0142odnym miejscu. Zawiera substancj\u0119 s\u0142odz\u0105c\u0105, nadmierne spo\u017cycie mo\u017ce wywo\u0142a\u0107 efekt przeczyszczaj\u0105cy.<\/p>\n<h3>Masa netto: 100 g<\/h3>","protected":false},"excerpt":{"rendered":"<p>Opis Produktu MALU FOOD Bezglutenowe ciastka owsiane Ciastka\u00a0owsiane &#8211; Oatmeal Shortbread Cookies, Malu Food\u00a0to chrupi\u0105ce ciasteczka z dodatkiem p\u0142atk\u00f3w owsianych. Malu Food to marka wyr\u00f3\u017cniaj\u0105ca si\u0119 ciasteczkami stworzonymi dla os\u00f3b, kt\u00f3re\u00a0nie toleruj\u0105 glutenu. Sk\u0142adniki m\u0105ka owsiana bezglutenowa (50%), olej kokosowy, substancja s\u0142odz\u0105ca \u2013 syrop maltitolowy, p\u0142atki owsiane bezglutenowe (4,5%), wi\u00f3rki kokosowe Warto\u015b\u0107 od\u017cywcza w 100 [&hellip;]<\/p>","protected":false},"featured_media":1263,"template":"","meta":{"site-sidebar-layout":"default","site-content-layout":"","ast-site-content-layout":"default","site-content-style":"default","site-sidebar-style":"default","ast-global-header-display":"","ast-banner-title-visibility":"","ast-main-header-display":"","ast-hfb-above-header-display":"","ast-hfb-below-header-display":"","ast-hfb-mobile-header-display":"","site-post-title":"","ast-breadcrumbs-content":"","ast-featured-img":"","footer-sml-layout":"","theme-transparent-header-meta":"default","adv-header-id-meta":"","stick-header-meta":"","header-above-stick-meta":"","header-main-stick-meta":"","header-below-stick-meta":"","astra-migrate-meta-layouts":"set","ast-page-background-enabled":"default","ast-page-background-meta":{"desktop":{"background-color":"var(--ast-global-color-4)","background-image":"","background-repeat":"repeat","background-position":"center center","background-size":"auto","background-attachment":"scroll","background-type":"","background-media":"","overlay-type":"","overlay-color":"","overlay-opacity":"","overlay-gradient":""},"tablet":{"background-color":"","background-image":"","background-repeat":"repeat","background-position":"center center","background-size":"auto","background-attachment":"scroll","background-type":"","background-media":"","overlay-type":"","overlay-color":"","overlay-opacity":"","overlay-gradient":""},"mobile":{"background-color":"","background-image":"","background-repeat":"repeat","background-position":"center center","background-size":"auto","background-attachment":"scroll","background-type":"","background-media":"","overlay-type":"","overlay-color":"","overlay-opacity":"","overlay-gradient":""}},"ast-content-background-meta":{"desktop":{"background-color":"var(--ast-global-color-5)","background-image":"","background-repeat":"repeat","background-position":"center center","background-size":"auto","background-attachment":"scroll","background-type":"","background-media":"","overlay-type":"","overlay-color":"","overlay-opacity":"","overlay-gradient":""},"tablet":{"background-color":"var(--ast-global-color-5)","background-image":"","background-repeat":"repeat","background-position":"center center","background-size":"auto","background-attachment":"scroll","background-type":"","background-media":"","overlay-type":"","overlay-color":"","overlay-opacity":"","overlay-gradient":""},"mobile":{"background-color":"var(--ast-global-color-5)","background-image":"","background-repeat":"repeat","background-position":"center center","background-size":"auto","background-attachment":"scroll","background-type":"","background-media":"","overlay-type":"","overlay-color":"","overlay-opacity":"","overlay-gradient":""}}},"product_cat":[25,24],"product_tag":[34],"class_list":{"0":"post-1210","1":"product","2":"type-product","3":"status-publish","4":"has-post-thumbnail","6":"product_cat-slodkie","7":"product_cat-przekaski","8":"product_tag-etykieta-eko","9":"desktop-align-center","10":"tablet-align-left","11":"mobile-align-left","13":"first","14":"instock","15":"purchasable","16":"product-type-simple"},"_links":{"self":[{"href":"https:\/\/los-odpowiedzialni-spolecznie.pl\/en\/wp-json\/wp\/v2\/product\/1210","targetHints":{"allow":["GET"]}}],"collection":[{"href":"https:\/\/los-odpowiedzialni-spolecznie.pl\/en\/wp-json\/wp\/v2\/product"}],"about":[{"href":"https:\/\/los-odpowiedzialni-spolecznie.pl\/en\/wp-json\/wp\/v2\/types\/product"}],"wp:featuredmedia":[{"embeddable":true,"href":"https:\/\/los-odpowiedzialni-spolecznie.pl\/en\/wp-json\/wp\/v2\/media\/1263"}],"wp:attachment":[{"href":"https:\/\/los-odpowiedzialni-spolecznie.pl\/en\/wp-json\/wp\/v2\/media?parent=1210"}],"wp:term":[{"taxonomy":"product_cat","embeddable":true,"href":"https:\/\/los-odpowiedzialni-spolecznie.pl\/en\/wp-json\/wp\/v2\/product_cat?post=1210"},{"taxonomy":"product_tag","embeddable":true,"href":"https:\/\/los-odpowiedzialni-spolecznie.pl\/en\/wp-json\/wp\/v2\/product_tag?post=1210"}],"curies":[{"name":"wp","href":"https:\/\/api.w.org\/{rel}","templated":true}]}}