{"id":121,"date":"2024-12-23T15:35:37","date_gmt":"2024-12-23T14:35:37","guid":{"rendered":"https:\/\/los-odpowiedzialni-spolecznie.pl\/?post_type=product&#038;p=121"},"modified":"2024-12-23T15:36:39","modified_gmt":"2024-12-23T14:36:39","slug":"kawa-ziolowo-zbozowa-eko-100g-dary-natury","status":"publish","type":"product","link":"https:\/\/los-odpowiedzialni-spolecznie.pl\/en\/sklep\/produkty-spozywcze\/kawy-2\/rozpuszczalne\/kawa-ziolowo-zbozowa-eko-100g-dary-natury\/","title":{"rendered":"Kawa Zio\u0142owo-zbo\u017cowa EKO 100g &#8211; Dary Natury"},"content":{"rendered":"<h3>Opis Produktu<\/h3>\n<p class=\"title\"><strong>Kawa Zio\u0142owo-zbo\u017cowa\u00a0EKO 100 g<\/strong><\/p>\n<p>Naturalna kawa zio\u0142owo-zbo\u017cowa o delikatnym, przyjemnym smaku. Wy\u015bmienita zar\u00f3wno z dodatkiem mleka i cukru, jak i bez dodatk\u00f3w.<\/p>\n<p>&nbsp;<\/p>\n<div id=\"box_description\" class=\"tab-wrap\">\n<div class=\"resetcss\">\n<div class=\"attributes\">\n<div class=\"item\">\n<div class=\"attr-name\">\n<div><strong>Spos\u00f3b u\u017cycia:<\/strong><\/div>\n<\/div>\n<div class=\"attr-value\">\n<p>2 \u0142y\u017ceczki kawy zala\u0107 wod\u0105 o temperaturze ok. 95\u00b0C<\/p>\n<\/div>\n<\/div>\n<div class=\"item\">\n<div class=\"attr-name\">\n<div><strong>Sk\u0142adniki<\/strong><\/div>\n<\/div>\n<div class=\"attr-value\">\n<p>pra\u017cone ziarna zb\u00f3\u017c (\u017cyto, j\u0119czmie\u0144, pszenica)*, pra\u017cone owoce g\u0142ogu* i tarniny*, pra\u017cone korzenie cykorii podr\u00f3\u017cnik* i wiesio\u0142ka dwuletniego* w r\u00f3\u017cnych proporcjach.<\/p>\n<p>*produkt rolnictwa ekologicznego<\/p>\n<\/div>\n<\/div>\n<div class=\"item\">\n<div class=\"attr-name\">\n<div><strong>Opakowanie:<\/strong><\/div>\n<\/div>\n<div class=\"attr-value\">\n<p>100 g<\/p>\n<\/div>\n<\/div>\n<\/div>\n<\/div>\n<\/div>\n<div id=\"boxdetails\" class=\"tab-wrap\">\n<div class=\"tab-title\"><strong>Dodatkowe informacje<\/strong><\/div>\n<div class=\"resetcss\">\n<div class=\"text\">kawa\u00a0zio\u0142owa\u00a0sypana<\/div>\n<\/div>\n<\/div>\n<p>&nbsp;<\/p>","protected":false},"excerpt":{"rendered":"<p>Opis Produktu Kawa Zio\u0142owo-zbo\u017cowa\u00a0EKO 100 g Naturalna kawa zio\u0142owo-zbo\u017cowa o delikatnym, przyjemnym smaku. Wy\u015bmienita zar\u00f3wno z dodatkiem mleka i cukru, jak i bez dodatk\u00f3w. &nbsp; Spos\u00f3b u\u017cycia: 2 \u0142y\u017ceczki kawy zala\u0107 wod\u0105 o temperaturze ok. 95\u00b0C Sk\u0142adniki pra\u017cone ziarna zb\u00f3\u017c (\u017cyto, j\u0119czmie\u0144, pszenica)*, pra\u017cone owoce g\u0142ogu* i tarniny*, pra\u017cone korzenie cykorii podr\u00f3\u017cnik* i wiesio\u0142ka dwuletniego* [&hellip;]<\/p>","protected":false},"featured_media":169,"template":"","meta":{"site-sidebar-layout":"default","site-content-layout":"","ast-site-content-layout":"default","site-content-style":"default","site-sidebar-style":"default","ast-global-header-display":"","ast-banner-title-visibility":"","ast-main-header-display":"","ast-hfb-above-header-display":"","ast-hfb-below-header-display":"","ast-hfb-mobile-header-display":"","site-post-title":"","ast-breadcrumbs-content":"","ast-featured-img":"","footer-sml-layout":"","theme-transparent-header-meta":"default","adv-header-id-meta":"","stick-header-meta":"","header-above-stick-meta":"","header-main-stick-meta":"","header-below-stick-meta":"","astra-migrate-meta-layouts":"set","ast-page-background-enabled":"default","ast-page-background-meta":{"desktop":{"background-color":"var(--ast-global-color-4)","background-image":"","background-repeat":"repeat","background-position":"center center","background-size":"auto","background-attachment":"scroll","background-type":"","background-media":"","overlay-type":"","overlay-color":"","overlay-opacity":"","overlay-gradient":""},"tablet":{"background-color":"","background-image":"","background-repeat":"repeat","background-position":"center center","background-size":"auto","background-attachment":"scroll","background-type":"","background-media":"","overlay-type":"","overlay-color":"","overlay-opacity":"","overlay-gradient":""},"mobile":{"background-color":"","background-image":"","background-repeat":"repeat","background-position":"center center","background-size":"auto","background-attachment":"scroll","background-type":"","background-media":"","overlay-type":"","overlay-color":"","overlay-opacity":"","overlay-gradient":""}},"ast-content-background-meta":{"desktop":{"background-color":"var(--ast-global-color-5)","background-image":"","background-repeat":"repeat","background-position":"center center","background-size":"auto","background-attachment":"scroll","background-type":"","background-media":"","overlay-type":"","overlay-color":"","overlay-opacity":"","overlay-gradient":""},"tablet":{"background-color":"var(--ast-global-color-5)","background-image":"","background-repeat":"repeat","background-position":"center center","background-size":"auto","background-attachment":"scroll","background-type":"","background-media":"","overlay-type":"","overlay-color":"","overlay-opacity":"","overlay-gradient":""},"mobile":{"background-color":"var(--ast-global-color-5)","background-image":"","background-repeat":"repeat","background-position":"center center","background-size":"auto","background-attachment":"scroll","background-type":"","background-media":"","overlay-type":"","overlay-color":"","overlay-opacity":"","overlay-gradient":""}}},"product_cat":[40,43],"product_tag":[34],"class_list":{"0":"post-121","1":"product","2":"type-product","3":"status-publish","4":"has-post-thumbnail","6":"product_cat-kawy-2","7":"product_cat-rozpuszczalne","8":"product_tag-etykieta-eko","9":"desktop-align-center","10":"tablet-align-left","11":"mobile-align-left","13":"first","14":"onbackorder","15":"purchasable","16":"product-type-simple"},"_links":{"self":[{"href":"https:\/\/los-odpowiedzialni-spolecznie.pl\/en\/wp-json\/wp\/v2\/product\/121","targetHints":{"allow":["GET"]}}],"collection":[{"href":"https:\/\/los-odpowiedzialni-spolecznie.pl\/en\/wp-json\/wp\/v2\/product"}],"about":[{"href":"https:\/\/los-odpowiedzialni-spolecznie.pl\/en\/wp-json\/wp\/v2\/types\/product"}],"wp:featuredmedia":[{"embeddable":true,"href":"https:\/\/los-odpowiedzialni-spolecznie.pl\/en\/wp-json\/wp\/v2\/media\/169"}],"wp:attachment":[{"href":"https:\/\/los-odpowiedzialni-spolecznie.pl\/en\/wp-json\/wp\/v2\/media?parent=121"}],"wp:term":[{"taxonomy":"product_cat","embeddable":true,"href":"https:\/\/los-odpowiedzialni-spolecznie.pl\/en\/wp-json\/wp\/v2\/product_cat?post=121"},{"taxonomy":"product_tag","embeddable":true,"href":"https:\/\/los-odpowiedzialni-spolecznie.pl\/en\/wp-json\/wp\/v2\/product_tag?post=121"}],"curies":[{"name":"wp","href":"https:\/\/api.w.org\/{rel}","templated":true}]}}