{"id":1209,"date":"2024-12-23T16:12:24","date_gmt":"2024-12-23T15:12:24","guid":{"rendered":"https:\/\/los-odpowiedzialni-spolecznie.pl\/?post_type=product&#038;p=1209"},"modified":"2024-12-23T16:13:44","modified_gmt":"2024-12-23T15:13:44","slug":"sok-z-cytryn-nfc-250-ml-alce-nero","status":"publish","type":"product","link":"https:\/\/los-odpowiedzialni-spolecznie.pl\/en\/sklep\/produkty-spozywcze\/soki-2\/smakowe\/sok-z-cytryn-nfc-250-ml-alce-nero\/","title":{"rendered":"Sok z cytryn NFC 250 ml &#8211; ALCE NERO"},"content":{"rendered":"<h3>Opis Produktu<\/h3>\n<p><strong>Sok z cytryn NFC 100%<\/strong><\/p>\n<p>Produkt pasteryzowany. Bezpo\u015bredni sok (nie z koncentratu) z ekologicznych cytryn, pochodz\u0105cych z Sycylii. Polecamy jako dodatek do herbaty, a tak\u017ce do marynat i sos\u00f3w. \u015awietnie komponuje si\u0119 z sorbetami oraz orze\u017awiaj\u0105cymi napojami.<\/p>\n<p><strong>SK\u0141ADNIKI<\/strong><br \/>\nbezpo\u015bredni sok z cytryn z Sycylii* (100 %) (*certyfikowany sk\u0142adnik ekologiczny)<\/p>\n<p><strong>WARTO\u015a\u0106 OD\u017bYWCZA W 100 g<\/strong><br \/>\nWarto\u015b\u0107 energetyczna &#8211; 122 kJ \/ 29 kcal<br \/>\nT\u0142uszcz &#8211; 0,1 g<br \/>\nw tym kwasy t\u0142uszczowe nasycone &#8211; 0 g<br \/>\nW\u0119glowodany &#8211; 6,5 g<br \/>\nw tym cukry &#8211; 1,8 g<br \/>\nB\u0142onnik &#8211; 0,4 g<br \/>\nBia\u0142ko &#8211; 0,4 g<br \/>\nS\u00f3l &#8211; 0 g<\/p>\n<p><strong>ZALECANE WARUNKI PRZECHOWYWANIA<\/strong><br \/>\nPo otwarciu przechowywa\u0107 w lod\u00f3wce i spo\u017cy\u0107 w ciagu 10 dni.<\/p>","protected":false},"excerpt":{"rendered":"<p>Opis Produktu Sok z cytryn NFC 100% Produkt pasteryzowany. Bezpo\u015bredni sok (nie z koncentratu) z ekologicznych cytryn, pochodz\u0105cych z Sycylii. Polecamy jako dodatek do herbaty, a tak\u017ce do marynat i sos\u00f3w. \u015awietnie komponuje si\u0119 z sorbetami oraz orze\u017awiaj\u0105cymi napojami. SK\u0141ADNIKI bezpo\u015bredni sok z cytryn z Sycylii* (100 %) (*certyfikowany sk\u0142adnik ekologiczny) WARTO\u015a\u0106 OD\u017bYWCZA W 100 [&hellip;]<\/p>","protected":false},"featured_media":1262,"template":"","meta":{"site-sidebar-layout":"default","site-content-layout":"","ast-site-content-layout":"default","site-content-style":"default","site-sidebar-style":"default","ast-global-header-display":"","ast-banner-title-visibility":"","ast-main-header-display":"","ast-hfb-above-header-display":"","ast-hfb-below-header-display":"","ast-hfb-mobile-header-display":"","site-post-title":"","ast-breadcrumbs-content":"","ast-featured-img":"","footer-sml-layout":"","theme-transparent-header-meta":"default","adv-header-id-meta":"","stick-header-meta":"","header-above-stick-meta":"","header-main-stick-meta":"","header-below-stick-meta":"","astra-migrate-meta-layouts":"set","ast-page-background-enabled":"default","ast-page-background-meta":{"desktop":{"background-color":"var(--ast-global-color-4)","background-image":"","background-repeat":"repeat","background-position":"center center","background-size":"auto","background-attachment":"scroll","background-type":"","background-media":"","overlay-type":"","overlay-color":"","overlay-opacity":"","overlay-gradient":""},"tablet":{"background-color":"","background-image":"","background-repeat":"repeat","background-position":"center center","background-size":"auto","background-attachment":"scroll","background-type":"","background-media":"","overlay-type":"","overlay-color":"","overlay-opacity":"","overlay-gradient":""},"mobile":{"background-color":"","background-image":"","background-repeat":"repeat","background-position":"center center","background-size":"auto","background-attachment":"scroll","background-type":"","background-media":"","overlay-type":"","overlay-color":"","overlay-opacity":"","overlay-gradient":""}},"ast-content-background-meta":{"desktop":{"background-color":"var(--ast-global-color-5)","background-image":"","background-repeat":"repeat","background-position":"center center","background-size":"auto","background-attachment":"scroll","background-type":"","background-media":"","overlay-type":"","overlay-color":"","overlay-opacity":"","overlay-gradient":""},"tablet":{"background-color":"var(--ast-global-color-5)","background-image":"","background-repeat":"repeat","background-position":"center center","background-size":"auto","background-attachment":"scroll","background-type":"","background-media":"","overlay-type":"","overlay-color":"","overlay-opacity":"","overlay-gradient":""},"mobile":{"background-color":"var(--ast-global-color-5)","background-image":"","background-repeat":"repeat","background-position":"center center","background-size":"auto","background-attachment":"scroll","background-type":"","background-media":"","overlay-type":"","overlay-color":"","overlay-opacity":"","overlay-gradient":""}}},"product_cat":[69,62],"product_tag":[34],"class_list":{"0":"post-1209","1":"product","2":"type-product","3":"status-publish","4":"has-post-thumbnail","6":"product_cat-smakowe","7":"product_cat-soki-2","8":"product_tag-etykieta-eko","9":"desktop-align-center","10":"tablet-align-left","11":"mobile-align-left","13":"first","14":"onbackorder","15":"purchasable","16":"product-type-simple"},"_links":{"self":[{"href":"https:\/\/los-odpowiedzialni-spolecznie.pl\/en\/wp-json\/wp\/v2\/product\/1209","targetHints":{"allow":["GET"]}}],"collection":[{"href":"https:\/\/los-odpowiedzialni-spolecznie.pl\/en\/wp-json\/wp\/v2\/product"}],"about":[{"href":"https:\/\/los-odpowiedzialni-spolecznie.pl\/en\/wp-json\/wp\/v2\/types\/product"}],"wp:featuredmedia":[{"embeddable":true,"href":"https:\/\/los-odpowiedzialni-spolecznie.pl\/en\/wp-json\/wp\/v2\/media\/1262"}],"wp:attachment":[{"href":"https:\/\/los-odpowiedzialni-spolecznie.pl\/en\/wp-json\/wp\/v2\/media?parent=1209"}],"wp:term":[{"taxonomy":"product_cat","embeddable":true,"href":"https:\/\/los-odpowiedzialni-spolecznie.pl\/en\/wp-json\/wp\/v2\/product_cat?post=1209"},{"taxonomy":"product_tag","embeddable":true,"href":"https:\/\/los-odpowiedzialni-spolecznie.pl\/en\/wp-json\/wp\/v2\/product_tag?post=1209"}],"curies":[{"name":"wp","href":"https:\/\/api.w.org\/{rel}","templated":true}]}}