{"id":1208,"date":"2024-12-23T16:12:24","date_gmt":"2024-12-23T15:12:24","guid":{"rendered":"https:\/\/los-odpowiedzialni-spolecznie.pl\/?post_type=product&#038;p=1208"},"modified":"2024-12-23T16:13:41","modified_gmt":"2024-12-23T15:13:41","slug":"napoj-ryzowy-bez-dodatku-cukrow-bezglutenowy-bio-1-l-the-bridge","status":"publish","type":"product","link":"https:\/\/los-odpowiedzialni-spolecznie.pl\/en\/sklep\/produkty-spozywcze\/inne-napoje\/napoj-ryzowy-bez-dodatku-cukrow-bezglutenowy-bio-1-l-the-bridge\/","title":{"rendered":"NAP\u00d3J RY\u017bOWY BEZ DODATKU CUKR\u00d3W BEZGLUTENOWY BIO 1 L THE BRIDGE"},"content":{"rendered":"<h3>Opis Produktu<\/h3>\n<p class=\"name\"><strong>NAP\u00d3J RY\u017bOWY BEZ DODATKU CUKR\u00d3W BEZGLUTENOWY BIO 1 L THE BRIDGE<\/strong><\/p>\n<p>Produkt odpowiedni dla wegan. Bez dodatku cukru, zawiera naturalnie wyst\u0119puj\u0105ce cukry. Wstrz\u0105sn\u0105\u0107 przed u\u017cyciem.<br \/>\nProdukt UHT.<\/p>\n<p><strong>SK\u0141ADNIKI<\/strong><br \/>\nwoda, ry\u017c* (17 %), olej s\u0142onecznikowy*, olej szafranowy*, s\u00f3l morska. (*certyfikowany sk\u0142adnik ekologiczny)<\/p>\n<p><strong>WARTO\u015a\u0106 OD\u017bYWCZA W 100 ml<\/strong><br \/>\nWarto\u015b\u0107 energetyczna: 273 kJ\/65 kcal<br \/>\nT\u0142uszcz: 1,3 g<br \/>\nw tym kwasy nasycone: 0,2 g<br \/>\nW\u0119glowodany: 13 g<br \/>\nw tym cukry: 4,8 g<br \/>\nBia\u0142ko: &lt;0,5 g<br \/>\nS\u00f3l: 0,08 g<\/p>\n<p><strong>ZALECANE WARUNKI PRZECHOWYWANIA<\/strong><br \/>\nPrzechowywa\u0107 w ch\u0142odnym i suchym miejscu. Po otwarciu przechowywa\u0107 w lod\u00f3wce i spo\u017cy\u0107 w ci\u0105gu 4 &#8211; 5 dni.<\/p>","protected":false},"excerpt":{"rendered":"<p>Opis Produktu NAP\u00d3J RY\u017bOWY BEZ DODATKU CUKR\u00d3W BEZGLUTENOWY BIO 1 L THE BRIDGE Produkt odpowiedni dla wegan. Bez dodatku cukru, zawiera naturalnie wyst\u0119puj\u0105ce cukry. Wstrz\u0105sn\u0105\u0107 przed u\u017cyciem. Produkt UHT. SK\u0141ADNIKI woda, ry\u017c* (17 %), olej s\u0142onecznikowy*, olej szafranowy*, s\u00f3l morska. (*certyfikowany sk\u0142adnik ekologiczny) WARTO\u015a\u0106 OD\u017bYWCZA W 100 ml Warto\u015b\u0107 energetyczna: 273 kJ\/65 kcal T\u0142uszcz: 1,3 [&hellip;]<\/p>","protected":false},"featured_media":1261,"template":"","meta":{"site-sidebar-layout":"default","site-content-layout":"","ast-site-content-layout":"default","site-content-style":"default","site-sidebar-style":"default","ast-global-header-display":"","ast-banner-title-visibility":"","ast-main-header-display":"","ast-hfb-above-header-display":"","ast-hfb-below-header-display":"","ast-hfb-mobile-header-display":"","site-post-title":"","ast-breadcrumbs-content":"","ast-featured-img":"","footer-sml-layout":"","theme-transparent-header-meta":"default","adv-header-id-meta":"","stick-header-meta":"","header-above-stick-meta":"","header-main-stick-meta":"","header-below-stick-meta":"","astra-migrate-meta-layouts":"set","ast-page-background-enabled":"default","ast-page-background-meta":{"desktop":{"background-color":"var(--ast-global-color-4)","background-image":"","background-repeat":"repeat","background-position":"center center","background-size":"auto","background-attachment":"scroll","background-type":"","background-media":"","overlay-type":"","overlay-color":"","overlay-opacity":"","overlay-gradient":""},"tablet":{"background-color":"","background-image":"","background-repeat":"repeat","background-position":"center center","background-size":"auto","background-attachment":"scroll","background-type":"","background-media":"","overlay-type":"","overlay-color":"","overlay-opacity":"","overlay-gradient":""},"mobile":{"background-color":"","background-image":"","background-repeat":"repeat","background-position":"center center","background-size":"auto","background-attachment":"scroll","background-type":"","background-media":"","overlay-type":"","overlay-color":"","overlay-opacity":"","overlay-gradient":""}},"ast-content-background-meta":{"desktop":{"background-color":"var(--ast-global-color-5)","background-image":"","background-repeat":"repeat","background-position":"center center","background-size":"auto","background-attachment":"scroll","background-type":"","background-media":"","overlay-type":"","overlay-color":"","overlay-opacity":"","overlay-gradient":""},"tablet":{"background-color":"var(--ast-global-color-5)","background-image":"","background-repeat":"repeat","background-position":"center center","background-size":"auto","background-attachment":"scroll","background-type":"","background-media":"","overlay-type":"","overlay-color":"","overlay-opacity":"","overlay-gradient":""},"mobile":{"background-color":"var(--ast-global-color-5)","background-image":"","background-repeat":"repeat","background-position":"center center","background-size":"auto","background-attachment":"scroll","background-type":"","background-media":"","overlay-type":"","overlay-color":"","overlay-opacity":"","overlay-gradient":""}}},"product_cat":[95],"product_tag":[34],"class_list":{"0":"post-1208","1":"product","2":"type-product","3":"status-publish","4":"has-post-thumbnail","6":"product_cat-inne-napoje","7":"product_tag-etykieta-eko","8":"desktop-align-center","9":"tablet-align-left","10":"mobile-align-left","12":"first","13":"instock","14":"purchasable","15":"product-type-simple"},"_links":{"self":[{"href":"https:\/\/los-odpowiedzialni-spolecznie.pl\/en\/wp-json\/wp\/v2\/product\/1208","targetHints":{"allow":["GET"]}}],"collection":[{"href":"https:\/\/los-odpowiedzialni-spolecznie.pl\/en\/wp-json\/wp\/v2\/product"}],"about":[{"href":"https:\/\/los-odpowiedzialni-spolecznie.pl\/en\/wp-json\/wp\/v2\/types\/product"}],"wp:featuredmedia":[{"embeddable":true,"href":"https:\/\/los-odpowiedzialni-spolecznie.pl\/en\/wp-json\/wp\/v2\/media\/1261"}],"wp:attachment":[{"href":"https:\/\/los-odpowiedzialni-spolecznie.pl\/en\/wp-json\/wp\/v2\/media?parent=1208"}],"wp:term":[{"taxonomy":"product_cat","embeddable":true,"href":"https:\/\/los-odpowiedzialni-spolecznie.pl\/en\/wp-json\/wp\/v2\/product_cat?post=1208"},{"taxonomy":"product_tag","embeddable":true,"href":"https:\/\/los-odpowiedzialni-spolecznie.pl\/en\/wp-json\/wp\/v2\/product_tag?post=1208"}],"curies":[{"name":"wp","href":"https:\/\/api.w.org\/{rel}","templated":true}]}}