{"id":1206,"date":"2024-12-23T16:12:24","date_gmt":"2024-12-23T15:12:24","guid":{"rendered":"https:\/\/los-odpowiedzialni-spolecznie.pl\/?post_type=product&#038;p=1206"},"modified":"2024-12-23T16:13:36","modified_gmt":"2024-12-23T15:13:36","slug":"cocoa-truskawki-w-czekoladzie-ciemnej-bez-dodatku-cukru-keto-40-g-bio","status":"publish","type":"product","link":"https:\/\/los-odpowiedzialni-spolecznie.pl\/en\/sklep\/produkty-spozywcze\/przekaski\/slodkie\/cocoa-truskawki-w-czekoladzie-ciemnej-bez-dodatku-cukru-keto-40-g-bio\/","title":{"rendered":"Cocoa Truskawki w czekoladzie ciemnej bez dodatku cukru keto 40 g Bio"},"content":{"rendered":"<h3>Opis Produktu<\/h3>\n<p><strong><span class=\"products-title-prefix\">Cocoa<\/span>\u00a0Truskawki w czekoladzie ciemnej bez dodatku cukru keto\u00a0<span class=\"products-title-suffix\">40 g Bio<\/span><\/strong><\/p>\n<p>Dzi\u0119ki zast\u0105pieniu cukru erytrytolem, nasze truskawki w czekoladzie keto s\u0105 niskokaloryczne i idealne dla os\u00f3b na diecie ketogenicznej. Zamiast w\u0119glowodan\u00f3w, dostarczaj\u0105 one warto\u015bciowych t\u0142uszcz\u00f3w, kt\u00f3re s\u0105 niezb\u0119dne do utrzymania stanu ketozu. Dodatkowo, nasze truskawki w czekoladzie keto s\u0105 wygodne do spo\u017cycia w ka\u017cdym miejscu i czasie, dzi\u0119ki czemu mo\u017cesz cieszy\u0107 si\u0119 nimi zawsze, gdy masz ochot\u0119 na co\u015b s\u0142odkiego.<\/p>\n<p>Pami\u0119taj jednak, \u017ce nadmiar spo\u017cycia substancji s\u0142odz\u0105cej, takiej jak erytrytol, mo\u017ce mie\u0107 dzia\u0142anie przeczyszczaj\u0105ce. Dlatego zalecamy zachowanie umiaru w spo\u017cywaniu naszych truskawek w czekoladzie keto. Jednak\u017ce, w odpowiednich ilo\u015bciach, mog\u0105 one stanowi\u0107 doskona\u0142y i smakowity dodatek do Twojej diety ketogenicznej. Smacznej zabawy!<\/p>\n<p><strong>SK\u0141ADNIKI<\/strong><br \/>\nczekolada* 85 % (niepra\u017cone ziarno kakao*,substancja s\u0142odz\u0105ca: erytrytol*, t\u0142uszcz kakaowy*, olej MCT z kokosa*, sproszkowany mi\u0105\u017csz kokosowy*, wanilia Bourbon*), liofilizowane truskawki* 15 %. (*certyfikowany sk\u0142adnik ekologiczny)<br \/>\nZawarto\u015b\u0107 masy kakaowej minimum 60 %.<\/p>\n<p><strong>WARTO\u015a\u0106 OD\u017bYWCZA w 100 g<\/strong><br \/>\nWarto\u015b\u0107 energetyczna: 2075 kJ\/500 kcal<br \/>\nT\u0142uszcz: 42 g<br \/>\nW tym kwasy t\u0142uszczowe nasycone: 29 g<br \/>\nW\u0119glowodany: 31 g<br \/>\nw tym cukry: 9,3 g<br \/>\nw tym poliole: 21 g<br \/>\nB\u0142onnik: 15 g<br \/>\nBia\u0142ko: 6,5 g<br \/>\nS\u00f3l: 0,08 g<\/p>\n<p><strong>ZALECANE WARUNKI PRZECHOWYWANIA<\/strong><br \/>\nPrzechowywa\u0107 w suchym i ch\u0142odnym miejscu.<\/p>","protected":false},"excerpt":{"rendered":"<p>Opis Produktu Cocoa\u00a0Truskawki w czekoladzie ciemnej bez dodatku cukru keto\u00a040 g Bio Dzi\u0119ki zast\u0105pieniu cukru erytrytolem, nasze truskawki w czekoladzie keto s\u0105 niskokaloryczne i idealne dla os\u00f3b na diecie ketogenicznej. Zamiast w\u0119glowodan\u00f3w, dostarczaj\u0105 one warto\u015bciowych t\u0142uszcz\u00f3w, kt\u00f3re s\u0105 niezb\u0119dne do utrzymania stanu ketozu. Dodatkowo, nasze truskawki w czekoladzie keto s\u0105 wygodne do spo\u017cycia w ka\u017cdym [&hellip;]<\/p>","protected":false},"featured_media":1259,"template":"","meta":{"site-sidebar-layout":"default","site-content-layout":"","ast-site-content-layout":"default","site-content-style":"default","site-sidebar-style":"default","ast-global-header-display":"","ast-banner-title-visibility":"","ast-main-header-display":"","ast-hfb-above-header-display":"","ast-hfb-below-header-display":"","ast-hfb-mobile-header-display":"","site-post-title":"","ast-breadcrumbs-content":"","ast-featured-img":"","footer-sml-layout":"","theme-transparent-header-meta":"default","adv-header-id-meta":"","stick-header-meta":"","header-above-stick-meta":"","header-main-stick-meta":"","header-below-stick-meta":"","astra-migrate-meta-layouts":"set","ast-page-background-enabled":"default","ast-page-background-meta":{"desktop":{"background-color":"var(--ast-global-color-4)","background-image":"","background-repeat":"repeat","background-position":"center center","background-size":"auto","background-attachment":"scroll","background-type":"","background-media":"","overlay-type":"","overlay-color":"","overlay-opacity":"","overlay-gradient":""},"tablet":{"background-color":"","background-image":"","background-repeat":"repeat","background-position":"center center","background-size":"auto","background-attachment":"scroll","background-type":"","background-media":"","overlay-type":"","overlay-color":"","overlay-opacity":"","overlay-gradient":""},"mobile":{"background-color":"","background-image":"","background-repeat":"repeat","background-position":"center center","background-size":"auto","background-attachment":"scroll","background-type":"","background-media":"","overlay-type":"","overlay-color":"","overlay-opacity":"","overlay-gradient":""}},"ast-content-background-meta":{"desktop":{"background-color":"var(--ast-global-color-5)","background-image":"","background-repeat":"repeat","background-position":"center center","background-size":"auto","background-attachment":"scroll","background-type":"","background-media":"","overlay-type":"","overlay-color":"","overlay-opacity":"","overlay-gradient":""},"tablet":{"background-color":"var(--ast-global-color-5)","background-image":"","background-repeat":"repeat","background-position":"center center","background-size":"auto","background-attachment":"scroll","background-type":"","background-media":"","overlay-type":"","overlay-color":"","overlay-opacity":"","overlay-gradient":""},"mobile":{"background-color":"var(--ast-global-color-5)","background-image":"","background-repeat":"repeat","background-position":"center center","background-size":"auto","background-attachment":"scroll","background-type":"","background-media":"","overlay-type":"","overlay-color":"","overlay-opacity":"","overlay-gradient":""}}},"product_cat":[25,37,24],"product_tag":[34],"class_list":{"0":"post-1206","1":"product","2":"type-product","3":"status-publish","4":"has-post-thumbnail","6":"product_cat-slodkie","7":"product_cat-owocowe","8":"product_cat-przekaski","9":"product_tag-etykieta-eko","10":"desktop-align-center","11":"tablet-align-left","12":"mobile-align-left","14":"first","15":"onbackorder","16":"purchasable","17":"product-type-simple"},"_links":{"self":[{"href":"https:\/\/los-odpowiedzialni-spolecznie.pl\/en\/wp-json\/wp\/v2\/product\/1206","targetHints":{"allow":["GET"]}}],"collection":[{"href":"https:\/\/los-odpowiedzialni-spolecznie.pl\/en\/wp-json\/wp\/v2\/product"}],"about":[{"href":"https:\/\/los-odpowiedzialni-spolecznie.pl\/en\/wp-json\/wp\/v2\/types\/product"}],"wp:featuredmedia":[{"embeddable":true,"href":"https:\/\/los-odpowiedzialni-spolecznie.pl\/en\/wp-json\/wp\/v2\/media\/1259"}],"wp:attachment":[{"href":"https:\/\/los-odpowiedzialni-spolecznie.pl\/en\/wp-json\/wp\/v2\/media?parent=1206"}],"wp:term":[{"taxonomy":"product_cat","embeddable":true,"href":"https:\/\/los-odpowiedzialni-spolecznie.pl\/en\/wp-json\/wp\/v2\/product_cat?post=1206"},{"taxonomy":"product_tag","embeddable":true,"href":"https:\/\/los-odpowiedzialni-spolecznie.pl\/en\/wp-json\/wp\/v2\/product_tag?post=1206"}],"curies":[{"name":"wp","href":"https:\/\/api.w.org\/{rel}","templated":true}]}}