{"id":1205,"date":"2024-12-23T16:12:23","date_gmt":"2024-12-23T15:12:23","guid":{"rendered":"https:\/\/los-odpowiedzialni-spolecznie.pl\/?post_type=product&#038;p=1205"},"modified":"2024-12-23T16:13:32","modified_gmt":"2024-12-23T15:13:32","slug":"kakao-w-proszku-fair-trade-bio-150-g-alternativa","status":"publish","type":"product","link":"https:\/\/los-odpowiedzialni-spolecznie.pl\/en\/sklep\/produkty-spozywcze\/inne-napoje\/kakao-w-proszku-fair-trade-bio-150-g-alternativa\/","title":{"rendered":"Kakao w proszku Fair Trade BIO 150 g &#8211; AlterNativa"},"content":{"rendered":"<h3>Opis Produktu<\/h3>\n<p><strong>Kakao w proszku Fair Trade BIO 150 g &#8211; AlterNativa<\/strong><\/p>\n<p>Kakao w proszku bezglutenowe Fair Trade BIO marki AlterNativa to doskona\u0142y wyb\u00f3r dla os\u00f3b, kt\u00f3re ceni\u0105 sobie zdrowe, ekologiczne produkty. Dzi\u0119ki pozyskaniu zgodnie z zasadami Fair Trade mo\u017cesz mie\u0107 pewno\u015b\u0107, \u017ce Twoje zakupy wspieraj\u0105 uczciwe warunki pracy producent\u00f3w.Kakao to nie tylko pyszny dodatek do ciast i napoj\u00f3w, ale tak\u017ce skarb witamin i minera\u0142\u00f3w. To idealna propozycja dla os\u00f3b szukaj\u0105cych alternatywy dla tradycyjnych s\u0142odyczy, ze wzgl\u0119du na brak dodatku cukru. Dodatkowo, w\u0142a\u015bciwo\u015bci antyoksydacyjne kakao pomagaj\u0105 w walce ze stresem i poprawiaj\u0105 stan zdrowia psychicznego.<\/p>\n<p>Zach\u0119camy do wypr\u00f3bowania ekologicznego kakao w proszku bezglutenowego Fair Trade BIO marki AlterNativa i cieszenia si\u0119 pe\u0142ni\u0105 smaku i warto\u015bci od\u017cywczych tego naturalnego produktu.<\/p>\n<p>&nbsp;<\/p>\n<h3>Sk\u0142adniki<\/h3>\n<p>Kakao odt\u0142uszczone (20-22%) w proszku* 100% (*certyfikowany sk\u0142adnik ekologiczny)<\/p>\n<h3>Warto\u015b\u0107 od\u017cywcza produktu w 100 g<\/h3>\n<div class=\"table-wrapper\">\n<table width=\"100%\">\n<tbody>\n<tr>\n<td>Warto\u015b\u0107 energetyczna:<\/td>\n<td>1615 kJ \/ 386 kcal<\/td>\n<\/tr>\n<tr>\n<td>T\u0142uszcz:<\/p>\n<p>w tym kwasy t\u0142uszczowe nasycone:<\/td>\n<td>21 g<\/p>\n<p>13,2 g<\/td>\n<\/tr>\n<tr>\n<td>W\u0119glowodany:<\/p>\n<p>w tym cukry:<\/td>\n<td>12,4 g<\/p>\n<p>0,3 g<\/td>\n<\/tr>\n<tr>\n<td>B\u0142onnik:<\/td>\n<td>31 g<\/td>\n<\/tr>\n<tr>\n<td>Bia\u0142ko:<\/td>\n<td>22,3 g<\/td>\n<\/tr>\n<tr>\n<td>S\u00f3l:<\/td>\n<td>0,1 g<\/td>\n<\/tr>\n<\/tbody>\n<\/table>\n<\/div>\n<h3>Zalecane warunki przechowywania<\/h3>\n<p>Przechowywa\u0107 w suchym i ch\u0142odnym miejscu.<\/p>","protected":false},"excerpt":{"rendered":"<p>Opis Produktu Kakao w proszku Fair Trade BIO 150 g &#8211; AlterNativa Kakao w proszku bezglutenowe Fair Trade BIO marki AlterNativa to doskona\u0142y wyb\u00f3r dla os\u00f3b, kt\u00f3re ceni\u0105 sobie zdrowe, ekologiczne produkty. Dzi\u0119ki pozyskaniu zgodnie z zasadami Fair Trade mo\u017cesz mie\u0107 pewno\u015b\u0107, \u017ce Twoje zakupy wspieraj\u0105 uczciwe warunki pracy producent\u00f3w.Kakao to nie tylko pyszny dodatek [&hellip;]<\/p>","protected":false},"featured_media":1250,"template":"","meta":{"site-sidebar-layout":"default","site-content-layout":"","ast-site-content-layout":"default","site-content-style":"default","site-sidebar-style":"default","ast-global-header-display":"","ast-banner-title-visibility":"","ast-main-header-display":"","ast-hfb-above-header-display":"","ast-hfb-below-header-display":"","ast-hfb-mobile-header-display":"","site-post-title":"","ast-breadcrumbs-content":"","ast-featured-img":"","footer-sml-layout":"","theme-transparent-header-meta":"default","adv-header-id-meta":"","stick-header-meta":"","header-above-stick-meta":"","header-main-stick-meta":"","header-below-stick-meta":"","astra-migrate-meta-layouts":"set","ast-page-background-enabled":"default","ast-page-background-meta":{"desktop":{"background-color":"var(--ast-global-color-4)","background-image":"","background-repeat":"repeat","background-position":"center center","background-size":"auto","background-attachment":"scroll","background-type":"","background-media":"","overlay-type":"","overlay-color":"","overlay-opacity":"","overlay-gradient":""},"tablet":{"background-color":"","background-image":"","background-repeat":"repeat","background-position":"center center","background-size":"auto","background-attachment":"scroll","background-type":"","background-media":"","overlay-type":"","overlay-color":"","overlay-opacity":"","overlay-gradient":""},"mobile":{"background-color":"","background-image":"","background-repeat":"repeat","background-position":"center center","background-size":"auto","background-attachment":"scroll","background-type":"","background-media":"","overlay-type":"","overlay-color":"","overlay-opacity":"","overlay-gradient":""}},"ast-content-background-meta":{"desktop":{"background-color":"var(--ast-global-color-5)","background-image":"","background-repeat":"repeat","background-position":"center center","background-size":"auto","background-attachment":"scroll","background-type":"","background-media":"","overlay-type":"","overlay-color":"","overlay-opacity":"","overlay-gradient":""},"tablet":{"background-color":"var(--ast-global-color-5)","background-image":"","background-repeat":"repeat","background-position":"center center","background-size":"auto","background-attachment":"scroll","background-type":"","background-media":"","overlay-type":"","overlay-color":"","overlay-opacity":"","overlay-gradient":""},"mobile":{"background-color":"var(--ast-global-color-5)","background-image":"","background-repeat":"repeat","background-position":"center center","background-size":"auto","background-attachment":"scroll","background-type":"","background-media":"","overlay-type":"","overlay-color":"","overlay-opacity":"","overlay-gradient":""}}},"product_cat":[95],"product_tag":[34],"class_list":{"0":"post-1205","1":"product","2":"type-product","3":"status-publish","4":"has-post-thumbnail","6":"product_cat-inne-napoje","7":"product_tag-etykieta-eko","8":"desktop-align-center","9":"tablet-align-left","10":"mobile-align-left","12":"first","13":"instock","14":"purchasable","15":"product-type-simple"},"_links":{"self":[{"href":"https:\/\/los-odpowiedzialni-spolecznie.pl\/en\/wp-json\/wp\/v2\/product\/1205","targetHints":{"allow":["GET"]}}],"collection":[{"href":"https:\/\/los-odpowiedzialni-spolecznie.pl\/en\/wp-json\/wp\/v2\/product"}],"about":[{"href":"https:\/\/los-odpowiedzialni-spolecznie.pl\/en\/wp-json\/wp\/v2\/types\/product"}],"wp:featuredmedia":[{"embeddable":true,"href":"https:\/\/los-odpowiedzialni-spolecznie.pl\/en\/wp-json\/wp\/v2\/media\/1250"}],"wp:attachment":[{"href":"https:\/\/los-odpowiedzialni-spolecznie.pl\/en\/wp-json\/wp\/v2\/media?parent=1205"}],"wp:term":[{"taxonomy":"product_cat","embeddable":true,"href":"https:\/\/los-odpowiedzialni-spolecznie.pl\/en\/wp-json\/wp\/v2\/product_cat?post=1205"},{"taxonomy":"product_tag","embeddable":true,"href":"https:\/\/los-odpowiedzialni-spolecznie.pl\/en\/wp-json\/wp\/v2\/product_tag?post=1205"}],"curies":[{"name":"wp","href":"https:\/\/api.w.org\/{rel}","templated":true}]}}