{"id":1196,"date":"2024-12-23T16:12:00","date_gmt":"2024-12-23T15:12:00","guid":{"rendered":"https:\/\/los-odpowiedzialni-spolecznie.pl\/?post_type=product&#038;p=1196"},"modified":"2024-12-23T16:13:28","modified_gmt":"2024-12-23T15:13:28","slug":"santini-ksylitol-cukier-brzozowy-500g","status":"publish","type":"product","link":"https:\/\/los-odpowiedzialni-spolecznie.pl\/en\/sklep\/produkty-spozywcze\/produkty-slodzace\/ksylitol\/santini-ksylitol-cukier-brzozowy-500g\/","title":{"rendered":"Santini Ksylitol Cukier brzozowy 500g"},"content":{"rendered":"<h3>Opis Produktu<\/h3>\n<p><strong>Santini Ksylitol Cukier brzozowy 500g<\/strong><\/p>\n<p><strong>Ksylitol, nazywany &#8222;cukrem brzozowym&#8221; to s\u0142odzik pozyskiwany z drewna drzew li\u015bciastych, g\u0142\u00f3wnie z brzozy. Ksylitol jest substancj\u0105 pochodzenia naturalnego u\u017cywan\u0105 jako zamiennik bia\u0142ego cukru. Indeks glikemiczny ksylitolu jest bliski 8, co oznacza, \u017ce jest przetwarzany w organizmie z minimalnym udzia\u0142em insuliny, a warto\u015b\u0107 energetyczna to jedynie 240 kcal na 100 g, czyli 12 kcal na \u0142y\u017ceczk\u0119 (5 g).<\/strong><\/p>\n<p><b><strong><br \/>\nWARTO\u015a\u0106 OD\u017bYWCZA W 100 g<\/strong><\/b><br \/>\nWaro\u015b\u0107 energetyczna:\u00a01000 kJ \/\u00a0240 kcal<br \/>\nT\u0142uszcz :\u00a00 g<br \/>\nw tym kwasy t\u0142uszczowe nasycone : 0\u00a0g<br \/>\nW\u0119glowodany:\u00a099,8 g<br \/>\nw tym cukry: 0,2\u00a0g<br \/>\nw tym alkohole wielowodorotlenowe (poliole): 98,5 g<br \/>\nBia\u0142ko: 0 g<br \/>\nS\u00f3l: 0,01 g<\/p>\n<p><b><strong>Zastosowanie i spos\u00f3b u\u017cycia:<br \/>\n<\/strong><\/b>&#8211; jako s\u0142odzik sto\u0142owy, gdzie jedna \u0142y\u017ceczka ksylitolu odpowiada oko\u0142o 1 \u0142y\u017ceczce cukru bia\u0142ego.<br \/>\n&#8211; do slodzenia potraw, deser\u00f3w, napoj\u00f3w<br \/>\n&#8211; do wypiek\u00f3w z uwzgl\u0119dnieniem, \u017ce ksylitol nie jest po\u017cywk\u0105 dla dro\u017cd\u017cy oraz \u017ce jest mocno higroskopijny i nie ulega karmelizacji.<\/p>\n<p><b><strong>UWAGA<\/strong><\/b><br \/>\nSpo\u017cycie w nadmiernych ilo\u015bciach mo\u017ce mie\u0107 efekt przeczyszczaj\u0105cy.\u00a0Nie podawa\u0107 dzieciom do 3 roku \u017cycia<\/p>\n<p style=\"font-weight: 400\"><b><strong>ZALECANE WARUNKI PRZECHOWYWANIA<\/strong><\/b><\/p>\n<p style=\"font-weight: 400\">Przechowywa\u0107 w suchym miejscu w temperaturze poni\u017cej 25 stopni Celsjusza.<\/p>","protected":false},"excerpt":{"rendered":"<p>Opis Produktu Santini Ksylitol Cukier brzozowy 500g Ksylitol, nazywany &#8222;cukrem brzozowym&#8221; to s\u0142odzik pozyskiwany z drewna drzew li\u015bciastych, g\u0142\u00f3wnie z brzozy. Ksylitol jest substancj\u0105 pochodzenia naturalnego u\u017cywan\u0105 jako zamiennik bia\u0142ego cukru. Indeks glikemiczny ksylitolu jest bliski 8, co oznacza, \u017ce jest przetwarzany w organizmie z minimalnym udzia\u0142em insuliny, a warto\u015b\u0107 energetyczna to jedynie 240 kcal [&hellip;]<\/p>","protected":false},"featured_media":1249,"template":"","meta":{"site-sidebar-layout":"default","site-content-layout":"","ast-site-content-layout":"default","site-content-style":"default","site-sidebar-style":"default","ast-global-header-display":"","ast-banner-title-visibility":"","ast-main-header-display":"","ast-hfb-above-header-display":"","ast-hfb-below-header-display":"","ast-hfb-mobile-header-display":"","site-post-title":"","ast-breadcrumbs-content":"","ast-featured-img":"","footer-sml-layout":"","theme-transparent-header-meta":"default","adv-header-id-meta":"","stick-header-meta":"","header-above-stick-meta":"","header-main-stick-meta":"","header-below-stick-meta":"","astra-migrate-meta-layouts":"set","ast-page-background-enabled":"default","ast-page-background-meta":{"desktop":{"background-color":"var(--ast-global-color-4)","background-image":"","background-repeat":"repeat","background-position":"center center","background-size":"auto","background-attachment":"scroll","background-type":"","background-media":"","overlay-type":"","overlay-color":"","overlay-opacity":"","overlay-gradient":""},"tablet":{"background-color":"","background-image":"","background-repeat":"repeat","background-position":"center center","background-size":"auto","background-attachment":"scroll","background-type":"","background-media":"","overlay-type":"","overlay-color":"","overlay-opacity":"","overlay-gradient":""},"mobile":{"background-color":"","background-image":"","background-repeat":"repeat","background-position":"center center","background-size":"auto","background-attachment":"scroll","background-type":"","background-media":"","overlay-type":"","overlay-color":"","overlay-opacity":"","overlay-gradient":""}},"ast-content-background-meta":{"desktop":{"background-color":"var(--ast-global-color-5)","background-image":"","background-repeat":"repeat","background-position":"center center","background-size":"auto","background-attachment":"scroll","background-type":"","background-media":"","overlay-type":"","overlay-color":"","overlay-opacity":"","overlay-gradient":""},"tablet":{"background-color":"var(--ast-global-color-5)","background-image":"","background-repeat":"repeat","background-position":"center center","background-size":"auto","background-attachment":"scroll","background-type":"","background-media":"","overlay-type":"","overlay-color":"","overlay-opacity":"","overlay-gradient":""},"mobile":{"background-color":"var(--ast-global-color-5)","background-image":"","background-repeat":"repeat","background-position":"center center","background-size":"auto","background-attachment":"scroll","background-type":"","background-media":"","overlay-type":"","overlay-color":"","overlay-opacity":"","overlay-gradient":""}}},"product_cat":[91,89],"product_tag":[],"class_list":{"0":"post-1196","1":"product","2":"type-product","3":"status-publish","4":"has-post-thumbnail","6":"product_cat-ksylitol","7":"product_cat-produkty-slodzace","8":"desktop-align-center","9":"tablet-align-left","10":"mobile-align-left","12":"first","13":"instock","14":"purchasable","15":"product-type-simple"},"_links":{"self":[{"href":"https:\/\/los-odpowiedzialni-spolecznie.pl\/en\/wp-json\/wp\/v2\/product\/1196","targetHints":{"allow":["GET"]}}],"collection":[{"href":"https:\/\/los-odpowiedzialni-spolecznie.pl\/en\/wp-json\/wp\/v2\/product"}],"about":[{"href":"https:\/\/los-odpowiedzialni-spolecznie.pl\/en\/wp-json\/wp\/v2\/types\/product"}],"wp:featuredmedia":[{"embeddable":true,"href":"https:\/\/los-odpowiedzialni-spolecznie.pl\/en\/wp-json\/wp\/v2\/media\/1249"}],"wp:attachment":[{"href":"https:\/\/los-odpowiedzialni-spolecznie.pl\/en\/wp-json\/wp\/v2\/media?parent=1196"}],"wp:term":[{"taxonomy":"product_cat","embeddable":true,"href":"https:\/\/los-odpowiedzialni-spolecznie.pl\/en\/wp-json\/wp\/v2\/product_cat?post=1196"},{"taxonomy":"product_tag","embeddable":true,"href":"https:\/\/los-odpowiedzialni-spolecznie.pl\/en\/wp-json\/wp\/v2\/product_tag?post=1196"}],"curies":[{"name":"wp","href":"https:\/\/api.w.org\/{rel}","templated":true}]}}