{"id":1192,"date":"2024-12-23T16:12:00","date_gmt":"2024-12-23T15:12:00","guid":{"rendered":"https:\/\/los-odpowiedzialni-spolecznie.pl\/?post_type=product&#038;p=1192"},"modified":"2024-12-23T16:13:17","modified_gmt":"2024-12-23T15:13:17","slug":"czekolada-w-proszku-fair-trade-250g","status":"publish","type":"product","link":"https:\/\/los-odpowiedzialni-spolecznie.pl\/en\/sklep\/produkty-spozywcze\/inne-napoje\/czekolada-w-proszku-fair-trade-250g\/","title":{"rendered":"Czekolada w proszku Fair Trade-250g"},"content":{"rendered":"<h3>Opis Produktu<\/h3>\n<p>Gor\u0105ca czekolada instant z cukrem trzcinowym. Odpowiedni dla wegetarian i wegan.<br \/>\nNatychmiast rozpuszcza si\u0119 zar\u00f3wno w gor\u0105cym, jak i zimnym mleku. Bez laktozy i glutenu.<\/p>\n<p><strong>SK\u0141ADNIKI<\/strong><br \/>\nkakao w proszku* 65 %, cukier trzcinowy*. (*certyfikowany sk\u0142adnik ekologiczny)<\/p>\n<p><strong>SPOS\u00d3B PRZYGOTOWANIA<\/strong><br \/>\nDodaj 2 lub 3 \u0142y\u017cki do fili\u017canki lub szklanki. Dolej odrobin\u0119 gor\u0105cego lub zimnego MLEKA (ilo\u015b\u0107 wedle uznania) i delikatnie wymieszaj. Nast\u0119pnie dodaj reszt\u0119 mleka.<\/p>\n<p><strong>WARTO\u015a\u0106 OD\u017bYWCZA w 100 g<\/strong><br \/>\nWarto\u015b\u0107 energetyczna: 1439 kJ\/344 kcal<br \/>\nT\u0142uszcz: 7,0 g<br \/>\nw tym kwasy t\u0142uszczowe nasycone: 4,0 g<br \/>\nW\u0119glowodany: 44 g<br \/>\nw tym cukry: 32 g<br \/>\nB\u0142onnik: 20 g<br \/>\nBia\u0142ko: 16 g<br \/>\nS\u00f3l: 0,01 g<\/p>\n<p><strong>ZALECANE WARUNKI PRZECHOWYWANIA<\/strong><br \/>\nPrzechowywa\u0107 w suchym i ch\u0142odnym miejscu.<\/p>","protected":false},"excerpt":{"rendered":"<p>Opis Produktu Gor\u0105ca czekolada instant z cukrem trzcinowym. Odpowiedni dla wegetarian i wegan. Natychmiast rozpuszcza si\u0119 zar\u00f3wno w gor\u0105cym, jak i zimnym mleku. Bez laktozy i glutenu. SK\u0141ADNIKI kakao w proszku* 65 %, cukier trzcinowy*. (*certyfikowany sk\u0142adnik ekologiczny) SPOS\u00d3B PRZYGOTOWANIA Dodaj 2 lub 3 \u0142y\u017cki do fili\u017canki lub szklanki. Dolej odrobin\u0119 gor\u0105cego lub zimnego MLEKA [&hellip;]<\/p>","protected":false},"featured_media":1245,"template":"","meta":{"site-sidebar-layout":"default","site-content-layout":"","ast-site-content-layout":"default","site-content-style":"default","site-sidebar-style":"default","ast-global-header-display":"","ast-banner-title-visibility":"","ast-main-header-display":"","ast-hfb-above-header-display":"","ast-hfb-below-header-display":"","ast-hfb-mobile-header-display":"","site-post-title":"","ast-breadcrumbs-content":"","ast-featured-img":"","footer-sml-layout":"","theme-transparent-header-meta":"default","adv-header-id-meta":"","stick-header-meta":"","header-above-stick-meta":"","header-main-stick-meta":"","header-below-stick-meta":"","astra-migrate-meta-layouts":"set","ast-page-background-enabled":"default","ast-page-background-meta":{"desktop":{"background-color":"var(--ast-global-color-4)","background-image":"","background-repeat":"repeat","background-position":"center center","background-size":"auto","background-attachment":"scroll","background-type":"","background-media":"","overlay-type":"","overlay-color":"","overlay-opacity":"","overlay-gradient":""},"tablet":{"background-color":"","background-image":"","background-repeat":"repeat","background-position":"center center","background-size":"auto","background-attachment":"scroll","background-type":"","background-media":"","overlay-type":"","overlay-color":"","overlay-opacity":"","overlay-gradient":""},"mobile":{"background-color":"","background-image":"","background-repeat":"repeat","background-position":"center center","background-size":"auto","background-attachment":"scroll","background-type":"","background-media":"","overlay-type":"","overlay-color":"","overlay-opacity":"","overlay-gradient":""}},"ast-content-background-meta":{"desktop":{"background-color":"var(--ast-global-color-5)","background-image":"","background-repeat":"repeat","background-position":"center center","background-size":"auto","background-attachment":"scroll","background-type":"","background-media":"","overlay-type":"","overlay-color":"","overlay-opacity":"","overlay-gradient":""},"tablet":{"background-color":"var(--ast-global-color-5)","background-image":"","background-repeat":"repeat","background-position":"center center","background-size":"auto","background-attachment":"scroll","background-type":"","background-media":"","overlay-type":"","overlay-color":"","overlay-opacity":"","overlay-gradient":""},"mobile":{"background-color":"var(--ast-global-color-5)","background-image":"","background-repeat":"repeat","background-position":"center center","background-size":"auto","background-attachment":"scroll","background-type":"","background-media":"","overlay-type":"","overlay-color":"","overlay-opacity":"","overlay-gradient":""}}},"product_cat":[95],"product_tag":[70],"class_list":{"0":"post-1192","1":"product","2":"type-product","3":"status-publish","4":"has-post-thumbnail","6":"product_cat-inne-napoje","7":"product_tag-eko","8":"desktop-align-center","9":"tablet-align-left","10":"mobile-align-left","12":"first","13":"instock","14":"sold-individually","15":"purchasable","16":"product-type-simple"},"_links":{"self":[{"href":"https:\/\/los-odpowiedzialni-spolecznie.pl\/en\/wp-json\/wp\/v2\/product\/1192","targetHints":{"allow":["GET"]}}],"collection":[{"href":"https:\/\/los-odpowiedzialni-spolecznie.pl\/en\/wp-json\/wp\/v2\/product"}],"about":[{"href":"https:\/\/los-odpowiedzialni-spolecznie.pl\/en\/wp-json\/wp\/v2\/types\/product"}],"wp:featuredmedia":[{"embeddable":true,"href":"https:\/\/los-odpowiedzialni-spolecznie.pl\/en\/wp-json\/wp\/v2\/media\/1245"}],"wp:attachment":[{"href":"https:\/\/los-odpowiedzialni-spolecznie.pl\/en\/wp-json\/wp\/v2\/media?parent=1192"}],"wp:term":[{"taxonomy":"product_cat","embeddable":true,"href":"https:\/\/los-odpowiedzialni-spolecznie.pl\/en\/wp-json\/wp\/v2\/product_cat?post=1192"},{"taxonomy":"product_tag","embeddable":true,"href":"https:\/\/los-odpowiedzialni-spolecznie.pl\/en\/wp-json\/wp\/v2\/product_tag?post=1192"}],"curies":[{"name":"wp","href":"https:\/\/api.w.org\/{rel}","templated":true}]}}