{"id":1191,"date":"2024-12-23T16:12:00","date_gmt":"2024-12-23T15:12:00","guid":{"rendered":"https:\/\/los-odpowiedzialni-spolecznie.pl\/?post_type=product&#038;p=1191"},"modified":"2024-12-23T16:13:14","modified_gmt":"2024-12-23T15:13:14","slug":"syrop-z-kwiatu-bzu-250-ml","status":"publish","type":"product","link":"https:\/\/los-odpowiedzialni-spolecznie.pl\/en\/sklep\/produkty-spozywcze\/soki-2\/smakowe\/syrop-z-kwiatu-bzu-250-ml\/","title":{"rendered":"Syrop z kwiatu bzu 250 ml"},"content":{"rendered":"<h3>Opis Produktu<\/h3>\n<p>Syrop z kwiatu bzu w mniejszej butelce i z lepszym sk\u0142adem!Syrop polecamy dodawa\u0107 do wody, herbaty, deser\u00f3w &#8211; a tak\u017ce drink\u00f3w.<\/p>\n<p><strong>Sk\u0142adniki:<\/strong><\/p>\n<p>ekstrakt z kwiatu bzu 60%, cukier, kwas cytrynowy (jako regulator kwasowo\u015bci).<\/p>\n<p><strong>Warto\u015b\u0107 od\u017cywcza w 100 ml<\/strong><\/p>\n<p>Warto\u015b\u0107 energetyczna (energia)786\u00a0kJ\/ 188 kcal<\/p>\n<p>T\u0142uszcz0 g\u00a0w tym kwasy t\u0142uszczowe nasycone\u00a00 g<\/p>\n<p>W\u0119glowodany47 gw tym: cukry46 g<\/p>\n<p>Bia\u0142ko0 g<\/p>\n<p>S\u00f3l0 g<\/p>\n<h3>Dodatkowe informacje<\/h3>\n<p>Po otwarciu przechowywa\u0107 w lod\u00f3wce,<\/p>\n<p>spo\u017cy\u0107 w ci\u0105gu 21 dni<\/p>","protected":false},"excerpt":{"rendered":"<p>Opis Produktu Syrop z kwiatu bzu w mniejszej butelce i z lepszym sk\u0142adem!Syrop polecamy dodawa\u0107 do wody, herbaty, deser\u00f3w &#8211; a tak\u017ce drink\u00f3w. Sk\u0142adniki: ekstrakt z kwiatu bzu 60%, cukier, kwas cytrynowy (jako regulator kwasowo\u015bci). Warto\u015b\u0107 od\u017cywcza w 100 ml Warto\u015b\u0107 energetyczna (energia)786\u00a0kJ\/ 188 kcal T\u0142uszcz0 g\u00a0w tym kwasy t\u0142uszczowe nasycone\u00a00 g W\u0119glowodany47 gw tym: [&hellip;]<\/p>","protected":false},"featured_media":1244,"template":"","meta":{"site-sidebar-layout":"default","site-content-layout":"","ast-site-content-layout":"default","site-content-style":"default","site-sidebar-style":"default","ast-global-header-display":"","ast-banner-title-visibility":"","ast-main-header-display":"","ast-hfb-above-header-display":"","ast-hfb-below-header-display":"","ast-hfb-mobile-header-display":"","site-post-title":"","ast-breadcrumbs-content":"","ast-featured-img":"","footer-sml-layout":"","theme-transparent-header-meta":"default","adv-header-id-meta":"","stick-header-meta":"","header-above-stick-meta":"","header-main-stick-meta":"","header-below-stick-meta":"","astra-migrate-meta-layouts":"set","ast-page-background-enabled":"default","ast-page-background-meta":{"desktop":{"background-color":"var(--ast-global-color-4)","background-image":"","background-repeat":"repeat","background-position":"center center","background-size":"auto","background-attachment":"scroll","background-type":"","background-media":"","overlay-type":"","overlay-color":"","overlay-opacity":"","overlay-gradient":""},"tablet":{"background-color":"","background-image":"","background-repeat":"repeat","background-position":"center center","background-size":"auto","background-attachment":"scroll","background-type":"","background-media":"","overlay-type":"","overlay-color":"","overlay-opacity":"","overlay-gradient":""},"mobile":{"background-color":"","background-image":"","background-repeat":"repeat","background-position":"center center","background-size":"auto","background-attachment":"scroll","background-type":"","background-media":"","overlay-type":"","overlay-color":"","overlay-opacity":"","overlay-gradient":""}},"ast-content-background-meta":{"desktop":{"background-color":"var(--ast-global-color-5)","background-image":"","background-repeat":"repeat","background-position":"center center","background-size":"auto","background-attachment":"scroll","background-type":"","background-media":"","overlay-type":"","overlay-color":"","overlay-opacity":"","overlay-gradient":""},"tablet":{"background-color":"var(--ast-global-color-5)","background-image":"","background-repeat":"repeat","background-position":"center center","background-size":"auto","background-attachment":"scroll","background-type":"","background-media":"","overlay-type":"","overlay-color":"","overlay-opacity":"","overlay-gradient":""},"mobile":{"background-color":"var(--ast-global-color-5)","background-image":"","background-repeat":"repeat","background-position":"center center","background-size":"auto","background-attachment":"scroll","background-type":"","background-media":"","overlay-type":"","overlay-color":"","overlay-opacity":"","overlay-gradient":""}}},"product_cat":[69,62],"product_tag":[70],"class_list":{"0":"post-1191","1":"product","2":"type-product","3":"status-publish","4":"has-post-thumbnail","6":"product_cat-smakowe","7":"product_cat-soki-2","8":"product_tag-eko","9":"desktop-align-center","10":"tablet-align-left","11":"mobile-align-left","13":"first","14":"instock","15":"purchasable","16":"product-type-simple"},"_links":{"self":[{"href":"https:\/\/los-odpowiedzialni-spolecznie.pl\/en\/wp-json\/wp\/v2\/product\/1191","targetHints":{"allow":["GET"]}}],"collection":[{"href":"https:\/\/los-odpowiedzialni-spolecznie.pl\/en\/wp-json\/wp\/v2\/product"}],"about":[{"href":"https:\/\/los-odpowiedzialni-spolecznie.pl\/en\/wp-json\/wp\/v2\/types\/product"}],"wp:featuredmedia":[{"embeddable":true,"href":"https:\/\/los-odpowiedzialni-spolecznie.pl\/en\/wp-json\/wp\/v2\/media\/1244"}],"wp:attachment":[{"href":"https:\/\/los-odpowiedzialni-spolecznie.pl\/en\/wp-json\/wp\/v2\/media?parent=1191"}],"wp:term":[{"taxonomy":"product_cat","embeddable":true,"href":"https:\/\/los-odpowiedzialni-spolecznie.pl\/en\/wp-json\/wp\/v2\/product_cat?post=1191"},{"taxonomy":"product_tag","embeddable":true,"href":"https:\/\/los-odpowiedzialni-spolecznie.pl\/en\/wp-json\/wp\/v2\/product_tag?post=1191"}],"curies":[{"name":"wp","href":"https:\/\/api.w.org\/{rel}","templated":true}]}}