{"id":1190,"date":"2024-12-23T16:12:00","date_gmt":"2024-12-23T15:12:00","guid":{"rendered":"https:\/\/los-odpowiedzialni-spolecznie.pl\/?post_type=product&#038;p=1190"},"modified":"2024-12-23T16:13:12","modified_gmt":"2024-12-23T15:13:12","slug":"polska-roza-sok-z-kurkumy-500-ml","status":"publish","type":"product","link":"https:\/\/los-odpowiedzialni-spolecznie.pl\/en\/sklep\/produkty-spozywcze\/soki-2\/smakowe\/polska-roza-sok-z-kurkumy-500-ml\/","title":{"rendered":"POLSKA R\u00d3\u017bA Sok z kurkumy 500 ml"},"content":{"rendered":"<h3>Opis Produktu<\/h3>\n<p align=\"\u201djustify\u201d\">Sok z k\u0142\u0105czy kurkumy z dodatkiem soku z cytryny powsta\u0142 w procesie t\u0142oczenia, dzi\u0119ki czemu wydobywa si\u0119 jego wszystkie drogocenne warto\u015bci. Jest zamkni\u0119ty w ciemnej butelce, aby zapobiec szybkiej utracie w\u0142a\u015bciwo\u015bci witamin i minera\u0142\u00f3w.<\/p>\n<p align=\"\u201djustify\u201d\">Dzi\u0119ki swojej charakterystycznej \u017c\u00f3\u0142tej barwie, sprawdza si\u0119 jako dodatek do napoj\u00f3w czy te\u017c potraw.<\/p>\n<p align=\"\u201djustify\u201d\"><strong>Sk\u0142adniki<\/strong><\/p>\n<p align=\"\u201djustify\u201d\">Sok NFC z k\u0142\u0105czy kurkumy (80%), sok NFC z owoc\u00f3w cytryny zwyczajnej (20%).<\/p>\n<p align=\"\u201djustify\u201d\"><strong>Spos\u00f3b u\u017cycia<\/strong><\/p>\n<p align=\"\u201djustify\u201d\">2x dziennie (rano i wieczorem) po 50 ml soku do bezpo\u015bredniego spo\u017cycia b\u0105d\u017a rozcie\u0144czenia.<\/p>\n<p><strong>Warto\u015bci od\u017cywcze w 100 ml:<\/strong><\/p>\n<ul>\n<li>Warto\u015b\u0107 energetyczna: 35 kJ \/ 8 kcal,<\/li>\n<li>T\u0142uszcz: 0 g,<\/li>\n<li>w tym kwasy t\u0142uszczowe nasycone: 0 g,<\/li>\n<li>W\u0119glowodany: 1,4 g,<\/li>\n<li>w tym cukry: 1,2 g,<\/li>\n<li>B\u0142onnik: 0 g,<\/li>\n<li>Bia\u0142ko: 0 g,<\/li>\n<li>S\u00f3l: 0 g.<\/li>\n<\/ul>\n<h3 align=\"\u201djustify\u201d\">Dodatkowe informacje<\/h3>\n<p>Po otwarciu przechowa\u0107 w lod\u00f3wce, spo\u017cy\u0107 w ci\u0105gu 10 dni.<\/p>\n<p>Osad jest zjawiskiem naturalnym, przed u\u017cyciem wstrz\u0105sn\u0105\u0107<\/p>","protected":false},"excerpt":{"rendered":"<p>Opis Produktu Sok z k\u0142\u0105czy kurkumy z dodatkiem soku z cytryny powsta\u0142 w procesie t\u0142oczenia, dzi\u0119ki czemu wydobywa si\u0119 jego wszystkie drogocenne warto\u015bci. Jest zamkni\u0119ty w ciemnej butelce, aby zapobiec szybkiej utracie w\u0142a\u015bciwo\u015bci witamin i minera\u0142\u00f3w. Dzi\u0119ki swojej charakterystycznej \u017c\u00f3\u0142tej barwie, sprawdza si\u0119 jako dodatek do napoj\u00f3w czy te\u017c potraw. Sk\u0142adniki Sok NFC z k\u0142\u0105czy [&hellip;]<\/p>","protected":false},"featured_media":1243,"template":"","meta":{"site-sidebar-layout":"default","site-content-layout":"","ast-site-content-layout":"default","site-content-style":"default","site-sidebar-style":"default","ast-global-header-display":"","ast-banner-title-visibility":"","ast-main-header-display":"","ast-hfb-above-header-display":"","ast-hfb-below-header-display":"","ast-hfb-mobile-header-display":"","site-post-title":"","ast-breadcrumbs-content":"","ast-featured-img":"","footer-sml-layout":"","theme-transparent-header-meta":"default","adv-header-id-meta":"","stick-header-meta":"","header-above-stick-meta":"","header-main-stick-meta":"","header-below-stick-meta":"","astra-migrate-meta-layouts":"set","ast-page-background-enabled":"default","ast-page-background-meta":{"desktop":{"background-color":"var(--ast-global-color-4)","background-image":"","background-repeat":"repeat","background-position":"center center","background-size":"auto","background-attachment":"scroll","background-type":"","background-media":"","overlay-type":"","overlay-color":"","overlay-opacity":"","overlay-gradient":""},"tablet":{"background-color":"","background-image":"","background-repeat":"repeat","background-position":"center center","background-size":"auto","background-attachment":"scroll","background-type":"","background-media":"","overlay-type":"","overlay-color":"","overlay-opacity":"","overlay-gradient":""},"mobile":{"background-color":"","background-image":"","background-repeat":"repeat","background-position":"center center","background-size":"auto","background-attachment":"scroll","background-type":"","background-media":"","overlay-type":"","overlay-color":"","overlay-opacity":"","overlay-gradient":""}},"ast-content-background-meta":{"desktop":{"background-color":"var(--ast-global-color-5)","background-image":"","background-repeat":"repeat","background-position":"center center","background-size":"auto","background-attachment":"scroll","background-type":"","background-media":"","overlay-type":"","overlay-color":"","overlay-opacity":"","overlay-gradient":""},"tablet":{"background-color":"var(--ast-global-color-5)","background-image":"","background-repeat":"repeat","background-position":"center center","background-size":"auto","background-attachment":"scroll","background-type":"","background-media":"","overlay-type":"","overlay-color":"","overlay-opacity":"","overlay-gradient":""},"mobile":{"background-color":"var(--ast-global-color-5)","background-image":"","background-repeat":"repeat","background-position":"center center","background-size":"auto","background-attachment":"scroll","background-type":"","background-media":"","overlay-type":"","overlay-color":"","overlay-opacity":"","overlay-gradient":""}}},"product_cat":[69,62],"product_tag":[70],"class_list":{"0":"post-1190","1":"product","2":"type-product","3":"status-publish","4":"has-post-thumbnail","6":"product_cat-smakowe","7":"product_cat-soki-2","8":"product_tag-eko","9":"desktop-align-center","10":"tablet-align-left","11":"mobile-align-left","13":"first","14":"instock","15":"purchasable","16":"product-type-simple"},"_links":{"self":[{"href":"https:\/\/los-odpowiedzialni-spolecznie.pl\/en\/wp-json\/wp\/v2\/product\/1190","targetHints":{"allow":["GET"]}}],"collection":[{"href":"https:\/\/los-odpowiedzialni-spolecznie.pl\/en\/wp-json\/wp\/v2\/product"}],"about":[{"href":"https:\/\/los-odpowiedzialni-spolecznie.pl\/en\/wp-json\/wp\/v2\/types\/product"}],"wp:featuredmedia":[{"embeddable":true,"href":"https:\/\/los-odpowiedzialni-spolecznie.pl\/en\/wp-json\/wp\/v2\/media\/1243"}],"wp:attachment":[{"href":"https:\/\/los-odpowiedzialni-spolecznie.pl\/en\/wp-json\/wp\/v2\/media?parent=1190"}],"wp:term":[{"taxonomy":"product_cat","embeddable":true,"href":"https:\/\/los-odpowiedzialni-spolecznie.pl\/en\/wp-json\/wp\/v2\/product_cat?post=1190"},{"taxonomy":"product_tag","embeddable":true,"href":"https:\/\/los-odpowiedzialni-spolecznie.pl\/en\/wp-json\/wp\/v2\/product_tag?post=1190"}],"curies":[{"name":"wp","href":"https:\/\/api.w.org\/{rel}","templated":true}]}}