{"id":119,"date":"2024-12-23T15:35:37","date_gmt":"2024-12-23T14:35:37","guid":{"rendered":"https:\/\/los-odpowiedzialni-spolecznie.pl\/?post_type=product&#038;p=119"},"modified":"2024-12-23T15:36:35","modified_gmt":"2024-12-23T14:36:35","slug":"kawa-zoledziowka-rozpuszczalna-10x7g","status":"publish","type":"product","link":"https:\/\/los-odpowiedzialni-spolecznie.pl\/en\/sklep\/produkty-spozywcze\/kawy-2\/rozpuszczalne\/kawa-zoledziowka-rozpuszczalna-10x7g\/","title":{"rendered":"Kawa \u017co\u0142\u0119dzi\u00f3wka rozpuszczalna 10x7g"},"content":{"rendered":"<h3>Opis Produktu<\/h3>\n<p>&nbsp;<\/p>\n<p><strong>Kawa \u017co\u0142\u0119dzi\u00f3wka rozpuszczalna EKO<\/strong><\/p>\n<p class=\"f-display-2 md:pr-40 lg:pr-44\">Kawa \u017co\u0142\u0119dzi\u00f3wka rozpuszczalna, stworzona na bazie ekstrakt\u00f3w z ekologicznych \u017co\u0142\u0119dzi oraz korzennych przypraw. Jedna saszetka pozwala na przygotowanie porcji wy\u015bmienitego napoju o intensywnym aromacie i ciemnej barwie. Smakuje doskonale zar\u00f3wno na gor\u0105co, jak i w formie kawy mro\u017conej. Polecana, jako bezkofeinowy zamiennik klasycznej kawy.<\/p>\n<p><strong>\u0179r\u00f3d\u0142o magnezu, wapnia i \u017celaza.<\/strong><\/p>\n<p>&nbsp;<\/p>\n<h3 class=\"tab-title\"><strong>Dodatkowe informacje<\/strong><\/h3>\n<div><\/div>\n<div class=\"resetcss\">\n<p><strong>Sk\u0142adniki:\u00a0<\/strong>ekstrakt z \u017co\u0142\u0119dzi* 72%; maltodekstryna*; ekstrakt z: cynamonu*, kardamonu*, imbiru*; go\u017adziki*; korze\u0144 kuklika*. *produkt rolnictwa ekologicznego<\/p>\n<p>&nbsp;<\/p>\n<p><strong>Warto\u015b\u0107 od\u017cywcza w 100 g produktu:\u00a0<\/strong>warto\u015b\u0107 energetyczna 1544 kJ\/364 kcal; T\u0142uszcz 1,8 g; w tym kwasy t\u0142uszczowe nasycone 0,1 g; W\u0119glowodany 81 g; w tym cukry 3 g; B\u0142onnik 1,8 g; Bia\u0142ko 5,6 g; S\u00f3l 0 g; Magnez 97,6 mg (RWS* 26%); Wap\u0144 221,5 mg (RWS* 28%); \u017belazo 3,9 mg (RWS* 28%); Potas 866 mg (RWS* 43%); Mangan 5,4 mg (RWS* 271%); Mied\u017a 0,6 mg (RWS* 59%).*Referencyjna Warto\u015b\u0107 Spo\u017cycia dla przeci\u0119tnej osoby doros\u0142ej (8400 kJ \/ 2000 kcal).<\/p>\n<p><strong>Spos\u00f3b u\u017cycia:\u00a0<\/strong>zawarto\u015b\u0107 saszetki zala\u0107 200 ml wrz\u0105tku i dok\u0142adnie rozmiesza\u0107. Podawa\u0107 z mlekiem i cukrem lub bez dodatk\u00f3w. Produkt nie wymaga gotowania.<\/p>\n<p><strong>Masa netto:\u00a0<\/strong>70 g (10 x 7 g)<\/p>\n<p><strong>Warunki przechowywania:\u00a0<\/strong>przechowywa\u0107 w suchym i ch\u0142odnym miejscu, w szczelnie zamkni\u0119tym opakowaniu.<\/p>\n<p><strong>Kod EAN:\u00a0<\/strong>5902741002402<\/p>\n<\/div>","protected":false},"excerpt":{"rendered":"<p>Opis Produktu &nbsp; Kawa \u017co\u0142\u0119dzi\u00f3wka rozpuszczalna EKO Kawa \u017co\u0142\u0119dzi\u00f3wka rozpuszczalna, stworzona na bazie ekstrakt\u00f3w z ekologicznych \u017co\u0142\u0119dzi oraz korzennych przypraw. Jedna saszetka pozwala na przygotowanie porcji wy\u015bmienitego napoju o intensywnym aromacie i ciemnej barwie. Smakuje doskonale zar\u00f3wno na gor\u0105co, jak i w formie kawy mro\u017conej. Polecana, jako bezkofeinowy zamiennik klasycznej kawy. \u0179r\u00f3d\u0142o magnezu, wapnia i [&hellip;]<\/p>","protected":false},"featured_media":167,"template":"","meta":{"site-sidebar-layout":"default","site-content-layout":"","ast-site-content-layout":"default","site-content-style":"default","site-sidebar-style":"default","ast-global-header-display":"","ast-banner-title-visibility":"","ast-main-header-display":"","ast-hfb-above-header-display":"","ast-hfb-below-header-display":"","ast-hfb-mobile-header-display":"","site-post-title":"","ast-breadcrumbs-content":"","ast-featured-img":"","footer-sml-layout":"","theme-transparent-header-meta":"default","adv-header-id-meta":"","stick-header-meta":"","header-above-stick-meta":"","header-main-stick-meta":"","header-below-stick-meta":"","astra-migrate-meta-layouts":"set","ast-page-background-enabled":"default","ast-page-background-meta":{"desktop":{"background-color":"var(--ast-global-color-4)","background-image":"","background-repeat":"repeat","background-position":"center center","background-size":"auto","background-attachment":"scroll","background-type":"","background-media":"","overlay-type":"","overlay-color":"","overlay-opacity":"","overlay-gradient":""},"tablet":{"background-color":"","background-image":"","background-repeat":"repeat","background-position":"center center","background-size":"auto","background-attachment":"scroll","background-type":"","background-media":"","overlay-type":"","overlay-color":"","overlay-opacity":"","overlay-gradient":""},"mobile":{"background-color":"","background-image":"","background-repeat":"repeat","background-position":"center center","background-size":"auto","background-attachment":"scroll","background-type":"","background-media":"","overlay-type":"","overlay-color":"","overlay-opacity":"","overlay-gradient":""}},"ast-content-background-meta":{"desktop":{"background-color":"var(--ast-global-color-5)","background-image":"","background-repeat":"repeat","background-position":"center center","background-size":"auto","background-attachment":"scroll","background-type":"","background-media":"","overlay-type":"","overlay-color":"","overlay-opacity":"","overlay-gradient":""},"tablet":{"background-color":"var(--ast-global-color-5)","background-image":"","background-repeat":"repeat","background-position":"center center","background-size":"auto","background-attachment":"scroll","background-type":"","background-media":"","overlay-type":"","overlay-color":"","overlay-opacity":"","overlay-gradient":""},"mobile":{"background-color":"var(--ast-global-color-5)","background-image":"","background-repeat":"repeat","background-position":"center center","background-size":"auto","background-attachment":"scroll","background-type":"","background-media":"","overlay-type":"","overlay-color":"","overlay-opacity":"","overlay-gradient":""}}},"product_cat":[40,43],"product_tag":[34],"class_list":{"0":"post-119","1":"product","2":"type-product","3":"status-publish","4":"has-post-thumbnail","6":"product_cat-kawy-2","7":"product_cat-rozpuszczalne","8":"product_tag-etykieta-eko","9":"desktop-align-center","10":"tablet-align-left","11":"mobile-align-left","13":"first","14":"instock","15":"purchasable","16":"product-type-simple"},"_links":{"self":[{"href":"https:\/\/los-odpowiedzialni-spolecznie.pl\/en\/wp-json\/wp\/v2\/product\/119","targetHints":{"allow":["GET"]}}],"collection":[{"href":"https:\/\/los-odpowiedzialni-spolecznie.pl\/en\/wp-json\/wp\/v2\/product"}],"about":[{"href":"https:\/\/los-odpowiedzialni-spolecznie.pl\/en\/wp-json\/wp\/v2\/types\/product"}],"wp:featuredmedia":[{"embeddable":true,"href":"https:\/\/los-odpowiedzialni-spolecznie.pl\/en\/wp-json\/wp\/v2\/media\/167"}],"wp:attachment":[{"href":"https:\/\/los-odpowiedzialni-spolecznie.pl\/en\/wp-json\/wp\/v2\/media?parent=119"}],"wp:term":[{"taxonomy":"product_cat","embeddable":true,"href":"https:\/\/los-odpowiedzialni-spolecznie.pl\/en\/wp-json\/wp\/v2\/product_cat?post=119"},{"taxonomy":"product_tag","embeddable":true,"href":"https:\/\/los-odpowiedzialni-spolecznie.pl\/en\/wp-json\/wp\/v2\/product_tag?post=119"}],"curies":[{"name":"wp","href":"https:\/\/api.w.org\/{rel}","templated":true}]}}