{"id":1189,"date":"2024-12-23T16:12:00","date_gmt":"2024-12-23T15:12:00","guid":{"rendered":"https:\/\/los-odpowiedzialni-spolecznie.pl\/?post_type=product&#038;p=1189"},"modified":"2024-12-23T16:13:08","modified_gmt":"2024-12-23T15:13:08","slug":"polska-roza-sok-z-imbiru-500-ml","status":"publish","type":"product","link":"https:\/\/los-odpowiedzialni-spolecznie.pl\/en\/sklep\/produkty-spozywcze\/soki-2\/smakowe\/polska-roza-sok-z-imbiru-500-ml\/","title":{"rendered":"POLSKA R\u00d3\u017bA Sok z imbiru 500 ml"},"content":{"rendered":"<h3>Opis Produktu<\/h3>\n<p>Tradycyjna metoda t\u0142oczenia soku z k\u0142\u0105czy imbiru lekarskiego umo\u017cliwia pozyskanie jego wszystkich drogocennych warto\u015bci. Zamkni\u0119cie w ciemnej butelce zapewnia utrzymanie odpowiednio wysokiej zawarto\u015bci witamin i minera\u0142\u00f3w.<\/p>\n<p><strong>Sk\u0142adniki<\/strong><\/p>\n<p>Sok NFC z k\u0142\u0105czy imbiru lekarskiego (80%), sok NFC z owoc\u00f3w cytryny zwyczajnej (20%).<\/p>\n<p><strong>Spos\u00f3b u\u017cycia<\/strong><\/p>\n<p>2x dziennie (rano i wieczorem) po 50 ml soku do bezpo\u015bredniego spo\u017cycia b\u0105d\u017a rozcie\u0144czenia<\/p>\n<p>Nie zaleca si\u0119 spo\u017cywania soku imbirowego w nadmiernych ilo\u015bciach w przypadku wyst\u0119powania chor\u00f3b wrzod\u00f3w \u017co\u0142\u0105dka lub dwunastnicy oraz refluksu \u017co\u0142\u0105dka. To samo dotyczy os\u00f3b z nadci\u015bnieniem t\u0119tniczym.<\/p>\n<p><strong>Warto\u015bci od\u017cywcze\u00a0 w 100 ml:<\/strong><\/p>\n<ul>\n<li>Warto\u015b\u0107 energetyczna: 56 kJ \/ 13 kcal,<\/li>\n<li>T\u0142uszcz: 0 g,<\/li>\n<li>w tym kwasy t\u0142uszczowe nasycone: 0 g,<\/li>\n<li>W\u0119glowodany: 3 g,<\/li>\n<li>w tym cukry: 1 g,<\/li>\n<li>B\u0142onnik: 0,6 g,<\/li>\n<li>Bia\u0142ko: 0 g,<\/li>\n<li>S\u00f3l: 0 g.<\/li>\n<\/ul>\n<h3>Dodatkowe informacje<\/h3>\n<p>Po otwarciu przechowa\u0107 w lod\u00f3wce, spo\u017cy\u0107 w ci\u0105gu 10 dni.<\/p>","protected":false},"excerpt":{"rendered":"<p>Opis Produktu Tradycyjna metoda t\u0142oczenia soku z k\u0142\u0105czy imbiru lekarskiego umo\u017cliwia pozyskanie jego wszystkich drogocennych warto\u015bci. Zamkni\u0119cie w ciemnej butelce zapewnia utrzymanie odpowiednio wysokiej zawarto\u015bci witamin i minera\u0142\u00f3w. Sk\u0142adniki Sok NFC z k\u0142\u0105czy imbiru lekarskiego (80%), sok NFC z owoc\u00f3w cytryny zwyczajnej (20%). Spos\u00f3b u\u017cycia 2x dziennie (rano i wieczorem) po 50 ml soku do [&hellip;]<\/p>","protected":false},"featured_media":1235,"template":"","meta":{"site-sidebar-layout":"default","site-content-layout":"","ast-site-content-layout":"default","site-content-style":"default","site-sidebar-style":"default","ast-global-header-display":"","ast-banner-title-visibility":"","ast-main-header-display":"","ast-hfb-above-header-display":"","ast-hfb-below-header-display":"","ast-hfb-mobile-header-display":"","site-post-title":"","ast-breadcrumbs-content":"","ast-featured-img":"","footer-sml-layout":"","theme-transparent-header-meta":"default","adv-header-id-meta":"","stick-header-meta":"","header-above-stick-meta":"","header-main-stick-meta":"","header-below-stick-meta":"","astra-migrate-meta-layouts":"set","ast-page-background-enabled":"default","ast-page-background-meta":{"desktop":{"background-color":"var(--ast-global-color-4)","background-image":"","background-repeat":"repeat","background-position":"center center","background-size":"auto","background-attachment":"scroll","background-type":"","background-media":"","overlay-type":"","overlay-color":"","overlay-opacity":"","overlay-gradient":""},"tablet":{"background-color":"","background-image":"","background-repeat":"repeat","background-position":"center center","background-size":"auto","background-attachment":"scroll","background-type":"","background-media":"","overlay-type":"","overlay-color":"","overlay-opacity":"","overlay-gradient":""},"mobile":{"background-color":"","background-image":"","background-repeat":"repeat","background-position":"center center","background-size":"auto","background-attachment":"scroll","background-type":"","background-media":"","overlay-type":"","overlay-color":"","overlay-opacity":"","overlay-gradient":""}},"ast-content-background-meta":{"desktop":{"background-color":"var(--ast-global-color-5)","background-image":"","background-repeat":"repeat","background-position":"center center","background-size":"auto","background-attachment":"scroll","background-type":"","background-media":"","overlay-type":"","overlay-color":"","overlay-opacity":"","overlay-gradient":""},"tablet":{"background-color":"var(--ast-global-color-5)","background-image":"","background-repeat":"repeat","background-position":"center center","background-size":"auto","background-attachment":"scroll","background-type":"","background-media":"","overlay-type":"","overlay-color":"","overlay-opacity":"","overlay-gradient":""},"mobile":{"background-color":"var(--ast-global-color-5)","background-image":"","background-repeat":"repeat","background-position":"center center","background-size":"auto","background-attachment":"scroll","background-type":"","background-media":"","overlay-type":"","overlay-color":"","overlay-opacity":"","overlay-gradient":""}}},"product_cat":[69,62],"product_tag":[70],"class_list":{"0":"post-1189","1":"product","2":"type-product","3":"status-publish","4":"has-post-thumbnail","6":"product_cat-smakowe","7":"product_cat-soki-2","8":"product_tag-eko","9":"desktop-align-center","10":"tablet-align-left","11":"mobile-align-left","13":"first","14":"instock","15":"purchasable","16":"product-type-simple"},"_links":{"self":[{"href":"https:\/\/los-odpowiedzialni-spolecznie.pl\/en\/wp-json\/wp\/v2\/product\/1189","targetHints":{"allow":["GET"]}}],"collection":[{"href":"https:\/\/los-odpowiedzialni-spolecznie.pl\/en\/wp-json\/wp\/v2\/product"}],"about":[{"href":"https:\/\/los-odpowiedzialni-spolecznie.pl\/en\/wp-json\/wp\/v2\/types\/product"}],"wp:featuredmedia":[{"embeddable":true,"href":"https:\/\/los-odpowiedzialni-spolecznie.pl\/en\/wp-json\/wp\/v2\/media\/1235"}],"wp:attachment":[{"href":"https:\/\/los-odpowiedzialni-spolecznie.pl\/en\/wp-json\/wp\/v2\/media?parent=1189"}],"wp:term":[{"taxonomy":"product_cat","embeddable":true,"href":"https:\/\/los-odpowiedzialni-spolecznie.pl\/en\/wp-json\/wp\/v2\/product_cat?post=1189"},{"taxonomy":"product_tag","embeddable":true,"href":"https:\/\/los-odpowiedzialni-spolecznie.pl\/en\/wp-json\/wp\/v2\/product_tag?post=1189"}],"curies":[{"name":"wp","href":"https:\/\/api.w.org\/{rel}","templated":true}]}}