{"id":1180,"date":"2024-12-23T16:11:37","date_gmt":"2024-12-23T15:11:37","guid":{"rendered":"https:\/\/los-odpowiedzialni-spolecznie.pl\/?post_type=product&#038;p=1180"},"modified":"2024-12-23T16:13:05","modified_gmt":"2024-12-23T15:13:05","slug":"maslo-z-nerkowcow-malina-bio-naughty-nuts-250g","status":"publish","type":"product","link":"https:\/\/los-odpowiedzialni-spolecznie.pl\/en\/sklep\/produkty-spozywcze\/przekaski\/slodkie\/maslo-z-nerkowcow-malina-bio-naughty-nuts-250g\/","title":{"rendered":"Mas\u0142o z nerkowc\u00f3w Malina  Bio, Naughty Nuts, 250g"},"content":{"rendered":"<h3>Opis Produktu<\/h3>\n<p>Naughty Nuts Cashew Mas\u0142o malinowe sk\u0142ada si\u0119 w 100% z naturalnych sk\u0142adnik\u00f3w pochodz\u0105cych z wysokiej jako\u015bci \u017ar\u00f3de\u0142.\u00a0Nie zawiera \u017cadnych dodatk\u00f3w takich jak t\u0142uszcz palmowy czy cukier.\u00a0S\u0142odzi si\u0119 syropem z agawy, a zawarte w sk\u0142adnikach maliny dodaj\u0105 dodatkowej s\u0142odyczy i nieodpartych nut owocowych.<\/p>\n<p><strong>Sk\u0142adniki:<\/strong><\/p>\n<p>pra\u017cone orzechy nerkowca* (88%), proszek daktylowy*, suszone maliny* (4%).<\/p>\n<p><strong>Warto\u015bci od\u017cywcze na 100g produktu<\/strong><\/p>\n<p>Energia: 2455 kJ\/591 kcal<\/p>\n<p>T\u0142uszcze: 42 g<\/p>\n<p>w tym nasycone: 7,9 g<\/p>\n<p>W\u0119glowodany: 31 g<\/p>\n<p>w tym cukry: 12 g<\/p>\n<p>Bia\u0142ka: 18 g<\/p>\n<p>B\u0142onnik: 5,9 g<\/p>\n<p>S\u00f3l: 0,02 g<\/p>\n<h3>Dodatkowe informacje<\/h3>\n<p>z upraw ekologicznych<\/p>\n<p>przechowywa\u0107 w suchym i ch\u0142odnym miejscu<\/p>","protected":false},"excerpt":{"rendered":"<p>Opis Produktu Naughty Nuts Cashew Mas\u0142o malinowe sk\u0142ada si\u0119 w 100% z naturalnych sk\u0142adnik\u00f3w pochodz\u0105cych z wysokiej jako\u015bci \u017ar\u00f3de\u0142.\u00a0Nie zawiera \u017cadnych dodatk\u00f3w takich jak t\u0142uszcz palmowy czy cukier.\u00a0S\u0142odzi si\u0119 syropem z agawy, a zawarte w sk\u0142adnikach maliny dodaj\u0105 dodatkowej s\u0142odyczy i nieodpartych nut owocowych. Sk\u0142adniki: pra\u017cone orzechy nerkowca* (88%), proszek daktylowy*, suszone maliny* (4%). Warto\u015bci [&hellip;]<\/p>","protected":false},"featured_media":1234,"template":"","meta":{"site-sidebar-layout":"default","site-content-layout":"","ast-site-content-layout":"default","site-content-style":"default","site-sidebar-style":"default","ast-global-header-display":"","ast-banner-title-visibility":"","ast-main-header-display":"","ast-hfb-above-header-display":"","ast-hfb-below-header-display":"","ast-hfb-mobile-header-display":"","site-post-title":"","ast-breadcrumbs-content":"","ast-featured-img":"","footer-sml-layout":"","theme-transparent-header-meta":"default","adv-header-id-meta":"","stick-header-meta":"","header-above-stick-meta":"","header-main-stick-meta":"","header-below-stick-meta":"","astra-migrate-meta-layouts":"set","ast-page-background-enabled":"default","ast-page-background-meta":{"desktop":{"background-color":"var(--ast-global-color-4)","background-image":"","background-repeat":"repeat","background-position":"center center","background-size":"auto","background-attachment":"scroll","background-type":"","background-media":"","overlay-type":"","overlay-color":"","overlay-opacity":"","overlay-gradient":""},"tablet":{"background-color":"","background-image":"","background-repeat":"repeat","background-position":"center center","background-size":"auto","background-attachment":"scroll","background-type":"","background-media":"","overlay-type":"","overlay-color":"","overlay-opacity":"","overlay-gradient":""},"mobile":{"background-color":"","background-image":"","background-repeat":"repeat","background-position":"center center","background-size":"auto","background-attachment":"scroll","background-type":"","background-media":"","overlay-type":"","overlay-color":"","overlay-opacity":"","overlay-gradient":""}},"ast-content-background-meta":{"desktop":{"background-color":"var(--ast-global-color-5)","background-image":"","background-repeat":"repeat","background-position":"center center","background-size":"auto","background-attachment":"scroll","background-type":"","background-media":"","overlay-type":"","overlay-color":"","overlay-opacity":"","overlay-gradient":""},"tablet":{"background-color":"var(--ast-global-color-5)","background-image":"","background-repeat":"repeat","background-position":"center center","background-size":"auto","background-attachment":"scroll","background-type":"","background-media":"","overlay-type":"","overlay-color":"","overlay-opacity":"","overlay-gradient":""},"mobile":{"background-color":"var(--ast-global-color-5)","background-image":"","background-repeat":"repeat","background-position":"center center","background-size":"auto","background-attachment":"scroll","background-type":"","background-media":"","overlay-type":"","overlay-color":"","overlay-opacity":"","overlay-gradient":""}}},"product_cat":[25,24],"product_tag":[70],"class_list":{"0":"post-1180","1":"product","2":"type-product","3":"status-publish","4":"has-post-thumbnail","6":"product_cat-slodkie","7":"product_cat-przekaski","8":"product_tag-eko","9":"desktop-align-center","10":"tablet-align-left","11":"mobile-align-left","13":"first","14":"instock","15":"purchasable","16":"product-type-simple"},"_links":{"self":[{"href":"https:\/\/los-odpowiedzialni-spolecznie.pl\/en\/wp-json\/wp\/v2\/product\/1180","targetHints":{"allow":["GET"]}}],"collection":[{"href":"https:\/\/los-odpowiedzialni-spolecznie.pl\/en\/wp-json\/wp\/v2\/product"}],"about":[{"href":"https:\/\/los-odpowiedzialni-spolecznie.pl\/en\/wp-json\/wp\/v2\/types\/product"}],"wp:featuredmedia":[{"embeddable":true,"href":"https:\/\/los-odpowiedzialni-spolecznie.pl\/en\/wp-json\/wp\/v2\/media\/1234"}],"wp:attachment":[{"href":"https:\/\/los-odpowiedzialni-spolecznie.pl\/en\/wp-json\/wp\/v2\/media?parent=1180"}],"wp:term":[{"taxonomy":"product_cat","embeddable":true,"href":"https:\/\/los-odpowiedzialni-spolecznie.pl\/en\/wp-json\/wp\/v2\/product_cat?post=1180"},{"taxonomy":"product_tag","embeddable":true,"href":"https:\/\/los-odpowiedzialni-spolecznie.pl\/en\/wp-json\/wp\/v2\/product_tag?post=1180"}],"curies":[{"name":"wp","href":"https:\/\/api.w.org\/{rel}","templated":true}]}}