{"id":1178,"date":"2024-12-23T16:11:37","date_gmt":"2024-12-23T15:11:37","guid":{"rendered":"https:\/\/los-odpowiedzialni-spolecznie.pl\/?post_type=product&#038;p=1178"},"modified":"2024-12-23T16:12:58","modified_gmt":"2024-12-23T15:12:58","slug":"ciastka-owsiane-z-mango-bez-dodatku-cukru-bezglutenowe-150g-puregood","status":"publish","type":"product","link":"https:\/\/los-odpowiedzialni-spolecznie.pl\/en\/sklep\/produkty-spozywcze\/przekaski\/slodkie\/ciastka-owsiane-z-mango-bez-dodatku-cukru-bezglutenowe-150g-puregood\/","title":{"rendered":"Ciastka Owsiane z Mango Bez Dodatku Cukru Bezglutenowe 150g Pure&amp;Good"},"content":{"rendered":"<h3>Opis Produktu<\/h3>\n<p><strong>Ciastka Owsiane z Mango Bez Dodatku Cukru Bezglutenowe 150g Pure&amp;Good<\/strong><\/p>\n<p>Ciastka Pure Good to doskona\u0142y wyb\u00f3r dla os\u00f3b dbaj\u0105cych o swoje zdrowie, poszukuj\u0105cych pysznej i bezglutenowej przek\u0105ski. Mo\u017cemy zapewni\u0107, \u017ce nasze ciastka zasmakuj\u0105 ka\u017cdemu, niezale\u017cnie od wieku czy upodoba\u0144 smakowych. Spr\u00f3buj naszych wyj\u0105tkowych ciastek Pure Good i przekonaj si\u0119, \u017ce zdrowa przek\u0105ska mo\u017ce by\u0107 r\u00f3wnie apetyczna jak tradycyjne s\u0142odycze.<\/p>\n<p><b>Warto\u015b\u0107 od\u017cywcza w 100g:<\/b><\/p>\n<p><span style=\"font-weight: 400\">Warto\u015b\u0107 energetyczna: 1548 kJ\/371 kcal<\/span><\/p>\n<p><span style=\"font-weight: 400\">T\u0142uszcz: 21 g<\/span><\/p>\n<p><span style=\"font-weight: 400\">w tym kwasy t\u0142uszczowe nasycone: 11 g<\/span><\/p>\n<p><span style=\"font-weight: 400\">W\u0119glowodany: 36 g<\/span><\/p>\n<p><span style=\"font-weight: 400\">w tym cukry: 5,2 g<\/span><\/p>\n<p><span style=\"font-weight: 400\">poliole: 18 g<\/span><\/p>\n<p><span style=\"font-weight: 400\">B\u0142onnik: 7,0 g<\/span><\/p>\n<p><span style=\"font-weight: 400\">Bia\u0142ko: 7,1 g<\/span><\/p>\n<p><span style=\"font-weight: 400\">S\u00f3l: 0,05 g<\/span><\/p>\n<p><b>Sk\u0142adniki:<\/b><span style=\"font-weight: 400\"> p\u0142atki OWSIANE bezglutenowe 45 %, substancja s\u0142odz\u0105ca (erytrytol), olej kokosowy, suszone mango 8 % [mango, przeciwutleniacz (DWUTLENEK SIARKI)], skrobia ziemniaczana, olej rzepakowy, substancja spulchniaj\u0105ca (wodorow\u0119glan sodu), naturalny aromat mango.<\/span><\/p>\n<p><b>Informacja alergenna:<\/b><span style=\"font-weight: 400\"> Mo\u017ce zawiera\u0107 ORZECHY, ORZESZKI ZIEMNE, nasiona sezamu.<\/span><\/p>\n<p><b>Zalecane warunki przechowywania:<\/b><span style=\"font-weight: 400\"> Przechowywa\u0107 w suchym i ch\u0142odnym miejscu<\/span><\/p>\n<p><b>Masa netto:<\/b><span style=\"font-weight: 400\"> 150g<\/span><\/p>\n<p><b>Producent:<\/b><span style=\"font-weight: 400\"> Pure Good Mercatare Micha\u0142 Zbyszewski Skawi\u0144ska 25 lok.5 31-066 Krak\u00f3w<\/span><\/p>","protected":false},"excerpt":{"rendered":"<p>Opis Produktu Ciastka Owsiane z Mango Bez Dodatku Cukru Bezglutenowe 150g Pure&amp;Good Ciastka Pure Good to doskona\u0142y wyb\u00f3r dla os\u00f3b dbaj\u0105cych o swoje zdrowie, poszukuj\u0105cych pysznej i bezglutenowej przek\u0105ski. Mo\u017cemy zapewni\u0107, \u017ce nasze ciastka zasmakuj\u0105 ka\u017cdemu, niezale\u017cnie od wieku czy upodoba\u0144 smakowych. Spr\u00f3buj naszych wyj\u0105tkowych ciastek Pure Good i przekonaj si\u0119, \u017ce zdrowa przek\u0105ska mo\u017ce [&hellip;]<\/p>","protected":false},"featured_media":1232,"template":"","meta":{"site-sidebar-layout":"default","site-content-layout":"","ast-site-content-layout":"default","site-content-style":"default","site-sidebar-style":"default","ast-global-header-display":"","ast-banner-title-visibility":"","ast-main-header-display":"","ast-hfb-above-header-display":"","ast-hfb-below-header-display":"","ast-hfb-mobile-header-display":"","site-post-title":"","ast-breadcrumbs-content":"","ast-featured-img":"","footer-sml-layout":"","theme-transparent-header-meta":"default","adv-header-id-meta":"","stick-header-meta":"","header-above-stick-meta":"","header-main-stick-meta":"","header-below-stick-meta":"","astra-migrate-meta-layouts":"set","ast-page-background-enabled":"default","ast-page-background-meta":{"desktop":{"background-color":"var(--ast-global-color-4)","background-image":"","background-repeat":"repeat","background-position":"center center","background-size":"auto","background-attachment":"scroll","background-type":"","background-media":"","overlay-type":"","overlay-color":"","overlay-opacity":"","overlay-gradient":""},"tablet":{"background-color":"","background-image":"","background-repeat":"repeat","background-position":"center center","background-size":"auto","background-attachment":"scroll","background-type":"","background-media":"","overlay-type":"","overlay-color":"","overlay-opacity":"","overlay-gradient":""},"mobile":{"background-color":"","background-image":"","background-repeat":"repeat","background-position":"center center","background-size":"auto","background-attachment":"scroll","background-type":"","background-media":"","overlay-type":"","overlay-color":"","overlay-opacity":"","overlay-gradient":""}},"ast-content-background-meta":{"desktop":{"background-color":"var(--ast-global-color-5)","background-image":"","background-repeat":"repeat","background-position":"center center","background-size":"auto","background-attachment":"scroll","background-type":"","background-media":"","overlay-type":"","overlay-color":"","overlay-opacity":"","overlay-gradient":""},"tablet":{"background-color":"var(--ast-global-color-5)","background-image":"","background-repeat":"repeat","background-position":"center center","background-size":"auto","background-attachment":"scroll","background-type":"","background-media":"","overlay-type":"","overlay-color":"","overlay-opacity":"","overlay-gradient":""},"mobile":{"background-color":"var(--ast-global-color-5)","background-image":"","background-repeat":"repeat","background-position":"center center","background-size":"auto","background-attachment":"scroll","background-type":"","background-media":"","overlay-type":"","overlay-color":"","overlay-opacity":"","overlay-gradient":""}}},"product_cat":[25,24],"product_tag":[],"class_list":{"0":"post-1178","1":"product","2":"type-product","3":"status-publish","4":"has-post-thumbnail","6":"product_cat-slodkie","7":"product_cat-przekaski","8":"desktop-align-center","9":"tablet-align-left","10":"mobile-align-left","12":"first","13":"instock","14":"purchasable","15":"product-type-simple"},"_links":{"self":[{"href":"https:\/\/los-odpowiedzialni-spolecznie.pl\/en\/wp-json\/wp\/v2\/product\/1178","targetHints":{"allow":["GET"]}}],"collection":[{"href":"https:\/\/los-odpowiedzialni-spolecznie.pl\/en\/wp-json\/wp\/v2\/product"}],"about":[{"href":"https:\/\/los-odpowiedzialni-spolecznie.pl\/en\/wp-json\/wp\/v2\/types\/product"}],"wp:featuredmedia":[{"embeddable":true,"href":"https:\/\/los-odpowiedzialni-spolecznie.pl\/en\/wp-json\/wp\/v2\/media\/1232"}],"wp:attachment":[{"href":"https:\/\/los-odpowiedzialni-spolecznie.pl\/en\/wp-json\/wp\/v2\/media?parent=1178"}],"wp:term":[{"taxonomy":"product_cat","embeddable":true,"href":"https:\/\/los-odpowiedzialni-spolecznie.pl\/en\/wp-json\/wp\/v2\/product_cat?post=1178"},{"taxonomy":"product_tag","embeddable":true,"href":"https:\/\/los-odpowiedzialni-spolecznie.pl\/en\/wp-json\/wp\/v2\/product_tag?post=1178"}],"curies":[{"name":"wp","href":"https:\/\/api.w.org\/{rel}","templated":true}]}}