{"id":1176,"date":"2024-12-23T16:11:37","date_gmt":"2024-12-23T15:11:37","guid":{"rendered":"https:\/\/los-odpowiedzialni-spolecznie.pl\/?post_type=product&#038;p=1176"},"modified":"2024-12-23T16:12:53","modified_gmt":"2024-12-23T15:12:53","slug":"malu-food-ciastka-pieguski-ciemne-bez-cukru-bezglutenowe-100-g","status":"publish","type":"product","link":"https:\/\/los-odpowiedzialni-spolecznie.pl\/en\/sklep\/produkty-spozywcze\/przekaski\/slodkie\/malu-food-ciastka-pieguski-ciemne-bez-cukru-bezglutenowe-100-g\/","title":{"rendered":"Malu Food Ciastka Pieguski ciemne bez cukru bezglutenowe 100 g"},"content":{"rendered":"<h3>Opis Produktu<\/h3>\n<p><strong>Malu Food Ciastka kruche z kawa\u0142kami czekolady bez cukru bezglutenowe 100 g<\/strong><\/p>\n<p>Ciasteczka Malu Food s\u0105 produkowane z najwy\u017cszej jako\u015bci sk\u0142adnik\u00f3w, w tym m\u0105ki bezglutenowej, gorzkiej czekolady i naturalnych s\u0142odzik\u00f3w. Dzi\u0119ki temu s\u0105 idealnym wyborem dla os\u00f3b z nietolerancj\u0105 glutenu czy cukru. Dodatkowo, ciasteczka zawieraj\u0105 b\u0142onnik i s\u0105 doskona\u0142ym \u017ar\u00f3d\u0142em energii.<\/p>\n<p>Nie musisz rezygnowa\u0107 z ulubionej s\u0142odyczy, nawet je\u015bli dbasz o swoje zdrowie i diet\u0119. Kruche ciastka z kawa\u0142kami czekolady Malu Food to smaczna i zdrowa alternatywa dla tradycyjnych ciastek, kt\u00f3ra pozwoli Ci cieszy\u0107 si\u0119 smakiem czekolady bez obaw o zb\u0119dne dodatki.<\/p>\n<p>Spr\u00f3buj bezglutenowych piegusk\u00f3w ciemnych Malu Food i przekonaj si\u0119, \u017ce zdrowy deser mo\u017ce by\u0107 r\u00f3wnie pyszny, co tradycyjne s\u0142odycze!<\/p>\n<p><strong>Sk\u0142adniki:<\/strong><\/p>\n<p>olej kokosowy, m\u0105ka kukurydziana, skrobia kukurydziana, substancja s\u0142odz\u0105ca \u2013 syrop maltitolowy, czekolada (5%) (substancja s\u0142odz\u0105ca \u2013 maltitol, miazga kakaowa, emulgator \u2013\u00a0<strong>lecytyna sojowa<\/strong>, kakao o obni\u017conej zawarto\u015bci t\u0142uszczu, naturalny aromat waniliowy), skrobia ziemniaczana, kakao o obni\u017conej zawarto\u015bci t\u0142uszczu.<\/p>\n<p><strong>Warto\u015b\u0107 od\u017cywcza<\/strong><\/p>\n<p>w 100 g:<\/p>\n<p>warto\u015b\u0107 energetyczna: 2305 kJ\/554 kcal, t\u0142uszcze: 36,4 g, w tym kwasy t\u0142uszczowe nasycone: 35,2 g, w\u0119glowodany: 56 g, cukry: 0 g, b\u0142onnik: 1,3 g, bia\u0142ko: 3,1 g, s\u00f3l: 0,03 g.<\/p>\n<p><strong>Spos\u00f3b przechowywania:<\/strong><\/p>\n<p>przechowywa\u0107 w suchym i ch\u0142odnym miejscu.<\/p>","protected":false},"excerpt":{"rendered":"<p>Opis Produktu Malu Food Ciastka kruche z kawa\u0142kami czekolady bez cukru bezglutenowe 100 g Ciasteczka Malu Food s\u0105 produkowane z najwy\u017cszej jako\u015bci sk\u0142adnik\u00f3w, w tym m\u0105ki bezglutenowej, gorzkiej czekolady i naturalnych s\u0142odzik\u00f3w. Dzi\u0119ki temu s\u0105 idealnym wyborem dla os\u00f3b z nietolerancj\u0105 glutenu czy cukru. Dodatkowo, ciasteczka zawieraj\u0105 b\u0142onnik i s\u0105 doskona\u0142ym \u017ar\u00f3d\u0142em energii. Nie musisz [&hellip;]<\/p>","protected":false},"featured_media":1230,"template":"","meta":{"site-sidebar-layout":"default","site-content-layout":"","ast-site-content-layout":"default","site-content-style":"default","site-sidebar-style":"default","ast-global-header-display":"","ast-banner-title-visibility":"","ast-main-header-display":"","ast-hfb-above-header-display":"","ast-hfb-below-header-display":"","ast-hfb-mobile-header-display":"","site-post-title":"","ast-breadcrumbs-content":"","ast-featured-img":"","footer-sml-layout":"","theme-transparent-header-meta":"default","adv-header-id-meta":"","stick-header-meta":"","header-above-stick-meta":"","header-main-stick-meta":"","header-below-stick-meta":"","astra-migrate-meta-layouts":"set","ast-page-background-enabled":"default","ast-page-background-meta":{"desktop":{"background-color":"var(--ast-global-color-4)","background-image":"","background-repeat":"repeat","background-position":"center center","background-size":"auto","background-attachment":"scroll","background-type":"","background-media":"","overlay-type":"","overlay-color":"","overlay-opacity":"","overlay-gradient":""},"tablet":{"background-color":"","background-image":"","background-repeat":"repeat","background-position":"center center","background-size":"auto","background-attachment":"scroll","background-type":"","background-media":"","overlay-type":"","overlay-color":"","overlay-opacity":"","overlay-gradient":""},"mobile":{"background-color":"","background-image":"","background-repeat":"repeat","background-position":"center center","background-size":"auto","background-attachment":"scroll","background-type":"","background-media":"","overlay-type":"","overlay-color":"","overlay-opacity":"","overlay-gradient":""}},"ast-content-background-meta":{"desktop":{"background-color":"var(--ast-global-color-5)","background-image":"","background-repeat":"repeat","background-position":"center center","background-size":"auto","background-attachment":"scroll","background-type":"","background-media":"","overlay-type":"","overlay-color":"","overlay-opacity":"","overlay-gradient":""},"tablet":{"background-color":"var(--ast-global-color-5)","background-image":"","background-repeat":"repeat","background-position":"center center","background-size":"auto","background-attachment":"scroll","background-type":"","background-media":"","overlay-type":"","overlay-color":"","overlay-opacity":"","overlay-gradient":""},"mobile":{"background-color":"var(--ast-global-color-5)","background-image":"","background-repeat":"repeat","background-position":"center center","background-size":"auto","background-attachment":"scroll","background-type":"","background-media":"","overlay-type":"","overlay-color":"","overlay-opacity":"","overlay-gradient":""}}},"product_cat":[25,24],"product_tag":[],"class_list":{"0":"post-1176","1":"product","2":"type-product","3":"status-publish","4":"has-post-thumbnail","6":"product_cat-slodkie","7":"product_cat-przekaski","8":"desktop-align-center","9":"tablet-align-left","10":"mobile-align-left","12":"first","13":"onbackorder","14":"purchasable","15":"product-type-simple"},"_links":{"self":[{"href":"https:\/\/los-odpowiedzialni-spolecznie.pl\/en\/wp-json\/wp\/v2\/product\/1176","targetHints":{"allow":["GET"]}}],"collection":[{"href":"https:\/\/los-odpowiedzialni-spolecznie.pl\/en\/wp-json\/wp\/v2\/product"}],"about":[{"href":"https:\/\/los-odpowiedzialni-spolecznie.pl\/en\/wp-json\/wp\/v2\/types\/product"}],"wp:featuredmedia":[{"embeddable":true,"href":"https:\/\/los-odpowiedzialni-spolecznie.pl\/en\/wp-json\/wp\/v2\/media\/1230"}],"wp:attachment":[{"href":"https:\/\/los-odpowiedzialni-spolecznie.pl\/en\/wp-json\/wp\/v2\/media?parent=1176"}],"wp:term":[{"taxonomy":"product_cat","embeddable":true,"href":"https:\/\/los-odpowiedzialni-spolecznie.pl\/en\/wp-json\/wp\/v2\/product_cat?post=1176"},{"taxonomy":"product_tag","embeddable":true,"href":"https:\/\/los-odpowiedzialni-spolecznie.pl\/en\/wp-json\/wp\/v2\/product_tag?post=1176"}],"curies":[{"name":"wp","href":"https:\/\/api.w.org\/{rel}","templated":true}]}}